{"id":9488,"date":"2026-02-02T23:59:04","date_gmt":"2026-02-02T22:59:04","guid":{"rendered":"https:\/\/www.oocargoo.com\/dz\/?post_type=product&#038;p=9488"},"modified":"2026-05-02T11:01:22","modified_gmt":"2026-05-02T10:01:22","slug":"ensemble-bebe-garcon-3-pieces-2221","status":"publish","type":"product","link":"https:\/\/www.oocargoo.com\/dz\/produit\/ensemble-bebe-garcon-3-pieces-2221\/","title":{"rendered":"Ensemble b\u00e9b\u00e9 Gar\u00e7on 3 pi\u00e9ces \u2013 2221"},"content":{"rendered":"<blockquote><p>Cat\u00e9gories: Ensemble b\u00e9b\u00e9<br \/>\nColisage-Quantit\u00e9: 4 Pi\u00e8ces<br \/>\nColisage-Couleur:\u00a0 Bleu<br \/>\nOrigine: Turquie<br \/>\nComposition: 20% polyester 80 % Coton<\/p><\/blockquote>\n<table border=\"1\" width=\"570\">\n<tbody>\n<tr>\n<td>Taille<\/td>\n<td>9 Mois<\/td>\n<td>12 Mois<\/td>\n<td>18 Mois<\/td>\n<td>24 Mois<\/td>\n<td><\/td>\n<td><\/td>\n<\/tr>\n<tr>\n<td>Quantit\u00e9<\/td>\n<td>1<\/td>\n<td>1<\/td>\n<td>1<\/td>\n<td>1<\/td>\n<td><\/td>\n<td><\/td>\n<\/tr>\n<tr>\n<td><\/td>\n<td><\/td>\n<td><\/td>\n<td><\/td>\n<td><\/td>\n<td><\/td>\n<\/tr>\n<\/tbody>\n<\/table>\n","protected":false},"excerpt":{"rendered":"<p>Cat\u00e9gories: Ensemble b\u00e9b\u00e9<br \/>\nColisage-Quantit\u00e9: 4 Pi\u00e8ces<br \/>\nColisage-Couleur:\u00a0 Bleu<br \/>\nOrigine: Turquie<br \/>\nComposition: 20% polyester 80 % Coton<\/p>\n<table border=\"1\" width=\"570\">\n<tbody>\n<tr>\n<td>Taille<\/td>\n<td>9 Mois<\/td>\n<td>12 Mois<\/td>\n<td>18 Mois<\/td>\n<td>24 Mois<\/td>\n<td><\/td>\n<td><\/td>\n<\/tr>\n<tr>\n<td>Quantit\u00e9<\/td>\n<td>1<\/td>\n<td>1<\/td>\n<td>1<\/td>\n<td>1<\/td>\n<td><\/td>\n<td><\/td>\n<\/tr>\n<tr>\n<td><\/td>\n<td><\/td>\n<td><\/td>\n<td><\/td>\n<td><\/td>\n<td><\/td>\n<\/tr>\n<\/tbody>\n<\/table>\n","protected":false},"featured_media":7786,"comment_status":"open","ping_status":"closed","template":"","meta":{"_monsterinsights_skip_tracking":false,"_monsterinsights_sitenote_active":false,"_monsterinsights_sitenote_note":"","_monsterinsights_sitenote_category":0},"product_cat":[681,440],"product_tag":[84],"class_list":{"0":"post-9488","1":"product","2":"type-product","3":"status-publish","4":"has-post-thumbnail","6":"product_brand-fabrique-en-turquie","7":"product_cat-ensembles-bebe-garcon","8":"product_cat-produits-en-algerie","9":"product_tag-fabrique-en-turquie","10":"product_shipping_class-djelfa","11":"pa_couleur-bleu","12":"pa_couleur-jeune","13":"pa_couleur-rouge","14":"pa_couleur-vert","16":"first","17":"instock","18":"shipping-taxable","19":"product-type-variable","20":"has-default-attributes","21":"add-to-wishlist-before_image"},"yoast_head":"<!-- This site is optimized with the Yoast SEO plugin v27.5 - https:\/\/yoast.com\/product\/yoast-seo-wordpress\/ -->\n<title>Ensemble b\u00e9b\u00e9 Gar\u00e7on 3 pi\u00e9ces \u2013 2221 - Oocargoo<\/title>\n<meta name=\"robots\" content=\"index, follow, max-snippet:-1, max-image-preview:large, max-video-preview:-1\" \/>\n<link rel=\"canonical\" href=\"https:\/\/www.oocargoo.com\/dz\/produit\/ensemble-bebe-garcon-3-pieces-2221\/\" \/>\n<meta property=\"og:locale\" content=\"fr_FR\" \/>\n<meta property=\"og:type\" content=\"article\" \/>\n<meta property=\"og:title\" content=\"Ensemble b\u00e9b\u00e9 Gar\u00e7on 3 pi\u00e9ces \u2013 2221 - Oocargoo\" \/>\n<meta property=\"og:description\" content=\"Cat\u00e9gories: Ensemble b\u00e9b\u00e9 Colisage-Quantit\u00e9: 4 Pi\u00e8ces Colisage-Couleur:\u00a0 Bleu Origine: Turquie Composition: 20% polyester 80 % Coton    Taille 9 Mois 12 Mois 18 Mois 24 Mois     Quantit\u00e9 1 1 1 1\" \/>\n<meta property=\"og:url\" content=\"https:\/\/www.oocargoo.com\/dz\/produit\/ensemble-bebe-garcon-3-pieces-2221\/\" \/>\n<meta property=\"og:site_name\" content=\"Oocargoo\" \/>\n<meta property=\"article:publisher\" content=\"https:\/\/www.facebook.com\/oocargoo\/\" \/>\n<meta property=\"article:modified_time\" content=\"2026-05-02T10:01:22+00:00\" \/>\n<meta property=\"og:image\" content=\"https:\/\/www.oocargoo.com\/dz\/wp-content\/uploads\/2024\/07\/2221-bleu.jpg\" \/>\n\t<meta property=\"og:image:width\" content=\"1333\" \/>\n\t<meta property=\"og:image:height\" content=\"2000\" \/>\n\t<meta property=\"og:image:type\" content=\"image\/jpeg\" \/>\n<meta name=\"twitter:card\" content=\"summary_large_image\" \/>\n<meta name=\"twitter:label1\" content=\"Dur\u00e9e de lecture estim\u00e9e\" \/>\n\t<meta name=\"twitter:data1\" content=\"1 minute\" \/>\n<script type=\"application\/ld+json\" class=\"yoast-schema-graph\">{\"@context\":\"https:\\\/\\\/schema.org\",\"@graph\":[{\"@type\":\"WebPage\",\"@id\":\"https:\\\/\\\/www.oocargoo.com\\\/dz\\\/produit\\\/ensemble-bebe-garcon-3-pieces-2221\\\/\",\"url\":\"https:\\\/\\\/www.oocargoo.com\\\/dz\\\/produit\\\/ensemble-bebe-garcon-3-pieces-2221\\\/\",\"name\":\"Ensemble b\u00e9b\u00e9 Gar\u00e7on 3 pi\u00e9ces \u2013 2221 - Oocargoo\",\"isPartOf\":{\"@id\":\"https:\\\/\\\/www.oocargoo.com\\\/dz\\\/#website\"},\"primaryImageOfPage\":{\"@id\":\"https:\\\/\\\/www.oocargoo.com\\\/dz\\\/produit\\\/ensemble-bebe-garcon-3-pieces-2221\\\/#primaryimage\"},\"image\":{\"@id\":\"https:\\\/\\\/www.oocargoo.com\\\/dz\\\/produit\\\/ensemble-bebe-garcon-3-pieces-2221\\\/#primaryimage\"},\"thumbnailUrl\":\"https:\\\/\\\/www.oocargoo.com\\\/dz\\\/wp-content\\\/uploads\\\/2024\\\/07\\\/2221-bleu.jpg\",\"datePublished\":\"2026-02-02T22:59:04+00:00\",\"dateModified\":\"2026-05-02T10:01:22+00:00\",\"breadcrumb\":{\"@id\":\"https:\\\/\\\/www.oocargoo.com\\\/dz\\\/produit\\\/ensemble-bebe-garcon-3-pieces-2221\\\/#breadcrumb\"},\"inLanguage\":\"fr-FR\",\"potentialAction\":[{\"@type\":\"ReadAction\",\"target\":[\"https:\\\/\\\/www.oocargoo.com\\\/dz\\\/produit\\\/ensemble-bebe-garcon-3-pieces-2221\\\/\"]}]},{\"@type\":\"ImageObject\",\"inLanguage\":\"fr-FR\",\"@id\":\"https:\\\/\\\/www.oocargoo.com\\\/dz\\\/produit\\\/ensemble-bebe-garcon-3-pieces-2221\\\/#primaryimage\",\"url\":\"https:\\\/\\\/www.oocargoo.com\\\/dz\\\/wp-content\\\/uploads\\\/2024\\\/07\\\/2221-bleu.jpg\",\"contentUrl\":\"https:\\\/\\\/www.oocargoo.com\\\/dz\\\/wp-content\\\/uploads\\\/2024\\\/07\\\/2221-bleu.jpg\",\"width\":1333,\"height\":2000,\"caption\":\"Colorful abstract textured background design\"},{\"@type\":\"BreadcrumbList\",\"@id\":\"https:\\\/\\\/www.oocargoo.com\\\/dz\\\/produit\\\/ensemble-bebe-garcon-3-pieces-2221\\\/#breadcrumb\",\"itemListElement\":[{\"@type\":\"ListItem\",\"position\":1,\"name\":\"Accueil\",\"item\":\"https:\\\/\\\/www.oocargoo.com\\\/dz\\\/\"},{\"@type\":\"ListItem\",\"position\":2,\"name\":\"Shop\",\"item\":\"https:\\\/\\\/www.oocargoo.com\\\/dz\\\/shop\\\/\"},{\"@type\":\"ListItem\",\"position\":3,\"name\":\"Ensemble b\u00e9b\u00e9 Gar\u00e7on 3 pi\u00e9ces \u2013 2221\"}]},{\"@type\":\"WebSite\",\"@id\":\"https:\\\/\\\/www.oocargoo.com\\\/dz\\\/#website\",\"url\":\"https:\\\/\\\/www.oocargoo.com\\\/dz\\\/\",\"name\":\"Oocargoo\",\"description\":\"Grossiste vetement en ligne algerie\",\"publisher\":{\"@id\":\"https:\\\/\\\/www.oocargoo.com\\\/dz\\\/#organization\"},\"potentialAction\":[{\"@type\":\"SearchAction\",\"target\":{\"@type\":\"EntryPoint\",\"urlTemplate\":\"https:\\\/\\\/www.oocargoo.com\\\/dz\\\/?s={search_term_string}\"},\"query-input\":{\"@type\":\"PropertyValueSpecification\",\"valueRequired\":true,\"valueName\":\"search_term_string\"}}],\"inLanguage\":\"fr-FR\"},{\"@type\":\"Organization\",\"@id\":\"https:\\\/\\\/www.oocargoo.com\\\/dz\\\/#organization\",\"name\":\"Oocargoo\",\"url\":\"https:\\\/\\\/www.oocargoo.com\\\/dz\\\/\",\"logo\":{\"@type\":\"ImageObject\",\"inLanguage\":\"fr-FR\",\"@id\":\"https:\\\/\\\/www.oocargoo.com\\\/dz\\\/#\\\/schema\\\/logo\\\/image\\\/\",\"url\":\"https:\\\/\\\/www.oocargoo.com\\\/dz\\\/wp-content\\\/uploads\\\/2024\\\/07\\\/logo_b2b_oocargoo_com-NOIR-a.png\",\"contentUrl\":\"https:\\\/\\\/www.oocargoo.com\\\/dz\\\/wp-content\\\/uploads\\\/2024\\\/07\\\/logo_b2b_oocargoo_com-NOIR-a.png\",\"width\":600,\"height\":146,\"caption\":\"Oocargoo\"},\"image\":{\"@id\":\"https:\\\/\\\/www.oocargoo.com\\\/dz\\\/#\\\/schema\\\/logo\\\/image\\\/\"},\"sameAs\":[\"https:\\\/\\\/www.facebook.com\\\/oocargoo\\\/\",\"https:\\\/\\\/www.instagram.com\\\/oocargoo\\\/\"]}]}<\/script>\n<!-- \/ Yoast SEO plugin. -->","yoast_head_json":{"title":"Ensemble b\u00e9b\u00e9 Gar\u00e7on 3 pi\u00e9ces \u2013 2221 - Oocargoo","robots":{"index":"index","follow":"follow","max-snippet":"max-snippet:-1","max-image-preview":"max-image-preview:large","max-video-preview":"max-video-preview:-1"},"canonical":"https:\/\/www.oocargoo.com\/dz\/produit\/ensemble-bebe-garcon-3-pieces-2221\/","og_locale":"fr_FR","og_type":"article","og_title":"Ensemble b\u00e9b\u00e9 Gar\u00e7on 3 pi\u00e9ces \u2013 2221 - Oocargoo","og_description":"Cat\u00e9gories: Ensemble b\u00e9b\u00e9 Colisage-Quantit\u00e9: 4 Pi\u00e8ces Colisage-Couleur:\u00a0 Bleu Origine: Turquie Composition: 20% polyester 80 % Coton    Taille 9 Mois 12 Mois 18 Mois 24 Mois     Quantit\u00e9 1 1 1 1","og_url":"https:\/\/www.oocargoo.com\/dz\/produit\/ensemble-bebe-garcon-3-pieces-2221\/","og_site_name":"Oocargoo","article_publisher":"https:\/\/www.facebook.com\/oocargoo\/","article_modified_time":"2026-05-02T10:01:22+00:00","og_image":[{"width":1333,"height":2000,"url":"https:\/\/www.oocargoo.com\/dz\/wp-content\/uploads\/2024\/07\/2221-bleu.jpg","type":"image\/jpeg"}],"twitter_card":"summary_large_image","twitter_misc":{"Dur\u00e9e de lecture estim\u00e9e":"1 minute"},"schema":{"@context":"https:\/\/schema.org","@graph":[{"@type":"WebPage","@id":"https:\/\/www.oocargoo.com\/dz\/produit\/ensemble-bebe-garcon-3-pieces-2221\/","url":"https:\/\/www.oocargoo.com\/dz\/produit\/ensemble-bebe-garcon-3-pieces-2221\/","name":"Ensemble b\u00e9b\u00e9 Gar\u00e7on 3 pi\u00e9ces \u2013 2221 - Oocargoo","isPartOf":{"@id":"https:\/\/www.oocargoo.com\/dz\/#website"},"primaryImageOfPage":{"@id":"https:\/\/www.oocargoo.com\/dz\/produit\/ensemble-bebe-garcon-3-pieces-2221\/#primaryimage"},"image":{"@id":"https:\/\/www.oocargoo.com\/dz\/produit\/ensemble-bebe-garcon-3-pieces-2221\/#primaryimage"},"thumbnailUrl":"https:\/\/www.oocargoo.com\/dz\/wp-content\/uploads\/2024\/07\/2221-bleu.jpg","datePublished":"2026-02-02T22:59:04+00:00","dateModified":"2026-05-02T10:01:22+00:00","breadcrumb":{"@id":"https:\/\/www.oocargoo.com\/dz\/produit\/ensemble-bebe-garcon-3-pieces-2221\/#breadcrumb"},"inLanguage":"fr-FR","potentialAction":[{"@type":"ReadAction","target":["https:\/\/www.oocargoo.com\/dz\/produit\/ensemble-bebe-garcon-3-pieces-2221\/"]}]},{"@type":"ImageObject","inLanguage":"fr-FR","@id":"https:\/\/www.oocargoo.com\/dz\/produit\/ensemble-bebe-garcon-3-pieces-2221\/#primaryimage","url":"https:\/\/www.oocargoo.com\/dz\/wp-content\/uploads\/2024\/07\/2221-bleu.jpg","contentUrl":"https:\/\/www.oocargoo.com\/dz\/wp-content\/uploads\/2024\/07\/2221-bleu.jpg","width":1333,"height":2000,"caption":"Colorful abstract textured background design"},{"@type":"BreadcrumbList","@id":"https:\/\/www.oocargoo.com\/dz\/produit\/ensemble-bebe-garcon-3-pieces-2221\/#breadcrumb","itemListElement":[{"@type":"ListItem","position":1,"name":"Accueil","item":"https:\/\/www.oocargoo.com\/dz\/"},{"@type":"ListItem","position":2,"name":"Shop","item":"https:\/\/www.oocargoo.com\/dz\/shop\/"},{"@type":"ListItem","position":3,"name":"Ensemble b\u00e9b\u00e9 Gar\u00e7on 3 pi\u00e9ces \u2013 2221"}]},{"@type":"WebSite","@id":"https:\/\/www.oocargoo.com\/dz\/#website","url":"https:\/\/www.oocargoo.com\/dz\/","name":"Oocargoo","description":"Grossiste vetement en ligne algerie","publisher":{"@id":"https:\/\/www.oocargoo.com\/dz\/#organization"},"potentialAction":[{"@type":"SearchAction","target":{"@type":"EntryPoint","urlTemplate":"https:\/\/www.oocargoo.com\/dz\/?s={search_term_string}"},"query-input":{"@type":"PropertyValueSpecification","valueRequired":true,"valueName":"search_term_string"}}],"inLanguage":"fr-FR"},{"@type":"Organization","@id":"https:\/\/www.oocargoo.com\/dz\/#organization","name":"Oocargoo","url":"https:\/\/www.oocargoo.com\/dz\/","logo":{"@type":"ImageObject","inLanguage":"fr-FR","@id":"https:\/\/www.oocargoo.com\/dz\/#\/schema\/logo\/image\/","url":"https:\/\/www.oocargoo.com\/dz\/wp-content\/uploads\/2024\/07\/logo_b2b_oocargoo_com-NOIR-a.png","contentUrl":"https:\/\/www.oocargoo.com\/dz\/wp-content\/uploads\/2024\/07\/logo_b2b_oocargoo_com-NOIR-a.png","width":600,"height":146,"caption":"Oocargoo"},"image":{"@id":"https:\/\/www.oocargoo.com\/dz\/#\/schema\/logo\/image\/"},"sameAs":["https:\/\/www.facebook.com\/oocargoo\/","https:\/\/www.instagram.com\/oocargoo\/"]}]}},"_links":{"self":[{"href":"https:\/\/www.oocargoo.com\/dz\/wp-json\/wp\/v2\/product\/9488","targetHints":{"allow":["GET"]}}],"collection":[{"href":"https:\/\/www.oocargoo.com\/dz\/wp-json\/wp\/v2\/product"}],"about":[{"href":"https:\/\/www.oocargoo.com\/dz\/wp-json\/wp\/v2\/types\/product"}],"replies":[{"embeddable":true,"href":"https:\/\/www.oocargoo.com\/dz\/wp-json\/wp\/v2\/comments?post=9488"}],"version-history":[{"count":0,"href":"https:\/\/www.oocargoo.com\/dz\/wp-json\/wp\/v2\/product\/9488\/revisions"}],"wp:featuredmedia":[{"embeddable":true,"href":"https:\/\/www.oocargoo.com\/dz\/wp-json\/wp\/v2\/media\/7786"}],"wp:attachment":[{"href":"https:\/\/www.oocargoo.com\/dz\/wp-json\/wp\/v2\/media?parent=9488"}],"wp:term":[{"taxonomy":"product_cat","embeddable":true,"href":"https:\/\/www.oocargoo.com\/dz\/wp-json\/wp\/v2\/product_cat?post=9488"},{"taxonomy":"product_tag","embeddable":true,"href":"https:\/\/www.oocargoo.com\/dz\/wp-json\/wp\/v2\/product_tag?post=9488"}],"curies":[{"name":"wp","href":"https:\/\/api.w.org\/{rel}","templated":true}]}}