{"id":92680,"date":"2026-05-09T00:39:06","date_gmt":"2026-05-08T23:39:06","guid":{"rendered":"https:\/\/www.oocargoo.com\/dz\/?post_type=product&#038;p=92680"},"modified":"2026-05-09T00:39:06","modified_gmt":"2026-05-08T23:39:06","slug":"chino-beige-essentiel-elegant","status":"publish","type":"product","link":"https:\/\/www.oocargoo.com\/dz\/produit\/chino-beige-essentiel-elegant\/","title":{"rendered":"Chino Beige Essentiel \u00c9l\u00e9gant"},"content":{"rendered":"<p><strong>D\u00e9tails du produit<\/strong><\/p>\n<p>Un indispensable du vestiaire masculin, ce chino beige allie \u00e9l\u00e9gance et polyvalence. Une pi\u00e8ce facile \u00e0 vendre, id\u00e9ale pour compl\u00e9ter aussi bien des looks casual que plus habill\u00e9s.<\/p>\n<p><strong>Composition :<\/strong> Coton (70%), Viscose (27%), \u00c9lasthanne (3%)<\/p>\n<p><strong>Collection :<\/strong> Printemps\/\u00c9t\u00e9 2026<\/p>\n<p><strong>Pays de fabrication :<\/strong> Turquie<\/p>\n<p><strong>R\u00e9f\u00e9rence :<\/strong> M8-DJ3313<\/p>\n","protected":false},"excerpt":{"rendered":"<p><strong>D\u00e9tails du produit<\/strong><\/p>\n<p>Un indispensable du vestiaire masculin, ce chino beige allie \u00e9l\u00e9gance et polyvalence. Une pi\u00e8ce facile \u00e0 vendre, id\u00e9ale pour compl\u00e9ter aussi bien des looks casual que plus habill\u00e9s.<\/p>\n<p><strong>Composition :<\/strong> Coton (70%), Viscose (27%), \u00c9lasthanne (3%)<\/p>\n<p><strong>Collection :<\/strong> Printemps\/\u00c9t\u00e9 2026<\/p>\n","protected":false},"featured_media":92678,"comment_status":"open","ping_status":"closed","template":"","meta":{"_acf_changed":false,"_monsterinsights_skip_tracking":false,"_monsterinsights_sitenote_active":false,"_monsterinsights_sitenote_note":"","_monsterinsights_sitenote_category":0},"product_cat":[581,442],"product_tag":[],"class_list":{"0":"post-92680","1":"product","2":"type-product","3":"status-publish","4":"has-post-thumbnail","6":"product_brand-turquie","7":"product_cat-pantalons-hommes","8":"product_cat-produits-en-france","9":"product_shipping_class-france","10":"pa_couleur-beige","11":"pa_taille-36-30-31-32-33-34","13":"first","14":"instock","15":"purchasable","16":"product-type-variable","17":"add-to-wishlist-before_image"},"acf":[],"yoast_head":"<!-- This site is optimized with the Yoast SEO plugin v27.5 - https:\/\/yoast.com\/product\/yoast-seo-wordpress\/ -->\n<title>Chino Beige Essentiel \u00c9l\u00e9gant - Oocargoo<\/title>\n<meta name=\"robots\" content=\"index, follow, max-snippet:-1, max-image-preview:large, max-video-preview:-1\" \/>\n<link rel=\"canonical\" href=\"https:\/\/www.oocargoo.com\/dz\/produit\/chino-beige-essentiel-elegant\/\" \/>\n<meta property=\"og:locale\" content=\"fr_FR\" \/>\n<meta property=\"og:type\" content=\"article\" \/>\n<meta property=\"og:title\" content=\"Chino Beige Essentiel \u00c9l\u00e9gant - Oocargoo\" \/>\n<meta property=\"og:description\" content=\"D\u00e9tails du produit Un indispensable du vestiaire masculin, ce chino beige allie \u00e9l\u00e9gance et polyvalence. Une pi\u00e8ce facile \u00e0 vendre, id\u00e9ale pour compl\u00e9ter aussi bien des looks casual que plus habill\u00e9s. Composition : Coton (70%), Viscose (27%), \u00c9lasthanne (3%) Collection : Printemps\/\u00c9t\u00e9 2026\" \/>\n<meta property=\"og:url\" content=\"https:\/\/www.oocargoo.com\/dz\/produit\/chino-beige-essentiel-elegant\/\" \/>\n<meta property=\"og:site_name\" content=\"Oocargoo\" \/>\n<meta property=\"article:publisher\" content=\"https:\/\/www.facebook.com\/oocargoo\/\" \/>\n<meta property=\"og:image\" content=\"https:\/\/www.oocargoo.com\/dz\/wp-content\/uploads\/2026\/05\/chino-beige-essentiel-elegant_beige_69e22aa7f2703.webp\" \/>\n\t<meta property=\"og:image:width\" content=\"665\" \/>\n\t<meta property=\"og:image:height\" content=\"1000\" \/>\n\t<meta property=\"og:image:type\" content=\"image\/webp\" \/>\n<meta name=\"twitter:card\" content=\"summary_large_image\" \/>\n<script type=\"application\/ld+json\" class=\"yoast-schema-graph\">{\"@context\":\"https:\\\/\\\/schema.org\",\"@graph\":[{\"@type\":\"WebPage\",\"@id\":\"https:\\\/\\\/www.oocargoo.com\\\/dz\\\/produit\\\/chino-beige-essentiel-elegant\\\/\",\"url\":\"https:\\\/\\\/www.oocargoo.com\\\/dz\\\/produit\\\/chino-beige-essentiel-elegant\\\/\",\"name\":\"Chino Beige Essentiel \u00c9l\u00e9gant - Oocargoo\",\"isPartOf\":{\"@id\":\"https:\\\/\\\/www.oocargoo.com\\\/dz\\\/#website\"},\"primaryImageOfPage\":{\"@id\":\"https:\\\/\\\/www.oocargoo.com\\\/dz\\\/produit\\\/chino-beige-essentiel-elegant\\\/#primaryimage\"},\"image\":{\"@id\":\"https:\\\/\\\/www.oocargoo.com\\\/dz\\\/produit\\\/chino-beige-essentiel-elegant\\\/#primaryimage\"},\"thumbnailUrl\":\"https:\\\/\\\/www.oocargoo.com\\\/dz\\\/wp-content\\\/uploads\\\/2026\\\/05\\\/chino-beige-essentiel-elegant_beige_69e22aa7f2703.webp\",\"datePublished\":\"2026-05-08T23:39:06+00:00\",\"breadcrumb\":{\"@id\":\"https:\\\/\\\/www.oocargoo.com\\\/dz\\\/produit\\\/chino-beige-essentiel-elegant\\\/#breadcrumb\"},\"inLanguage\":\"fr-FR\",\"potentialAction\":[{\"@type\":\"ReadAction\",\"target\":[\"https:\\\/\\\/www.oocargoo.com\\\/dz\\\/produit\\\/chino-beige-essentiel-elegant\\\/\"]}]},{\"@type\":\"ImageObject\",\"inLanguage\":\"fr-FR\",\"@id\":\"https:\\\/\\\/www.oocargoo.com\\\/dz\\\/produit\\\/chino-beige-essentiel-elegant\\\/#primaryimage\",\"url\":\"https:\\\/\\\/www.oocargoo.com\\\/dz\\\/wp-content\\\/uploads\\\/2026\\\/05\\\/chino-beige-essentiel-elegant_beige_69e22aa7f2703.webp\",\"contentUrl\":\"https:\\\/\\\/www.oocargoo.com\\\/dz\\\/wp-content\\\/uploads\\\/2026\\\/05\\\/chino-beige-essentiel-elegant_beige_69e22aa7f2703.webp\",\"width\":665,\"height\":1000},{\"@type\":\"BreadcrumbList\",\"@id\":\"https:\\\/\\\/www.oocargoo.com\\\/dz\\\/produit\\\/chino-beige-essentiel-elegant\\\/#breadcrumb\",\"itemListElement\":[{\"@type\":\"ListItem\",\"position\":1,\"name\":\"Accueil\",\"item\":\"https:\\\/\\\/www.oocargoo.com\\\/dz\\\/\"},{\"@type\":\"ListItem\",\"position\":2,\"name\":\"Shop\",\"item\":\"https:\\\/\\\/www.oocargoo.com\\\/dz\\\/shop\\\/\"},{\"@type\":\"ListItem\",\"position\":3,\"name\":\"Chino Beige Essentiel \u00c9l\u00e9gant\"}]},{\"@type\":\"WebSite\",\"@id\":\"https:\\\/\\\/www.oocargoo.com\\\/dz\\\/#website\",\"url\":\"https:\\\/\\\/www.oocargoo.com\\\/dz\\\/\",\"name\":\"Oocargoo\",\"description\":\"Grossiste vetement en ligne algerie\",\"publisher\":{\"@id\":\"https:\\\/\\\/www.oocargoo.com\\\/dz\\\/#organization\"},\"potentialAction\":[{\"@type\":\"SearchAction\",\"target\":{\"@type\":\"EntryPoint\",\"urlTemplate\":\"https:\\\/\\\/www.oocargoo.com\\\/dz\\\/?s={search_term_string}\"},\"query-input\":{\"@type\":\"PropertyValueSpecification\",\"valueRequired\":true,\"valueName\":\"search_term_string\"}}],\"inLanguage\":\"fr-FR\"},{\"@type\":\"Organization\",\"@id\":\"https:\\\/\\\/www.oocargoo.com\\\/dz\\\/#organization\",\"name\":\"Oocargoo\",\"url\":\"https:\\\/\\\/www.oocargoo.com\\\/dz\\\/\",\"logo\":{\"@type\":\"ImageObject\",\"inLanguage\":\"fr-FR\",\"@id\":\"https:\\\/\\\/www.oocargoo.com\\\/dz\\\/#\\\/schema\\\/logo\\\/image\\\/\",\"url\":\"https:\\\/\\\/www.oocargoo.com\\\/dz\\\/wp-content\\\/uploads\\\/2024\\\/07\\\/logo_b2b_oocargoo_com-NOIR-a.png\",\"contentUrl\":\"https:\\\/\\\/www.oocargoo.com\\\/dz\\\/wp-content\\\/uploads\\\/2024\\\/07\\\/logo_b2b_oocargoo_com-NOIR-a.png\",\"width\":600,\"height\":146,\"caption\":\"Oocargoo\"},\"image\":{\"@id\":\"https:\\\/\\\/www.oocargoo.com\\\/dz\\\/#\\\/schema\\\/logo\\\/image\\\/\"},\"sameAs\":[\"https:\\\/\\\/www.facebook.com\\\/oocargoo\\\/\",\"https:\\\/\\\/www.instagram.com\\\/oocargoo\\\/\"]}]}<\/script>\n<!-- \/ Yoast SEO plugin. -->","yoast_head_json":{"title":"Chino Beige Essentiel \u00c9l\u00e9gant - Oocargoo","robots":{"index":"index","follow":"follow","max-snippet":"max-snippet:-1","max-image-preview":"max-image-preview:large","max-video-preview":"max-video-preview:-1"},"canonical":"https:\/\/www.oocargoo.com\/dz\/produit\/chino-beige-essentiel-elegant\/","og_locale":"fr_FR","og_type":"article","og_title":"Chino Beige Essentiel \u00c9l\u00e9gant - Oocargoo","og_description":"D\u00e9tails du produit Un indispensable du vestiaire masculin, ce chino beige allie \u00e9l\u00e9gance et polyvalence. Une pi\u00e8ce facile \u00e0 vendre, id\u00e9ale pour compl\u00e9ter aussi bien des looks casual que plus habill\u00e9s. Composition : Coton (70%), Viscose (27%), \u00c9lasthanne (3%) Collection : Printemps\/\u00c9t\u00e9 2026","og_url":"https:\/\/www.oocargoo.com\/dz\/produit\/chino-beige-essentiel-elegant\/","og_site_name":"Oocargoo","article_publisher":"https:\/\/www.facebook.com\/oocargoo\/","og_image":[{"width":665,"height":1000,"url":"https:\/\/www.oocargoo.com\/dz\/wp-content\/uploads\/2026\/05\/chino-beige-essentiel-elegant_beige_69e22aa7f2703.webp","type":"image\/webp"}],"twitter_card":"summary_large_image","schema":{"@context":"https:\/\/schema.org","@graph":[{"@type":"WebPage","@id":"https:\/\/www.oocargoo.com\/dz\/produit\/chino-beige-essentiel-elegant\/","url":"https:\/\/www.oocargoo.com\/dz\/produit\/chino-beige-essentiel-elegant\/","name":"Chino Beige Essentiel \u00c9l\u00e9gant - Oocargoo","isPartOf":{"@id":"https:\/\/www.oocargoo.com\/dz\/#website"},"primaryImageOfPage":{"@id":"https:\/\/www.oocargoo.com\/dz\/produit\/chino-beige-essentiel-elegant\/#primaryimage"},"image":{"@id":"https:\/\/www.oocargoo.com\/dz\/produit\/chino-beige-essentiel-elegant\/#primaryimage"},"thumbnailUrl":"https:\/\/www.oocargoo.com\/dz\/wp-content\/uploads\/2026\/05\/chino-beige-essentiel-elegant_beige_69e22aa7f2703.webp","datePublished":"2026-05-08T23:39:06+00:00","breadcrumb":{"@id":"https:\/\/www.oocargoo.com\/dz\/produit\/chino-beige-essentiel-elegant\/#breadcrumb"},"inLanguage":"fr-FR","potentialAction":[{"@type":"ReadAction","target":["https:\/\/www.oocargoo.com\/dz\/produit\/chino-beige-essentiel-elegant\/"]}]},{"@type":"ImageObject","inLanguage":"fr-FR","@id":"https:\/\/www.oocargoo.com\/dz\/produit\/chino-beige-essentiel-elegant\/#primaryimage","url":"https:\/\/www.oocargoo.com\/dz\/wp-content\/uploads\/2026\/05\/chino-beige-essentiel-elegant_beige_69e22aa7f2703.webp","contentUrl":"https:\/\/www.oocargoo.com\/dz\/wp-content\/uploads\/2026\/05\/chino-beige-essentiel-elegant_beige_69e22aa7f2703.webp","width":665,"height":1000},{"@type":"BreadcrumbList","@id":"https:\/\/www.oocargoo.com\/dz\/produit\/chino-beige-essentiel-elegant\/#breadcrumb","itemListElement":[{"@type":"ListItem","position":1,"name":"Accueil","item":"https:\/\/www.oocargoo.com\/dz\/"},{"@type":"ListItem","position":2,"name":"Shop","item":"https:\/\/www.oocargoo.com\/dz\/shop\/"},{"@type":"ListItem","position":3,"name":"Chino Beige Essentiel \u00c9l\u00e9gant"}]},{"@type":"WebSite","@id":"https:\/\/www.oocargoo.com\/dz\/#website","url":"https:\/\/www.oocargoo.com\/dz\/","name":"Oocargoo","description":"Grossiste vetement en ligne algerie","publisher":{"@id":"https:\/\/www.oocargoo.com\/dz\/#organization"},"potentialAction":[{"@type":"SearchAction","target":{"@type":"EntryPoint","urlTemplate":"https:\/\/www.oocargoo.com\/dz\/?s={search_term_string}"},"query-input":{"@type":"PropertyValueSpecification","valueRequired":true,"valueName":"search_term_string"}}],"inLanguage":"fr-FR"},{"@type":"Organization","@id":"https:\/\/www.oocargoo.com\/dz\/#organization","name":"Oocargoo","url":"https:\/\/www.oocargoo.com\/dz\/","logo":{"@type":"ImageObject","inLanguage":"fr-FR","@id":"https:\/\/www.oocargoo.com\/dz\/#\/schema\/logo\/image\/","url":"https:\/\/www.oocargoo.com\/dz\/wp-content\/uploads\/2024\/07\/logo_b2b_oocargoo_com-NOIR-a.png","contentUrl":"https:\/\/www.oocargoo.com\/dz\/wp-content\/uploads\/2024\/07\/logo_b2b_oocargoo_com-NOIR-a.png","width":600,"height":146,"caption":"Oocargoo"},"image":{"@id":"https:\/\/www.oocargoo.com\/dz\/#\/schema\/logo\/image\/"},"sameAs":["https:\/\/www.facebook.com\/oocargoo\/","https:\/\/www.instagram.com\/oocargoo\/"]}]}},"_links":{"self":[{"href":"https:\/\/www.oocargoo.com\/dz\/wp-json\/wp\/v2\/product\/92680","targetHints":{"allow":["GET"]}}],"collection":[{"href":"https:\/\/www.oocargoo.com\/dz\/wp-json\/wp\/v2\/product"}],"about":[{"href":"https:\/\/www.oocargoo.com\/dz\/wp-json\/wp\/v2\/types\/product"}],"replies":[{"embeddable":true,"href":"https:\/\/www.oocargoo.com\/dz\/wp-json\/wp\/v2\/comments?post=92680"}],"version-history":[{"count":1,"href":"https:\/\/www.oocargoo.com\/dz\/wp-json\/wp\/v2\/product\/92680\/revisions"}],"predecessor-version":[{"id":93886,"href":"https:\/\/www.oocargoo.com\/dz\/wp-json\/wp\/v2\/product\/92680\/revisions\/93886"}],"wp:featuredmedia":[{"embeddable":true,"href":"https:\/\/www.oocargoo.com\/dz\/wp-json\/wp\/v2\/media\/92678"}],"wp:attachment":[{"href":"https:\/\/www.oocargoo.com\/dz\/wp-json\/wp\/v2\/media?parent=92680"}],"wp:term":[{"taxonomy":"product_cat","embeddable":true,"href":"https:\/\/www.oocargoo.com\/dz\/wp-json\/wp\/v2\/product_cat?post=92680"},{"taxonomy":"product_tag","embeddable":true,"href":"https:\/\/www.oocargoo.com\/dz\/wp-json\/wp\/v2\/product_tag?post=92680"}],"curies":[{"name":"wp","href":"https:\/\/api.w.org\/{rel}","templated":true}]}}