{"id":92264,"date":"2026-05-08T23:53:24","date_gmt":"2026-05-08T22:53:24","guid":{"rendered":"https:\/\/www.oocargoo.com\/dz\/?post_type=product&#038;p=92264"},"modified":"2026-05-08T23:53:24","modified_gmt":"2026-05-08T22:53:24","slug":"ensemble-homme-uni-et-motif-a-capuche-avec-cordon-pantalon-avec-cordon-et-serrage-a-la-cheville-2","status":"publish","type":"product","link":"https:\/\/www.oocargoo.com\/dz\/produit\/ensemble-homme-uni-et-motif-a-capuche-avec-cordon-pantalon-avec-cordon-et-serrage-a-la-cheville-2\/","title":{"rendered":"Ensemble homme uni et motif \u00e0 capuche avec cordon, pantalon avec cordon et serrage \u00e0 la cheville"},"content":{"rendered":"<p><strong>D\u00e9tails du produit<\/strong><\/p>\n<p>Type de v\u00eatement : Ensemble de surv\u00eatement Homme (hoodie + pantalon de jogging). Couleurs disponibles : \u2022 Noir \u2022 Gris fonc\u00e9 \u2022 Beige clair Haut (Sweat \u00e0 capuche) \u2022 Sweat \u00e0 capuche avec cordons ajustables. \u2022 Coupe droite, confortable et moderne. \u2022 Inscription en grand sur le dos et les manches : \u201cLOS ANGELES \u2013 CHICAGO\u201d en typographie gothique. \u2022 D\u00e9tails imprim\u00e9s plus discrets \u00e0 l\u2019avant c\u00f4t\u00e9 c\u0153ur. Bas (Jogging) \u2022 Pantalon de jogging assorti, coupe ajust\u00e9e et fusel\u00e9e. \u2022 Taille \u00e9lastique avec cordons de serrage. \u2022 Poches zipp\u00e9es pratiques. \u2022 Inscription \u201cCHICAGO\u201d imprim\u00e9e sur la cuisse. Caract\u00e9ristiques pratiques \u2022 Tissu l\u00e9ger, adapt\u00e9 aux saisons douces. \u2022 Ensemble coordonn\u00e9 mais chaque pi\u00e8ce peut se porter s\u00e9par\u00e9ment. \u2022 Style streetwear tendance avec inspiration urbaine am\u00e9ricaine. Tailles Disponibles du S au XXL. Cet ensemble est parfait pour un look sportif, urbain et moderne, inspir\u00e9 des grandes villes am\u00e9ricaines.<\/p>\n<p><strong>Composition :<\/strong> Coton (95%), \u00c9lasthanne (5%)<\/p>\n<p><strong>Collection :<\/strong> Automne\/Hiver 2025\/2026<\/p>\n<p><strong>Pays de fabrication :<\/strong> Chine<\/p>\n<p><strong>R\u00e9f\u00e9rence :<\/strong> FF5669A+B<\/p>\n","protected":false},"excerpt":{"rendered":"<p><strong>D\u00e9tails du produit<\/strong><\/p>\n<p>Type de v\u00eatement : Ensemble de surv\u00eatement Homme (hoodie + pantalon de jogging). Couleurs disponibles : \u2022 Noir \u2022 Gris fonc\u00e9 \u2022 Beige clair Haut (Sweat \u00e0 capuche) \u2022 Sweat \u00e0 capuche avec cordons ajustables. \u2022 Coupe droite, confortable et moderne. \u2022 Inscription en grand sur le dos et les manches : \u201cLOS ANGELES \u2013 CHICAGO\u201d en typographie gothique. \u2022 D\u00e9tails imprim\u00e9s plus discrets \u00e0 l\u2019avant c\u00f4t\u00e9 c\u0153ur. Bas (Jogging) \u2022 Pantalon de jogging assorti, coupe ajust\u00e9e et fusel\u00e9e. \u2022 Taille \u00e9lastique avec cordons de serrage. \u2022 Poches zipp\u00e9es pratiques. \u2022 Inscription \u201cCHICAGO\u201d imprim\u00e9e sur la cuisse. Caract\u00e9ristiques pratiques \u2022 Tissu l\u00e9ger, adapt\u00e9 aux saisons douces. \u2022 Ensemble coordonn\u00e9 mais chaque pi\u00e8ce peut se porter s\u00e9par\u00e9ment. \u2022 Style streetwear tendance avec inspiration urbaine am\u00e9ricaine. Tailles Disponibles du S au XXL. Cet ensemble est parfait pour un look sportif, urbain et moderne, inspir\u00e9 des grandes villes am\u00e9ricaines.<\/p>\n<p><strong>Composition :<\/strong> Coton (95%), \u00c9lasthanne (5%)<\/p>\n<p><strong>Collection :<\/strong> Automne\/Hiver 2025\/2026<\/p>\n","protected":false},"featured_media":92262,"comment_status":"open","ping_status":"closed","template":"","meta":{"_monsterinsights_skip_tracking":false,"_monsterinsights_sitenote_active":false,"_monsterinsights_sitenote_note":"","_monsterinsights_sitenote_category":0},"product_cat":[880,442],"product_tag":[],"class_list":{"0":"post-92264","1":"product","2":"type-product","3":"status-publish","4":"has-post-thumbnail","6":"product_brand-chine","7":"product_cat-homme-ensembles","8":"product_cat-produits-en-france","9":"product_shipping_class-france","10":"pa_couleur-multicolore","11":"pa_taille-s-m-l-xl-xxl","13":"first","14":"instock","15":"purchasable","16":"product-type-variable","17":"add-to-wishlist-before_image"},"yoast_head":"<!-- This site is optimized with the Yoast SEO plugin v27.5 - https:\/\/yoast.com\/product\/yoast-seo-wordpress\/ -->\n<title>Ensemble homme uni et motif \u00e0 capuche avec cordon, pantalon avec cordon et serrage \u00e0 la cheville - Oocargoo<\/title>\n<meta name=\"robots\" content=\"index, follow, max-snippet:-1, max-image-preview:large, max-video-preview:-1\" \/>\n<link rel=\"canonical\" href=\"https:\/\/www.oocargoo.com\/dz\/produit\/ensemble-homme-uni-et-motif-a-capuche-avec-cordon-pantalon-avec-cordon-et-serrage-a-la-cheville-2\/\" \/>\n<meta property=\"og:locale\" content=\"fr_FR\" \/>\n<meta property=\"og:type\" content=\"article\" \/>\n<meta property=\"og:title\" content=\"Ensemble homme uni et motif \u00e0 capuche avec cordon, pantalon avec cordon et serrage \u00e0 la cheville - Oocargoo\" \/>\n<meta property=\"og:description\" content=\"D\u00e9tails du produit Type de v\u00eatement : Ensemble de surv\u00eatement Homme (hoodie + pantalon de jogging). Couleurs disponibles : \u2022 Noir \u2022 Gris fonc\u00e9 \u2022 Beige clair Haut (Sweat \u00e0 capuche) \u2022 Sweat \u00e0 capuche avec cordons ajustables. \u2022 Coupe droite, confortable et moderne. \u2022 Inscription en grand sur le dos et les manches : \u201cLOS ANGELES \u2013 CHICAGO\u201d en typographie gothique. \u2022 D\u00e9tails imprim\u00e9s plus discrets \u00e0 l\u2019avant c\u00f4t\u00e9 c\u0153ur. Bas (Jogging) \u2022 Pantalon de jogging assorti, coupe ajust\u00e9e et fusel\u00e9e. \u2022 Taille \u00e9lastique avec cordons de serrage. \u2022 Poches zipp\u00e9es pratiques. \u2022 Inscription \u201cCHICAGO\u201d imprim\u00e9e sur la cuisse. Caract\u00e9ristiques pratiques \u2022 Tissu l\u00e9ger, adapt\u00e9 aux saisons douces. \u2022 Ensemble coordonn\u00e9 mais chaque pi\u00e8ce peut se porter s\u00e9par\u00e9ment. \u2022 Style streetwear tendance avec inspiration urbaine am\u00e9ricaine. Tailles Disponibles du S au XXL. Cet ensemble est parfait pour un look sportif, urbain et moderne, inspir\u00e9 des grandes villes am\u00e9ricaines. Composition : Coton (95%), \u00c9lasthanne (5%) Collection : Automne\/Hiver 2025\/2026\" \/>\n<meta property=\"og:url\" content=\"https:\/\/www.oocargoo.com\/dz\/produit\/ensemble-homme-uni-et-motif-a-capuche-avec-cordon-pantalon-avec-cordon-et-serrage-a-la-cheville-2\/\" \/>\n<meta property=\"og:site_name\" content=\"Oocargoo\" \/>\n<meta property=\"article:publisher\" content=\"https:\/\/www.facebook.com\/oocargoo\/\" \/>\n<meta property=\"og:image\" content=\"https:\/\/www.oocargoo.com\/dz\/wp-content\/uploads\/2026\/05\/ensemble-homme-uni-et-motif-a-capuche-avec-cordon-pantalon-avec-cordon_multicolore_68dd22bfab65d.webp\" \/>\n\t<meta property=\"og:image:width\" content=\"800\" \/>\n\t<meta property=\"og:image:height\" content=\"691\" \/>\n\t<meta property=\"og:image:type\" content=\"image\/webp\" \/>\n<meta name=\"twitter:card\" content=\"summary_large_image\" \/>\n<meta name=\"twitter:label1\" content=\"Dur\u00e9e de lecture estim\u00e9e\" \/>\n\t<meta name=\"twitter:data1\" content=\"1 minute\" \/>\n<script type=\"application\/ld+json\" class=\"yoast-schema-graph\">{\"@context\":\"https:\\\/\\\/schema.org\",\"@graph\":[{\"@type\":\"WebPage\",\"@id\":\"https:\\\/\\\/www.oocargoo.com\\\/dz\\\/produit\\\/ensemble-homme-uni-et-motif-a-capuche-avec-cordon-pantalon-avec-cordon-et-serrage-a-la-cheville-2\\\/\",\"url\":\"https:\\\/\\\/www.oocargoo.com\\\/dz\\\/produit\\\/ensemble-homme-uni-et-motif-a-capuche-avec-cordon-pantalon-avec-cordon-et-serrage-a-la-cheville-2\\\/\",\"name\":\"Ensemble homme uni et motif \u00e0 capuche avec cordon, pantalon avec cordon et serrage \u00e0 la cheville - Oocargoo\",\"isPartOf\":{\"@id\":\"https:\\\/\\\/www.oocargoo.com\\\/dz\\\/#website\"},\"primaryImageOfPage\":{\"@id\":\"https:\\\/\\\/www.oocargoo.com\\\/dz\\\/produit\\\/ensemble-homme-uni-et-motif-a-capuche-avec-cordon-pantalon-avec-cordon-et-serrage-a-la-cheville-2\\\/#primaryimage\"},\"image\":{\"@id\":\"https:\\\/\\\/www.oocargoo.com\\\/dz\\\/produit\\\/ensemble-homme-uni-et-motif-a-capuche-avec-cordon-pantalon-avec-cordon-et-serrage-a-la-cheville-2\\\/#primaryimage\"},\"thumbnailUrl\":\"https:\\\/\\\/www.oocargoo.com\\\/dz\\\/wp-content\\\/uploads\\\/2026\\\/05\\\/ensemble-homme-uni-et-motif-a-capuche-avec-cordon-pantalon-avec-cordon_multicolore_68dd22bfab65d.webp\",\"datePublished\":\"2026-05-08T22:53:24+00:00\",\"breadcrumb\":{\"@id\":\"https:\\\/\\\/www.oocargoo.com\\\/dz\\\/produit\\\/ensemble-homme-uni-et-motif-a-capuche-avec-cordon-pantalon-avec-cordon-et-serrage-a-la-cheville-2\\\/#breadcrumb\"},\"inLanguage\":\"fr-FR\",\"potentialAction\":[{\"@type\":\"ReadAction\",\"target\":[\"https:\\\/\\\/www.oocargoo.com\\\/dz\\\/produit\\\/ensemble-homme-uni-et-motif-a-capuche-avec-cordon-pantalon-avec-cordon-et-serrage-a-la-cheville-2\\\/\"]}]},{\"@type\":\"ImageObject\",\"inLanguage\":\"fr-FR\",\"@id\":\"https:\\\/\\\/www.oocargoo.com\\\/dz\\\/produit\\\/ensemble-homme-uni-et-motif-a-capuche-avec-cordon-pantalon-avec-cordon-et-serrage-a-la-cheville-2\\\/#primaryimage\",\"url\":\"https:\\\/\\\/www.oocargoo.com\\\/dz\\\/wp-content\\\/uploads\\\/2026\\\/05\\\/ensemble-homme-uni-et-motif-a-capuche-avec-cordon-pantalon-avec-cordon_multicolore_68dd22bfab65d.webp\",\"contentUrl\":\"https:\\\/\\\/www.oocargoo.com\\\/dz\\\/wp-content\\\/uploads\\\/2026\\\/05\\\/ensemble-homme-uni-et-motif-a-capuche-avec-cordon-pantalon-avec-cordon_multicolore_68dd22bfab65d.webp\",\"width\":800,\"height\":691},{\"@type\":\"BreadcrumbList\",\"@id\":\"https:\\\/\\\/www.oocargoo.com\\\/dz\\\/produit\\\/ensemble-homme-uni-et-motif-a-capuche-avec-cordon-pantalon-avec-cordon-et-serrage-a-la-cheville-2\\\/#breadcrumb\",\"itemListElement\":[{\"@type\":\"ListItem\",\"position\":1,\"name\":\"Accueil\",\"item\":\"https:\\\/\\\/www.oocargoo.com\\\/dz\\\/\"},{\"@type\":\"ListItem\",\"position\":2,\"name\":\"Shop\",\"item\":\"https:\\\/\\\/www.oocargoo.com\\\/dz\\\/shop\\\/\"},{\"@type\":\"ListItem\",\"position\":3,\"name\":\"Ensemble homme uni et motif \u00e0 capuche avec cordon, pantalon avec cordon et serrage \u00e0 la cheville\"}]},{\"@type\":\"WebSite\",\"@id\":\"https:\\\/\\\/www.oocargoo.com\\\/dz\\\/#website\",\"url\":\"https:\\\/\\\/www.oocargoo.com\\\/dz\\\/\",\"name\":\"Oocargoo\",\"description\":\"Grossiste vetement en ligne algerie\",\"publisher\":{\"@id\":\"https:\\\/\\\/www.oocargoo.com\\\/dz\\\/#organization\"},\"potentialAction\":[{\"@type\":\"SearchAction\",\"target\":{\"@type\":\"EntryPoint\",\"urlTemplate\":\"https:\\\/\\\/www.oocargoo.com\\\/dz\\\/?s={search_term_string}\"},\"query-input\":{\"@type\":\"PropertyValueSpecification\",\"valueRequired\":true,\"valueName\":\"search_term_string\"}}],\"inLanguage\":\"fr-FR\"},{\"@type\":\"Organization\",\"@id\":\"https:\\\/\\\/www.oocargoo.com\\\/dz\\\/#organization\",\"name\":\"Oocargoo\",\"url\":\"https:\\\/\\\/www.oocargoo.com\\\/dz\\\/\",\"logo\":{\"@type\":\"ImageObject\",\"inLanguage\":\"fr-FR\",\"@id\":\"https:\\\/\\\/www.oocargoo.com\\\/dz\\\/#\\\/schema\\\/logo\\\/image\\\/\",\"url\":\"https:\\\/\\\/www.oocargoo.com\\\/dz\\\/wp-content\\\/uploads\\\/2024\\\/07\\\/logo_b2b_oocargoo_com-NOIR-a.png\",\"contentUrl\":\"https:\\\/\\\/www.oocargoo.com\\\/dz\\\/wp-content\\\/uploads\\\/2024\\\/07\\\/logo_b2b_oocargoo_com-NOIR-a.png\",\"width\":600,\"height\":146,\"caption\":\"Oocargoo\"},\"image\":{\"@id\":\"https:\\\/\\\/www.oocargoo.com\\\/dz\\\/#\\\/schema\\\/logo\\\/image\\\/\"},\"sameAs\":[\"https:\\\/\\\/www.facebook.com\\\/oocargoo\\\/\",\"https:\\\/\\\/www.instagram.com\\\/oocargoo\\\/\"]}]}<\/script>\n<!-- \/ Yoast SEO plugin. -->","yoast_head_json":{"title":"Ensemble homme uni et motif \u00e0 capuche avec cordon, pantalon avec cordon et serrage \u00e0 la cheville - Oocargoo","robots":{"index":"index","follow":"follow","max-snippet":"max-snippet:-1","max-image-preview":"max-image-preview:large","max-video-preview":"max-video-preview:-1"},"canonical":"https:\/\/www.oocargoo.com\/dz\/produit\/ensemble-homme-uni-et-motif-a-capuche-avec-cordon-pantalon-avec-cordon-et-serrage-a-la-cheville-2\/","og_locale":"fr_FR","og_type":"article","og_title":"Ensemble homme uni et motif \u00e0 capuche avec cordon, pantalon avec cordon et serrage \u00e0 la cheville - Oocargoo","og_description":"D\u00e9tails du produit Type de v\u00eatement : Ensemble de surv\u00eatement Homme (hoodie + pantalon de jogging). Couleurs disponibles : \u2022 Noir \u2022 Gris fonc\u00e9 \u2022 Beige clair Haut (Sweat \u00e0 capuche) \u2022 Sweat \u00e0 capuche avec cordons ajustables. \u2022 Coupe droite, confortable et moderne. \u2022 Inscription en grand sur le dos et les manches : \u201cLOS ANGELES \u2013 CHICAGO\u201d en typographie gothique. \u2022 D\u00e9tails imprim\u00e9s plus discrets \u00e0 l\u2019avant c\u00f4t\u00e9 c\u0153ur. Bas (Jogging) \u2022 Pantalon de jogging assorti, coupe ajust\u00e9e et fusel\u00e9e. \u2022 Taille \u00e9lastique avec cordons de serrage. \u2022 Poches zipp\u00e9es pratiques. \u2022 Inscription \u201cCHICAGO\u201d imprim\u00e9e sur la cuisse. Caract\u00e9ristiques pratiques \u2022 Tissu l\u00e9ger, adapt\u00e9 aux saisons douces. \u2022 Ensemble coordonn\u00e9 mais chaque pi\u00e8ce peut se porter s\u00e9par\u00e9ment. \u2022 Style streetwear tendance avec inspiration urbaine am\u00e9ricaine. Tailles Disponibles du S au XXL. Cet ensemble est parfait pour un look sportif, urbain et moderne, inspir\u00e9 des grandes villes am\u00e9ricaines. Composition : Coton (95%), \u00c9lasthanne (5%) Collection : Automne\/Hiver 2025\/2026","og_url":"https:\/\/www.oocargoo.com\/dz\/produit\/ensemble-homme-uni-et-motif-a-capuche-avec-cordon-pantalon-avec-cordon-et-serrage-a-la-cheville-2\/","og_site_name":"Oocargoo","article_publisher":"https:\/\/www.facebook.com\/oocargoo\/","og_image":[{"width":800,"height":691,"url":"https:\/\/www.oocargoo.com\/dz\/wp-content\/uploads\/2026\/05\/ensemble-homme-uni-et-motif-a-capuche-avec-cordon-pantalon-avec-cordon_multicolore_68dd22bfab65d.webp","type":"image\/webp"}],"twitter_card":"summary_large_image","twitter_misc":{"Dur\u00e9e de lecture estim\u00e9e":"1 minute"},"schema":{"@context":"https:\/\/schema.org","@graph":[{"@type":"WebPage","@id":"https:\/\/www.oocargoo.com\/dz\/produit\/ensemble-homme-uni-et-motif-a-capuche-avec-cordon-pantalon-avec-cordon-et-serrage-a-la-cheville-2\/","url":"https:\/\/www.oocargoo.com\/dz\/produit\/ensemble-homme-uni-et-motif-a-capuche-avec-cordon-pantalon-avec-cordon-et-serrage-a-la-cheville-2\/","name":"Ensemble homme uni et motif \u00e0 capuche avec cordon, pantalon avec cordon et serrage \u00e0 la cheville - Oocargoo","isPartOf":{"@id":"https:\/\/www.oocargoo.com\/dz\/#website"},"primaryImageOfPage":{"@id":"https:\/\/www.oocargoo.com\/dz\/produit\/ensemble-homme-uni-et-motif-a-capuche-avec-cordon-pantalon-avec-cordon-et-serrage-a-la-cheville-2\/#primaryimage"},"image":{"@id":"https:\/\/www.oocargoo.com\/dz\/produit\/ensemble-homme-uni-et-motif-a-capuche-avec-cordon-pantalon-avec-cordon-et-serrage-a-la-cheville-2\/#primaryimage"},"thumbnailUrl":"https:\/\/www.oocargoo.com\/dz\/wp-content\/uploads\/2026\/05\/ensemble-homme-uni-et-motif-a-capuche-avec-cordon-pantalon-avec-cordon_multicolore_68dd22bfab65d.webp","datePublished":"2026-05-08T22:53:24+00:00","breadcrumb":{"@id":"https:\/\/www.oocargoo.com\/dz\/produit\/ensemble-homme-uni-et-motif-a-capuche-avec-cordon-pantalon-avec-cordon-et-serrage-a-la-cheville-2\/#breadcrumb"},"inLanguage":"fr-FR","potentialAction":[{"@type":"ReadAction","target":["https:\/\/www.oocargoo.com\/dz\/produit\/ensemble-homme-uni-et-motif-a-capuche-avec-cordon-pantalon-avec-cordon-et-serrage-a-la-cheville-2\/"]}]},{"@type":"ImageObject","inLanguage":"fr-FR","@id":"https:\/\/www.oocargoo.com\/dz\/produit\/ensemble-homme-uni-et-motif-a-capuche-avec-cordon-pantalon-avec-cordon-et-serrage-a-la-cheville-2\/#primaryimage","url":"https:\/\/www.oocargoo.com\/dz\/wp-content\/uploads\/2026\/05\/ensemble-homme-uni-et-motif-a-capuche-avec-cordon-pantalon-avec-cordon_multicolore_68dd22bfab65d.webp","contentUrl":"https:\/\/www.oocargoo.com\/dz\/wp-content\/uploads\/2026\/05\/ensemble-homme-uni-et-motif-a-capuche-avec-cordon-pantalon-avec-cordon_multicolore_68dd22bfab65d.webp","width":800,"height":691},{"@type":"BreadcrumbList","@id":"https:\/\/www.oocargoo.com\/dz\/produit\/ensemble-homme-uni-et-motif-a-capuche-avec-cordon-pantalon-avec-cordon-et-serrage-a-la-cheville-2\/#breadcrumb","itemListElement":[{"@type":"ListItem","position":1,"name":"Accueil","item":"https:\/\/www.oocargoo.com\/dz\/"},{"@type":"ListItem","position":2,"name":"Shop","item":"https:\/\/www.oocargoo.com\/dz\/shop\/"},{"@type":"ListItem","position":3,"name":"Ensemble homme uni et motif \u00e0 capuche avec cordon, pantalon avec cordon et serrage \u00e0 la cheville"}]},{"@type":"WebSite","@id":"https:\/\/www.oocargoo.com\/dz\/#website","url":"https:\/\/www.oocargoo.com\/dz\/","name":"Oocargoo","description":"Grossiste vetement en ligne algerie","publisher":{"@id":"https:\/\/www.oocargoo.com\/dz\/#organization"},"potentialAction":[{"@type":"SearchAction","target":{"@type":"EntryPoint","urlTemplate":"https:\/\/www.oocargoo.com\/dz\/?s={search_term_string}"},"query-input":{"@type":"PropertyValueSpecification","valueRequired":true,"valueName":"search_term_string"}}],"inLanguage":"fr-FR"},{"@type":"Organization","@id":"https:\/\/www.oocargoo.com\/dz\/#organization","name":"Oocargoo","url":"https:\/\/www.oocargoo.com\/dz\/","logo":{"@type":"ImageObject","inLanguage":"fr-FR","@id":"https:\/\/www.oocargoo.com\/dz\/#\/schema\/logo\/image\/","url":"https:\/\/www.oocargoo.com\/dz\/wp-content\/uploads\/2024\/07\/logo_b2b_oocargoo_com-NOIR-a.png","contentUrl":"https:\/\/www.oocargoo.com\/dz\/wp-content\/uploads\/2024\/07\/logo_b2b_oocargoo_com-NOIR-a.png","width":600,"height":146,"caption":"Oocargoo"},"image":{"@id":"https:\/\/www.oocargoo.com\/dz\/#\/schema\/logo\/image\/"},"sameAs":["https:\/\/www.facebook.com\/oocargoo\/","https:\/\/www.instagram.com\/oocargoo\/"]}]}},"_links":{"self":[{"href":"https:\/\/www.oocargoo.com\/dz\/wp-json\/wp\/v2\/product\/92264","targetHints":{"allow":["GET"]}}],"collection":[{"href":"https:\/\/www.oocargoo.com\/dz\/wp-json\/wp\/v2\/product"}],"about":[{"href":"https:\/\/www.oocargoo.com\/dz\/wp-json\/wp\/v2\/types\/product"}],"replies":[{"embeddable":true,"href":"https:\/\/www.oocargoo.com\/dz\/wp-json\/wp\/v2\/comments?post=92264"}],"version-history":[{"count":0,"href":"https:\/\/www.oocargoo.com\/dz\/wp-json\/wp\/v2\/product\/92264\/revisions"}],"wp:featuredmedia":[{"embeddable":true,"href":"https:\/\/www.oocargoo.com\/dz\/wp-json\/wp\/v2\/media\/92262"}],"wp:attachment":[{"href":"https:\/\/www.oocargoo.com\/dz\/wp-json\/wp\/v2\/media?parent=92264"}],"wp:term":[{"taxonomy":"product_cat","embeddable":true,"href":"https:\/\/www.oocargoo.com\/dz\/wp-json\/wp\/v2\/product_cat?post=92264"},{"taxonomy":"product_tag","embeddable":true,"href":"https:\/\/www.oocargoo.com\/dz\/wp-json\/wp\/v2\/product_tag?post=92264"}],"curies":[{"name":"wp","href":"https:\/\/api.w.org\/{rel}","templated":true}]}}