{"id":8361,"date":"2025-03-28T05:30:15","date_gmt":"2025-03-28T04:30:15","guid":{"rendered":"https:\/\/www.oocargoo.com\/dz\/?post_type=product&#038;p=8361"},"modified":"2026-04-19T01:13:11","modified_gmt":"2026-04-19T00:13:11","slug":"madame-sadie","status":"publish","type":"product","link":"https:\/\/www.oocargoo.com\/dz\/produit\/madame-sadie\/","title":{"rendered":"Patron madame SADIE-robe sportive \u00e0 capuche XS-XXL"},"content":{"rendered":"<p>MADAME SADIE est parfaite pour toutes celles qui aiment les looks sportifs. Cette robe \u00e0 capuche est extr\u00eamement confortable. Elle est ample, a la forme d\u2019un sweat et une jupe longueur genou, avec des poches. Au dos, une couture structure le haut de la robe.<\/p>\n<p>Avec des instructions de couture d\u00e9taill\u00e9es et illustr\u00e9es. Pas \u00e0 pas jusqu\u2019au v\u00eatement fini.<\/p>\n<p>Tu re\u00e7ois un e-book au format PDF pour Microsoft Windows (\u00e0 partir de Windows XP) et Apple Macintosh OS X (\u00e0 partir de la version 10.2.0). Un lecteur PDF actuel est n\u00e9cessaire pour ouvrir le fichier, par exemple Adobe Acrobat Reader \u00e0 partir de la version 7.0.<\/p>\n<p>&nbsp;<\/p>\n","protected":false},"excerpt":{"rendered":"<div class=\"woocommerce-product-details__short-description\">\n<h6>Contenu :<\/h6>\n<div>\n<ul>\n<li>instructions de couture illustr\u00e9es en d\u00e9tail (16 pages)<\/li>\n<li>fichier du patron A4 (27 pages)<\/li>\n<li>fichier du patron A0 pour traceur \u00e0 rouleaux<\/li>\n<li>fichier du patron projetable<\/li>\n<li>format de fichier pdf et dxf<\/li>\n<li>6 doubles tailles XS-S-M-L-XL-XXL (32-50\/52)<\/li>\n<\/ul>\n<h6>adapt\u00e9s:<\/h6>\n<\/div>\n<div>\n<ul>\n<li><a href=\"https:\/\/www.makerist.fr\/couture\/tissus\/types-de-tissus\/sweat\">Tissus sweat<\/a><\/li>\n<li><a href=\"https:\/\/www.makerist.fr\/couture\/tissus\/types-de-tissus\/tissus-en-maille\">Tissus en maille<\/a><\/li>\n<li><a href=\"https:\/\/www.makerist.fr\/couture\/tissus\/types-de-tissus\/tissus-polaires\">Tissus polaires<\/a><\/li>\n<\/ul>\n<\/div>\n<\/div>\n","protected":false},"featured_media":8377,"comment_status":"open","ping_status":"closed","template":"","meta":{"_acf_changed":false,"_monsterinsights_skip_tracking":false,"_monsterinsights_sitenote_active":false,"_monsterinsights_sitenote_note":"","_monsterinsights_sitenote_category":0},"product_cat":[255],"product_tag":[],"class_list":{"0":"post-8361","1":"product","2":"type-product","3":"status-publish","4":"has-post-thumbnail","6":"product_brand-fabrique-en-egypte","7":"product_cat-patrons-de-couture","9":"first","10":"instock","11":"downloadable","12":"virtual","13":"product-type-simple","14":"add-to-wishlist-before_image"},"acf":[],"yoast_head":"<!-- This site is optimized with the Yoast SEO plugin v27.5 - https:\/\/yoast.com\/product\/yoast-seo-wordpress\/ -->\n<title>Patron madame SADIE-robe sportive \u00e0 capuche XS-XXL - Oocargoo<\/title>\n<meta name=\"robots\" content=\"index, follow, max-snippet:-1, max-image-preview:large, max-video-preview:-1\" \/>\n<link rel=\"canonical\" href=\"https:\/\/www.oocargoo.com\/dz\/produit\/madame-sadie\/\" \/>\n<meta property=\"og:locale\" content=\"fr_FR\" \/>\n<meta property=\"og:type\" content=\"article\" \/>\n<meta property=\"og:title\" content=\"Patron madame SADIE-robe sportive \u00e0 capuche XS-XXL - Oocargoo\" \/>\n<meta property=\"og:description\" content=\"Contenu :    instructions de couture illustr\u00e9es en d\u00e9tail (16 pages)  fichier du patron A4 (27 pages)  fichier du patron A0 pour traceur \u00e0 rouleaux  fichier du patron projetable  format de fichier pdf et dxf  6 doubles tailles XS-S-M-L-XL-XXL (32-50\/52)  adapt\u00e9s:     Tissus sweat  Tissus en maille  Tissus polaires\" \/>\n<meta property=\"og:url\" content=\"https:\/\/www.oocargoo.com\/dz\/produit\/madame-sadie\/\" \/>\n<meta property=\"og:site_name\" content=\"Oocargoo\" \/>\n<meta property=\"article:publisher\" content=\"https:\/\/www.facebook.com\/oocargoo\/\" \/>\n<meta property=\"article:modified_time\" content=\"2026-04-19T00:13:11+00:00\" \/>\n<meta property=\"og:image\" content=\"https:\/\/www.oocargoo.com\/dz\/wp-content\/uploads\/2025\/03\/ev-001_46_f-scaleda.jpg\" \/>\n\t<meta property=\"og:image:width\" content=\"1707\" \/>\n\t<meta property=\"og:image:height\" content=\"2560\" \/>\n\t<meta property=\"og:image:type\" content=\"image\/jpeg\" \/>\n<meta name=\"twitter:card\" content=\"summary_large_image\" \/>\n<meta name=\"twitter:label1\" content=\"Dur\u00e9e de lecture estim\u00e9e\" \/>\n\t<meta name=\"twitter:data1\" content=\"1 minute\" \/>\n<script type=\"application\/ld+json\" class=\"yoast-schema-graph\">{\"@context\":\"https:\\\/\\\/schema.org\",\"@graph\":[{\"@type\":\"WebPage\",\"@id\":\"https:\\\/\\\/www.oocargoo.com\\\/dz\\\/produit\\\/madame-sadie\\\/\",\"url\":\"https:\\\/\\\/www.oocargoo.com\\\/dz\\\/produit\\\/madame-sadie\\\/\",\"name\":\"Patron madame SADIE-robe sportive \u00e0 capuche XS-XXL - Oocargoo\",\"isPartOf\":{\"@id\":\"https:\\\/\\\/www.oocargoo.com\\\/dz\\\/#website\"},\"primaryImageOfPage\":{\"@id\":\"https:\\\/\\\/www.oocargoo.com\\\/dz\\\/produit\\\/madame-sadie\\\/#primaryimage\"},\"image\":{\"@id\":\"https:\\\/\\\/www.oocargoo.com\\\/dz\\\/produit\\\/madame-sadie\\\/#primaryimage\"},\"thumbnailUrl\":\"https:\\\/\\\/www.oocargoo.com\\\/dz\\\/wp-content\\\/uploads\\\/2025\\\/03\\\/ev-001_46_f-scaleda.jpg\",\"datePublished\":\"2025-03-28T04:30:15+00:00\",\"dateModified\":\"2026-04-19T00:13:11+00:00\",\"breadcrumb\":{\"@id\":\"https:\\\/\\\/www.oocargoo.com\\\/dz\\\/produit\\\/madame-sadie\\\/#breadcrumb\"},\"inLanguage\":\"fr-FR\",\"potentialAction\":[{\"@type\":\"ReadAction\",\"target\":[\"https:\\\/\\\/www.oocargoo.com\\\/dz\\\/produit\\\/madame-sadie\\\/\"]}]},{\"@type\":\"ImageObject\",\"inLanguage\":\"fr-FR\",\"@id\":\"https:\\\/\\\/www.oocargoo.com\\\/dz\\\/produit\\\/madame-sadie\\\/#primaryimage\",\"url\":\"https:\\\/\\\/www.oocargoo.com\\\/dz\\\/wp-content\\\/uploads\\\/2025\\\/03\\\/ev-001_46_f-scaleda.jpg\",\"contentUrl\":\"https:\\\/\\\/www.oocargoo.com\\\/dz\\\/wp-content\\\/uploads\\\/2025\\\/03\\\/ev-001_46_f-scaleda.jpg\",\"width\":1707,\"height\":2560},{\"@type\":\"BreadcrumbList\",\"@id\":\"https:\\\/\\\/www.oocargoo.com\\\/dz\\\/produit\\\/madame-sadie\\\/#breadcrumb\",\"itemListElement\":[{\"@type\":\"ListItem\",\"position\":1,\"name\":\"Accueil\",\"item\":\"https:\\\/\\\/www.oocargoo.com\\\/dz\\\/\"},{\"@type\":\"ListItem\",\"position\":2,\"name\":\"Shop\",\"item\":\"https:\\\/\\\/www.oocargoo.com\\\/dz\\\/shop\\\/\"},{\"@type\":\"ListItem\",\"position\":3,\"name\":\"Patron madame SADIE-robe sportive \u00e0 capuche XS-XXL\"}]},{\"@type\":\"WebSite\",\"@id\":\"https:\\\/\\\/www.oocargoo.com\\\/dz\\\/#website\",\"url\":\"https:\\\/\\\/www.oocargoo.com\\\/dz\\\/\",\"name\":\"Oocargoo\",\"description\":\"Grossiste vetement en ligne algerie\",\"publisher\":{\"@id\":\"https:\\\/\\\/www.oocargoo.com\\\/dz\\\/#organization\"},\"potentialAction\":[{\"@type\":\"SearchAction\",\"target\":{\"@type\":\"EntryPoint\",\"urlTemplate\":\"https:\\\/\\\/www.oocargoo.com\\\/dz\\\/?s={search_term_string}\"},\"query-input\":{\"@type\":\"PropertyValueSpecification\",\"valueRequired\":true,\"valueName\":\"search_term_string\"}}],\"inLanguage\":\"fr-FR\"},{\"@type\":\"Organization\",\"@id\":\"https:\\\/\\\/www.oocargoo.com\\\/dz\\\/#organization\",\"name\":\"Oocargoo\",\"url\":\"https:\\\/\\\/www.oocargoo.com\\\/dz\\\/\",\"logo\":{\"@type\":\"ImageObject\",\"inLanguage\":\"fr-FR\",\"@id\":\"https:\\\/\\\/www.oocargoo.com\\\/dz\\\/#\\\/schema\\\/logo\\\/image\\\/\",\"url\":\"https:\\\/\\\/www.oocargoo.com\\\/dz\\\/wp-content\\\/uploads\\\/2024\\\/07\\\/logo_b2b_oocargoo_com-NOIR-a.png\",\"contentUrl\":\"https:\\\/\\\/www.oocargoo.com\\\/dz\\\/wp-content\\\/uploads\\\/2024\\\/07\\\/logo_b2b_oocargoo_com-NOIR-a.png\",\"width\":600,\"height\":146,\"caption\":\"Oocargoo\"},\"image\":{\"@id\":\"https:\\\/\\\/www.oocargoo.com\\\/dz\\\/#\\\/schema\\\/logo\\\/image\\\/\"},\"sameAs\":[\"https:\\\/\\\/www.facebook.com\\\/oocargoo\\\/\",\"https:\\\/\\\/www.instagram.com\\\/oocargoo\\\/\"]}]}<\/script>\n<!-- \/ Yoast SEO plugin. -->","yoast_head_json":{"title":"Patron madame SADIE-robe sportive \u00e0 capuche XS-XXL - Oocargoo","robots":{"index":"index","follow":"follow","max-snippet":"max-snippet:-1","max-image-preview":"max-image-preview:large","max-video-preview":"max-video-preview:-1"},"canonical":"https:\/\/www.oocargoo.com\/dz\/produit\/madame-sadie\/","og_locale":"fr_FR","og_type":"article","og_title":"Patron madame SADIE-robe sportive \u00e0 capuche XS-XXL - Oocargoo","og_description":"Contenu :    instructions de couture illustr\u00e9es en d\u00e9tail (16 pages)  fichier du patron A4 (27 pages)  fichier du patron A0 pour traceur \u00e0 rouleaux  fichier du patron projetable  format de fichier pdf et dxf  6 doubles tailles XS-S-M-L-XL-XXL (32-50\/52)  adapt\u00e9s:     Tissus sweat  Tissus en maille  Tissus polaires","og_url":"https:\/\/www.oocargoo.com\/dz\/produit\/madame-sadie\/","og_site_name":"Oocargoo","article_publisher":"https:\/\/www.facebook.com\/oocargoo\/","article_modified_time":"2026-04-19T00:13:11+00:00","og_image":[{"width":1707,"height":2560,"url":"https:\/\/www.oocargoo.com\/dz\/wp-content\/uploads\/2025\/03\/ev-001_46_f-scaleda.jpg","type":"image\/jpeg"}],"twitter_card":"summary_large_image","twitter_misc":{"Dur\u00e9e de lecture estim\u00e9e":"1 minute"},"schema":{"@context":"https:\/\/schema.org","@graph":[{"@type":"WebPage","@id":"https:\/\/www.oocargoo.com\/dz\/produit\/madame-sadie\/","url":"https:\/\/www.oocargoo.com\/dz\/produit\/madame-sadie\/","name":"Patron madame SADIE-robe sportive \u00e0 capuche XS-XXL - Oocargoo","isPartOf":{"@id":"https:\/\/www.oocargoo.com\/dz\/#website"},"primaryImageOfPage":{"@id":"https:\/\/www.oocargoo.com\/dz\/produit\/madame-sadie\/#primaryimage"},"image":{"@id":"https:\/\/www.oocargoo.com\/dz\/produit\/madame-sadie\/#primaryimage"},"thumbnailUrl":"https:\/\/www.oocargoo.com\/dz\/wp-content\/uploads\/2025\/03\/ev-001_46_f-scaleda.jpg","datePublished":"2025-03-28T04:30:15+00:00","dateModified":"2026-04-19T00:13:11+00:00","breadcrumb":{"@id":"https:\/\/www.oocargoo.com\/dz\/produit\/madame-sadie\/#breadcrumb"},"inLanguage":"fr-FR","potentialAction":[{"@type":"ReadAction","target":["https:\/\/www.oocargoo.com\/dz\/produit\/madame-sadie\/"]}]},{"@type":"ImageObject","inLanguage":"fr-FR","@id":"https:\/\/www.oocargoo.com\/dz\/produit\/madame-sadie\/#primaryimage","url":"https:\/\/www.oocargoo.com\/dz\/wp-content\/uploads\/2025\/03\/ev-001_46_f-scaleda.jpg","contentUrl":"https:\/\/www.oocargoo.com\/dz\/wp-content\/uploads\/2025\/03\/ev-001_46_f-scaleda.jpg","width":1707,"height":2560},{"@type":"BreadcrumbList","@id":"https:\/\/www.oocargoo.com\/dz\/produit\/madame-sadie\/#breadcrumb","itemListElement":[{"@type":"ListItem","position":1,"name":"Accueil","item":"https:\/\/www.oocargoo.com\/dz\/"},{"@type":"ListItem","position":2,"name":"Shop","item":"https:\/\/www.oocargoo.com\/dz\/shop\/"},{"@type":"ListItem","position":3,"name":"Patron madame SADIE-robe sportive \u00e0 capuche XS-XXL"}]},{"@type":"WebSite","@id":"https:\/\/www.oocargoo.com\/dz\/#website","url":"https:\/\/www.oocargoo.com\/dz\/","name":"Oocargoo","description":"Grossiste vetement en ligne algerie","publisher":{"@id":"https:\/\/www.oocargoo.com\/dz\/#organization"},"potentialAction":[{"@type":"SearchAction","target":{"@type":"EntryPoint","urlTemplate":"https:\/\/www.oocargoo.com\/dz\/?s={search_term_string}"},"query-input":{"@type":"PropertyValueSpecification","valueRequired":true,"valueName":"search_term_string"}}],"inLanguage":"fr-FR"},{"@type":"Organization","@id":"https:\/\/www.oocargoo.com\/dz\/#organization","name":"Oocargoo","url":"https:\/\/www.oocargoo.com\/dz\/","logo":{"@type":"ImageObject","inLanguage":"fr-FR","@id":"https:\/\/www.oocargoo.com\/dz\/#\/schema\/logo\/image\/","url":"https:\/\/www.oocargoo.com\/dz\/wp-content\/uploads\/2024\/07\/logo_b2b_oocargoo_com-NOIR-a.png","contentUrl":"https:\/\/www.oocargoo.com\/dz\/wp-content\/uploads\/2024\/07\/logo_b2b_oocargoo_com-NOIR-a.png","width":600,"height":146,"caption":"Oocargoo"},"image":{"@id":"https:\/\/www.oocargoo.com\/dz\/#\/schema\/logo\/image\/"},"sameAs":["https:\/\/www.facebook.com\/oocargoo\/","https:\/\/www.instagram.com\/oocargoo\/"]}]}},"_links":{"self":[{"href":"https:\/\/www.oocargoo.com\/dz\/wp-json\/wp\/v2\/product\/8361","targetHints":{"allow":["GET"]}}],"collection":[{"href":"https:\/\/www.oocargoo.com\/dz\/wp-json\/wp\/v2\/product"}],"about":[{"href":"https:\/\/www.oocargoo.com\/dz\/wp-json\/wp\/v2\/types\/product"}],"replies":[{"embeddable":true,"href":"https:\/\/www.oocargoo.com\/dz\/wp-json\/wp\/v2\/comments?post=8361"}],"version-history":[{"count":0,"href":"https:\/\/www.oocargoo.com\/dz\/wp-json\/wp\/v2\/product\/8361\/revisions"}],"wp:featuredmedia":[{"embeddable":true,"href":"https:\/\/www.oocargoo.com\/dz\/wp-json\/wp\/v2\/media\/8377"}],"wp:attachment":[{"href":"https:\/\/www.oocargoo.com\/dz\/wp-json\/wp\/v2\/media?parent=8361"}],"wp:term":[{"taxonomy":"product_cat","embeddable":true,"href":"https:\/\/www.oocargoo.com\/dz\/wp-json\/wp\/v2\/product_cat?post=8361"},{"taxonomy":"product_tag","embeddable":true,"href":"https:\/\/www.oocargoo.com\/dz\/wp-json\/wp\/v2\/product_tag?post=8361"}],"curies":[{"name":"wp","href":"https:\/\/api.w.org\/{rel}","templated":true}]}}