{"id":76742,"date":"2026-05-08T19:23:51","date_gmt":"2026-05-08T18:23:51","guid":{"rendered":"https:\/\/www.oocargoo.com\/dz\/?post_type=product&#038;p=76742"},"modified":"2026-05-08T19:23:51","modified_gmt":"2026-05-08T18:23:51","slug":"chemisier-boheme-a-manches-longues-et-dentelle-3","status":"publish","type":"product","link":"https:\/\/www.oocargoo.com\/dz\/produit\/chemisier-boheme-a-manches-longues-et-dentelle-3\/","title":{"rendered":"Chemisier Boh\u00e8me \u00e0 Manches Longues et Dentelle"},"content":{"rendered":"<p><strong>D\u00e9tails du produit<\/strong><\/p>\n<p>Chemisier Boh\u00e8me \u00e0 Manches Longues et DentelleBlouse \u00e9l\u00e9gante et f\u00e9minine, se distingue par ses superpositions de textures et ses d\u00e9tails d\u00e9licatsPanneau central en dentelle florale sur le devantBordures en dentelle avec franges sur les manches et les couturesFinitions en dentelle aux poignetsCol montant petit, avec une ouverture boutonn\u00e9e sur le devantBoutons d\u00e9coratifs (effet nacr\u00e9 et m\u00e9tallis\u00e9)Manches longues, l\u00e9g\u00e8rement \u00e9vas\u00e9es aux poignetsTU du 36 au 42<\/p>\n<p><strong>Correspondance TU :<\/strong> 36-42<\/p>\n<p><strong>Composition :<\/strong> Viscose (85%), Polyamide (15%)<\/p>\n<p><strong>Collection :<\/strong> Printemps\/\u00c9t\u00e9 2026<\/p>\n<p><strong>Pays de fabrication :<\/strong> Italie<\/p>\n<p><strong>R\u00e9f\u00e9rence :<\/strong> 744-8079-V53-20<\/p>\n","protected":false},"excerpt":{"rendered":"<p><strong>D\u00e9tails du produit<\/strong><\/p>\n<p>Chemisier Boh\u00e8me \u00e0 Manches Longues et DentelleBlouse \u00e9l\u00e9gante et f\u00e9minine, se distingue par ses superpositions de textures et ses d\u00e9tails d\u00e9licatsPanneau central en dentelle florale sur le devantBordures en dentelle avec franges sur les manches et les couturesFinitions en dentelle aux poignetsCol montant petit, avec une ouverture boutonn\u00e9e sur le devantBoutons d\u00e9coratifs (effet nacr\u00e9 et m\u00e9tallis\u00e9)Manches longues, l\u00e9g\u00e8rement \u00e9vas\u00e9es aux poignetsTU du 36 au 42<\/p>\n<p><strong>Correspondance TU :<\/strong> 36-42<\/p>\n<p><strong>Composition :<\/strong> Viscose (85%), Polyamide (15%)<\/p>\n<p><strong>Collection :<\/strong> Printemps\/\u00c9t\u00e9 2026<\/p>\n","protected":false},"featured_media":76739,"comment_status":"open","ping_status":"closed","template":"","meta":{"_monsterinsights_skip_tracking":false,"_monsterinsights_sitenote_active":false,"_monsterinsights_sitenote_note":"","_monsterinsights_sitenote_category":0},"product_cat":[446,442],"product_tag":[],"class_list":{"0":"post-76742","1":"product","2":"type-product","3":"status-publish","4":"has-post-thumbnail","6":"product_brand-italie","7":"product_cat-blouses-femmes","8":"product_cat-produits-en-france","9":"product_shipping_class-france","10":"pa_couleur-blanc","11":"pa_taille-tu","13":"first","14":"instock","15":"purchasable","16":"product-type-variable","17":"add-to-wishlist-before_image"},"yoast_head":"<!-- This site is optimized with the Yoast SEO plugin v27.5 - https:\/\/yoast.com\/product\/yoast-seo-wordpress\/ -->\n<title>Chemisier Boh\u00e8me \u00e0 Manches Longues et Dentelle - Oocargoo<\/title>\n<meta name=\"robots\" content=\"index, follow, max-snippet:-1, max-image-preview:large, max-video-preview:-1\" \/>\n<link rel=\"canonical\" href=\"https:\/\/www.oocargoo.com\/dz\/produit\/chemisier-boheme-a-manches-longues-et-dentelle-3\/\" \/>\n<meta property=\"og:locale\" content=\"fr_FR\" \/>\n<meta property=\"og:type\" content=\"article\" \/>\n<meta property=\"og:title\" content=\"Chemisier Boh\u00e8me \u00e0 Manches Longues et Dentelle - Oocargoo\" \/>\n<meta property=\"og:description\" content=\"D\u00e9tails du produit Chemisier Boh\u00e8me \u00e0 Manches Longues et DentelleBlouse \u00e9l\u00e9gante et f\u00e9minine, se distingue par ses superpositions de textures et ses d\u00e9tails d\u00e9licatsPanneau central en dentelle florale sur le devantBordures en dentelle avec franges sur les manches et les couturesFinitions en dentelle aux poignetsCol montant petit, avec une ouverture boutonn\u00e9e sur le devantBoutons d\u00e9coratifs (effet nacr\u00e9 et m\u00e9tallis\u00e9)Manches longues, l\u00e9g\u00e8rement \u00e9vas\u00e9es aux poignetsTU du 36 au 42 Correspondance TU : 36-42 Composition : Viscose (85%), Polyamide (15%) Collection : Printemps\/\u00c9t\u00e9 2026\" \/>\n<meta property=\"og:url\" content=\"https:\/\/www.oocargoo.com\/dz\/produit\/chemisier-boheme-a-manches-longues-et-dentelle-3\/\" \/>\n<meta property=\"og:site_name\" content=\"Oocargoo\" \/>\n<meta property=\"article:publisher\" content=\"https:\/\/www.facebook.com\/oocargoo\/\" \/>\n<meta property=\"og:image\" content=\"https:\/\/www.oocargoo.com\/dz\/wp-content\/uploads\/2026\/05\/chemisier-boheme-a-manches-longues-et-dentelle_blanc_69e2730e5fc19.webp\" \/>\n\t<meta property=\"og:image:width\" content=\"864\" \/>\n\t<meta property=\"og:image:height\" content=\"1184\" \/>\n\t<meta property=\"og:image:type\" content=\"image\/webp\" \/>\n<meta name=\"twitter:card\" content=\"summary_large_image\" \/>\n<script type=\"application\/ld+json\" class=\"yoast-schema-graph\">{\"@context\":\"https:\\\/\\\/schema.org\",\"@graph\":[{\"@type\":\"WebPage\",\"@id\":\"https:\\\/\\\/www.oocargoo.com\\\/dz\\\/produit\\\/chemisier-boheme-a-manches-longues-et-dentelle-3\\\/\",\"url\":\"https:\\\/\\\/www.oocargoo.com\\\/dz\\\/produit\\\/chemisier-boheme-a-manches-longues-et-dentelle-3\\\/\",\"name\":\"Chemisier Boh\u00e8me \u00e0 Manches Longues et Dentelle - Oocargoo\",\"isPartOf\":{\"@id\":\"https:\\\/\\\/www.oocargoo.com\\\/dz\\\/#website\"},\"primaryImageOfPage\":{\"@id\":\"https:\\\/\\\/www.oocargoo.com\\\/dz\\\/produit\\\/chemisier-boheme-a-manches-longues-et-dentelle-3\\\/#primaryimage\"},\"image\":{\"@id\":\"https:\\\/\\\/www.oocargoo.com\\\/dz\\\/produit\\\/chemisier-boheme-a-manches-longues-et-dentelle-3\\\/#primaryimage\"},\"thumbnailUrl\":\"https:\\\/\\\/www.oocargoo.com\\\/dz\\\/wp-content\\\/uploads\\\/2026\\\/05\\\/chemisier-boheme-a-manches-longues-et-dentelle_blanc_69e2730e5fc19.webp\",\"datePublished\":\"2026-05-08T18:23:51+00:00\",\"breadcrumb\":{\"@id\":\"https:\\\/\\\/www.oocargoo.com\\\/dz\\\/produit\\\/chemisier-boheme-a-manches-longues-et-dentelle-3\\\/#breadcrumb\"},\"inLanguage\":\"fr-FR\",\"potentialAction\":[{\"@type\":\"ReadAction\",\"target\":[\"https:\\\/\\\/www.oocargoo.com\\\/dz\\\/produit\\\/chemisier-boheme-a-manches-longues-et-dentelle-3\\\/\"]}]},{\"@type\":\"ImageObject\",\"inLanguage\":\"fr-FR\",\"@id\":\"https:\\\/\\\/www.oocargoo.com\\\/dz\\\/produit\\\/chemisier-boheme-a-manches-longues-et-dentelle-3\\\/#primaryimage\",\"url\":\"https:\\\/\\\/www.oocargoo.com\\\/dz\\\/wp-content\\\/uploads\\\/2026\\\/05\\\/chemisier-boheme-a-manches-longues-et-dentelle_blanc_69e2730e5fc19.webp\",\"contentUrl\":\"https:\\\/\\\/www.oocargoo.com\\\/dz\\\/wp-content\\\/uploads\\\/2026\\\/05\\\/chemisier-boheme-a-manches-longues-et-dentelle_blanc_69e2730e5fc19.webp\",\"width\":864,\"height\":1184},{\"@type\":\"BreadcrumbList\",\"@id\":\"https:\\\/\\\/www.oocargoo.com\\\/dz\\\/produit\\\/chemisier-boheme-a-manches-longues-et-dentelle-3\\\/#breadcrumb\",\"itemListElement\":[{\"@type\":\"ListItem\",\"position\":1,\"name\":\"Accueil\",\"item\":\"https:\\\/\\\/www.oocargoo.com\\\/dz\\\/\"},{\"@type\":\"ListItem\",\"position\":2,\"name\":\"Shop\",\"item\":\"https:\\\/\\\/www.oocargoo.com\\\/dz\\\/shop\\\/\"},{\"@type\":\"ListItem\",\"position\":3,\"name\":\"Chemisier Boh\u00e8me \u00e0 Manches Longues et Dentelle\"}]},{\"@type\":\"WebSite\",\"@id\":\"https:\\\/\\\/www.oocargoo.com\\\/dz\\\/#website\",\"url\":\"https:\\\/\\\/www.oocargoo.com\\\/dz\\\/\",\"name\":\"Oocargoo\",\"description\":\"Grossiste vetement en ligne algerie\",\"publisher\":{\"@id\":\"https:\\\/\\\/www.oocargoo.com\\\/dz\\\/#organization\"},\"potentialAction\":[{\"@type\":\"SearchAction\",\"target\":{\"@type\":\"EntryPoint\",\"urlTemplate\":\"https:\\\/\\\/www.oocargoo.com\\\/dz\\\/?s={search_term_string}\"},\"query-input\":{\"@type\":\"PropertyValueSpecification\",\"valueRequired\":true,\"valueName\":\"search_term_string\"}}],\"inLanguage\":\"fr-FR\"},{\"@type\":\"Organization\",\"@id\":\"https:\\\/\\\/www.oocargoo.com\\\/dz\\\/#organization\",\"name\":\"Oocargoo\",\"url\":\"https:\\\/\\\/www.oocargoo.com\\\/dz\\\/\",\"logo\":{\"@type\":\"ImageObject\",\"inLanguage\":\"fr-FR\",\"@id\":\"https:\\\/\\\/www.oocargoo.com\\\/dz\\\/#\\\/schema\\\/logo\\\/image\\\/\",\"url\":\"https:\\\/\\\/www.oocargoo.com\\\/dz\\\/wp-content\\\/uploads\\\/2024\\\/07\\\/logo_b2b_oocargoo_com-NOIR-a.png\",\"contentUrl\":\"https:\\\/\\\/www.oocargoo.com\\\/dz\\\/wp-content\\\/uploads\\\/2024\\\/07\\\/logo_b2b_oocargoo_com-NOIR-a.png\",\"width\":600,\"height\":146,\"caption\":\"Oocargoo\"},\"image\":{\"@id\":\"https:\\\/\\\/www.oocargoo.com\\\/dz\\\/#\\\/schema\\\/logo\\\/image\\\/\"},\"sameAs\":[\"https:\\\/\\\/www.facebook.com\\\/oocargoo\\\/\",\"https:\\\/\\\/www.instagram.com\\\/oocargoo\\\/\"]}]}<\/script>\n<!-- \/ Yoast SEO plugin. -->","yoast_head_json":{"title":"Chemisier Boh\u00e8me \u00e0 Manches Longues et Dentelle - Oocargoo","robots":{"index":"index","follow":"follow","max-snippet":"max-snippet:-1","max-image-preview":"max-image-preview:large","max-video-preview":"max-video-preview:-1"},"canonical":"https:\/\/www.oocargoo.com\/dz\/produit\/chemisier-boheme-a-manches-longues-et-dentelle-3\/","og_locale":"fr_FR","og_type":"article","og_title":"Chemisier Boh\u00e8me \u00e0 Manches Longues et Dentelle - Oocargoo","og_description":"D\u00e9tails du produit Chemisier Boh\u00e8me \u00e0 Manches Longues et DentelleBlouse \u00e9l\u00e9gante et f\u00e9minine, se distingue par ses superpositions de textures et ses d\u00e9tails d\u00e9licatsPanneau central en dentelle florale sur le devantBordures en dentelle avec franges sur les manches et les couturesFinitions en dentelle aux poignetsCol montant petit, avec une ouverture boutonn\u00e9e sur le devantBoutons d\u00e9coratifs (effet nacr\u00e9 et m\u00e9tallis\u00e9)Manches longues, l\u00e9g\u00e8rement \u00e9vas\u00e9es aux poignetsTU du 36 au 42 Correspondance TU : 36-42 Composition : Viscose (85%), Polyamide (15%) Collection : Printemps\/\u00c9t\u00e9 2026","og_url":"https:\/\/www.oocargoo.com\/dz\/produit\/chemisier-boheme-a-manches-longues-et-dentelle-3\/","og_site_name":"Oocargoo","article_publisher":"https:\/\/www.facebook.com\/oocargoo\/","og_image":[{"width":864,"height":1184,"url":"https:\/\/www.oocargoo.com\/dz\/wp-content\/uploads\/2026\/05\/chemisier-boheme-a-manches-longues-et-dentelle_blanc_69e2730e5fc19.webp","type":"image\/webp"}],"twitter_card":"summary_large_image","schema":{"@context":"https:\/\/schema.org","@graph":[{"@type":"WebPage","@id":"https:\/\/www.oocargoo.com\/dz\/produit\/chemisier-boheme-a-manches-longues-et-dentelle-3\/","url":"https:\/\/www.oocargoo.com\/dz\/produit\/chemisier-boheme-a-manches-longues-et-dentelle-3\/","name":"Chemisier Boh\u00e8me \u00e0 Manches Longues et Dentelle - Oocargoo","isPartOf":{"@id":"https:\/\/www.oocargoo.com\/dz\/#website"},"primaryImageOfPage":{"@id":"https:\/\/www.oocargoo.com\/dz\/produit\/chemisier-boheme-a-manches-longues-et-dentelle-3\/#primaryimage"},"image":{"@id":"https:\/\/www.oocargoo.com\/dz\/produit\/chemisier-boheme-a-manches-longues-et-dentelle-3\/#primaryimage"},"thumbnailUrl":"https:\/\/www.oocargoo.com\/dz\/wp-content\/uploads\/2026\/05\/chemisier-boheme-a-manches-longues-et-dentelle_blanc_69e2730e5fc19.webp","datePublished":"2026-05-08T18:23:51+00:00","breadcrumb":{"@id":"https:\/\/www.oocargoo.com\/dz\/produit\/chemisier-boheme-a-manches-longues-et-dentelle-3\/#breadcrumb"},"inLanguage":"fr-FR","potentialAction":[{"@type":"ReadAction","target":["https:\/\/www.oocargoo.com\/dz\/produit\/chemisier-boheme-a-manches-longues-et-dentelle-3\/"]}]},{"@type":"ImageObject","inLanguage":"fr-FR","@id":"https:\/\/www.oocargoo.com\/dz\/produit\/chemisier-boheme-a-manches-longues-et-dentelle-3\/#primaryimage","url":"https:\/\/www.oocargoo.com\/dz\/wp-content\/uploads\/2026\/05\/chemisier-boheme-a-manches-longues-et-dentelle_blanc_69e2730e5fc19.webp","contentUrl":"https:\/\/www.oocargoo.com\/dz\/wp-content\/uploads\/2026\/05\/chemisier-boheme-a-manches-longues-et-dentelle_blanc_69e2730e5fc19.webp","width":864,"height":1184},{"@type":"BreadcrumbList","@id":"https:\/\/www.oocargoo.com\/dz\/produit\/chemisier-boheme-a-manches-longues-et-dentelle-3\/#breadcrumb","itemListElement":[{"@type":"ListItem","position":1,"name":"Accueil","item":"https:\/\/www.oocargoo.com\/dz\/"},{"@type":"ListItem","position":2,"name":"Shop","item":"https:\/\/www.oocargoo.com\/dz\/shop\/"},{"@type":"ListItem","position":3,"name":"Chemisier Boh\u00e8me \u00e0 Manches Longues et Dentelle"}]},{"@type":"WebSite","@id":"https:\/\/www.oocargoo.com\/dz\/#website","url":"https:\/\/www.oocargoo.com\/dz\/","name":"Oocargoo","description":"Grossiste vetement en ligne algerie","publisher":{"@id":"https:\/\/www.oocargoo.com\/dz\/#organization"},"potentialAction":[{"@type":"SearchAction","target":{"@type":"EntryPoint","urlTemplate":"https:\/\/www.oocargoo.com\/dz\/?s={search_term_string}"},"query-input":{"@type":"PropertyValueSpecification","valueRequired":true,"valueName":"search_term_string"}}],"inLanguage":"fr-FR"},{"@type":"Organization","@id":"https:\/\/www.oocargoo.com\/dz\/#organization","name":"Oocargoo","url":"https:\/\/www.oocargoo.com\/dz\/","logo":{"@type":"ImageObject","inLanguage":"fr-FR","@id":"https:\/\/www.oocargoo.com\/dz\/#\/schema\/logo\/image\/","url":"https:\/\/www.oocargoo.com\/dz\/wp-content\/uploads\/2024\/07\/logo_b2b_oocargoo_com-NOIR-a.png","contentUrl":"https:\/\/www.oocargoo.com\/dz\/wp-content\/uploads\/2024\/07\/logo_b2b_oocargoo_com-NOIR-a.png","width":600,"height":146,"caption":"Oocargoo"},"image":{"@id":"https:\/\/www.oocargoo.com\/dz\/#\/schema\/logo\/image\/"},"sameAs":["https:\/\/www.facebook.com\/oocargoo\/","https:\/\/www.instagram.com\/oocargoo\/"]}]}},"_links":{"self":[{"href":"https:\/\/www.oocargoo.com\/dz\/wp-json\/wp\/v2\/product\/76742","targetHints":{"allow":["GET"]}}],"collection":[{"href":"https:\/\/www.oocargoo.com\/dz\/wp-json\/wp\/v2\/product"}],"about":[{"href":"https:\/\/www.oocargoo.com\/dz\/wp-json\/wp\/v2\/types\/product"}],"replies":[{"embeddable":true,"href":"https:\/\/www.oocargoo.com\/dz\/wp-json\/wp\/v2\/comments?post=76742"}],"version-history":[{"count":0,"href":"https:\/\/www.oocargoo.com\/dz\/wp-json\/wp\/v2\/product\/76742\/revisions"}],"wp:featuredmedia":[{"embeddable":true,"href":"https:\/\/www.oocargoo.com\/dz\/wp-json\/wp\/v2\/media\/76739"}],"wp:attachment":[{"href":"https:\/\/www.oocargoo.com\/dz\/wp-json\/wp\/v2\/media?parent=76742"}],"wp:term":[{"taxonomy":"product_cat","embeddable":true,"href":"https:\/\/www.oocargoo.com\/dz\/wp-json\/wp\/v2\/product_cat?post=76742"},{"taxonomy":"product_tag","embeddable":true,"href":"https:\/\/www.oocargoo.com\/dz\/wp-json\/wp\/v2\/product_tag?post=76742"}],"curies":[{"name":"wp","href":"https:\/\/api.w.org\/{rel}","templated":true}]}}