{"id":68896,"date":"2026-05-08T19:25:25","date_gmt":"2026-05-08T18:25:25","guid":{"rendered":"https:\/\/www.oocargoo.com\/dz\/?post_type=product&#038;p=68896"},"modified":"2026-05-08T19:25:26","modified_gmt":"2026-05-08T18:25:26","slug":"chemise-rayee-oversize-7","status":"publish","type":"product","link":"https:\/\/www.oocargoo.com\/dz\/produit\/chemise-rayee-oversize-7\/","title":{"rendered":"Chemise Ray\u00e9e Oversize"},"content":{"rendered":"<p><strong>D\u00e9tails du produit<\/strong><\/p>\n<p>Chemise Ray\u00e9e OversizeChemise oversize \u00e0 rayuresCoupe ample et fluideCol classique (col pointu)Boutonnage complet sur le devant avec des boutons assortis \u00e0 la couleur de la chemiseUne poche plaqu\u00e9e sur la poitrine gaucheManches longues avec poignets boutonn\u00e9s, pouvant \u00eatre roul\u00e9es pour un look plus d\u00e9contract\u00e9Ourlet droit ou l\u00e9g\u00e8rement asym\u00e9triqueTU du 36 au 42<\/p>\n<p><strong>Correspondance TU :<\/strong> 36-42<\/p>\n<p><strong>Composition :<\/strong> Cotton (70%), Nylon (27%), Elastane (3%)<\/p>\n<p><strong>Collection :<\/strong> Printemps\/\u00c9t\u00e9 2026<\/p>\n<p><strong>Pays de fabrication :<\/strong> Italie<\/p>\n<p><strong>R\u00e9f\u00e9rence :<\/strong> 741-4865-V19-19<\/p>\n","protected":false},"excerpt":{"rendered":"<p><strong>D\u00e9tails du produit<\/strong><\/p>\n<p>Chemise Ray\u00e9e OversizeChemise oversize \u00e0 rayuresCoupe ample et fluideCol classique (col pointu)Boutonnage complet sur le devant avec des boutons assortis \u00e0 la couleur de la chemiseUne poche plaqu\u00e9e sur la poitrine gaucheManches longues avec poignets boutonn\u00e9s, pouvant \u00eatre roul\u00e9es pour un look plus d\u00e9contract\u00e9Ourlet droit ou l\u00e9g\u00e8rement asym\u00e9triqueTU du 36 au 42<\/p>\n<p><strong>Correspondance TU :<\/strong> 36-42<\/p>\n<p><strong>Composition :<\/strong> Cotton (70%), Nylon (27%), Elastane (3%)<\/p>\n<p><strong>Collection :<\/strong> Printemps\/\u00c9t\u00e9 2026<\/p>\n","protected":false},"featured_media":68894,"comment_status":"open","ping_status":"closed","template":"","meta":{"_monsterinsights_skip_tracking":false,"_monsterinsights_sitenote_active":false,"_monsterinsights_sitenote_note":"","_monsterinsights_sitenote_category":0},"product_cat":[446,442],"product_tag":[],"class_list":{"0":"post-68896","1":"product","2":"type-product","3":"status-publish","4":"has-post-thumbnail","6":"product_brand-italie","7":"product_cat-blouses-femmes","8":"product_cat-produits-en-france","9":"product_shipping_class-france","10":"pa_couleur-blush","11":"pa_taille-tu","13":"first","14":"instock","15":"purchasable","16":"product-type-variable","17":"add-to-wishlist-before_image"},"yoast_head":"<!-- This site is optimized with the Yoast SEO plugin v27.5 - https:\/\/yoast.com\/product\/yoast-seo-wordpress\/ -->\n<title>Chemise Ray\u00e9e Oversize - Oocargoo<\/title>\n<meta name=\"robots\" content=\"index, follow, max-snippet:-1, max-image-preview:large, max-video-preview:-1\" \/>\n<link rel=\"canonical\" href=\"https:\/\/www.oocargoo.com\/dz\/produit\/chemise-rayee-oversize-7\/\" \/>\n<meta property=\"og:locale\" content=\"fr_FR\" \/>\n<meta property=\"og:type\" content=\"article\" \/>\n<meta property=\"og:title\" content=\"Chemise Ray\u00e9e Oversize - Oocargoo\" \/>\n<meta property=\"og:description\" content=\"D\u00e9tails du produit Chemise Ray\u00e9e OversizeChemise oversize \u00e0 rayuresCoupe ample et fluideCol classique (col pointu)Boutonnage complet sur le devant avec des boutons assortis \u00e0 la couleur de la chemiseUne poche plaqu\u00e9e sur la poitrine gaucheManches longues avec poignets boutonn\u00e9s, pouvant \u00eatre roul\u00e9es pour un look plus d\u00e9contract\u00e9Ourlet droit ou l\u00e9g\u00e8rement asym\u00e9triqueTU du 36 au 42 Correspondance TU : 36-42 Composition : Cotton (70%), Nylon (27%), Elastane (3%) Collection : Printemps\/\u00c9t\u00e9 2026\" \/>\n<meta property=\"og:url\" content=\"https:\/\/www.oocargoo.com\/dz\/produit\/chemise-rayee-oversize-7\/\" \/>\n<meta property=\"og:site_name\" content=\"Oocargoo\" \/>\n<meta property=\"article:publisher\" content=\"https:\/\/www.facebook.com\/oocargoo\/\" \/>\n<meta property=\"article:modified_time\" content=\"2026-05-08T18:25:26+00:00\" \/>\n<meta property=\"og:image\" content=\"https:\/\/www.oocargoo.com\/dz\/wp-content\/uploads\/2026\/05\/chemise-rayee-oversize_blush_69f5db7628372.webp\" \/>\n\t<meta property=\"og:image:width\" content=\"864\" \/>\n\t<meta property=\"og:image:height\" content=\"1184\" \/>\n\t<meta property=\"og:image:type\" content=\"image\/webp\" \/>\n<meta name=\"twitter:card\" content=\"summary_large_image\" \/>\n<script type=\"application\/ld+json\" class=\"yoast-schema-graph\">{\"@context\":\"https:\\\/\\\/schema.org\",\"@graph\":[{\"@type\":\"WebPage\",\"@id\":\"https:\\\/\\\/www.oocargoo.com\\\/dz\\\/produit\\\/chemise-rayee-oversize-7\\\/\",\"url\":\"https:\\\/\\\/www.oocargoo.com\\\/dz\\\/produit\\\/chemise-rayee-oversize-7\\\/\",\"name\":\"Chemise Ray\u00e9e Oversize - Oocargoo\",\"isPartOf\":{\"@id\":\"https:\\\/\\\/www.oocargoo.com\\\/dz\\\/#website\"},\"primaryImageOfPage\":{\"@id\":\"https:\\\/\\\/www.oocargoo.com\\\/dz\\\/produit\\\/chemise-rayee-oversize-7\\\/#primaryimage\"},\"image\":{\"@id\":\"https:\\\/\\\/www.oocargoo.com\\\/dz\\\/produit\\\/chemise-rayee-oversize-7\\\/#primaryimage\"},\"thumbnailUrl\":\"https:\\\/\\\/www.oocargoo.com\\\/dz\\\/wp-content\\\/uploads\\\/2026\\\/05\\\/chemise-rayee-oversize_blush_69f5db7628372.webp\",\"datePublished\":\"2026-05-08T18:25:25+00:00\",\"dateModified\":\"2026-05-08T18:25:26+00:00\",\"breadcrumb\":{\"@id\":\"https:\\\/\\\/www.oocargoo.com\\\/dz\\\/produit\\\/chemise-rayee-oversize-7\\\/#breadcrumb\"},\"inLanguage\":\"fr-FR\",\"potentialAction\":[{\"@type\":\"ReadAction\",\"target\":[\"https:\\\/\\\/www.oocargoo.com\\\/dz\\\/produit\\\/chemise-rayee-oversize-7\\\/\"]}]},{\"@type\":\"ImageObject\",\"inLanguage\":\"fr-FR\",\"@id\":\"https:\\\/\\\/www.oocargoo.com\\\/dz\\\/produit\\\/chemise-rayee-oversize-7\\\/#primaryimage\",\"url\":\"https:\\\/\\\/www.oocargoo.com\\\/dz\\\/wp-content\\\/uploads\\\/2026\\\/05\\\/chemise-rayee-oversize_blush_69f5db7628372.webp\",\"contentUrl\":\"https:\\\/\\\/www.oocargoo.com\\\/dz\\\/wp-content\\\/uploads\\\/2026\\\/05\\\/chemise-rayee-oversize_blush_69f5db7628372.webp\",\"width\":864,\"height\":1184},{\"@type\":\"BreadcrumbList\",\"@id\":\"https:\\\/\\\/www.oocargoo.com\\\/dz\\\/produit\\\/chemise-rayee-oversize-7\\\/#breadcrumb\",\"itemListElement\":[{\"@type\":\"ListItem\",\"position\":1,\"name\":\"Accueil\",\"item\":\"https:\\\/\\\/www.oocargoo.com\\\/dz\\\/\"},{\"@type\":\"ListItem\",\"position\":2,\"name\":\"Shop\",\"item\":\"https:\\\/\\\/www.oocargoo.com\\\/dz\\\/shop\\\/\"},{\"@type\":\"ListItem\",\"position\":3,\"name\":\"Chemise Ray\u00e9e Oversize\"}]},{\"@type\":\"WebSite\",\"@id\":\"https:\\\/\\\/www.oocargoo.com\\\/dz\\\/#website\",\"url\":\"https:\\\/\\\/www.oocargoo.com\\\/dz\\\/\",\"name\":\"Oocargoo\",\"description\":\"Grossiste vetement en ligne algerie\",\"publisher\":{\"@id\":\"https:\\\/\\\/www.oocargoo.com\\\/dz\\\/#organization\"},\"potentialAction\":[{\"@type\":\"SearchAction\",\"target\":{\"@type\":\"EntryPoint\",\"urlTemplate\":\"https:\\\/\\\/www.oocargoo.com\\\/dz\\\/?s={search_term_string}\"},\"query-input\":{\"@type\":\"PropertyValueSpecification\",\"valueRequired\":true,\"valueName\":\"search_term_string\"}}],\"inLanguage\":\"fr-FR\"},{\"@type\":\"Organization\",\"@id\":\"https:\\\/\\\/www.oocargoo.com\\\/dz\\\/#organization\",\"name\":\"Oocargoo\",\"url\":\"https:\\\/\\\/www.oocargoo.com\\\/dz\\\/\",\"logo\":{\"@type\":\"ImageObject\",\"inLanguage\":\"fr-FR\",\"@id\":\"https:\\\/\\\/www.oocargoo.com\\\/dz\\\/#\\\/schema\\\/logo\\\/image\\\/\",\"url\":\"https:\\\/\\\/www.oocargoo.com\\\/dz\\\/wp-content\\\/uploads\\\/2024\\\/07\\\/logo_b2b_oocargoo_com-NOIR-a.png\",\"contentUrl\":\"https:\\\/\\\/www.oocargoo.com\\\/dz\\\/wp-content\\\/uploads\\\/2024\\\/07\\\/logo_b2b_oocargoo_com-NOIR-a.png\",\"width\":600,\"height\":146,\"caption\":\"Oocargoo\"},\"image\":{\"@id\":\"https:\\\/\\\/www.oocargoo.com\\\/dz\\\/#\\\/schema\\\/logo\\\/image\\\/\"},\"sameAs\":[\"https:\\\/\\\/www.facebook.com\\\/oocargoo\\\/\",\"https:\\\/\\\/www.instagram.com\\\/oocargoo\\\/\"]}]}<\/script>\n<!-- \/ Yoast SEO plugin. -->","yoast_head_json":{"title":"Chemise Ray\u00e9e Oversize - Oocargoo","robots":{"index":"index","follow":"follow","max-snippet":"max-snippet:-1","max-image-preview":"max-image-preview:large","max-video-preview":"max-video-preview:-1"},"canonical":"https:\/\/www.oocargoo.com\/dz\/produit\/chemise-rayee-oversize-7\/","og_locale":"fr_FR","og_type":"article","og_title":"Chemise Ray\u00e9e Oversize - Oocargoo","og_description":"D\u00e9tails du produit Chemise Ray\u00e9e OversizeChemise oversize \u00e0 rayuresCoupe ample et fluideCol classique (col pointu)Boutonnage complet sur le devant avec des boutons assortis \u00e0 la couleur de la chemiseUne poche plaqu\u00e9e sur la poitrine gaucheManches longues avec poignets boutonn\u00e9s, pouvant \u00eatre roul\u00e9es pour un look plus d\u00e9contract\u00e9Ourlet droit ou l\u00e9g\u00e8rement asym\u00e9triqueTU du 36 au 42 Correspondance TU : 36-42 Composition : Cotton (70%), Nylon (27%), Elastane (3%) Collection : Printemps\/\u00c9t\u00e9 2026","og_url":"https:\/\/www.oocargoo.com\/dz\/produit\/chemise-rayee-oversize-7\/","og_site_name":"Oocargoo","article_publisher":"https:\/\/www.facebook.com\/oocargoo\/","article_modified_time":"2026-05-08T18:25:26+00:00","og_image":[{"width":864,"height":1184,"url":"https:\/\/www.oocargoo.com\/dz\/wp-content\/uploads\/2026\/05\/chemise-rayee-oversize_blush_69f5db7628372.webp","type":"image\/webp"}],"twitter_card":"summary_large_image","schema":{"@context":"https:\/\/schema.org","@graph":[{"@type":"WebPage","@id":"https:\/\/www.oocargoo.com\/dz\/produit\/chemise-rayee-oversize-7\/","url":"https:\/\/www.oocargoo.com\/dz\/produit\/chemise-rayee-oversize-7\/","name":"Chemise Ray\u00e9e Oversize - Oocargoo","isPartOf":{"@id":"https:\/\/www.oocargoo.com\/dz\/#website"},"primaryImageOfPage":{"@id":"https:\/\/www.oocargoo.com\/dz\/produit\/chemise-rayee-oversize-7\/#primaryimage"},"image":{"@id":"https:\/\/www.oocargoo.com\/dz\/produit\/chemise-rayee-oversize-7\/#primaryimage"},"thumbnailUrl":"https:\/\/www.oocargoo.com\/dz\/wp-content\/uploads\/2026\/05\/chemise-rayee-oversize_blush_69f5db7628372.webp","datePublished":"2026-05-08T18:25:25+00:00","dateModified":"2026-05-08T18:25:26+00:00","breadcrumb":{"@id":"https:\/\/www.oocargoo.com\/dz\/produit\/chemise-rayee-oversize-7\/#breadcrumb"},"inLanguage":"fr-FR","potentialAction":[{"@type":"ReadAction","target":["https:\/\/www.oocargoo.com\/dz\/produit\/chemise-rayee-oversize-7\/"]}]},{"@type":"ImageObject","inLanguage":"fr-FR","@id":"https:\/\/www.oocargoo.com\/dz\/produit\/chemise-rayee-oversize-7\/#primaryimage","url":"https:\/\/www.oocargoo.com\/dz\/wp-content\/uploads\/2026\/05\/chemise-rayee-oversize_blush_69f5db7628372.webp","contentUrl":"https:\/\/www.oocargoo.com\/dz\/wp-content\/uploads\/2026\/05\/chemise-rayee-oversize_blush_69f5db7628372.webp","width":864,"height":1184},{"@type":"BreadcrumbList","@id":"https:\/\/www.oocargoo.com\/dz\/produit\/chemise-rayee-oversize-7\/#breadcrumb","itemListElement":[{"@type":"ListItem","position":1,"name":"Accueil","item":"https:\/\/www.oocargoo.com\/dz\/"},{"@type":"ListItem","position":2,"name":"Shop","item":"https:\/\/www.oocargoo.com\/dz\/shop\/"},{"@type":"ListItem","position":3,"name":"Chemise Ray\u00e9e Oversize"}]},{"@type":"WebSite","@id":"https:\/\/www.oocargoo.com\/dz\/#website","url":"https:\/\/www.oocargoo.com\/dz\/","name":"Oocargoo","description":"Grossiste vetement en ligne algerie","publisher":{"@id":"https:\/\/www.oocargoo.com\/dz\/#organization"},"potentialAction":[{"@type":"SearchAction","target":{"@type":"EntryPoint","urlTemplate":"https:\/\/www.oocargoo.com\/dz\/?s={search_term_string}"},"query-input":{"@type":"PropertyValueSpecification","valueRequired":true,"valueName":"search_term_string"}}],"inLanguage":"fr-FR"},{"@type":"Organization","@id":"https:\/\/www.oocargoo.com\/dz\/#organization","name":"Oocargoo","url":"https:\/\/www.oocargoo.com\/dz\/","logo":{"@type":"ImageObject","inLanguage":"fr-FR","@id":"https:\/\/www.oocargoo.com\/dz\/#\/schema\/logo\/image\/","url":"https:\/\/www.oocargoo.com\/dz\/wp-content\/uploads\/2024\/07\/logo_b2b_oocargoo_com-NOIR-a.png","contentUrl":"https:\/\/www.oocargoo.com\/dz\/wp-content\/uploads\/2024\/07\/logo_b2b_oocargoo_com-NOIR-a.png","width":600,"height":146,"caption":"Oocargoo"},"image":{"@id":"https:\/\/www.oocargoo.com\/dz\/#\/schema\/logo\/image\/"},"sameAs":["https:\/\/www.facebook.com\/oocargoo\/","https:\/\/www.instagram.com\/oocargoo\/"]}]}},"_links":{"self":[{"href":"https:\/\/www.oocargoo.com\/dz\/wp-json\/wp\/v2\/product\/68896","targetHints":{"allow":["GET"]}}],"collection":[{"href":"https:\/\/www.oocargoo.com\/dz\/wp-json\/wp\/v2\/product"}],"about":[{"href":"https:\/\/www.oocargoo.com\/dz\/wp-json\/wp\/v2\/types\/product"}],"replies":[{"embeddable":true,"href":"https:\/\/www.oocargoo.com\/dz\/wp-json\/wp\/v2\/comments?post=68896"}],"version-history":[{"count":0,"href":"https:\/\/www.oocargoo.com\/dz\/wp-json\/wp\/v2\/product\/68896\/revisions"}],"wp:featuredmedia":[{"embeddable":true,"href":"https:\/\/www.oocargoo.com\/dz\/wp-json\/wp\/v2\/media\/68894"}],"wp:attachment":[{"href":"https:\/\/www.oocargoo.com\/dz\/wp-json\/wp\/v2\/media?parent=68896"}],"wp:term":[{"taxonomy":"product_cat","embeddable":true,"href":"https:\/\/www.oocargoo.com\/dz\/wp-json\/wp\/v2\/product_cat?post=68896"},{"taxonomy":"product_tag","embeddable":true,"href":"https:\/\/www.oocargoo.com\/dz\/wp-json\/wp\/v2\/product_tag?post=68896"}],"curies":[{"name":"wp","href":"https:\/\/api.w.org\/{rel}","templated":true}]}}