{"id":65800,"date":"2026-05-08T15:07:54","date_gmt":"2026-05-08T14:07:54","guid":{"rendered":"https:\/\/www.oocargoo.com\/dz\/?post_type=product&#038;p=65800"},"modified":"2026-05-08T15:07:54","modified_gmt":"2026-05-08T14:07:54","slug":"chemise-decontractee-2","status":"publish","type":"product","link":"https:\/\/www.oocargoo.com\/dz\/produit\/chemise-decontractee-2\/","title":{"rendered":"Chemise d\u00e9contract\u00e9e"},"content":{"rendered":"<p><strong>D\u00e9tails du produit<\/strong><\/p>\n<p>Coupe ample, id\u00e9ale pour un look casual chic. Longueur devant: 70cm. Longeur dos: 80cm. TU, convient aux 36 \u00e0 42<\/p>\n<p><strong>Correspondance TU :<\/strong> 36-42<\/p>\n<p><strong>Composition :<\/strong> Coton (100%)<\/p>\n<p><strong>Collection :<\/strong> Printemps\/\u00c9t\u00e9 2026<\/p>\n<p><strong>Pays de fabrication :<\/strong> Chine<\/p>\n<p><strong>R\u00e9f\u00e9rence :<\/strong> 715-20231-2<\/p>\n","protected":false},"excerpt":{"rendered":"<p><strong>D\u00e9tails du produit<\/strong><\/p>\n<p>Coupe ample, id\u00e9ale pour un look casual chic. Longueur devant: 70cm. Longeur dos: 80cm. TU, convient aux 36 \u00e0 42<\/p>\n<p><strong>Correspondance TU :<\/strong> 36-42<\/p>\n<p><strong>Composition :<\/strong> Coton (100%)<\/p>\n<p><strong>Collection :<\/strong> Printemps\/\u00c9t\u00e9 2026<\/p>\n","protected":false},"featured_media":65779,"comment_status":"open","ping_status":"closed","template":"","meta":{"_acf_changed":false,"_monsterinsights_skip_tracking":false,"_monsterinsights_sitenote_active":false,"_monsterinsights_sitenote_note":"","_monsterinsights_sitenote_category":0},"product_cat":[449,442],"product_tag":[],"class_list":{"0":"post-65800","1":"product","2":"type-product","3":"status-publish","4":"has-post-thumbnail","6":"product_brand-chine","7":"product_cat-chemises-femmes","8":"product_cat-produits-en-france","9":"product_shipping_class-france","10":"pa_couleur-bleu-ciel","11":"pa_couleur-blush","12":"pa_couleur-jaune-clair","13":"pa_taille-tu","15":"first","16":"instock","17":"purchasable","18":"product-type-variable","19":"add-to-wishlist-before_image"},"acf":[],"yoast_head":"<!-- This site is optimized with the Yoast SEO plugin v27.5 - https:\/\/yoast.com\/product\/yoast-seo-wordpress\/ -->\n<title>Chemise d\u00e9contract\u00e9e - Oocargoo<\/title>\n<meta name=\"robots\" content=\"index, follow, max-snippet:-1, max-image-preview:large, max-video-preview:-1\" \/>\n<link rel=\"canonical\" href=\"https:\/\/www.oocargoo.com\/dz\/produit\/chemise-decontractee-2\/\" \/>\n<meta property=\"og:locale\" content=\"fr_FR\" \/>\n<meta property=\"og:type\" content=\"article\" \/>\n<meta property=\"og:title\" content=\"Chemise d\u00e9contract\u00e9e - Oocargoo\" \/>\n<meta property=\"og:description\" content=\"D\u00e9tails du produit Coupe ample, id\u00e9ale pour un look casual chic. Longueur devant: 70cm. Longeur dos: 80cm. TU, convient aux 36 \u00e0 42 Correspondance TU : 36-42 Composition : Coton (100%) Collection : Printemps\/\u00c9t\u00e9 2026\" \/>\n<meta property=\"og:url\" content=\"https:\/\/www.oocargoo.com\/dz\/produit\/chemise-decontractee-2\/\" \/>\n<meta property=\"og:site_name\" content=\"Oocargoo\" \/>\n<meta property=\"article:publisher\" content=\"https:\/\/www.facebook.com\/oocargoo\/\" \/>\n<meta property=\"og:image\" content=\"https:\/\/www.oocargoo.com\/dz\/wp-content\/uploads\/2026\/05\/chemise-decontractee_jaune-clair_69abda0b17e17.webp\" \/>\n\t<meta property=\"og:image:width\" content=\"864\" \/>\n\t<meta property=\"og:image:height\" content=\"1184\" \/>\n\t<meta property=\"og:image:type\" content=\"image\/webp\" \/>\n<meta name=\"twitter:card\" content=\"summary_large_image\" \/>\n<script type=\"application\/ld+json\" class=\"yoast-schema-graph\">{\"@context\":\"https:\\\/\\\/schema.org\",\"@graph\":[{\"@type\":\"WebPage\",\"@id\":\"https:\\\/\\\/www.oocargoo.com\\\/dz\\\/produit\\\/chemise-decontractee-2\\\/\",\"url\":\"https:\\\/\\\/www.oocargoo.com\\\/dz\\\/produit\\\/chemise-decontractee-2\\\/\",\"name\":\"Chemise d\u00e9contract\u00e9e - Oocargoo\",\"isPartOf\":{\"@id\":\"https:\\\/\\\/www.oocargoo.com\\\/dz\\\/#website\"},\"primaryImageOfPage\":{\"@id\":\"https:\\\/\\\/www.oocargoo.com\\\/dz\\\/produit\\\/chemise-decontractee-2\\\/#primaryimage\"},\"image\":{\"@id\":\"https:\\\/\\\/www.oocargoo.com\\\/dz\\\/produit\\\/chemise-decontractee-2\\\/#primaryimage\"},\"thumbnailUrl\":\"https:\\\/\\\/www.oocargoo.com\\\/dz\\\/wp-content\\\/uploads\\\/2026\\\/05\\\/chemise-decontractee_jaune-clair_69abda0b17e17.webp\",\"datePublished\":\"2026-05-08T14:07:54+00:00\",\"breadcrumb\":{\"@id\":\"https:\\\/\\\/www.oocargoo.com\\\/dz\\\/produit\\\/chemise-decontractee-2\\\/#breadcrumb\"},\"inLanguage\":\"fr-FR\",\"potentialAction\":[{\"@type\":\"ReadAction\",\"target\":[\"https:\\\/\\\/www.oocargoo.com\\\/dz\\\/produit\\\/chemise-decontractee-2\\\/\"]}]},{\"@type\":\"ImageObject\",\"inLanguage\":\"fr-FR\",\"@id\":\"https:\\\/\\\/www.oocargoo.com\\\/dz\\\/produit\\\/chemise-decontractee-2\\\/#primaryimage\",\"url\":\"https:\\\/\\\/www.oocargoo.com\\\/dz\\\/wp-content\\\/uploads\\\/2026\\\/05\\\/chemise-decontractee_jaune-clair_69abda0b17e17.webp\",\"contentUrl\":\"https:\\\/\\\/www.oocargoo.com\\\/dz\\\/wp-content\\\/uploads\\\/2026\\\/05\\\/chemise-decontractee_jaune-clair_69abda0b17e17.webp\",\"width\":864,\"height\":1184},{\"@type\":\"BreadcrumbList\",\"@id\":\"https:\\\/\\\/www.oocargoo.com\\\/dz\\\/produit\\\/chemise-decontractee-2\\\/#breadcrumb\",\"itemListElement\":[{\"@type\":\"ListItem\",\"position\":1,\"name\":\"Accueil\",\"item\":\"https:\\\/\\\/www.oocargoo.com\\\/dz\\\/\"},{\"@type\":\"ListItem\",\"position\":2,\"name\":\"Shop\",\"item\":\"https:\\\/\\\/www.oocargoo.com\\\/dz\\\/shop\\\/\"},{\"@type\":\"ListItem\",\"position\":3,\"name\":\"Chemise d\u00e9contract\u00e9e\"}]},{\"@type\":\"WebSite\",\"@id\":\"https:\\\/\\\/www.oocargoo.com\\\/dz\\\/#website\",\"url\":\"https:\\\/\\\/www.oocargoo.com\\\/dz\\\/\",\"name\":\"Oocargoo\",\"description\":\"Grossiste vetement en ligne algerie\",\"publisher\":{\"@id\":\"https:\\\/\\\/www.oocargoo.com\\\/dz\\\/#organization\"},\"potentialAction\":[{\"@type\":\"SearchAction\",\"target\":{\"@type\":\"EntryPoint\",\"urlTemplate\":\"https:\\\/\\\/www.oocargoo.com\\\/dz\\\/?s={search_term_string}\"},\"query-input\":{\"@type\":\"PropertyValueSpecification\",\"valueRequired\":true,\"valueName\":\"search_term_string\"}}],\"inLanguage\":\"fr-FR\"},{\"@type\":\"Organization\",\"@id\":\"https:\\\/\\\/www.oocargoo.com\\\/dz\\\/#organization\",\"name\":\"Oocargoo\",\"url\":\"https:\\\/\\\/www.oocargoo.com\\\/dz\\\/\",\"logo\":{\"@type\":\"ImageObject\",\"inLanguage\":\"fr-FR\",\"@id\":\"https:\\\/\\\/www.oocargoo.com\\\/dz\\\/#\\\/schema\\\/logo\\\/image\\\/\",\"url\":\"https:\\\/\\\/www.oocargoo.com\\\/dz\\\/wp-content\\\/uploads\\\/2024\\\/07\\\/logo_b2b_oocargoo_com-NOIR-a.png\",\"contentUrl\":\"https:\\\/\\\/www.oocargoo.com\\\/dz\\\/wp-content\\\/uploads\\\/2024\\\/07\\\/logo_b2b_oocargoo_com-NOIR-a.png\",\"width\":600,\"height\":146,\"caption\":\"Oocargoo\"},\"image\":{\"@id\":\"https:\\\/\\\/www.oocargoo.com\\\/dz\\\/#\\\/schema\\\/logo\\\/image\\\/\"},\"sameAs\":[\"https:\\\/\\\/www.facebook.com\\\/oocargoo\\\/\",\"https:\\\/\\\/www.instagram.com\\\/oocargoo\\\/\"]}]}<\/script>\n<!-- \/ Yoast SEO plugin. -->","yoast_head_json":{"title":"Chemise d\u00e9contract\u00e9e - Oocargoo","robots":{"index":"index","follow":"follow","max-snippet":"max-snippet:-1","max-image-preview":"max-image-preview:large","max-video-preview":"max-video-preview:-1"},"canonical":"https:\/\/www.oocargoo.com\/dz\/produit\/chemise-decontractee-2\/","og_locale":"fr_FR","og_type":"article","og_title":"Chemise d\u00e9contract\u00e9e - Oocargoo","og_description":"D\u00e9tails du produit Coupe ample, id\u00e9ale pour un look casual chic. Longueur devant: 70cm. Longeur dos: 80cm. TU, convient aux 36 \u00e0 42 Correspondance TU : 36-42 Composition : Coton (100%) Collection : Printemps\/\u00c9t\u00e9 2026","og_url":"https:\/\/www.oocargoo.com\/dz\/produit\/chemise-decontractee-2\/","og_site_name":"Oocargoo","article_publisher":"https:\/\/www.facebook.com\/oocargoo\/","og_image":[{"width":864,"height":1184,"url":"https:\/\/www.oocargoo.com\/dz\/wp-content\/uploads\/2026\/05\/chemise-decontractee_jaune-clair_69abda0b17e17.webp","type":"image\/webp"}],"twitter_card":"summary_large_image","schema":{"@context":"https:\/\/schema.org","@graph":[{"@type":"WebPage","@id":"https:\/\/www.oocargoo.com\/dz\/produit\/chemise-decontractee-2\/","url":"https:\/\/www.oocargoo.com\/dz\/produit\/chemise-decontractee-2\/","name":"Chemise d\u00e9contract\u00e9e - Oocargoo","isPartOf":{"@id":"https:\/\/www.oocargoo.com\/dz\/#website"},"primaryImageOfPage":{"@id":"https:\/\/www.oocargoo.com\/dz\/produit\/chemise-decontractee-2\/#primaryimage"},"image":{"@id":"https:\/\/www.oocargoo.com\/dz\/produit\/chemise-decontractee-2\/#primaryimage"},"thumbnailUrl":"https:\/\/www.oocargoo.com\/dz\/wp-content\/uploads\/2026\/05\/chemise-decontractee_jaune-clair_69abda0b17e17.webp","datePublished":"2026-05-08T14:07:54+00:00","breadcrumb":{"@id":"https:\/\/www.oocargoo.com\/dz\/produit\/chemise-decontractee-2\/#breadcrumb"},"inLanguage":"fr-FR","potentialAction":[{"@type":"ReadAction","target":["https:\/\/www.oocargoo.com\/dz\/produit\/chemise-decontractee-2\/"]}]},{"@type":"ImageObject","inLanguage":"fr-FR","@id":"https:\/\/www.oocargoo.com\/dz\/produit\/chemise-decontractee-2\/#primaryimage","url":"https:\/\/www.oocargoo.com\/dz\/wp-content\/uploads\/2026\/05\/chemise-decontractee_jaune-clair_69abda0b17e17.webp","contentUrl":"https:\/\/www.oocargoo.com\/dz\/wp-content\/uploads\/2026\/05\/chemise-decontractee_jaune-clair_69abda0b17e17.webp","width":864,"height":1184},{"@type":"BreadcrumbList","@id":"https:\/\/www.oocargoo.com\/dz\/produit\/chemise-decontractee-2\/#breadcrumb","itemListElement":[{"@type":"ListItem","position":1,"name":"Accueil","item":"https:\/\/www.oocargoo.com\/dz\/"},{"@type":"ListItem","position":2,"name":"Shop","item":"https:\/\/www.oocargoo.com\/dz\/shop\/"},{"@type":"ListItem","position":3,"name":"Chemise d\u00e9contract\u00e9e"}]},{"@type":"WebSite","@id":"https:\/\/www.oocargoo.com\/dz\/#website","url":"https:\/\/www.oocargoo.com\/dz\/","name":"Oocargoo","description":"Grossiste vetement en ligne algerie","publisher":{"@id":"https:\/\/www.oocargoo.com\/dz\/#organization"},"potentialAction":[{"@type":"SearchAction","target":{"@type":"EntryPoint","urlTemplate":"https:\/\/www.oocargoo.com\/dz\/?s={search_term_string}"},"query-input":{"@type":"PropertyValueSpecification","valueRequired":true,"valueName":"search_term_string"}}],"inLanguage":"fr-FR"},{"@type":"Organization","@id":"https:\/\/www.oocargoo.com\/dz\/#organization","name":"Oocargoo","url":"https:\/\/www.oocargoo.com\/dz\/","logo":{"@type":"ImageObject","inLanguage":"fr-FR","@id":"https:\/\/www.oocargoo.com\/dz\/#\/schema\/logo\/image\/","url":"https:\/\/www.oocargoo.com\/dz\/wp-content\/uploads\/2024\/07\/logo_b2b_oocargoo_com-NOIR-a.png","contentUrl":"https:\/\/www.oocargoo.com\/dz\/wp-content\/uploads\/2024\/07\/logo_b2b_oocargoo_com-NOIR-a.png","width":600,"height":146,"caption":"Oocargoo"},"image":{"@id":"https:\/\/www.oocargoo.com\/dz\/#\/schema\/logo\/image\/"},"sameAs":["https:\/\/www.facebook.com\/oocargoo\/","https:\/\/www.instagram.com\/oocargoo\/"]}]}},"_links":{"self":[{"href":"https:\/\/www.oocargoo.com\/dz\/wp-json\/wp\/v2\/product\/65800","targetHints":{"allow":["GET"]}}],"collection":[{"href":"https:\/\/www.oocargoo.com\/dz\/wp-json\/wp\/v2\/product"}],"about":[{"href":"https:\/\/www.oocargoo.com\/dz\/wp-json\/wp\/v2\/types\/product"}],"replies":[{"embeddable":true,"href":"https:\/\/www.oocargoo.com\/dz\/wp-json\/wp\/v2\/comments?post=65800"}],"version-history":[{"count":1,"href":"https:\/\/www.oocargoo.com\/dz\/wp-json\/wp\/v2\/product\/65800\/revisions"}],"predecessor-version":[{"id":66366,"href":"https:\/\/www.oocargoo.com\/dz\/wp-json\/wp\/v2\/product\/65800\/revisions\/66366"}],"wp:featuredmedia":[{"embeddable":true,"href":"https:\/\/www.oocargoo.com\/dz\/wp-json\/wp\/v2\/media\/65779"}],"wp:attachment":[{"href":"https:\/\/www.oocargoo.com\/dz\/wp-json\/wp\/v2\/media?parent=65800"}],"wp:term":[{"taxonomy":"product_cat","embeddable":true,"href":"https:\/\/www.oocargoo.com\/dz\/wp-json\/wp\/v2\/product_cat?post=65800"},{"taxonomy":"product_tag","embeddable":true,"href":"https:\/\/www.oocargoo.com\/dz\/wp-json\/wp\/v2\/product_tag?post=65800"}],"curies":[{"name":"wp","href":"https:\/\/api.w.org\/{rel}","templated":true}]}}