{"id":3912,"date":"2016-04-03T18:17:17","date_gmt":"2016-04-03T18:17:17","guid":{"rendered":"http:\/\/janstudio.net\/gecko\/?page_id=3912"},"modified":"2024-07-15T16:11:09","modified_gmt":"2024-07-15T15:11:09","slug":"privacy-policy","status":"publish","type":"page","link":"https:\/\/www.oocargoo.com\/dz\/privacy-policy\/","title":{"rendered":"Politique de confidentialit\u00e9"},"content":{"rendered":"\t\t<div data-elementor-type=\"wp-page\" data-elementor-id=\"3912\" class=\"elementor elementor-3912\">\n\t\t\t\t\t\t<section class=\"elementor-section elementor-top-section elementor-element elementor-element-13fa789 elementor-section-boxed elementor-section-height-default elementor-section-height-default\" data-id=\"13fa789\" data-element_type=\"section\" data-e-type=\"section\">\n\t\t\t\t\t\t<div class=\"elementor-container elementor-column-gap-default\">\n\t\t\t\t\t<div class=\"elementor-column elementor-col-16 elementor-top-column elementor-element elementor-element-da19e1e\" data-id=\"da19e1e\" data-element_type=\"column\" data-e-type=\"column\">\n\t\t\t<div class=\"elementor-widget-wrap\">\n\t\t\t\t\t\t\t<\/div>\n\t\t<\/div>\n\t\t\t\t<div class=\"elementor-column elementor-col-66 elementor-top-column elementor-element elementor-element-d5edcc0\" data-id=\"d5edcc0\" data-element_type=\"column\" data-e-type=\"column\">\n\t\t\t<div class=\"elementor-widget-wrap elementor-element-populated\">\n\t\t\t\t\t\t<div class=\"elementor-element elementor-element-2a88eb5 elementor-widget elementor-widget-heading\" data-id=\"2a88eb5\" data-element_type=\"widget\" data-e-type=\"widget\" data-widget_type=\"heading.default\">\n\t\t\t\t<div class=\"elementor-widget-container\">\n\t\t\t\t\t<h4 class=\"elementor-heading-title elementor-size-default\">La politique de la soci\u00e9t\u00e9 \u00e0 responsabilit\u00e9 limit\u00e9e\n<\/h4>\t\t\t\t<\/div>\n\t\t\t\t<\/div>\n\t\t\t\t<div class=\"elementor-element elementor-element-857484f elementor-widget elementor-widget-text-editor\" data-id=\"857484f\" data-element_type=\"widget\" data-e-type=\"widget\" data-widget_type=\"text-editor.default\">\n\t\t\t\t<div class=\"elementor-widget-container\">\n\t\t\t\t\t\t\t\t\t<p>Cette Soci\u00e9t\u00e9 et chacune de leurs filiales, soci\u00e9t\u00e9s m\u00e8res et soci\u00e9t\u00e9s affili\u00e9es respectives sont r\u00e9put\u00e9es exploiter ce site Web (\u00ab nous \u00bb ou \u00ab notre \u00bb) reconna\u00eet que vous vous souciez de la mani\u00e8re dont les informations vous concernant sont utilis\u00e9es et partag\u00e9es. Nous avons cr\u00e9\u00e9 cette politique de confidentialit\u00e9 pour vous informer des informations que nous collectons sur le site Web, de la mani\u00e8re dont nous utilisons vos informations et des choix dont vous disposez quant \u00e0 la mani\u00e8re dont vos informations sont collect\u00e9es et utilis\u00e9es. Veuillez lire attentivement cette politique de confidentialit\u00e9. Votre utilisation du site Web indique que vous avez lu et accept\u00e9 nos pratiques de confidentialit\u00e9, telles que d\u00e9crites dans la pr\u00e9sente politique de confidentialit\u00e9.<\/p><p>Veuillez noter que les pratiques d\u00e9crites dans la pr\u00e9sente Politique de confidentialit\u00e9 s&rsquo;appliquent aux informations recueillies par nous ou nos filiales, soci\u00e9t\u00e9s affili\u00e9es ou agents\u00a0: (i) via ce site Web, (ii) le cas \u00e9ch\u00e9ant, via notre service client en relation avec ce site Web, ( iii) gr\u00e2ce aux informations qui nous sont fournies dans nos boutiques , et (iv) gr\u00e2ce aux informations qui nous sont fournies dans le cadre de promotions marketing et de tirages au sort.<\/p><p>Nous ne sommes pas responsables du contenu ou des pratiques de confidentialit\u00e9 des sites Web.<\/p><p>Nous nous r\u00e9servons le droit, \u00e0 notre seule discr\u00e9tion, de modifier, mettre \u00e0 jour, ajouter, interrompre, supprimer ou autrement modifier toute partie de cette politique de confidentialit\u00e9, en totalit\u00e9 ou en partie, \u00e0 tout moment. Lorsque nous modifierons cette politique de confidentialit\u00e9, nous r\u00e9viserons la date de \u00ab derni\u00e8re mise \u00e0 jour \u00bb situ\u00e9e en haut de cette politique de confidentialit\u00e9.<\/p><p>Si vous nous fournissez des informations ou acc\u00e9dez ou utilisez le site Web de quelque mani\u00e8re que ce soit apr\u00e8s la modification de la pr\u00e9sente politique de confidentialit\u00e9, vous serez consid\u00e9r\u00e9 comme ayant consenti et accept\u00e9 sans condition ces modifications. La version la plus r\u00e9cente de cette politique de confidentialit\u00e9 sera disponible sur le site Web et remplacera toutes les versions pr\u00e9c\u00e9dentes de cette politique de confidentialit\u00e9.<\/p><p>Si vous avez des questions concernant cette politique de confidentialit\u00e9, vous devez contacter notre service client par e-mail \u00e0\u00a0 Contact@oocargoo.com<\/p>\t\t\t\t\t\t\t\t<\/div>\n\t\t\t\t<\/div>\n\t\t\t\t\t<\/div>\n\t\t<\/div>\n\t\t\t\t<div class=\"elementor-column elementor-col-16 elementor-top-column elementor-element elementor-element-ddc3656\" data-id=\"ddc3656\" data-element_type=\"column\" data-e-type=\"column\">\n\t\t\t<div class=\"elementor-widget-wrap\">\n\t\t\t\t\t\t\t<\/div>\n\t\t<\/div>\n\t\t\t\t\t<\/div>\n\t\t<\/section>\n\t\t\t\t<\/div>\n\t\t","protected":false},"excerpt":{"rendered":"<p>La politique de la soci\u00e9t\u00e9 \u00e0 responsabilit\u00e9 limit\u00e9e Cette Soci\u00e9t\u00e9 et chacune de leurs filiales, soci\u00e9t\u00e9s m\u00e8res et soci\u00e9t\u00e9s affili\u00e9es respectives sont r\u00e9put\u00e9es exploiter ce site Web (\u00ab nous \u00bb ou \u00ab notre \u00bb) reconna\u00eet que vous vous souciez de la mani\u00e8re dont les informations vous concernant sont utilis\u00e9es et partag\u00e9es. Nous avons cr\u00e9\u00e9 cette [&hellip;]<\/p>\n","protected":false},"author":1,"featured_media":4986,"parent":0,"menu_order":0,"comment_status":"closed","ping_status":"closed","template":"","meta":{"_acf_changed":false,"_monsterinsights_skip_tracking":false,"_monsterinsights_sitenote_active":false,"_monsterinsights_sitenote_note":"","_monsterinsights_sitenote_category":0,"footnotes":""},"class_list":["post-3912","page","type-page","status-publish","has-post-thumbnail","hentry"],"acf":[],"yoast_head":"<!-- This site is optimized with the Yoast SEO plugin v27.5 - https:\/\/yoast.com\/product\/yoast-seo-wordpress\/ -->\n<title>Politique de confidentialit\u00e9 - Oocargoo<\/title>\n<meta name=\"robots\" content=\"index, follow, max-snippet:-1, max-image-preview:large, max-video-preview:-1\" \/>\n<link rel=\"canonical\" href=\"https:\/\/www.oocargoo.com\/dz\/privacy-policy\/\" \/>\n<meta property=\"og:locale\" content=\"fr_FR\" \/>\n<meta property=\"og:type\" content=\"article\" \/>\n<meta property=\"og:title\" content=\"Politique de confidentialit\u00e9 - Oocargoo\" \/>\n<meta property=\"og:description\" content=\"La politique de la soci\u00e9t\u00e9 \u00e0 responsabilit\u00e9 limit\u00e9e Cette Soci\u00e9t\u00e9 et chacune de leurs filiales, soci\u00e9t\u00e9s m\u00e8res et soci\u00e9t\u00e9s affili\u00e9es respectives sont r\u00e9put\u00e9es exploiter ce site Web (\u00ab nous \u00bb ou \u00ab notre \u00bb) reconna\u00eet que vous vous souciez de la mani\u00e8re dont les informations vous concernant sont utilis\u00e9es et partag\u00e9es. Nous avons cr\u00e9\u00e9 cette [&hellip;]\" \/>\n<meta property=\"og:url\" content=\"https:\/\/www.oocargoo.com\/dz\/privacy-policy\/\" \/>\n<meta property=\"og:site_name\" content=\"Oocargoo\" \/>\n<meta property=\"article:publisher\" content=\"https:\/\/www.facebook.com\/oocargoo\/\" \/>\n<meta property=\"article:modified_time\" content=\"2024-07-15T15:11:09+00:00\" \/>\n<meta property=\"og:image\" content=\"https:\/\/www.oocargoo.com\/dz\/wp-content\/uploads\/2024\/07\/img-63.png\" \/>\n\t<meta property=\"og:image:width\" content=\"370\" \/>\n\t<meta property=\"og:image:height\" content=\"493\" \/>\n\t<meta property=\"og:image:type\" content=\"image\/jpeg\" \/>\n<meta name=\"twitter:card\" content=\"summary_large_image\" \/>\n<meta name=\"twitter:label1\" content=\"Dur\u00e9e de lecture estim\u00e9e\" \/>\n\t<meta name=\"twitter:data1\" content=\"2 minutes\" \/>\n<script type=\"application\/ld+json\" class=\"yoast-schema-graph\">{\"@context\":\"https:\\\/\\\/schema.org\",\"@graph\":[{\"@type\":\"WebPage\",\"@id\":\"https:\\\/\\\/www.oocargoo.com\\\/dz\\\/privacy-policy\\\/\",\"url\":\"https:\\\/\\\/www.oocargoo.com\\\/dz\\\/privacy-policy\\\/\",\"name\":\"Politique de confidentialit\u00e9 - Oocargoo\",\"isPartOf\":{\"@id\":\"https:\\\/\\\/www.oocargoo.com\\\/dz\\\/#website\"},\"primaryImageOfPage\":{\"@id\":\"https:\\\/\\\/www.oocargoo.com\\\/dz\\\/privacy-policy\\\/#primaryimage\"},\"image\":{\"@id\":\"https:\\\/\\\/www.oocargoo.com\\\/dz\\\/privacy-policy\\\/#primaryimage\"},\"thumbnailUrl\":\"https:\\\/\\\/www.oocargoo.com\\\/dz\\\/wp-content\\\/uploads\\\/2024\\\/07\\\/img-63.png\",\"datePublished\":\"2016-04-03T18:17:17+00:00\",\"dateModified\":\"2024-07-15T15:11:09+00:00\",\"breadcrumb\":{\"@id\":\"https:\\\/\\\/www.oocargoo.com\\\/dz\\\/privacy-policy\\\/#breadcrumb\"},\"inLanguage\":\"fr-FR\",\"potentialAction\":[{\"@type\":\"ReadAction\",\"target\":[\"https:\\\/\\\/www.oocargoo.com\\\/dz\\\/privacy-policy\\\/\"]}]},{\"@type\":\"ImageObject\",\"inLanguage\":\"fr-FR\",\"@id\":\"https:\\\/\\\/www.oocargoo.com\\\/dz\\\/privacy-policy\\\/#primaryimage\",\"url\":\"https:\\\/\\\/www.oocargoo.com\\\/dz\\\/wp-content\\\/uploads\\\/2024\\\/07\\\/img-63.png\",\"contentUrl\":\"https:\\\/\\\/www.oocargoo.com\\\/dz\\\/wp-content\\\/uploads\\\/2024\\\/07\\\/img-63.png\",\"width\":370,\"height\":493},{\"@type\":\"BreadcrumbList\",\"@id\":\"https:\\\/\\\/www.oocargoo.com\\\/dz\\\/privacy-policy\\\/#breadcrumb\",\"itemListElement\":[{\"@type\":\"ListItem\",\"position\":1,\"name\":\"Accueil\",\"item\":\"https:\\\/\\\/www.oocargoo.com\\\/dz\\\/\"},{\"@type\":\"ListItem\",\"position\":2,\"name\":\"Politique de confidentialit\u00e9\"}]},{\"@type\":\"WebSite\",\"@id\":\"https:\\\/\\\/www.oocargoo.com\\\/dz\\\/#website\",\"url\":\"https:\\\/\\\/www.oocargoo.com\\\/dz\\\/\",\"name\":\"Oocargoo\",\"description\":\"Grossiste vetement en ligne algerie\",\"publisher\":{\"@id\":\"https:\\\/\\\/www.oocargoo.com\\\/dz\\\/#organization\"},\"potentialAction\":[{\"@type\":\"SearchAction\",\"target\":{\"@type\":\"EntryPoint\",\"urlTemplate\":\"https:\\\/\\\/www.oocargoo.com\\\/dz\\\/?s={search_term_string}\"},\"query-input\":{\"@type\":\"PropertyValueSpecification\",\"valueRequired\":true,\"valueName\":\"search_term_string\"}}],\"inLanguage\":\"fr-FR\"},{\"@type\":\"Organization\",\"@id\":\"https:\\\/\\\/www.oocargoo.com\\\/dz\\\/#organization\",\"name\":\"Oocargoo\",\"url\":\"https:\\\/\\\/www.oocargoo.com\\\/dz\\\/\",\"logo\":{\"@type\":\"ImageObject\",\"inLanguage\":\"fr-FR\",\"@id\":\"https:\\\/\\\/www.oocargoo.com\\\/dz\\\/#\\\/schema\\\/logo\\\/image\\\/\",\"url\":\"https:\\\/\\\/www.oocargoo.com\\\/dz\\\/wp-content\\\/uploads\\\/2024\\\/07\\\/logo_b2b_oocargoo_com-NOIR-a.png\",\"contentUrl\":\"https:\\\/\\\/www.oocargoo.com\\\/dz\\\/wp-content\\\/uploads\\\/2024\\\/07\\\/logo_b2b_oocargoo_com-NOIR-a.png\",\"width\":600,\"height\":146,\"caption\":\"Oocargoo\"},\"image\":{\"@id\":\"https:\\\/\\\/www.oocargoo.com\\\/dz\\\/#\\\/schema\\\/logo\\\/image\\\/\"},\"sameAs\":[\"https:\\\/\\\/www.facebook.com\\\/oocargoo\\\/\",\"https:\\\/\\\/www.instagram.com\\\/oocargoo\\\/\"]}]}<\/script>\n<!-- \/ Yoast SEO plugin. -->","yoast_head_json":{"title":"Politique de confidentialit\u00e9 - Oocargoo","robots":{"index":"index","follow":"follow","max-snippet":"max-snippet:-1","max-image-preview":"max-image-preview:large","max-video-preview":"max-video-preview:-1"},"canonical":"https:\/\/www.oocargoo.com\/dz\/privacy-policy\/","og_locale":"fr_FR","og_type":"article","og_title":"Politique de confidentialit\u00e9 - Oocargoo","og_description":"La politique de la soci\u00e9t\u00e9 \u00e0 responsabilit\u00e9 limit\u00e9e Cette Soci\u00e9t\u00e9 et chacune de leurs filiales, soci\u00e9t\u00e9s m\u00e8res et soci\u00e9t\u00e9s affili\u00e9es respectives sont r\u00e9put\u00e9es exploiter ce site Web (\u00ab nous \u00bb ou \u00ab notre \u00bb) reconna\u00eet que vous vous souciez de la mani\u00e8re dont les informations vous concernant sont utilis\u00e9es et partag\u00e9es. Nous avons cr\u00e9\u00e9 cette [&hellip;]","og_url":"https:\/\/www.oocargoo.com\/dz\/privacy-policy\/","og_site_name":"Oocargoo","article_publisher":"https:\/\/www.facebook.com\/oocargoo\/","article_modified_time":"2024-07-15T15:11:09+00:00","og_image":[{"width":370,"height":493,"url":"https:\/\/www.oocargoo.com\/dz\/wp-content\/uploads\/2024\/07\/img-63.png","type":"image\/jpeg"}],"twitter_card":"summary_large_image","twitter_misc":{"Dur\u00e9e de lecture estim\u00e9e":"2 minutes"},"schema":{"@context":"https:\/\/schema.org","@graph":[{"@type":"WebPage","@id":"https:\/\/www.oocargoo.com\/dz\/privacy-policy\/","url":"https:\/\/www.oocargoo.com\/dz\/privacy-policy\/","name":"Politique de confidentialit\u00e9 - Oocargoo","isPartOf":{"@id":"https:\/\/www.oocargoo.com\/dz\/#website"},"primaryImageOfPage":{"@id":"https:\/\/www.oocargoo.com\/dz\/privacy-policy\/#primaryimage"},"image":{"@id":"https:\/\/www.oocargoo.com\/dz\/privacy-policy\/#primaryimage"},"thumbnailUrl":"https:\/\/www.oocargoo.com\/dz\/wp-content\/uploads\/2024\/07\/img-63.png","datePublished":"2016-04-03T18:17:17+00:00","dateModified":"2024-07-15T15:11:09+00:00","breadcrumb":{"@id":"https:\/\/www.oocargoo.com\/dz\/privacy-policy\/#breadcrumb"},"inLanguage":"fr-FR","potentialAction":[{"@type":"ReadAction","target":["https:\/\/www.oocargoo.com\/dz\/privacy-policy\/"]}]},{"@type":"ImageObject","inLanguage":"fr-FR","@id":"https:\/\/www.oocargoo.com\/dz\/privacy-policy\/#primaryimage","url":"https:\/\/www.oocargoo.com\/dz\/wp-content\/uploads\/2024\/07\/img-63.png","contentUrl":"https:\/\/www.oocargoo.com\/dz\/wp-content\/uploads\/2024\/07\/img-63.png","width":370,"height":493},{"@type":"BreadcrumbList","@id":"https:\/\/www.oocargoo.com\/dz\/privacy-policy\/#breadcrumb","itemListElement":[{"@type":"ListItem","position":1,"name":"Accueil","item":"https:\/\/www.oocargoo.com\/dz\/"},{"@type":"ListItem","position":2,"name":"Politique de confidentialit\u00e9"}]},{"@type":"WebSite","@id":"https:\/\/www.oocargoo.com\/dz\/#website","url":"https:\/\/www.oocargoo.com\/dz\/","name":"Oocargoo","description":"Grossiste vetement en ligne algerie","publisher":{"@id":"https:\/\/www.oocargoo.com\/dz\/#organization"},"potentialAction":[{"@type":"SearchAction","target":{"@type":"EntryPoint","urlTemplate":"https:\/\/www.oocargoo.com\/dz\/?s={search_term_string}"},"query-input":{"@type":"PropertyValueSpecification","valueRequired":true,"valueName":"search_term_string"}}],"inLanguage":"fr-FR"},{"@type":"Organization","@id":"https:\/\/www.oocargoo.com\/dz\/#organization","name":"Oocargoo","url":"https:\/\/www.oocargoo.com\/dz\/","logo":{"@type":"ImageObject","inLanguage":"fr-FR","@id":"https:\/\/www.oocargoo.com\/dz\/#\/schema\/logo\/image\/","url":"https:\/\/www.oocargoo.com\/dz\/wp-content\/uploads\/2024\/07\/logo_b2b_oocargoo_com-NOIR-a.png","contentUrl":"https:\/\/www.oocargoo.com\/dz\/wp-content\/uploads\/2024\/07\/logo_b2b_oocargoo_com-NOIR-a.png","width":600,"height":146,"caption":"Oocargoo"},"image":{"@id":"https:\/\/www.oocargoo.com\/dz\/#\/schema\/logo\/image\/"},"sameAs":["https:\/\/www.facebook.com\/oocargoo\/","https:\/\/www.instagram.com\/oocargoo\/"]}]}},"_links":{"self":[{"href":"https:\/\/www.oocargoo.com\/dz\/wp-json\/wp\/v2\/pages\/3912","targetHints":{"allow":["GET"]}}],"collection":[{"href":"https:\/\/www.oocargoo.com\/dz\/wp-json\/wp\/v2\/pages"}],"about":[{"href":"https:\/\/www.oocargoo.com\/dz\/wp-json\/wp\/v2\/types\/page"}],"author":[{"embeddable":true,"href":"https:\/\/www.oocargoo.com\/dz\/wp-json\/wp\/v2\/users\/1"}],"replies":[{"embeddable":true,"href":"https:\/\/www.oocargoo.com\/dz\/wp-json\/wp\/v2\/comments?post=3912"}],"version-history":[{"count":0,"href":"https:\/\/www.oocargoo.com\/dz\/wp-json\/wp\/v2\/pages\/3912\/revisions"}],"wp:featuredmedia":[{"embeddable":true,"href":"https:\/\/www.oocargoo.com\/dz\/wp-json\/wp\/v2\/media\/4986"}],"wp:attachment":[{"href":"https:\/\/www.oocargoo.com\/dz\/wp-json\/wp\/v2\/media?parent=3912"}],"curies":[{"name":"wp","href":"https:\/\/api.w.org\/{rel}","templated":true}]}}