{"id":95757,"date":"2026-05-10T10:40:11","date_gmt":"2026-05-10T09:40:11","guid":{"rendered":"https:\/\/www.oocargoo.com\/dz\/?post_type=product&#038;p=95757"},"modified":"2026-05-10T10:40:11","modified_gmt":"2026-05-10T09:40:11","slug":"tshirt-oversize-homme-son-imprime-graphique-inspire-de-la-philosophie-avec-textes-et-visuels-contrastes","status":"publish","type":"product","link":"https:\/\/www.oocargoo.com\/dz\/ar\/product\/tshirt-oversize-homme-son-imprime-graphique-inspire-de-la-philosophie-avec-textes-et-visuels-contrastes\/","title":{"rendered":"Tshirt oversize homme son imprim\u00e9 graphique inspir\u00e9 de la philosophie, avec textes et visuels contrast\u00e9s"},"content":{"rendered":"<p><strong>D\u00e9tails du produit<\/strong><\/p>\n<p>Tshirt oversize homme au style streetwear artistique, confectionn\u00e9 en coton doux et respirant pour un confort optimal au quotidien. Il se distingue par son imprim\u00e9 graphique inspir\u00e9 de la philosophie, avec textes et visuels contrast\u00e9s apportant une forte identit\u00e9 et un esprit culturel moderne.<\/p>\n<p><strong>Composition :<\/strong> Coton (95%), \u00c9lasthanne (5%)<\/p>\n<p><strong>Collection :<\/strong> Printemps\/\u00c9t\u00e9 2026<\/p>\n<p><strong>Pays de fabrication :<\/strong> Chine<\/p>\n<p><strong>R\u00e9f\u00e9rence :<\/strong> 7L053<\/p>\n","protected":false},"excerpt":{"rendered":"<p><strong>D\u00e9tails du produit<\/strong><\/p>\n<p>Tshirt oversize homme au style streetwear artistique, confectionn\u00e9 en coton doux et respirant pour un confort optimal au quotidien. Il se distingue par son imprim\u00e9 graphique inspir\u00e9 de la philosophie, avec textes et visuels contrast\u00e9s apportant une forte identit\u00e9 et un esprit culturel moderne.<\/p>\n<p><strong>Composition :<\/strong> Coton (95%), \u00c9lasthanne (5%)<\/p>\n<p><strong>Collection :<\/strong> Printemps\/\u00c9t\u00e9 2026<\/p>\n","protected":false},"featured_media":95755,"comment_status":"open","ping_status":"closed","template":"","meta":{"_monsterinsights_skip_tracking":false,"_monsterinsights_sitenote_active":false,"_monsterinsights_sitenote_note":"","_monsterinsights_sitenote_category":0},"product_cat":[442,564],"product_tag":[],"class_list":{"0":"post-95757","1":"product","2":"type-product","3":"status-publish","4":"has-post-thumbnail","6":"product_brand-chine","7":"product_cat-produits-en-france","8":"product_cat-t-shirts-hommes","9":"product_shipping_class-france","10":"pa_couleur-multicolore","11":"pa_taille-s-m-l-xl-xxl","13":"first","14":"instock","15":"purchasable","16":"product-type-variable","17":"add-to-wishlist-before_image"},"yoast_head":"<!-- This site is optimized with the Yoast SEO plugin v27.5 - https:\/\/yoast.com\/product\/yoast-seo-wordpress\/ -->\n<title>Tshirt oversize homme son imprim\u00e9 graphique inspir\u00e9 de la philosophie, avec textes et visuels contrast\u00e9s - Oocargoo<\/title>\n<meta name=\"robots\" content=\"index, follow, max-snippet:-1, max-image-preview:large, max-video-preview:-1\" \/>\n<link rel=\"canonical\" href=\"https:\/\/www.oocargoo.com\/dz\/ar\/product\/tshirt-oversize-homme-son-imprime-graphique-inspire-de-la-philosophie-avec-textes-et-visuels-contrastes\/\" \/>\n<meta property=\"og:locale\" content=\"ar_AR\" \/>\n<meta property=\"og:type\" content=\"article\" \/>\n<meta property=\"og:title\" content=\"Tshirt oversize homme son imprim\u00e9 graphique inspir\u00e9 de la philosophie, avec textes et visuels contrast\u00e9s - Oocargoo\" \/>\n<meta property=\"og:description\" content=\"D\u00e9tails du produit Tshirt oversize homme au style streetwear artistique, confectionn\u00e9 en coton doux et respirant pour un confort optimal au quotidien. Il se distingue par son imprim\u00e9 graphique inspir\u00e9 de la philosophie, avec textes et visuels contrast\u00e9s apportant une forte identit\u00e9 et un esprit culturel moderne. Composition : Coton (95%), \u00c9lasthanne (5%) Collection : Printemps\/\u00c9t\u00e9 2026\" \/>\n<meta property=\"og:url\" content=\"https:\/\/www.oocargoo.com\/dz\/ar\/product\/tshirt-oversize-homme-son-imprime-graphique-inspire-de-la-philosophie-avec-textes-et-visuels-contrastes\/\" \/>\n<meta property=\"og:site_name\" content=\"Oocargoo\" \/>\n<meta property=\"article:publisher\" content=\"https:\/\/www.facebook.com\/oocargoo\/\" \/>\n<meta property=\"og:image\" content=\"https:\/\/www.oocargoo.com\/dz\/wp-content\/uploads\/2026\/05\/tshirt-oversize-homme-son-imprime-graphique-inspire-de-la-philosophie_multicolore_69861d58464db.webp\" \/>\n\t<meta property=\"og:image:width\" content=\"1079\" \/>\n\t<meta property=\"og:image:height\" content=\"876\" \/>\n\t<meta property=\"og:image:type\" content=\"image\/webp\" \/>\n<meta name=\"twitter:card\" content=\"summary_large_image\" \/>\n<script type=\"application\/ld+json\" class=\"yoast-schema-graph\">{\"@context\":\"https:\\\/\\\/schema.org\",\"@graph\":[{\"@type\":\"WebPage\",\"@id\":\"https:\\\/\\\/www.oocargoo.com\\\/dz\\\/ar\\\/product\\\/tshirt-oversize-homme-son-imprime-graphique-inspire-de-la-philosophie-avec-textes-et-visuels-contrastes\\\/\",\"url\":\"https:\\\/\\\/www.oocargoo.com\\\/dz\\\/ar\\\/product\\\/tshirt-oversize-homme-son-imprime-graphique-inspire-de-la-philosophie-avec-textes-et-visuels-contrastes\\\/\",\"name\":\"Tshirt oversize homme son imprim\u00e9 graphique inspir\u00e9 de la philosophie, avec textes et visuels contrast\u00e9s - Oocargoo\",\"isPartOf\":{\"@id\":\"https:\\\/\\\/www.oocargoo.com\\\/dz\\\/ar\\\/#website\"},\"primaryImageOfPage\":{\"@id\":\"https:\\\/\\\/www.oocargoo.com\\\/dz\\\/ar\\\/product\\\/tshirt-oversize-homme-son-imprime-graphique-inspire-de-la-philosophie-avec-textes-et-visuels-contrastes\\\/#primaryimage\"},\"image\":{\"@id\":\"https:\\\/\\\/www.oocargoo.com\\\/dz\\\/ar\\\/product\\\/tshirt-oversize-homme-son-imprime-graphique-inspire-de-la-philosophie-avec-textes-et-visuels-contrastes\\\/#primaryimage\"},\"thumbnailUrl\":\"https:\\\/\\\/www.oocargoo.com\\\/dz\\\/wp-content\\\/uploads\\\/2026\\\/05\\\/tshirt-oversize-homme-son-imprime-graphique-inspire-de-la-philosophie_multicolore_69861d58464db.webp\",\"datePublished\":\"2026-05-10T09:40:11+00:00\",\"breadcrumb\":{\"@id\":\"https:\\\/\\\/www.oocargoo.com\\\/dz\\\/ar\\\/product\\\/tshirt-oversize-homme-son-imprime-graphique-inspire-de-la-philosophie-avec-textes-et-visuels-contrastes\\\/#breadcrumb\"},\"inLanguage\":\"ar\",\"potentialAction\":[{\"@type\":\"ReadAction\",\"target\":[\"https:\\\/\\\/www.oocargoo.com\\\/dz\\\/ar\\\/product\\\/tshirt-oversize-homme-son-imprime-graphique-inspire-de-la-philosophie-avec-textes-et-visuels-contrastes\\\/\"]}]},{\"@type\":\"ImageObject\",\"inLanguage\":\"ar\",\"@id\":\"https:\\\/\\\/www.oocargoo.com\\\/dz\\\/ar\\\/product\\\/tshirt-oversize-homme-son-imprime-graphique-inspire-de-la-philosophie-avec-textes-et-visuels-contrastes\\\/#primaryimage\",\"url\":\"https:\\\/\\\/www.oocargoo.com\\\/dz\\\/wp-content\\\/uploads\\\/2026\\\/05\\\/tshirt-oversize-homme-son-imprime-graphique-inspire-de-la-philosophie_multicolore_69861d58464db.webp\",\"contentUrl\":\"https:\\\/\\\/www.oocargoo.com\\\/dz\\\/wp-content\\\/uploads\\\/2026\\\/05\\\/tshirt-oversize-homme-son-imprime-graphique-inspire-de-la-philosophie_multicolore_69861d58464db.webp\",\"width\":1079,\"height\":876},{\"@type\":\"BreadcrumbList\",\"@id\":\"https:\\\/\\\/www.oocargoo.com\\\/dz\\\/ar\\\/product\\\/tshirt-oversize-homme-son-imprime-graphique-inspire-de-la-philosophie-avec-textes-et-visuels-contrastes\\\/#breadcrumb\",\"itemListElement\":[{\"@type\":\"ListItem\",\"position\":1,\"name\":\"Accueil\",\"item\":\"https:\\\/\\\/www.oocargoo.com\\\/dz\\\/ar\\\/\"},{\"@type\":\"ListItem\",\"position\":2,\"name\":\"\u0645\u062a\u062c\u0631\",\"item\":\"https:\\\/\\\/www.oocargoo.com\\\/dz\\\/shop\\\/\"},{\"@type\":\"ListItem\",\"position\":3,\"name\":\"Tshirt oversize homme son imprim\u00e9 graphique inspir\u00e9 de la philosophie, avec textes et visuels contrast\u00e9s\"}]},{\"@type\":\"WebSite\",\"@id\":\"https:\\\/\\\/www.oocargoo.com\\\/dz\\\/ar\\\/#website\",\"url\":\"https:\\\/\\\/www.oocargoo.com\\\/dz\\\/ar\\\/\",\"name\":\"Oocargoo\",\"description\":\"Grossiste vetement en ligne algerie\",\"publisher\":{\"@id\":\"https:\\\/\\\/www.oocargoo.com\\\/dz\\\/ar\\\/#organization\"},\"potentialAction\":[{\"@type\":\"SearchAction\",\"target\":{\"@type\":\"EntryPoint\",\"urlTemplate\":\"https:\\\/\\\/www.oocargoo.com\\\/dz\\\/ar\\\/?s={search_term_string}\"},\"query-input\":{\"@type\":\"PropertyValueSpecification\",\"valueRequired\":true,\"valueName\":\"search_term_string\"}}],\"inLanguage\":\"ar\"},{\"@type\":\"Organization\",\"@id\":\"https:\\\/\\\/www.oocargoo.com\\\/dz\\\/ar\\\/#organization\",\"name\":\"Oocargoo\",\"url\":\"https:\\\/\\\/www.oocargoo.com\\\/dz\\\/ar\\\/\",\"logo\":{\"@type\":\"ImageObject\",\"inLanguage\":\"ar\",\"@id\":\"https:\\\/\\\/www.oocargoo.com\\\/dz\\\/ar\\\/#\\\/schema\\\/logo\\\/image\\\/\",\"url\":\"https:\\\/\\\/www.oocargoo.com\\\/dz\\\/wp-content\\\/uploads\\\/2024\\\/07\\\/logo_b2b_oocargoo_com-NOIR-a.png\",\"contentUrl\":\"https:\\\/\\\/www.oocargoo.com\\\/dz\\\/wp-content\\\/uploads\\\/2024\\\/07\\\/logo_b2b_oocargoo_com-NOIR-a.png\",\"width\":600,\"height\":146,\"caption\":\"Oocargoo\"},\"image\":{\"@id\":\"https:\\\/\\\/www.oocargoo.com\\\/dz\\\/ar\\\/#\\\/schema\\\/logo\\\/image\\\/\"},\"sameAs\":[\"https:\\\/\\\/www.facebook.com\\\/oocargoo\\\/\",\"https:\\\/\\\/www.instagram.com\\\/oocargoo\\\/\"]}]}<\/script>\n<!-- \/ Yoast SEO plugin. -->","yoast_head_json":{"title":"Tshirt oversize homme son imprim\u00e9 graphique inspir\u00e9 de la philosophie, avec textes et visuels contrast\u00e9s - Oocargoo","robots":{"index":"index","follow":"follow","max-snippet":"max-snippet:-1","max-image-preview":"max-image-preview:large","max-video-preview":"max-video-preview:-1"},"canonical":"https:\/\/www.oocargoo.com\/dz\/ar\/product\/tshirt-oversize-homme-son-imprime-graphique-inspire-de-la-philosophie-avec-textes-et-visuels-contrastes\/","og_locale":"ar_AR","og_type":"article","og_title":"Tshirt oversize homme son imprim\u00e9 graphique inspir\u00e9 de la philosophie, avec textes et visuels contrast\u00e9s - Oocargoo","og_description":"D\u00e9tails du produit Tshirt oversize homme au style streetwear artistique, confectionn\u00e9 en coton doux et respirant pour un confort optimal au quotidien. Il se distingue par son imprim\u00e9 graphique inspir\u00e9 de la philosophie, avec textes et visuels contrast\u00e9s apportant une forte identit\u00e9 et un esprit culturel moderne. Composition : Coton (95%), \u00c9lasthanne (5%) Collection : Printemps\/\u00c9t\u00e9 2026","og_url":"https:\/\/www.oocargoo.com\/dz\/ar\/product\/tshirt-oversize-homme-son-imprime-graphique-inspire-de-la-philosophie-avec-textes-et-visuels-contrastes\/","og_site_name":"Oocargoo","article_publisher":"https:\/\/www.facebook.com\/oocargoo\/","og_image":[{"width":1079,"height":876,"url":"https:\/\/www.oocargoo.com\/dz\/wp-content\/uploads\/2026\/05\/tshirt-oversize-homme-son-imprime-graphique-inspire-de-la-philosophie_multicolore_69861d58464db.webp","type":"image\/webp"}],"twitter_card":"summary_large_image","schema":{"@context":"https:\/\/schema.org","@graph":[{"@type":"WebPage","@id":"https:\/\/www.oocargoo.com\/dz\/ar\/product\/tshirt-oversize-homme-son-imprime-graphique-inspire-de-la-philosophie-avec-textes-et-visuels-contrastes\/","url":"https:\/\/www.oocargoo.com\/dz\/ar\/product\/tshirt-oversize-homme-son-imprime-graphique-inspire-de-la-philosophie-avec-textes-et-visuels-contrastes\/","name":"Tshirt oversize homme son imprim\u00e9 graphique inspir\u00e9 de la philosophie, avec textes et visuels contrast\u00e9s - Oocargoo","isPartOf":{"@id":"https:\/\/www.oocargoo.com\/dz\/ar\/#website"},"primaryImageOfPage":{"@id":"https:\/\/www.oocargoo.com\/dz\/ar\/product\/tshirt-oversize-homme-son-imprime-graphique-inspire-de-la-philosophie-avec-textes-et-visuels-contrastes\/#primaryimage"},"image":{"@id":"https:\/\/www.oocargoo.com\/dz\/ar\/product\/tshirt-oversize-homme-son-imprime-graphique-inspire-de-la-philosophie-avec-textes-et-visuels-contrastes\/#primaryimage"},"thumbnailUrl":"https:\/\/www.oocargoo.com\/dz\/wp-content\/uploads\/2026\/05\/tshirt-oversize-homme-son-imprime-graphique-inspire-de-la-philosophie_multicolore_69861d58464db.webp","datePublished":"2026-05-10T09:40:11+00:00","breadcrumb":{"@id":"https:\/\/www.oocargoo.com\/dz\/ar\/product\/tshirt-oversize-homme-son-imprime-graphique-inspire-de-la-philosophie-avec-textes-et-visuels-contrastes\/#breadcrumb"},"inLanguage":"ar","potentialAction":[{"@type":"ReadAction","target":["https:\/\/www.oocargoo.com\/dz\/ar\/product\/tshirt-oversize-homme-son-imprime-graphique-inspire-de-la-philosophie-avec-textes-et-visuels-contrastes\/"]}]},{"@type":"ImageObject","inLanguage":"ar","@id":"https:\/\/www.oocargoo.com\/dz\/ar\/product\/tshirt-oversize-homme-son-imprime-graphique-inspire-de-la-philosophie-avec-textes-et-visuels-contrastes\/#primaryimage","url":"https:\/\/www.oocargoo.com\/dz\/wp-content\/uploads\/2026\/05\/tshirt-oversize-homme-son-imprime-graphique-inspire-de-la-philosophie_multicolore_69861d58464db.webp","contentUrl":"https:\/\/www.oocargoo.com\/dz\/wp-content\/uploads\/2026\/05\/tshirt-oversize-homme-son-imprime-graphique-inspire-de-la-philosophie_multicolore_69861d58464db.webp","width":1079,"height":876},{"@type":"BreadcrumbList","@id":"https:\/\/www.oocargoo.com\/dz\/ar\/product\/tshirt-oversize-homme-son-imprime-graphique-inspire-de-la-philosophie-avec-textes-et-visuels-contrastes\/#breadcrumb","itemListElement":[{"@type":"ListItem","position":1,"name":"Accueil","item":"https:\/\/www.oocargoo.com\/dz\/ar\/"},{"@type":"ListItem","position":2,"name":"\u0645\u062a\u062c\u0631","item":"https:\/\/www.oocargoo.com\/dz\/shop\/"},{"@type":"ListItem","position":3,"name":"Tshirt oversize homme son imprim\u00e9 graphique inspir\u00e9 de la philosophie, avec textes et visuels contrast\u00e9s"}]},{"@type":"WebSite","@id":"https:\/\/www.oocargoo.com\/dz\/ar\/#website","url":"https:\/\/www.oocargoo.com\/dz\/ar\/","name":"Oocargoo","description":"Grossiste vetement en ligne algerie","publisher":{"@id":"https:\/\/www.oocargoo.com\/dz\/ar\/#organization"},"potentialAction":[{"@type":"SearchAction","target":{"@type":"EntryPoint","urlTemplate":"https:\/\/www.oocargoo.com\/dz\/ar\/?s={search_term_string}"},"query-input":{"@type":"PropertyValueSpecification","valueRequired":true,"valueName":"search_term_string"}}],"inLanguage":"ar"},{"@type":"Organization","@id":"https:\/\/www.oocargoo.com\/dz\/ar\/#organization","name":"Oocargoo","url":"https:\/\/www.oocargoo.com\/dz\/ar\/","logo":{"@type":"ImageObject","inLanguage":"ar","@id":"https:\/\/www.oocargoo.com\/dz\/ar\/#\/schema\/logo\/image\/","url":"https:\/\/www.oocargoo.com\/dz\/wp-content\/uploads\/2024\/07\/logo_b2b_oocargoo_com-NOIR-a.png","contentUrl":"https:\/\/www.oocargoo.com\/dz\/wp-content\/uploads\/2024\/07\/logo_b2b_oocargoo_com-NOIR-a.png","width":600,"height":146,"caption":"Oocargoo"},"image":{"@id":"https:\/\/www.oocargoo.com\/dz\/ar\/#\/schema\/logo\/image\/"},"sameAs":["https:\/\/www.facebook.com\/oocargoo\/","https:\/\/www.instagram.com\/oocargoo\/"]}]}},"_links":{"self":[{"href":"https:\/\/www.oocargoo.com\/dz\/ar\/wp-json\/wp\/v2\/product\/95757","targetHints":{"allow":["GET"]}}],"collection":[{"href":"https:\/\/www.oocargoo.com\/dz\/ar\/wp-json\/wp\/v2\/product"}],"about":[{"href":"https:\/\/www.oocargoo.com\/dz\/ar\/wp-json\/wp\/v2\/types\/product"}],"replies":[{"embeddable":true,"href":"https:\/\/www.oocargoo.com\/dz\/ar\/wp-json\/wp\/v2\/comments?post=95757"}],"version-history":[{"count":0,"href":"https:\/\/www.oocargoo.com\/dz\/ar\/wp-json\/wp\/v2\/product\/95757\/revisions"}],"wp:featuredmedia":[{"embeddable":true,"href":"https:\/\/www.oocargoo.com\/dz\/ar\/wp-json\/wp\/v2\/media\/95755"}],"wp:attachment":[{"href":"https:\/\/www.oocargoo.com\/dz\/ar\/wp-json\/wp\/v2\/media?parent=95757"}],"wp:term":[{"taxonomy":"product_cat","embeddable":true,"href":"https:\/\/www.oocargoo.com\/dz\/ar\/wp-json\/wp\/v2\/product_cat?post=95757"},{"taxonomy":"product_tag","embeddable":true,"href":"https:\/\/www.oocargoo.com\/dz\/ar\/wp-json\/wp\/v2\/product_tag?post=95757"}],"curies":[{"name":"wp","href":"https:\/\/api.w.org\/{rel}","templated":true}]}}