{"id":95733,"date":"2026-05-10T10:40:11","date_gmt":"2026-05-10T09:40:11","guid":{"rendered":"https:\/\/www.oocargoo.com\/dz\/?post_type=product&#038;p=95733"},"modified":"2026-05-10T10:40:12","modified_gmt":"2026-05-10T09:40:12","slug":"tshirt-oversize-homme-son-marquage-1987-en-relief-effet-texture","status":"publish","type":"product","link":"https:\/\/www.oocargoo.com\/dz\/ar\/product\/tshirt-oversize-homme-son-marquage-1987-en-relief-effet-texture\/","title":{"rendered":"Tshirt oversize homme son marquage \u201c1987\u201d en relief effet textur\u00e9."},"content":{"rendered":"<p><strong>D\u00e9tails du produit<\/strong><\/p>\n<p>Tshirt oversize homme au style urbain et contemporain, confectionn\u00e9 en coton doux et confortable, id\u00e9al pour un usage quotidien. Il se distingue par son marquage \u201c1987\u201d en relief effet textur\u00e9, apportant une touche moderne et tendance au design<\/p>\n<p><strong>Composition :<\/strong> Coton (95%), \u00c9lasthanne (5%)<\/p>\n<p><strong>Collection :<\/strong> Printemps\/\u00c9t\u00e9 2026<\/p>\n<p><strong>Pays de fabrication :<\/strong> Chine<\/p>\n<p><strong>R\u00e9f\u00e9rence :<\/strong> Z1778<\/p>\n","protected":false},"excerpt":{"rendered":"<p><strong>D\u00e9tails du produit<\/strong><\/p>\n<p>Tshirt oversize homme au style urbain et contemporain, confectionn\u00e9 en coton doux et confortable, id\u00e9al pour un usage quotidien. Il se distingue par son marquage \u201c1987\u201d en relief effet textur\u00e9, apportant une touche moderne et tendance au design<\/p>\n<p><strong>Composition :<\/strong> Coton (95%), \u00c9lasthanne (5%)<\/p>\n<p><strong>Collection :<\/strong> Printemps\/\u00c9t\u00e9 2026<\/p>\n","protected":false},"featured_media":95731,"comment_status":"open","ping_status":"closed","template":"","meta":{"_monsterinsights_skip_tracking":false,"_monsterinsights_sitenote_active":false,"_monsterinsights_sitenote_note":"","_monsterinsights_sitenote_category":0},"product_cat":[442,564],"product_tag":[],"class_list":{"0":"post-95733","1":"product","2":"type-product","3":"status-publish","4":"has-post-thumbnail","6":"product_brand-chine","7":"product_cat-produits-en-france","8":"product_cat-t-shirts-hommes","9":"product_shipping_class-france","10":"pa_couleur-multicolore","11":"pa_taille-s-m-l-xl-xxl","13":"first","14":"instock","15":"purchasable","16":"product-type-variable","17":"add-to-wishlist-before_image"},"yoast_head":"<!-- This site is optimized with the Yoast SEO plugin v27.5 - https:\/\/yoast.com\/product\/yoast-seo-wordpress\/ -->\n<title>Tshirt oversize homme son marquage \u201c1987\u201d en relief effet textur\u00e9. - Oocargoo<\/title>\n<meta name=\"robots\" content=\"index, follow, max-snippet:-1, max-image-preview:large, max-video-preview:-1\" \/>\n<link rel=\"canonical\" href=\"https:\/\/www.oocargoo.com\/dz\/ar\/product\/tshirt-oversize-homme-son-marquage-1987-en-relief-effet-texture\/\" \/>\n<meta property=\"og:locale\" content=\"ar_AR\" \/>\n<meta property=\"og:type\" content=\"article\" \/>\n<meta property=\"og:title\" content=\"Tshirt oversize homme son marquage \u201c1987\u201d en relief effet textur\u00e9. - Oocargoo\" \/>\n<meta property=\"og:description\" content=\"D\u00e9tails du produit Tshirt oversize homme au style urbain et contemporain, confectionn\u00e9 en coton doux et confortable, id\u00e9al pour un usage quotidien. Il se distingue par son marquage \u201c1987\u201d en relief effet textur\u00e9, apportant une touche moderne et tendance au design Composition : Coton (95%), \u00c9lasthanne (5%) Collection : Printemps\/\u00c9t\u00e9 2026\" \/>\n<meta property=\"og:url\" content=\"https:\/\/www.oocargoo.com\/dz\/ar\/product\/tshirt-oversize-homme-son-marquage-1987-en-relief-effet-texture\/\" \/>\n<meta property=\"og:site_name\" content=\"Oocargoo\" \/>\n<meta property=\"article:publisher\" content=\"https:\/\/www.facebook.com\/oocargoo\/\" \/>\n<meta property=\"article:modified_time\" content=\"2026-05-10T09:40:12+00:00\" \/>\n<meta property=\"og:image\" content=\"https:\/\/www.oocargoo.com\/dz\/wp-content\/uploads\/2026\/05\/tshirt-oversize-homme-son-marquage-1987-en-relief-effet-texture_multicolore_698624fc50baa.webp\" \/>\n\t<meta property=\"og:image:width\" content=\"1080\" \/>\n\t<meta property=\"og:image:height\" content=\"786\" \/>\n\t<meta property=\"og:image:type\" content=\"image\/webp\" \/>\n<meta name=\"twitter:card\" content=\"summary_large_image\" \/>\n<script type=\"application\/ld+json\" class=\"yoast-schema-graph\">{\"@context\":\"https:\\\/\\\/schema.org\",\"@graph\":[{\"@type\":\"WebPage\",\"@id\":\"https:\\\/\\\/www.oocargoo.com\\\/dz\\\/ar\\\/product\\\/tshirt-oversize-homme-son-marquage-1987-en-relief-effet-texture\\\/\",\"url\":\"https:\\\/\\\/www.oocargoo.com\\\/dz\\\/ar\\\/product\\\/tshirt-oversize-homme-son-marquage-1987-en-relief-effet-texture\\\/\",\"name\":\"Tshirt oversize homme son marquage \u201c1987\u201d en relief effet textur\u00e9. - Oocargoo\",\"isPartOf\":{\"@id\":\"https:\\\/\\\/www.oocargoo.com\\\/dz\\\/ar\\\/#website\"},\"primaryImageOfPage\":{\"@id\":\"https:\\\/\\\/www.oocargoo.com\\\/dz\\\/ar\\\/product\\\/tshirt-oversize-homme-son-marquage-1987-en-relief-effet-texture\\\/#primaryimage\"},\"image\":{\"@id\":\"https:\\\/\\\/www.oocargoo.com\\\/dz\\\/ar\\\/product\\\/tshirt-oversize-homme-son-marquage-1987-en-relief-effet-texture\\\/#primaryimage\"},\"thumbnailUrl\":\"https:\\\/\\\/www.oocargoo.com\\\/dz\\\/wp-content\\\/uploads\\\/2026\\\/05\\\/tshirt-oversize-homme-son-marquage-1987-en-relief-effet-texture_multicolore_698624fc50baa.webp\",\"datePublished\":\"2026-05-10T09:40:11+00:00\",\"dateModified\":\"2026-05-10T09:40:12+00:00\",\"breadcrumb\":{\"@id\":\"https:\\\/\\\/www.oocargoo.com\\\/dz\\\/ar\\\/product\\\/tshirt-oversize-homme-son-marquage-1987-en-relief-effet-texture\\\/#breadcrumb\"},\"inLanguage\":\"ar\",\"potentialAction\":[{\"@type\":\"ReadAction\",\"target\":[\"https:\\\/\\\/www.oocargoo.com\\\/dz\\\/ar\\\/product\\\/tshirt-oversize-homme-son-marquage-1987-en-relief-effet-texture\\\/\"]}]},{\"@type\":\"ImageObject\",\"inLanguage\":\"ar\",\"@id\":\"https:\\\/\\\/www.oocargoo.com\\\/dz\\\/ar\\\/product\\\/tshirt-oversize-homme-son-marquage-1987-en-relief-effet-texture\\\/#primaryimage\",\"url\":\"https:\\\/\\\/www.oocargoo.com\\\/dz\\\/wp-content\\\/uploads\\\/2026\\\/05\\\/tshirt-oversize-homme-son-marquage-1987-en-relief-effet-texture_multicolore_698624fc50baa.webp\",\"contentUrl\":\"https:\\\/\\\/www.oocargoo.com\\\/dz\\\/wp-content\\\/uploads\\\/2026\\\/05\\\/tshirt-oversize-homme-son-marquage-1987-en-relief-effet-texture_multicolore_698624fc50baa.webp\",\"width\":1080,\"height\":786},{\"@type\":\"BreadcrumbList\",\"@id\":\"https:\\\/\\\/www.oocargoo.com\\\/dz\\\/ar\\\/product\\\/tshirt-oversize-homme-son-marquage-1987-en-relief-effet-texture\\\/#breadcrumb\",\"itemListElement\":[{\"@type\":\"ListItem\",\"position\":1,\"name\":\"Accueil\",\"item\":\"https:\\\/\\\/www.oocargoo.com\\\/dz\\\/ar\\\/\"},{\"@type\":\"ListItem\",\"position\":2,\"name\":\"\u0645\u062a\u062c\u0631\",\"item\":\"https:\\\/\\\/www.oocargoo.com\\\/dz\\\/shop\\\/\"},{\"@type\":\"ListItem\",\"position\":3,\"name\":\"Tshirt oversize homme son marquage \u201c1987\u201d en relief effet textur\u00e9.\"}]},{\"@type\":\"WebSite\",\"@id\":\"https:\\\/\\\/www.oocargoo.com\\\/dz\\\/ar\\\/#website\",\"url\":\"https:\\\/\\\/www.oocargoo.com\\\/dz\\\/ar\\\/\",\"name\":\"Oocargoo\",\"description\":\"Grossiste vetement en ligne algerie\",\"publisher\":{\"@id\":\"https:\\\/\\\/www.oocargoo.com\\\/dz\\\/ar\\\/#organization\"},\"potentialAction\":[{\"@type\":\"SearchAction\",\"target\":{\"@type\":\"EntryPoint\",\"urlTemplate\":\"https:\\\/\\\/www.oocargoo.com\\\/dz\\\/ar\\\/?s={search_term_string}\"},\"query-input\":{\"@type\":\"PropertyValueSpecification\",\"valueRequired\":true,\"valueName\":\"search_term_string\"}}],\"inLanguage\":\"ar\"},{\"@type\":\"Organization\",\"@id\":\"https:\\\/\\\/www.oocargoo.com\\\/dz\\\/ar\\\/#organization\",\"name\":\"Oocargoo\",\"url\":\"https:\\\/\\\/www.oocargoo.com\\\/dz\\\/ar\\\/\",\"logo\":{\"@type\":\"ImageObject\",\"inLanguage\":\"ar\",\"@id\":\"https:\\\/\\\/www.oocargoo.com\\\/dz\\\/ar\\\/#\\\/schema\\\/logo\\\/image\\\/\",\"url\":\"https:\\\/\\\/www.oocargoo.com\\\/dz\\\/wp-content\\\/uploads\\\/2024\\\/07\\\/logo_b2b_oocargoo_com-NOIR-a.png\",\"contentUrl\":\"https:\\\/\\\/www.oocargoo.com\\\/dz\\\/wp-content\\\/uploads\\\/2024\\\/07\\\/logo_b2b_oocargoo_com-NOIR-a.png\",\"width\":600,\"height\":146,\"caption\":\"Oocargoo\"},\"image\":{\"@id\":\"https:\\\/\\\/www.oocargoo.com\\\/dz\\\/ar\\\/#\\\/schema\\\/logo\\\/image\\\/\"},\"sameAs\":[\"https:\\\/\\\/www.facebook.com\\\/oocargoo\\\/\",\"https:\\\/\\\/www.instagram.com\\\/oocargoo\\\/\"]}]}<\/script>\n<!-- \/ Yoast SEO plugin. -->","yoast_head_json":{"title":"Tshirt oversize homme son marquage \u201c1987\u201d en relief effet textur\u00e9. - Oocargoo","robots":{"index":"index","follow":"follow","max-snippet":"max-snippet:-1","max-image-preview":"max-image-preview:large","max-video-preview":"max-video-preview:-1"},"canonical":"https:\/\/www.oocargoo.com\/dz\/ar\/product\/tshirt-oversize-homme-son-marquage-1987-en-relief-effet-texture\/","og_locale":"ar_AR","og_type":"article","og_title":"Tshirt oversize homme son marquage \u201c1987\u201d en relief effet textur\u00e9. - Oocargoo","og_description":"D\u00e9tails du produit Tshirt oversize homme au style urbain et contemporain, confectionn\u00e9 en coton doux et confortable, id\u00e9al pour un usage quotidien. Il se distingue par son marquage \u201c1987\u201d en relief effet textur\u00e9, apportant une touche moderne et tendance au design Composition : Coton (95%), \u00c9lasthanne (5%) Collection : Printemps\/\u00c9t\u00e9 2026","og_url":"https:\/\/www.oocargoo.com\/dz\/ar\/product\/tshirt-oversize-homme-son-marquage-1987-en-relief-effet-texture\/","og_site_name":"Oocargoo","article_publisher":"https:\/\/www.facebook.com\/oocargoo\/","article_modified_time":"2026-05-10T09:40:12+00:00","og_image":[{"width":1080,"height":786,"url":"https:\/\/www.oocargoo.com\/dz\/wp-content\/uploads\/2026\/05\/tshirt-oversize-homme-son-marquage-1987-en-relief-effet-texture_multicolore_698624fc50baa.webp","type":"image\/webp"}],"twitter_card":"summary_large_image","schema":{"@context":"https:\/\/schema.org","@graph":[{"@type":"WebPage","@id":"https:\/\/www.oocargoo.com\/dz\/ar\/product\/tshirt-oversize-homme-son-marquage-1987-en-relief-effet-texture\/","url":"https:\/\/www.oocargoo.com\/dz\/ar\/product\/tshirt-oversize-homme-son-marquage-1987-en-relief-effet-texture\/","name":"Tshirt oversize homme son marquage \u201c1987\u201d en relief effet textur\u00e9. - Oocargoo","isPartOf":{"@id":"https:\/\/www.oocargoo.com\/dz\/ar\/#website"},"primaryImageOfPage":{"@id":"https:\/\/www.oocargoo.com\/dz\/ar\/product\/tshirt-oversize-homme-son-marquage-1987-en-relief-effet-texture\/#primaryimage"},"image":{"@id":"https:\/\/www.oocargoo.com\/dz\/ar\/product\/tshirt-oversize-homme-son-marquage-1987-en-relief-effet-texture\/#primaryimage"},"thumbnailUrl":"https:\/\/www.oocargoo.com\/dz\/wp-content\/uploads\/2026\/05\/tshirt-oversize-homme-son-marquage-1987-en-relief-effet-texture_multicolore_698624fc50baa.webp","datePublished":"2026-05-10T09:40:11+00:00","dateModified":"2026-05-10T09:40:12+00:00","breadcrumb":{"@id":"https:\/\/www.oocargoo.com\/dz\/ar\/product\/tshirt-oversize-homme-son-marquage-1987-en-relief-effet-texture\/#breadcrumb"},"inLanguage":"ar","potentialAction":[{"@type":"ReadAction","target":["https:\/\/www.oocargoo.com\/dz\/ar\/product\/tshirt-oversize-homme-son-marquage-1987-en-relief-effet-texture\/"]}]},{"@type":"ImageObject","inLanguage":"ar","@id":"https:\/\/www.oocargoo.com\/dz\/ar\/product\/tshirt-oversize-homme-son-marquage-1987-en-relief-effet-texture\/#primaryimage","url":"https:\/\/www.oocargoo.com\/dz\/wp-content\/uploads\/2026\/05\/tshirt-oversize-homme-son-marquage-1987-en-relief-effet-texture_multicolore_698624fc50baa.webp","contentUrl":"https:\/\/www.oocargoo.com\/dz\/wp-content\/uploads\/2026\/05\/tshirt-oversize-homme-son-marquage-1987-en-relief-effet-texture_multicolore_698624fc50baa.webp","width":1080,"height":786},{"@type":"BreadcrumbList","@id":"https:\/\/www.oocargoo.com\/dz\/ar\/product\/tshirt-oversize-homme-son-marquage-1987-en-relief-effet-texture\/#breadcrumb","itemListElement":[{"@type":"ListItem","position":1,"name":"Accueil","item":"https:\/\/www.oocargoo.com\/dz\/ar\/"},{"@type":"ListItem","position":2,"name":"\u0645\u062a\u062c\u0631","item":"https:\/\/www.oocargoo.com\/dz\/shop\/"},{"@type":"ListItem","position":3,"name":"Tshirt oversize homme son marquage \u201c1987\u201d en relief effet textur\u00e9."}]},{"@type":"WebSite","@id":"https:\/\/www.oocargoo.com\/dz\/ar\/#website","url":"https:\/\/www.oocargoo.com\/dz\/ar\/","name":"Oocargoo","description":"Grossiste vetement en ligne algerie","publisher":{"@id":"https:\/\/www.oocargoo.com\/dz\/ar\/#organization"},"potentialAction":[{"@type":"SearchAction","target":{"@type":"EntryPoint","urlTemplate":"https:\/\/www.oocargoo.com\/dz\/ar\/?s={search_term_string}"},"query-input":{"@type":"PropertyValueSpecification","valueRequired":true,"valueName":"search_term_string"}}],"inLanguage":"ar"},{"@type":"Organization","@id":"https:\/\/www.oocargoo.com\/dz\/ar\/#organization","name":"Oocargoo","url":"https:\/\/www.oocargoo.com\/dz\/ar\/","logo":{"@type":"ImageObject","inLanguage":"ar","@id":"https:\/\/www.oocargoo.com\/dz\/ar\/#\/schema\/logo\/image\/","url":"https:\/\/www.oocargoo.com\/dz\/wp-content\/uploads\/2024\/07\/logo_b2b_oocargoo_com-NOIR-a.png","contentUrl":"https:\/\/www.oocargoo.com\/dz\/wp-content\/uploads\/2024\/07\/logo_b2b_oocargoo_com-NOIR-a.png","width":600,"height":146,"caption":"Oocargoo"},"image":{"@id":"https:\/\/www.oocargoo.com\/dz\/ar\/#\/schema\/logo\/image\/"},"sameAs":["https:\/\/www.facebook.com\/oocargoo\/","https:\/\/www.instagram.com\/oocargoo\/"]}]}},"_links":{"self":[{"href":"https:\/\/www.oocargoo.com\/dz\/ar\/wp-json\/wp\/v2\/product\/95733","targetHints":{"allow":["GET"]}}],"collection":[{"href":"https:\/\/www.oocargoo.com\/dz\/ar\/wp-json\/wp\/v2\/product"}],"about":[{"href":"https:\/\/www.oocargoo.com\/dz\/ar\/wp-json\/wp\/v2\/types\/product"}],"replies":[{"embeddable":true,"href":"https:\/\/www.oocargoo.com\/dz\/ar\/wp-json\/wp\/v2\/comments?post=95733"}],"version-history":[{"count":0,"href":"https:\/\/www.oocargoo.com\/dz\/ar\/wp-json\/wp\/v2\/product\/95733\/revisions"}],"wp:featuredmedia":[{"embeddable":true,"href":"https:\/\/www.oocargoo.com\/dz\/ar\/wp-json\/wp\/v2\/media\/95731"}],"wp:attachment":[{"href":"https:\/\/www.oocargoo.com\/dz\/ar\/wp-json\/wp\/v2\/media?parent=95733"}],"wp:term":[{"taxonomy":"product_cat","embeddable":true,"href":"https:\/\/www.oocargoo.com\/dz\/ar\/wp-json\/wp\/v2\/product_cat?post=95733"},{"taxonomy":"product_tag","embeddable":true,"href":"https:\/\/www.oocargoo.com\/dz\/ar\/wp-json\/wp\/v2\/product_tag?post=95733"}],"curies":[{"name":"wp","href":"https:\/\/api.w.org\/{rel}","templated":true}]}}