{"id":94304,"date":"2026-05-10T01:28:36","date_gmt":"2026-05-10T00:28:36","guid":{"rendered":"https:\/\/www.oocargoo.com\/dz\/?post_type=product&#038;p=94304"},"modified":"2026-05-10T01:28:36","modified_gmt":"2026-05-10T00:28:36","slug":"jean-homme-dans-un-denim-bleu-delave-avec-des-effets-de-blanchiment-subtils","status":"publish","type":"product","link":"https:\/\/www.oocargoo.com\/dz\/ar\/product\/jean-homme-dans-un-denim-bleu-delave-avec-des-effets-de-blanchiment-subtils\/","title":{"rendered":"Jean homme dans un denim bleu d\u00e9lav\u00e9 avec des effets de blanchiment subtils."},"content":{"rendered":"<p><strong>D\u00e9tails du produit<\/strong><\/p>\n<p>Jean homme au look tendance et moderne, r\u00e9alis\u00e9 dans un denim bleu d\u00e9lav\u00e9 avec des effets de blanchiment subtils sur l\u2019avant pour un style authentique et urbain. Les d\u00e9tails l\u00e9g\u00e8rement us\u00e9s apportent du caract\u00e8re tout en restant \u00e9l\u00e9gants et faciles \u00e0 porter au quotidien.<\/p>\n<p><strong>Composition :<\/strong> Coton (98%), \u00c9lasthanne (2%)<\/p>\n<p><strong>Collection :<\/strong> Printemps\/\u00c9t\u00e9 2026<\/p>\n<p><strong>Pays de fabrication :<\/strong> Chine<\/p>\n<p><strong>R\u00e9f\u00e9rence :<\/strong> JC8306B<\/p>\n","protected":false},"excerpt":{"rendered":"<p><strong>D\u00e9tails du produit<\/strong><\/p>\n<p>Jean homme au look tendance et moderne, r\u00e9alis\u00e9 dans un denim bleu d\u00e9lav\u00e9 avec des effets de blanchiment subtils sur l\u2019avant pour un style authentique et urbain. Les d\u00e9tails l\u00e9g\u00e8rement us\u00e9s apportent du caract\u00e8re tout en restant \u00e9l\u00e9gants et faciles \u00e0 porter au quotidien.<\/p>\n<p><strong>Composition :<\/strong> Coton (98%), \u00c9lasthanne (2%)<\/p>\n<p><strong>Collection :<\/strong> Printemps\/\u00c9t\u00e9 2026<\/p>\n","protected":false},"featured_media":94302,"comment_status":"open","ping_status":"closed","template":"","meta":{"_monsterinsights_skip_tracking":false,"_monsterinsights_sitenote_active":false,"_monsterinsights_sitenote_note":"","_monsterinsights_sitenote_category":0},"product_cat":[579,442],"product_tag":[],"class_list":{"0":"post-94304","1":"product","2":"type-product","3":"status-publish","4":"has-post-thumbnail","6":"product_brand-chine","7":"product_cat-jeans-hommes","8":"product_cat-produits-en-france","9":"product_shipping_class-france","10":"pa_couleur-bleu","11":"pa_taille-36-28-30-32-34","13":"first","14":"instock","15":"purchasable","16":"product-type-variable","17":"add-to-wishlist-before_image"},"yoast_head":"<!-- This site is optimized with the Yoast SEO plugin v27.5 - https:\/\/yoast.com\/product\/yoast-seo-wordpress\/ -->\n<title>Jean homme dans un denim bleu d\u00e9lav\u00e9 avec des effets de blanchiment subtils. - Oocargoo<\/title>\n<meta name=\"robots\" content=\"index, follow, max-snippet:-1, max-image-preview:large, max-video-preview:-1\" \/>\n<link rel=\"canonical\" href=\"https:\/\/www.oocargoo.com\/dz\/ar\/product\/jean-homme-dans-un-denim-bleu-delave-avec-des-effets-de-blanchiment-subtils\/\" \/>\n<meta property=\"og:locale\" content=\"ar_AR\" \/>\n<meta property=\"og:type\" content=\"article\" \/>\n<meta property=\"og:title\" content=\"Jean homme dans un denim bleu d\u00e9lav\u00e9 avec des effets de blanchiment subtils. - Oocargoo\" \/>\n<meta property=\"og:description\" content=\"D\u00e9tails du produit Jean homme au look tendance et moderne, r\u00e9alis\u00e9 dans un denim bleu d\u00e9lav\u00e9 avec des effets de blanchiment subtils sur l\u2019avant pour un style authentique et urbain. Les d\u00e9tails l\u00e9g\u00e8rement us\u00e9s apportent du caract\u00e8re tout en restant \u00e9l\u00e9gants et faciles \u00e0 porter au quotidien. Composition : Coton (98%), \u00c9lasthanne (2%) Collection : Printemps\/\u00c9t\u00e9 2026\" \/>\n<meta property=\"og:url\" content=\"https:\/\/www.oocargoo.com\/dz\/ar\/product\/jean-homme-dans-un-denim-bleu-delave-avec-des-effets-de-blanchiment-subtils\/\" \/>\n<meta property=\"og:site_name\" content=\"Oocargoo\" \/>\n<meta property=\"article:publisher\" content=\"https:\/\/www.facebook.com\/oocargoo\/\" \/>\n<meta property=\"og:image\" content=\"https:\/\/www.oocargoo.com\/dz\/wp-content\/uploads\/2026\/05\/jean-homme-dans-un-denim-bleu-delave-avec-des-effets-de-blanchiment-su_bleu_69861d5e0cbfb.webp\" \/>\n\t<meta property=\"og:image:width\" content=\"482\" \/>\n\t<meta property=\"og:image:height\" content=\"782\" \/>\n\t<meta property=\"og:image:type\" content=\"image\/webp\" \/>\n<meta name=\"twitter:card\" content=\"summary_large_image\" \/>\n<script type=\"application\/ld+json\" class=\"yoast-schema-graph\">{\"@context\":\"https:\\\/\\\/schema.org\",\"@graph\":[{\"@type\":\"WebPage\",\"@id\":\"https:\\\/\\\/www.oocargoo.com\\\/dz\\\/ar\\\/product\\\/jean-homme-dans-un-denim-bleu-delave-avec-des-effets-de-blanchiment-subtils\\\/\",\"url\":\"https:\\\/\\\/www.oocargoo.com\\\/dz\\\/ar\\\/product\\\/jean-homme-dans-un-denim-bleu-delave-avec-des-effets-de-blanchiment-subtils\\\/\",\"name\":\"Jean homme dans un denim bleu d\u00e9lav\u00e9 avec des effets de blanchiment subtils. - Oocargoo\",\"isPartOf\":{\"@id\":\"https:\\\/\\\/www.oocargoo.com\\\/dz\\\/ar\\\/#website\"},\"primaryImageOfPage\":{\"@id\":\"https:\\\/\\\/www.oocargoo.com\\\/dz\\\/ar\\\/product\\\/jean-homme-dans-un-denim-bleu-delave-avec-des-effets-de-blanchiment-subtils\\\/#primaryimage\"},\"image\":{\"@id\":\"https:\\\/\\\/www.oocargoo.com\\\/dz\\\/ar\\\/product\\\/jean-homme-dans-un-denim-bleu-delave-avec-des-effets-de-blanchiment-subtils\\\/#primaryimage\"},\"thumbnailUrl\":\"https:\\\/\\\/www.oocargoo.com\\\/dz\\\/wp-content\\\/uploads\\\/2026\\\/05\\\/jean-homme-dans-un-denim-bleu-delave-avec-des-effets-de-blanchiment-su_bleu_69861d5e0cbfb.webp\",\"datePublished\":\"2026-05-10T00:28:36+00:00\",\"breadcrumb\":{\"@id\":\"https:\\\/\\\/www.oocargoo.com\\\/dz\\\/ar\\\/product\\\/jean-homme-dans-un-denim-bleu-delave-avec-des-effets-de-blanchiment-subtils\\\/#breadcrumb\"},\"inLanguage\":\"ar\",\"potentialAction\":[{\"@type\":\"ReadAction\",\"target\":[\"https:\\\/\\\/www.oocargoo.com\\\/dz\\\/ar\\\/product\\\/jean-homme-dans-un-denim-bleu-delave-avec-des-effets-de-blanchiment-subtils\\\/\"]}]},{\"@type\":\"ImageObject\",\"inLanguage\":\"ar\",\"@id\":\"https:\\\/\\\/www.oocargoo.com\\\/dz\\\/ar\\\/product\\\/jean-homme-dans-un-denim-bleu-delave-avec-des-effets-de-blanchiment-subtils\\\/#primaryimage\",\"url\":\"https:\\\/\\\/www.oocargoo.com\\\/dz\\\/wp-content\\\/uploads\\\/2026\\\/05\\\/jean-homme-dans-un-denim-bleu-delave-avec-des-effets-de-blanchiment-su_bleu_69861d5e0cbfb.webp\",\"contentUrl\":\"https:\\\/\\\/www.oocargoo.com\\\/dz\\\/wp-content\\\/uploads\\\/2026\\\/05\\\/jean-homme-dans-un-denim-bleu-delave-avec-des-effets-de-blanchiment-su_bleu_69861d5e0cbfb.webp\",\"width\":482,\"height\":782},{\"@type\":\"BreadcrumbList\",\"@id\":\"https:\\\/\\\/www.oocargoo.com\\\/dz\\\/ar\\\/product\\\/jean-homme-dans-un-denim-bleu-delave-avec-des-effets-de-blanchiment-subtils\\\/#breadcrumb\",\"itemListElement\":[{\"@type\":\"ListItem\",\"position\":1,\"name\":\"Accueil\",\"item\":\"https:\\\/\\\/www.oocargoo.com\\\/dz\\\/ar\\\/\"},{\"@type\":\"ListItem\",\"position\":2,\"name\":\"\u0645\u062a\u062c\u0631\",\"item\":\"https:\\\/\\\/www.oocargoo.com\\\/dz\\\/shop\\\/\"},{\"@type\":\"ListItem\",\"position\":3,\"name\":\"Jean homme dans un denim bleu d\u00e9lav\u00e9 avec des effets de blanchiment subtils.\"}]},{\"@type\":\"WebSite\",\"@id\":\"https:\\\/\\\/www.oocargoo.com\\\/dz\\\/ar\\\/#website\",\"url\":\"https:\\\/\\\/www.oocargoo.com\\\/dz\\\/ar\\\/\",\"name\":\"Oocargoo\",\"description\":\"Grossiste vetement en ligne algerie\",\"publisher\":{\"@id\":\"https:\\\/\\\/www.oocargoo.com\\\/dz\\\/ar\\\/#organization\"},\"potentialAction\":[{\"@type\":\"SearchAction\",\"target\":{\"@type\":\"EntryPoint\",\"urlTemplate\":\"https:\\\/\\\/www.oocargoo.com\\\/dz\\\/ar\\\/?s={search_term_string}\"},\"query-input\":{\"@type\":\"PropertyValueSpecification\",\"valueRequired\":true,\"valueName\":\"search_term_string\"}}],\"inLanguage\":\"ar\"},{\"@type\":\"Organization\",\"@id\":\"https:\\\/\\\/www.oocargoo.com\\\/dz\\\/ar\\\/#organization\",\"name\":\"Oocargoo\",\"url\":\"https:\\\/\\\/www.oocargoo.com\\\/dz\\\/ar\\\/\",\"logo\":{\"@type\":\"ImageObject\",\"inLanguage\":\"ar\",\"@id\":\"https:\\\/\\\/www.oocargoo.com\\\/dz\\\/ar\\\/#\\\/schema\\\/logo\\\/image\\\/\",\"url\":\"https:\\\/\\\/www.oocargoo.com\\\/dz\\\/wp-content\\\/uploads\\\/2024\\\/07\\\/logo_b2b_oocargoo_com-NOIR-a.png\",\"contentUrl\":\"https:\\\/\\\/www.oocargoo.com\\\/dz\\\/wp-content\\\/uploads\\\/2024\\\/07\\\/logo_b2b_oocargoo_com-NOIR-a.png\",\"width\":600,\"height\":146,\"caption\":\"Oocargoo\"},\"image\":{\"@id\":\"https:\\\/\\\/www.oocargoo.com\\\/dz\\\/ar\\\/#\\\/schema\\\/logo\\\/image\\\/\"},\"sameAs\":[\"https:\\\/\\\/www.facebook.com\\\/oocargoo\\\/\",\"https:\\\/\\\/www.instagram.com\\\/oocargoo\\\/\"]}]}<\/script>\n<!-- \/ Yoast SEO plugin. -->","yoast_head_json":{"title":"Jean homme dans un denim bleu d\u00e9lav\u00e9 avec des effets de blanchiment subtils. - Oocargoo","robots":{"index":"index","follow":"follow","max-snippet":"max-snippet:-1","max-image-preview":"max-image-preview:large","max-video-preview":"max-video-preview:-1"},"canonical":"https:\/\/www.oocargoo.com\/dz\/ar\/product\/jean-homme-dans-un-denim-bleu-delave-avec-des-effets-de-blanchiment-subtils\/","og_locale":"ar_AR","og_type":"article","og_title":"Jean homme dans un denim bleu d\u00e9lav\u00e9 avec des effets de blanchiment subtils. - Oocargoo","og_description":"D\u00e9tails du produit Jean homme au look tendance et moderne, r\u00e9alis\u00e9 dans un denim bleu d\u00e9lav\u00e9 avec des effets de blanchiment subtils sur l\u2019avant pour un style authentique et urbain. Les d\u00e9tails l\u00e9g\u00e8rement us\u00e9s apportent du caract\u00e8re tout en restant \u00e9l\u00e9gants et faciles \u00e0 porter au quotidien. Composition : Coton (98%), \u00c9lasthanne (2%) Collection : Printemps\/\u00c9t\u00e9 2026","og_url":"https:\/\/www.oocargoo.com\/dz\/ar\/product\/jean-homme-dans-un-denim-bleu-delave-avec-des-effets-de-blanchiment-subtils\/","og_site_name":"Oocargoo","article_publisher":"https:\/\/www.facebook.com\/oocargoo\/","og_image":[{"width":482,"height":782,"url":"https:\/\/www.oocargoo.com\/dz\/wp-content\/uploads\/2026\/05\/jean-homme-dans-un-denim-bleu-delave-avec-des-effets-de-blanchiment-su_bleu_69861d5e0cbfb.webp","type":"image\/webp"}],"twitter_card":"summary_large_image","schema":{"@context":"https:\/\/schema.org","@graph":[{"@type":"WebPage","@id":"https:\/\/www.oocargoo.com\/dz\/ar\/product\/jean-homme-dans-un-denim-bleu-delave-avec-des-effets-de-blanchiment-subtils\/","url":"https:\/\/www.oocargoo.com\/dz\/ar\/product\/jean-homme-dans-un-denim-bleu-delave-avec-des-effets-de-blanchiment-subtils\/","name":"Jean homme dans un denim bleu d\u00e9lav\u00e9 avec des effets de blanchiment subtils. - Oocargoo","isPartOf":{"@id":"https:\/\/www.oocargoo.com\/dz\/ar\/#website"},"primaryImageOfPage":{"@id":"https:\/\/www.oocargoo.com\/dz\/ar\/product\/jean-homme-dans-un-denim-bleu-delave-avec-des-effets-de-blanchiment-subtils\/#primaryimage"},"image":{"@id":"https:\/\/www.oocargoo.com\/dz\/ar\/product\/jean-homme-dans-un-denim-bleu-delave-avec-des-effets-de-blanchiment-subtils\/#primaryimage"},"thumbnailUrl":"https:\/\/www.oocargoo.com\/dz\/wp-content\/uploads\/2026\/05\/jean-homme-dans-un-denim-bleu-delave-avec-des-effets-de-blanchiment-su_bleu_69861d5e0cbfb.webp","datePublished":"2026-05-10T00:28:36+00:00","breadcrumb":{"@id":"https:\/\/www.oocargoo.com\/dz\/ar\/product\/jean-homme-dans-un-denim-bleu-delave-avec-des-effets-de-blanchiment-subtils\/#breadcrumb"},"inLanguage":"ar","potentialAction":[{"@type":"ReadAction","target":["https:\/\/www.oocargoo.com\/dz\/ar\/product\/jean-homme-dans-un-denim-bleu-delave-avec-des-effets-de-blanchiment-subtils\/"]}]},{"@type":"ImageObject","inLanguage":"ar","@id":"https:\/\/www.oocargoo.com\/dz\/ar\/product\/jean-homme-dans-un-denim-bleu-delave-avec-des-effets-de-blanchiment-subtils\/#primaryimage","url":"https:\/\/www.oocargoo.com\/dz\/wp-content\/uploads\/2026\/05\/jean-homme-dans-un-denim-bleu-delave-avec-des-effets-de-blanchiment-su_bleu_69861d5e0cbfb.webp","contentUrl":"https:\/\/www.oocargoo.com\/dz\/wp-content\/uploads\/2026\/05\/jean-homme-dans-un-denim-bleu-delave-avec-des-effets-de-blanchiment-su_bleu_69861d5e0cbfb.webp","width":482,"height":782},{"@type":"BreadcrumbList","@id":"https:\/\/www.oocargoo.com\/dz\/ar\/product\/jean-homme-dans-un-denim-bleu-delave-avec-des-effets-de-blanchiment-subtils\/#breadcrumb","itemListElement":[{"@type":"ListItem","position":1,"name":"Accueil","item":"https:\/\/www.oocargoo.com\/dz\/ar\/"},{"@type":"ListItem","position":2,"name":"\u0645\u062a\u062c\u0631","item":"https:\/\/www.oocargoo.com\/dz\/shop\/"},{"@type":"ListItem","position":3,"name":"Jean homme dans un denim bleu d\u00e9lav\u00e9 avec des effets de blanchiment subtils."}]},{"@type":"WebSite","@id":"https:\/\/www.oocargoo.com\/dz\/ar\/#website","url":"https:\/\/www.oocargoo.com\/dz\/ar\/","name":"Oocargoo","description":"Grossiste vetement en ligne algerie","publisher":{"@id":"https:\/\/www.oocargoo.com\/dz\/ar\/#organization"},"potentialAction":[{"@type":"SearchAction","target":{"@type":"EntryPoint","urlTemplate":"https:\/\/www.oocargoo.com\/dz\/ar\/?s={search_term_string}"},"query-input":{"@type":"PropertyValueSpecification","valueRequired":true,"valueName":"search_term_string"}}],"inLanguage":"ar"},{"@type":"Organization","@id":"https:\/\/www.oocargoo.com\/dz\/ar\/#organization","name":"Oocargoo","url":"https:\/\/www.oocargoo.com\/dz\/ar\/","logo":{"@type":"ImageObject","inLanguage":"ar","@id":"https:\/\/www.oocargoo.com\/dz\/ar\/#\/schema\/logo\/image\/","url":"https:\/\/www.oocargoo.com\/dz\/wp-content\/uploads\/2024\/07\/logo_b2b_oocargoo_com-NOIR-a.png","contentUrl":"https:\/\/www.oocargoo.com\/dz\/wp-content\/uploads\/2024\/07\/logo_b2b_oocargoo_com-NOIR-a.png","width":600,"height":146,"caption":"Oocargoo"},"image":{"@id":"https:\/\/www.oocargoo.com\/dz\/ar\/#\/schema\/logo\/image\/"},"sameAs":["https:\/\/www.facebook.com\/oocargoo\/","https:\/\/www.instagram.com\/oocargoo\/"]}]}},"_links":{"self":[{"href":"https:\/\/www.oocargoo.com\/dz\/ar\/wp-json\/wp\/v2\/product\/94304","targetHints":{"allow":["GET"]}}],"collection":[{"href":"https:\/\/www.oocargoo.com\/dz\/ar\/wp-json\/wp\/v2\/product"}],"about":[{"href":"https:\/\/www.oocargoo.com\/dz\/ar\/wp-json\/wp\/v2\/types\/product"}],"replies":[{"embeddable":true,"href":"https:\/\/www.oocargoo.com\/dz\/ar\/wp-json\/wp\/v2\/comments?post=94304"}],"version-history":[{"count":0,"href":"https:\/\/www.oocargoo.com\/dz\/ar\/wp-json\/wp\/v2\/product\/94304\/revisions"}],"wp:featuredmedia":[{"embeddable":true,"href":"https:\/\/www.oocargoo.com\/dz\/ar\/wp-json\/wp\/v2\/media\/94302"}],"wp:attachment":[{"href":"https:\/\/www.oocargoo.com\/dz\/ar\/wp-json\/wp\/v2\/media?parent=94304"}],"wp:term":[{"taxonomy":"product_cat","embeddable":true,"href":"https:\/\/www.oocargoo.com\/dz\/ar\/wp-json\/wp\/v2\/product_cat?post=94304"},{"taxonomy":"product_tag","embeddable":true,"href":"https:\/\/www.oocargoo.com\/dz\/ar\/wp-json\/wp\/v2\/product_tag?post=94304"}],"curies":[{"name":"wp","href":"https:\/\/api.w.org\/{rel}","templated":true}]}}