{"id":92856,"date":"2026-05-09T00:39:02","date_gmt":"2026-05-08T23:39:02","guid":{"rendered":"https:\/\/www.oocargoo.com\/dz\/?post_type=product&#038;p=92856"},"modified":"2026-05-09T00:39:02","modified_gmt":"2026-05-08T23:39:02","slug":"pantalon-jogging-uni-homme-avec-cordon-de-serrage-a-la-taille-2","status":"publish","type":"product","link":"https:\/\/www.oocargoo.com\/dz\/ar\/product\/pantalon-jogging-uni-homme-avec-cordon-de-serrage-a-la-taille-2\/","title":{"rendered":"Pantalon jogging uni homme avec cordon de serrage \u00e0 la taille"},"content":{"rendered":"<p><strong>D\u00e9tails du produit<\/strong><\/p>\n<p>Pantalon jogging uni homme avec cordon de serrage \u00e0 la taille, packaging: 1*S, 1*M, 1*L, 1*XL, 1*XXL<\/p>\n<p><strong>Composition :<\/strong> Coton (65%), Polyester (35%)<\/p>\n<p><strong>Collection :<\/strong> Automne\/Hiver 2025\/2026<\/p>\n<p><strong>Pays de fabrication :<\/strong> Chine<\/p>\n<p><strong>R\u00e9f\u00e9rence :<\/strong> JY2186-11<\/p>\n","protected":false},"excerpt":{"rendered":"<p><strong>D\u00e9tails du produit<\/strong><\/p>\n<p>Pantalon jogging uni homme avec cordon de serrage \u00e0 la taille, packaging: 1*S, 1*M, 1*L, 1*XL, 1*XXL<\/p>\n<p><strong>Composition :<\/strong> Coton (65%), Polyester (35%)<\/p>\n<p><strong>Collection :<\/strong> Automne\/Hiver 2025\/2026<\/p>\n","protected":false},"featured_media":92851,"comment_status":"open","ping_status":"closed","template":"","meta":{"_acf_changed":false,"_monsterinsights_skip_tracking":false,"_monsterinsights_sitenote_active":false,"_monsterinsights_sitenote_note":"","_monsterinsights_sitenote_category":0},"product_cat":[581,442],"product_tag":[],"class_list":{"0":"post-92856","1":"product","2":"type-product","3":"status-publish","4":"has-post-thumbnail","6":"product_brand-chine","7":"product_cat-pantalons-hommes","8":"product_cat-produits-en-france","9":"product_shipping_class-france","10":"pa_couleur-beige","11":"pa_taille-s-m-l-xl-xxl","13":"first","14":"instock","15":"purchasable","16":"product-type-variable","17":"add-to-wishlist-before_image"},"acf":[],"yoast_head":"<!-- This site is optimized with the Yoast SEO plugin v27.5 - https:\/\/yoast.com\/product\/yoast-seo-wordpress\/ -->\n<title>Pantalon jogging uni homme avec cordon de serrage \u00e0 la taille - Oocargoo<\/title>\n<meta name=\"robots\" content=\"index, follow, max-snippet:-1, max-image-preview:large, max-video-preview:-1\" \/>\n<link rel=\"canonical\" href=\"https:\/\/www.oocargoo.com\/dz\/ar\/product\/pantalon-jogging-uni-homme-avec-cordon-de-serrage-a-la-taille-2\/\" \/>\n<meta property=\"og:locale\" content=\"ar_AR\" \/>\n<meta property=\"og:type\" content=\"article\" \/>\n<meta property=\"og:title\" content=\"Pantalon jogging uni homme avec cordon de serrage \u00e0 la taille - Oocargoo\" \/>\n<meta property=\"og:description\" content=\"D\u00e9tails du produit Pantalon jogging uni homme avec cordon de serrage \u00e0 la taille, packaging: 1*S, 1*M, 1*L, 1*XL, 1*XXL Composition : Coton (65%), Polyester (35%) Collection : Automne\/Hiver 2025\/2026\" \/>\n<meta property=\"og:url\" content=\"https:\/\/www.oocargoo.com\/dz\/ar\/product\/pantalon-jogging-uni-homme-avec-cordon-de-serrage-a-la-taille-2\/\" \/>\n<meta property=\"og:site_name\" content=\"Oocargoo\" \/>\n<meta property=\"article:publisher\" content=\"https:\/\/www.facebook.com\/oocargoo\/\" \/>\n<meta property=\"og:image\" content=\"https:\/\/www.oocargoo.com\/dz\/wp-content\/uploads\/2026\/05\/pantalon-jogging-uni-homme-avec-cordon-de-serrage-a-la-taille_beige_68c44c9a203a5.webp\" \/>\n\t<meta property=\"og:image:width\" content=\"800\" \/>\n\t<meta property=\"og:image:height\" content=\"1200\" \/>\n\t<meta property=\"og:image:type\" content=\"image\/webp\" \/>\n<meta name=\"twitter:card\" content=\"summary_large_image\" \/>\n<script type=\"application\/ld+json\" class=\"yoast-schema-graph\">{\"@context\":\"https:\\\/\\\/schema.org\",\"@graph\":[{\"@type\":\"WebPage\",\"@id\":\"https:\\\/\\\/www.oocargoo.com\\\/dz\\\/ar\\\/product\\\/pantalon-jogging-uni-homme-avec-cordon-de-serrage-a-la-taille-2\\\/\",\"url\":\"https:\\\/\\\/www.oocargoo.com\\\/dz\\\/ar\\\/product\\\/pantalon-jogging-uni-homme-avec-cordon-de-serrage-a-la-taille-2\\\/\",\"name\":\"Pantalon jogging uni homme avec cordon de serrage \u00e0 la taille - Oocargoo\",\"isPartOf\":{\"@id\":\"https:\\\/\\\/www.oocargoo.com\\\/dz\\\/ar\\\/#website\"},\"primaryImageOfPage\":{\"@id\":\"https:\\\/\\\/www.oocargoo.com\\\/dz\\\/ar\\\/product\\\/pantalon-jogging-uni-homme-avec-cordon-de-serrage-a-la-taille-2\\\/#primaryimage\"},\"image\":{\"@id\":\"https:\\\/\\\/www.oocargoo.com\\\/dz\\\/ar\\\/product\\\/pantalon-jogging-uni-homme-avec-cordon-de-serrage-a-la-taille-2\\\/#primaryimage\"},\"thumbnailUrl\":\"https:\\\/\\\/www.oocargoo.com\\\/dz\\\/wp-content\\\/uploads\\\/2026\\\/05\\\/pantalon-jogging-uni-homme-avec-cordon-de-serrage-a-la-taille_beige_68c44c9a203a5.webp\",\"datePublished\":\"2026-05-08T23:39:02+00:00\",\"breadcrumb\":{\"@id\":\"https:\\\/\\\/www.oocargoo.com\\\/dz\\\/ar\\\/product\\\/pantalon-jogging-uni-homme-avec-cordon-de-serrage-a-la-taille-2\\\/#breadcrumb\"},\"inLanguage\":\"ar\",\"potentialAction\":[{\"@type\":\"ReadAction\",\"target\":[\"https:\\\/\\\/www.oocargoo.com\\\/dz\\\/ar\\\/product\\\/pantalon-jogging-uni-homme-avec-cordon-de-serrage-a-la-taille-2\\\/\"]}]},{\"@type\":\"ImageObject\",\"inLanguage\":\"ar\",\"@id\":\"https:\\\/\\\/www.oocargoo.com\\\/dz\\\/ar\\\/product\\\/pantalon-jogging-uni-homme-avec-cordon-de-serrage-a-la-taille-2\\\/#primaryimage\",\"url\":\"https:\\\/\\\/www.oocargoo.com\\\/dz\\\/wp-content\\\/uploads\\\/2026\\\/05\\\/pantalon-jogging-uni-homme-avec-cordon-de-serrage-a-la-taille_beige_68c44c9a203a5.webp\",\"contentUrl\":\"https:\\\/\\\/www.oocargoo.com\\\/dz\\\/wp-content\\\/uploads\\\/2026\\\/05\\\/pantalon-jogging-uni-homme-avec-cordon-de-serrage-a-la-taille_beige_68c44c9a203a5.webp\",\"width\":800,\"height\":1200},{\"@type\":\"BreadcrumbList\",\"@id\":\"https:\\\/\\\/www.oocargoo.com\\\/dz\\\/ar\\\/product\\\/pantalon-jogging-uni-homme-avec-cordon-de-serrage-a-la-taille-2\\\/#breadcrumb\",\"itemListElement\":[{\"@type\":\"ListItem\",\"position\":1,\"name\":\"Accueil\",\"item\":\"https:\\\/\\\/www.oocargoo.com\\\/dz\\\/ar\\\/\"},{\"@type\":\"ListItem\",\"position\":2,\"name\":\"Shop\",\"item\":\"https:\\\/\\\/www.oocargoo.com\\\/dz\\\/shop\\\/\"},{\"@type\":\"ListItem\",\"position\":3,\"name\":\"Pantalon jogging uni homme avec cordon de serrage \u00e0 la taille\"}]},{\"@type\":\"WebSite\",\"@id\":\"https:\\\/\\\/www.oocargoo.com\\\/dz\\\/ar\\\/#website\",\"url\":\"https:\\\/\\\/www.oocargoo.com\\\/dz\\\/ar\\\/\",\"name\":\"Oocargoo\",\"description\":\"Grossiste vetement en ligne algerie\",\"publisher\":{\"@id\":\"https:\\\/\\\/www.oocargoo.com\\\/dz\\\/ar\\\/#organization\"},\"potentialAction\":[{\"@type\":\"SearchAction\",\"target\":{\"@type\":\"EntryPoint\",\"urlTemplate\":\"https:\\\/\\\/www.oocargoo.com\\\/dz\\\/ar\\\/?s={search_term_string}\"},\"query-input\":{\"@type\":\"PropertyValueSpecification\",\"valueRequired\":true,\"valueName\":\"search_term_string\"}}],\"inLanguage\":\"ar\"},{\"@type\":\"Organization\",\"@id\":\"https:\\\/\\\/www.oocargoo.com\\\/dz\\\/ar\\\/#organization\",\"name\":\"Oocargoo\",\"url\":\"https:\\\/\\\/www.oocargoo.com\\\/dz\\\/ar\\\/\",\"logo\":{\"@type\":\"ImageObject\",\"inLanguage\":\"ar\",\"@id\":\"https:\\\/\\\/www.oocargoo.com\\\/dz\\\/ar\\\/#\\\/schema\\\/logo\\\/image\\\/\",\"url\":\"https:\\\/\\\/www.oocargoo.com\\\/dz\\\/wp-content\\\/uploads\\\/2024\\\/07\\\/logo_b2b_oocargoo_com-NOIR-a.png\",\"contentUrl\":\"https:\\\/\\\/www.oocargoo.com\\\/dz\\\/wp-content\\\/uploads\\\/2024\\\/07\\\/logo_b2b_oocargoo_com-NOIR-a.png\",\"width\":600,\"height\":146,\"caption\":\"Oocargoo\"},\"image\":{\"@id\":\"https:\\\/\\\/www.oocargoo.com\\\/dz\\\/ar\\\/#\\\/schema\\\/logo\\\/image\\\/\"},\"sameAs\":[\"https:\\\/\\\/www.facebook.com\\\/oocargoo\\\/\",\"https:\\\/\\\/www.instagram.com\\\/oocargoo\\\/\"]}]}<\/script>\n<!-- \/ Yoast SEO plugin. -->","yoast_head_json":{"title":"Pantalon jogging uni homme avec cordon de serrage \u00e0 la taille - Oocargoo","robots":{"index":"index","follow":"follow","max-snippet":"max-snippet:-1","max-image-preview":"max-image-preview:large","max-video-preview":"max-video-preview:-1"},"canonical":"https:\/\/www.oocargoo.com\/dz\/ar\/product\/pantalon-jogging-uni-homme-avec-cordon-de-serrage-a-la-taille-2\/","og_locale":"ar_AR","og_type":"article","og_title":"Pantalon jogging uni homme avec cordon de serrage \u00e0 la taille - Oocargoo","og_description":"D\u00e9tails du produit Pantalon jogging uni homme avec cordon de serrage \u00e0 la taille, packaging: 1*S, 1*M, 1*L, 1*XL, 1*XXL Composition : Coton (65%), Polyester (35%) Collection : Automne\/Hiver 2025\/2026","og_url":"https:\/\/www.oocargoo.com\/dz\/ar\/product\/pantalon-jogging-uni-homme-avec-cordon-de-serrage-a-la-taille-2\/","og_site_name":"Oocargoo","article_publisher":"https:\/\/www.facebook.com\/oocargoo\/","og_image":[{"width":800,"height":1200,"url":"https:\/\/www.oocargoo.com\/dz\/wp-content\/uploads\/2026\/05\/pantalon-jogging-uni-homme-avec-cordon-de-serrage-a-la-taille_beige_68c44c9a203a5.webp","type":"image\/webp"}],"twitter_card":"summary_large_image","schema":{"@context":"https:\/\/schema.org","@graph":[{"@type":"WebPage","@id":"https:\/\/www.oocargoo.com\/dz\/ar\/product\/pantalon-jogging-uni-homme-avec-cordon-de-serrage-a-la-taille-2\/","url":"https:\/\/www.oocargoo.com\/dz\/ar\/product\/pantalon-jogging-uni-homme-avec-cordon-de-serrage-a-la-taille-2\/","name":"Pantalon jogging uni homme avec cordon de serrage \u00e0 la taille - Oocargoo","isPartOf":{"@id":"https:\/\/www.oocargoo.com\/dz\/ar\/#website"},"primaryImageOfPage":{"@id":"https:\/\/www.oocargoo.com\/dz\/ar\/product\/pantalon-jogging-uni-homme-avec-cordon-de-serrage-a-la-taille-2\/#primaryimage"},"image":{"@id":"https:\/\/www.oocargoo.com\/dz\/ar\/product\/pantalon-jogging-uni-homme-avec-cordon-de-serrage-a-la-taille-2\/#primaryimage"},"thumbnailUrl":"https:\/\/www.oocargoo.com\/dz\/wp-content\/uploads\/2026\/05\/pantalon-jogging-uni-homme-avec-cordon-de-serrage-a-la-taille_beige_68c44c9a203a5.webp","datePublished":"2026-05-08T23:39:02+00:00","breadcrumb":{"@id":"https:\/\/www.oocargoo.com\/dz\/ar\/product\/pantalon-jogging-uni-homme-avec-cordon-de-serrage-a-la-taille-2\/#breadcrumb"},"inLanguage":"ar","potentialAction":[{"@type":"ReadAction","target":["https:\/\/www.oocargoo.com\/dz\/ar\/product\/pantalon-jogging-uni-homme-avec-cordon-de-serrage-a-la-taille-2\/"]}]},{"@type":"ImageObject","inLanguage":"ar","@id":"https:\/\/www.oocargoo.com\/dz\/ar\/product\/pantalon-jogging-uni-homme-avec-cordon-de-serrage-a-la-taille-2\/#primaryimage","url":"https:\/\/www.oocargoo.com\/dz\/wp-content\/uploads\/2026\/05\/pantalon-jogging-uni-homme-avec-cordon-de-serrage-a-la-taille_beige_68c44c9a203a5.webp","contentUrl":"https:\/\/www.oocargoo.com\/dz\/wp-content\/uploads\/2026\/05\/pantalon-jogging-uni-homme-avec-cordon-de-serrage-a-la-taille_beige_68c44c9a203a5.webp","width":800,"height":1200},{"@type":"BreadcrumbList","@id":"https:\/\/www.oocargoo.com\/dz\/ar\/product\/pantalon-jogging-uni-homme-avec-cordon-de-serrage-a-la-taille-2\/#breadcrumb","itemListElement":[{"@type":"ListItem","position":1,"name":"Accueil","item":"https:\/\/www.oocargoo.com\/dz\/ar\/"},{"@type":"ListItem","position":2,"name":"Shop","item":"https:\/\/www.oocargoo.com\/dz\/shop\/"},{"@type":"ListItem","position":3,"name":"Pantalon jogging uni homme avec cordon de serrage \u00e0 la taille"}]},{"@type":"WebSite","@id":"https:\/\/www.oocargoo.com\/dz\/ar\/#website","url":"https:\/\/www.oocargoo.com\/dz\/ar\/","name":"Oocargoo","description":"Grossiste vetement en ligne algerie","publisher":{"@id":"https:\/\/www.oocargoo.com\/dz\/ar\/#organization"},"potentialAction":[{"@type":"SearchAction","target":{"@type":"EntryPoint","urlTemplate":"https:\/\/www.oocargoo.com\/dz\/ar\/?s={search_term_string}"},"query-input":{"@type":"PropertyValueSpecification","valueRequired":true,"valueName":"search_term_string"}}],"inLanguage":"ar"},{"@type":"Organization","@id":"https:\/\/www.oocargoo.com\/dz\/ar\/#organization","name":"Oocargoo","url":"https:\/\/www.oocargoo.com\/dz\/ar\/","logo":{"@type":"ImageObject","inLanguage":"ar","@id":"https:\/\/www.oocargoo.com\/dz\/ar\/#\/schema\/logo\/image\/","url":"https:\/\/www.oocargoo.com\/dz\/wp-content\/uploads\/2024\/07\/logo_b2b_oocargoo_com-NOIR-a.png","contentUrl":"https:\/\/www.oocargoo.com\/dz\/wp-content\/uploads\/2024\/07\/logo_b2b_oocargoo_com-NOIR-a.png","width":600,"height":146,"caption":"Oocargoo"},"image":{"@id":"https:\/\/www.oocargoo.com\/dz\/ar\/#\/schema\/logo\/image\/"},"sameAs":["https:\/\/www.facebook.com\/oocargoo\/","https:\/\/www.instagram.com\/oocargoo\/"]}]}},"_links":{"self":[{"href":"https:\/\/www.oocargoo.com\/dz\/ar\/wp-json\/wp\/v2\/product\/92856","targetHints":{"allow":["GET"]}}],"collection":[{"href":"https:\/\/www.oocargoo.com\/dz\/ar\/wp-json\/wp\/v2\/product"}],"about":[{"href":"https:\/\/www.oocargoo.com\/dz\/ar\/wp-json\/wp\/v2\/types\/product"}],"replies":[{"embeddable":true,"href":"https:\/\/www.oocargoo.com\/dz\/ar\/wp-json\/wp\/v2\/comments?post=92856"}],"version-history":[{"count":1,"href":"https:\/\/www.oocargoo.com\/dz\/ar\/wp-json\/wp\/v2\/product\/92856\/revisions"}],"predecessor-version":[{"id":93847,"href":"https:\/\/www.oocargoo.com\/dz\/ar\/wp-json\/wp\/v2\/product\/92856\/revisions\/93847"}],"wp:featuredmedia":[{"embeddable":true,"href":"https:\/\/www.oocargoo.com\/dz\/ar\/wp-json\/wp\/v2\/media\/92851"}],"wp:attachment":[{"href":"https:\/\/www.oocargoo.com\/dz\/ar\/wp-json\/wp\/v2\/media?parent=92856"}],"wp:term":[{"taxonomy":"product_cat","embeddable":true,"href":"https:\/\/www.oocargoo.com\/dz\/ar\/wp-json\/wp\/v2\/product_cat?post=92856"},{"taxonomy":"product_tag","embeddable":true,"href":"https:\/\/www.oocargoo.com\/dz\/ar\/wp-json\/wp\/v2\/product_tag?post=92856"}],"curies":[{"name":"wp","href":"https:\/\/api.w.org\/{rel}","templated":true}]}}