{"id":90255,"date":"2026-05-08T19:23:46","date_gmt":"2026-05-08T18:23:46","guid":{"rendered":"https:\/\/www.oocargoo.com\/dz\/?post_type=product&#038;p=90255"},"modified":"2026-05-08T19:23:46","modified_gmt":"2026-05-08T18:23:46","slug":"ensemble-tailleur-decontracte-pour-femme-5","status":"publish","type":"product","link":"https:\/\/www.oocargoo.com\/dz\/ar\/product\/ensemble-tailleur-decontracte-pour-femme-5\/","title":{"rendered":"Ensemble tailleur d\u00e9contract\u00e9 pour femme"},"content":{"rendered":"<p><strong>D\u00e9tails du produit<\/strong><\/p>\n<p>Ensemble tailleur d\u00e9contract\u00e9 pour femme Ce blazer revisite le classique tailleur avec une touche romantique et d\u00e9contract\u00e9e. Confectionn\u00e9 dans un tissu doux et fluide de couleur, il se distingue par ses finitions dentelle brod\u00e9e au niveau des ourlets et des poignets. La attache nou\u00e9e au centre ajoute une note \u00e9l\u00e9gante et ajustable. Longueur75cm Le pantalon large fluide allie confort et \u00e9l\u00e9gance pour un look chic et d\u00e9contract\u00e9. Confectionn\u00e9 dans un tissu lisse et l\u00e9g\u00e8rement brillant. Longueur 100cm<\/p>\n<p><strong>Correspondance TU :<\/strong> 36-40<\/p>\n<p><strong>Composition :<\/strong> Polyester (95%), Elastane (5%)<\/p>\n<p><strong>Collection :<\/strong> Printemps\/\u00c9t\u00e9 2026<\/p>\n<p><strong>Pays de fabrication :<\/strong> Italie<\/p>\n<p><strong>R\u00e9f\u00e9rence :<\/strong> 750-5815\/748-20275-7<\/p>\n","protected":false},"excerpt":{"rendered":"<p><strong>D\u00e9tails du produit<\/strong><\/p>\n<p>Ensemble tailleur d\u00e9contract\u00e9 pour femme Ce blazer revisite le classique tailleur avec une touche romantique et d\u00e9contract\u00e9e. Confectionn\u00e9 dans un tissu doux et fluide de couleur, il se distingue par ses finitions dentelle brod\u00e9e au niveau des ourlets et des poignets. La attache nou\u00e9e au centre ajoute une note \u00e9l\u00e9gante et ajustable. Longueur75cm Le pantalon large fluide allie confort et \u00e9l\u00e9gance pour un look chic et d\u00e9contract\u00e9. Confectionn\u00e9 dans un tissu lisse et l\u00e9g\u00e8rement brillant. Longueur 100cm<\/p>\n<p><strong>Correspondance TU :<\/strong> 36-40<\/p>\n<p><strong>Composition :<\/strong> Polyester (95%), Elastane (5%)<\/p>\n<p><strong>Collection :<\/strong> Printemps\/\u00c9t\u00e9 2026<\/p>\n","protected":false},"featured_media":90212,"comment_status":"open","ping_status":"closed","template":"","meta":{"_acf_changed":false,"_monsterinsights_skip_tracking":false,"_monsterinsights_sitenote_active":false,"_monsterinsights_sitenote_note":"","_monsterinsights_sitenote_category":0},"product_cat":[479,485],"product_tag":[],"class_list":{"0":"post-90255","1":"product","2":"type-product","3":"status-publish","4":"has-post-thumbnail","6":"product_brand-968","7":"product_cat-479","8":"product_cat-485","9":"product_shipping_class-969","10":"pa_couleur-bleu-clair","11":"pa_couleur-blush","12":"pa_couleur-ecru","13":"pa_couleur-noir-ar","14":"pa_couleur-taupe","15":"pa_taille-967","17":"first","18":"instock","19":"purchasable","20":"product-type-variable","21":"add-to-wishlist-before_image"},"acf":[],"yoast_head":"<!-- This site is optimized with the Yoast SEO plugin v27.5 - https:\/\/yoast.com\/product\/yoast-seo-wordpress\/ -->\n<title>Ensemble tailleur d\u00e9contract\u00e9 pour femme - Oocargoo<\/title>\n<meta name=\"robots\" content=\"index, follow, max-snippet:-1, max-image-preview:large, max-video-preview:-1\" \/>\n<link rel=\"canonical\" href=\"https:\/\/www.oocargoo.com\/dz\/ar\/product\/ensemble-tailleur-decontracte-pour-femme-5\/\" \/>\n<meta property=\"og:locale\" content=\"ar_AR\" \/>\n<meta property=\"og:type\" content=\"article\" \/>\n<meta property=\"og:title\" content=\"Ensemble tailleur d\u00e9contract\u00e9 pour femme - Oocargoo\" \/>\n<meta property=\"og:description\" content=\"D\u00e9tails du produit Ensemble tailleur d\u00e9contract\u00e9 pour femme Ce blazer revisite le classique tailleur avec une touche romantique et d\u00e9contract\u00e9e. Confectionn\u00e9 dans un tissu doux et fluide de couleur, il se distingue par ses finitions dentelle brod\u00e9e au niveau des ourlets et des poignets. La attache nou\u00e9e au centre ajoute une note \u00e9l\u00e9gante et ajustable. Longueur75cm Le pantalon large fluide allie confort et \u00e9l\u00e9gance pour un look chic et d\u00e9contract\u00e9. Confectionn\u00e9 dans un tissu lisse et l\u00e9g\u00e8rement brillant. Longueur 100cm Correspondance TU : 36-40 Composition : Polyester (95%), Elastane (5%) Collection : Printemps\/\u00c9t\u00e9 2026\" \/>\n<meta property=\"og:url\" content=\"https:\/\/www.oocargoo.com\/dz\/ar\/product\/ensemble-tailleur-decontracte-pour-femme-5\/\" \/>\n<meta property=\"og:site_name\" content=\"Oocargoo\" \/>\n<meta property=\"article:publisher\" content=\"https:\/\/www.facebook.com\/oocargoo\/\" \/>\n<meta property=\"og:image\" content=\"https:\/\/www.oocargoo.com\/dz\/wp-content\/uploads\/2026\/05\/ensemble-tailleur-decontracte-pour-femme_noir_69ccc2b47b02a.webp\" \/>\n\t<meta property=\"og:image:width\" content=\"896\" \/>\n\t<meta property=\"og:image:height\" content=\"1200\" \/>\n\t<meta property=\"og:image:type\" content=\"image\/webp\" \/>\n<meta name=\"twitter:card\" content=\"summary_large_image\" \/>\n<meta name=\"twitter:label1\" content=\"\u0648\u0642\u062a \u0627\u0644\u0642\u0631\u0627\u0621\u0629 \u0627\u0644\u0645\u064f\u0642\u062f\u0651\u0631\" \/>\n\t<meta name=\"twitter:data1\" content=\"1 \u062f\u0642\u064a\u0642\u0629\" \/>\n<script type=\"application\/ld+json\" class=\"yoast-schema-graph\">{\"@context\":\"https:\\\/\\\/schema.org\",\"@graph\":[{\"@type\":\"WebPage\",\"@id\":\"https:\\\/\\\/www.oocargoo.com\\\/dz\\\/ar\\\/product\\\/ensemble-tailleur-decontracte-pour-femme-5\\\/\",\"url\":\"https:\\\/\\\/www.oocargoo.com\\\/dz\\\/ar\\\/product\\\/ensemble-tailleur-decontracte-pour-femme-5\\\/\",\"name\":\"Ensemble tailleur d\u00e9contract\u00e9 pour femme - Oocargoo\",\"isPartOf\":{\"@id\":\"https:\\\/\\\/www.oocargoo.com\\\/dz\\\/ar\\\/#website\"},\"primaryImageOfPage\":{\"@id\":\"https:\\\/\\\/www.oocargoo.com\\\/dz\\\/ar\\\/product\\\/ensemble-tailleur-decontracte-pour-femme-5\\\/#primaryimage\"},\"image\":{\"@id\":\"https:\\\/\\\/www.oocargoo.com\\\/dz\\\/ar\\\/product\\\/ensemble-tailleur-decontracte-pour-femme-5\\\/#primaryimage\"},\"thumbnailUrl\":\"https:\\\/\\\/www.oocargoo.com\\\/dz\\\/wp-content\\\/uploads\\\/2026\\\/05\\\/ensemble-tailleur-decontracte-pour-femme_noir_69ccc2b47b02a.webp\",\"datePublished\":\"2026-05-08T18:23:46+00:00\",\"breadcrumb\":{\"@id\":\"https:\\\/\\\/www.oocargoo.com\\\/dz\\\/ar\\\/product\\\/ensemble-tailleur-decontracte-pour-femme-5\\\/#breadcrumb\"},\"inLanguage\":\"ar\",\"potentialAction\":[{\"@type\":\"ReadAction\",\"target\":[\"https:\\\/\\\/www.oocargoo.com\\\/dz\\\/ar\\\/product\\\/ensemble-tailleur-decontracte-pour-femme-5\\\/\"]}]},{\"@type\":\"ImageObject\",\"inLanguage\":\"ar\",\"@id\":\"https:\\\/\\\/www.oocargoo.com\\\/dz\\\/ar\\\/product\\\/ensemble-tailleur-decontracte-pour-femme-5\\\/#primaryimage\",\"url\":\"https:\\\/\\\/www.oocargoo.com\\\/dz\\\/wp-content\\\/uploads\\\/2026\\\/05\\\/ensemble-tailleur-decontracte-pour-femme_noir_69ccc2b47b02a.webp\",\"contentUrl\":\"https:\\\/\\\/www.oocargoo.com\\\/dz\\\/wp-content\\\/uploads\\\/2026\\\/05\\\/ensemble-tailleur-decontracte-pour-femme_noir_69ccc2b47b02a.webp\",\"width\":896,\"height\":1200},{\"@type\":\"BreadcrumbList\",\"@id\":\"https:\\\/\\\/www.oocargoo.com\\\/dz\\\/ar\\\/product\\\/ensemble-tailleur-decontracte-pour-femme-5\\\/#breadcrumb\",\"itemListElement\":[{\"@type\":\"ListItem\",\"position\":1,\"name\":\"Accueil\",\"item\":\"https:\\\/\\\/www.oocargoo.com\\\/dz\\\/ar\\\/\"},{\"@type\":\"ListItem\",\"position\":2,\"name\":\"Shop\",\"item\":\"https:\\\/\\\/www.oocargoo.com\\\/dz\\\/shop\\\/\"},{\"@type\":\"ListItem\",\"position\":3,\"name\":\"Ensemble tailleur d\u00e9contract\u00e9 pour femme\"}]},{\"@type\":\"WebSite\",\"@id\":\"https:\\\/\\\/www.oocargoo.com\\\/dz\\\/ar\\\/#website\",\"url\":\"https:\\\/\\\/www.oocargoo.com\\\/dz\\\/ar\\\/\",\"name\":\"Oocargoo\",\"description\":\"Grossiste vetement en ligne algerie\",\"publisher\":{\"@id\":\"https:\\\/\\\/www.oocargoo.com\\\/dz\\\/ar\\\/#organization\"},\"potentialAction\":[{\"@type\":\"SearchAction\",\"target\":{\"@type\":\"EntryPoint\",\"urlTemplate\":\"https:\\\/\\\/www.oocargoo.com\\\/dz\\\/ar\\\/?s={search_term_string}\"},\"query-input\":{\"@type\":\"PropertyValueSpecification\",\"valueRequired\":true,\"valueName\":\"search_term_string\"}}],\"inLanguage\":\"ar\"},{\"@type\":\"Organization\",\"@id\":\"https:\\\/\\\/www.oocargoo.com\\\/dz\\\/ar\\\/#organization\",\"name\":\"Oocargoo\",\"url\":\"https:\\\/\\\/www.oocargoo.com\\\/dz\\\/ar\\\/\",\"logo\":{\"@type\":\"ImageObject\",\"inLanguage\":\"ar\",\"@id\":\"https:\\\/\\\/www.oocargoo.com\\\/dz\\\/ar\\\/#\\\/schema\\\/logo\\\/image\\\/\",\"url\":\"https:\\\/\\\/www.oocargoo.com\\\/dz\\\/wp-content\\\/uploads\\\/2024\\\/07\\\/logo_b2b_oocargoo_com-NOIR-a.png\",\"contentUrl\":\"https:\\\/\\\/www.oocargoo.com\\\/dz\\\/wp-content\\\/uploads\\\/2024\\\/07\\\/logo_b2b_oocargoo_com-NOIR-a.png\",\"width\":600,\"height\":146,\"caption\":\"Oocargoo\"},\"image\":{\"@id\":\"https:\\\/\\\/www.oocargoo.com\\\/dz\\\/ar\\\/#\\\/schema\\\/logo\\\/image\\\/\"},\"sameAs\":[\"https:\\\/\\\/www.facebook.com\\\/oocargoo\\\/\",\"https:\\\/\\\/www.instagram.com\\\/oocargoo\\\/\"]}]}<\/script>\n<!-- \/ Yoast SEO plugin. -->","yoast_head_json":{"title":"Ensemble tailleur d\u00e9contract\u00e9 pour femme - Oocargoo","robots":{"index":"index","follow":"follow","max-snippet":"max-snippet:-1","max-image-preview":"max-image-preview:large","max-video-preview":"max-video-preview:-1"},"canonical":"https:\/\/www.oocargoo.com\/dz\/ar\/product\/ensemble-tailleur-decontracte-pour-femme-5\/","og_locale":"ar_AR","og_type":"article","og_title":"Ensemble tailleur d\u00e9contract\u00e9 pour femme - Oocargoo","og_description":"D\u00e9tails du produit Ensemble tailleur d\u00e9contract\u00e9 pour femme Ce blazer revisite le classique tailleur avec une touche romantique et d\u00e9contract\u00e9e. Confectionn\u00e9 dans un tissu doux et fluide de couleur, il se distingue par ses finitions dentelle brod\u00e9e au niveau des ourlets et des poignets. La attache nou\u00e9e au centre ajoute une note \u00e9l\u00e9gante et ajustable. Longueur75cm Le pantalon large fluide allie confort et \u00e9l\u00e9gance pour un look chic et d\u00e9contract\u00e9. Confectionn\u00e9 dans un tissu lisse et l\u00e9g\u00e8rement brillant. Longueur 100cm Correspondance TU : 36-40 Composition : Polyester (95%), Elastane (5%) Collection : Printemps\/\u00c9t\u00e9 2026","og_url":"https:\/\/www.oocargoo.com\/dz\/ar\/product\/ensemble-tailleur-decontracte-pour-femme-5\/","og_site_name":"Oocargoo","article_publisher":"https:\/\/www.facebook.com\/oocargoo\/","og_image":[{"width":896,"height":1200,"url":"https:\/\/www.oocargoo.com\/dz\/wp-content\/uploads\/2026\/05\/ensemble-tailleur-decontracte-pour-femme_noir_69ccc2b47b02a.webp","type":"image\/webp"}],"twitter_card":"summary_large_image","twitter_misc":{"\u0648\u0642\u062a \u0627\u0644\u0642\u0631\u0627\u0621\u0629 \u0627\u0644\u0645\u064f\u0642\u062f\u0651\u0631":"1 \u062f\u0642\u064a\u0642\u0629"},"schema":{"@context":"https:\/\/schema.org","@graph":[{"@type":"WebPage","@id":"https:\/\/www.oocargoo.com\/dz\/ar\/product\/ensemble-tailleur-decontracte-pour-femme-5\/","url":"https:\/\/www.oocargoo.com\/dz\/ar\/product\/ensemble-tailleur-decontracte-pour-femme-5\/","name":"Ensemble tailleur d\u00e9contract\u00e9 pour femme - Oocargoo","isPartOf":{"@id":"https:\/\/www.oocargoo.com\/dz\/ar\/#website"},"primaryImageOfPage":{"@id":"https:\/\/www.oocargoo.com\/dz\/ar\/product\/ensemble-tailleur-decontracte-pour-femme-5\/#primaryimage"},"image":{"@id":"https:\/\/www.oocargoo.com\/dz\/ar\/product\/ensemble-tailleur-decontracte-pour-femme-5\/#primaryimage"},"thumbnailUrl":"https:\/\/www.oocargoo.com\/dz\/wp-content\/uploads\/2026\/05\/ensemble-tailleur-decontracte-pour-femme_noir_69ccc2b47b02a.webp","datePublished":"2026-05-08T18:23:46+00:00","breadcrumb":{"@id":"https:\/\/www.oocargoo.com\/dz\/ar\/product\/ensemble-tailleur-decontracte-pour-femme-5\/#breadcrumb"},"inLanguage":"ar","potentialAction":[{"@type":"ReadAction","target":["https:\/\/www.oocargoo.com\/dz\/ar\/product\/ensemble-tailleur-decontracte-pour-femme-5\/"]}]},{"@type":"ImageObject","inLanguage":"ar","@id":"https:\/\/www.oocargoo.com\/dz\/ar\/product\/ensemble-tailleur-decontracte-pour-femme-5\/#primaryimage","url":"https:\/\/www.oocargoo.com\/dz\/wp-content\/uploads\/2026\/05\/ensemble-tailleur-decontracte-pour-femme_noir_69ccc2b47b02a.webp","contentUrl":"https:\/\/www.oocargoo.com\/dz\/wp-content\/uploads\/2026\/05\/ensemble-tailleur-decontracte-pour-femme_noir_69ccc2b47b02a.webp","width":896,"height":1200},{"@type":"BreadcrumbList","@id":"https:\/\/www.oocargoo.com\/dz\/ar\/product\/ensemble-tailleur-decontracte-pour-femme-5\/#breadcrumb","itemListElement":[{"@type":"ListItem","position":1,"name":"Accueil","item":"https:\/\/www.oocargoo.com\/dz\/ar\/"},{"@type":"ListItem","position":2,"name":"Shop","item":"https:\/\/www.oocargoo.com\/dz\/shop\/"},{"@type":"ListItem","position":3,"name":"Ensemble tailleur d\u00e9contract\u00e9 pour femme"}]},{"@type":"WebSite","@id":"https:\/\/www.oocargoo.com\/dz\/ar\/#website","url":"https:\/\/www.oocargoo.com\/dz\/ar\/","name":"Oocargoo","description":"Grossiste vetement en ligne algerie","publisher":{"@id":"https:\/\/www.oocargoo.com\/dz\/ar\/#organization"},"potentialAction":[{"@type":"SearchAction","target":{"@type":"EntryPoint","urlTemplate":"https:\/\/www.oocargoo.com\/dz\/ar\/?s={search_term_string}"},"query-input":{"@type":"PropertyValueSpecification","valueRequired":true,"valueName":"search_term_string"}}],"inLanguage":"ar"},{"@type":"Organization","@id":"https:\/\/www.oocargoo.com\/dz\/ar\/#organization","name":"Oocargoo","url":"https:\/\/www.oocargoo.com\/dz\/ar\/","logo":{"@type":"ImageObject","inLanguage":"ar","@id":"https:\/\/www.oocargoo.com\/dz\/ar\/#\/schema\/logo\/image\/","url":"https:\/\/www.oocargoo.com\/dz\/wp-content\/uploads\/2024\/07\/logo_b2b_oocargoo_com-NOIR-a.png","contentUrl":"https:\/\/www.oocargoo.com\/dz\/wp-content\/uploads\/2024\/07\/logo_b2b_oocargoo_com-NOIR-a.png","width":600,"height":146,"caption":"Oocargoo"},"image":{"@id":"https:\/\/www.oocargoo.com\/dz\/ar\/#\/schema\/logo\/image\/"},"sameAs":["https:\/\/www.facebook.com\/oocargoo\/","https:\/\/www.instagram.com\/oocargoo\/"]}]}},"_links":{"self":[{"href":"https:\/\/www.oocargoo.com\/dz\/ar\/wp-json\/wp\/v2\/product\/90255","targetHints":{"allow":["GET"]}}],"collection":[{"href":"https:\/\/www.oocargoo.com\/dz\/ar\/wp-json\/wp\/v2\/product"}],"about":[{"href":"https:\/\/www.oocargoo.com\/dz\/ar\/wp-json\/wp\/v2\/types\/product"}],"replies":[{"embeddable":true,"href":"https:\/\/www.oocargoo.com\/dz\/ar\/wp-json\/wp\/v2\/comments?post=90255"}],"version-history":[{"count":0,"href":"https:\/\/www.oocargoo.com\/dz\/ar\/wp-json\/wp\/v2\/product\/90255\/revisions"}],"wp:featuredmedia":[{"embeddable":true,"href":"https:\/\/www.oocargoo.com\/dz\/ar\/wp-json\/wp\/v2\/media\/90212"}],"wp:attachment":[{"href":"https:\/\/www.oocargoo.com\/dz\/ar\/wp-json\/wp\/v2\/media?parent=90255"}],"wp:term":[{"taxonomy":"product_cat","embeddable":true,"href":"https:\/\/www.oocargoo.com\/dz\/ar\/wp-json\/wp\/v2\/product_cat?post=90255"},{"taxonomy":"product_tag","embeddable":true,"href":"https:\/\/www.oocargoo.com\/dz\/ar\/wp-json\/wp\/v2\/product_tag?post=90255"}],"curies":[{"name":"wp","href":"https:\/\/api.w.org\/{rel}","templated":true}]}}