{"id":88154,"date":"2026-05-08T19:12:15","date_gmt":"2026-05-08T18:12:15","guid":{"rendered":"https:\/\/www.oocargoo.com\/dz\/?post_type=product&#038;p=88154"},"modified":"2026-05-08T19:12:15","modified_gmt":"2026-05-08T18:12:15","slug":"chemise-oversize-a-boutons-6","status":"publish","type":"product","link":"https:\/\/www.oocargoo.com\/dz\/ar\/product\/chemise-oversize-a-boutons-6\/","title":{"rendered":"Chemise Oversize \u00e0 Boutons"},"content":{"rendered":"<p><strong>D\u00e9tails du produit<\/strong><\/p>\n<p>Chemise Oversize \u00e0 Boutons Chic d\u00e9contract\u00e9, oversize glamour, silhouette droite et ample TU du 36 au 42 &#8211; Trois boutons d\u00e9coratifs en m\u00e9tal dor\u00e9 sur le haut du devant &#8211; Fermeture dissimul\u00e9e par de petits boutons ton sur ton sur la partie inf\u00e9rieure &#8211; Col chemise classique, finition &#8211; Manches longue &#8211; Ourlet asym\u00e9trique : avec fentes lat\u00e9rales, dos plus long que le devant<\/p>\n<p><strong>Correspondance TU :<\/strong> 36-40<\/p>\n<p><strong>Composition :<\/strong> Cotton (100%)<\/p>\n<p><strong>Collection :<\/strong> Printemps\/\u00c9t\u00e9 2026<\/p>\n<p><strong>Pays de fabrication :<\/strong> Italie<\/p>\n<p><strong>R\u00e9f\u00e9rence :<\/strong> 735-26108-4<\/p>\n","protected":false},"excerpt":{"rendered":"<p><strong>D\u00e9tails du produit<\/strong><\/p>\n<p>Chemise Oversize \u00e0 Boutons Chic d\u00e9contract\u00e9, oversize glamour, silhouette droite et ample TU du 36 au 42 &#8211; Trois boutons d\u00e9coratifs en m\u00e9tal dor\u00e9 sur le haut du devant &#8211; Fermeture dissimul\u00e9e par de petits boutons ton sur ton sur la partie inf\u00e9rieure &#8211; Col chemise classique, finition &#8211; Manches longue &#8211; Ourlet asym\u00e9trique : avec fentes lat\u00e9rales, dos plus long que le devant<\/p>\n<p><strong>Correspondance TU :<\/strong> 36-40<\/p>\n<p><strong>Composition :<\/strong> Cotton (100%)<\/p>\n<p><strong>Collection :<\/strong> Printemps\/\u00c9t\u00e9 2026<\/p>\n","protected":false},"featured_media":88117,"comment_status":"open","ping_status":"closed","template":"","meta":{"_acf_changed":false,"_monsterinsights_skip_tracking":false,"_monsterinsights_sitenote_active":false,"_monsterinsights_sitenote_note":"","_monsterinsights_sitenote_category":0},"product_cat":[446,442],"product_tag":[],"class_list":{"0":"post-88154","1":"product","2":"type-product","3":"status-publish","4":"has-post-thumbnail","6":"product_brand-italie","7":"product_cat-blouses-femmes","8":"product_cat-produits-en-france","9":"product_shipping_class-france","10":"pa_couleur-beige","11":"pa_couleur-blanc","12":"pa_couleur-bleu-ciel","13":"pa_couleur-blush","14":"pa_couleur-jaune","15":"pa_taille-tu","17":"first","18":"instock","19":"purchasable","20":"product-type-variable","21":"add-to-wishlist-before_image"},"acf":[],"yoast_head":"<!-- This site is optimized with the Yoast SEO plugin v27.5 - https:\/\/yoast.com\/product\/yoast-seo-wordpress\/ -->\n<title>Chemise Oversize \u00e0 Boutons - Oocargoo<\/title>\n<meta name=\"robots\" content=\"index, follow, max-snippet:-1, max-image-preview:large, max-video-preview:-1\" \/>\n<link rel=\"canonical\" href=\"https:\/\/www.oocargoo.com\/dz\/ar\/product\/chemise-oversize-a-boutons-6\/\" \/>\n<meta property=\"og:locale\" content=\"ar_AR\" \/>\n<meta property=\"og:type\" content=\"article\" \/>\n<meta property=\"og:title\" content=\"Chemise Oversize \u00e0 Boutons - Oocargoo\" \/>\n<meta property=\"og:description\" content=\"D\u00e9tails du produit Chemise Oversize \u00e0 Boutons Chic d\u00e9contract\u00e9, oversize glamour, silhouette droite et ample TU du 36 au 42 - Trois boutons d\u00e9coratifs en m\u00e9tal dor\u00e9 sur le haut du devant - Fermeture dissimul\u00e9e par de petits boutons ton sur ton sur la partie inf\u00e9rieure - Col chemise classique, finition - Manches longue - Ourlet asym\u00e9trique : avec fentes lat\u00e9rales, dos plus long que le devant Correspondance TU : 36-40 Composition : Cotton (100%) Collection : Printemps\/\u00c9t\u00e9 2026\" \/>\n<meta property=\"og:url\" content=\"https:\/\/www.oocargoo.com\/dz\/ar\/product\/chemise-oversize-a-boutons-6\/\" \/>\n<meta property=\"og:site_name\" content=\"Oocargoo\" \/>\n<meta property=\"article:publisher\" content=\"https:\/\/www.facebook.com\/oocargoo\/\" \/>\n<meta property=\"og:image\" content=\"https:\/\/www.oocargoo.com\/dz\/wp-content\/uploads\/2026\/05\/chemise-oversize-a-boutons_blush_69afbad64f531.webp\" \/>\n\t<meta property=\"og:image:width\" content=\"896\" \/>\n\t<meta property=\"og:image:height\" content=\"1200\" \/>\n\t<meta property=\"og:image:type\" content=\"image\/webp\" \/>\n<meta name=\"twitter:card\" content=\"summary_large_image\" \/>\n<script type=\"application\/ld+json\" class=\"yoast-schema-graph\">{\"@context\":\"https:\\\/\\\/schema.org\",\"@graph\":[{\"@type\":\"WebPage\",\"@id\":\"https:\\\/\\\/www.oocargoo.com\\\/dz\\\/ar\\\/product\\\/chemise-oversize-a-boutons-6\\\/\",\"url\":\"https:\\\/\\\/www.oocargoo.com\\\/dz\\\/ar\\\/product\\\/chemise-oversize-a-boutons-6\\\/\",\"name\":\"Chemise Oversize \u00e0 Boutons - Oocargoo\",\"isPartOf\":{\"@id\":\"https:\\\/\\\/www.oocargoo.com\\\/dz\\\/ar\\\/#website\"},\"primaryImageOfPage\":{\"@id\":\"https:\\\/\\\/www.oocargoo.com\\\/dz\\\/ar\\\/product\\\/chemise-oversize-a-boutons-6\\\/#primaryimage\"},\"image\":{\"@id\":\"https:\\\/\\\/www.oocargoo.com\\\/dz\\\/ar\\\/product\\\/chemise-oversize-a-boutons-6\\\/#primaryimage\"},\"thumbnailUrl\":\"https:\\\/\\\/www.oocargoo.com\\\/dz\\\/wp-content\\\/uploads\\\/2026\\\/05\\\/chemise-oversize-a-boutons_blush_69afbad64f531.webp\",\"datePublished\":\"2026-05-08T18:12:15+00:00\",\"breadcrumb\":{\"@id\":\"https:\\\/\\\/www.oocargoo.com\\\/dz\\\/ar\\\/product\\\/chemise-oversize-a-boutons-6\\\/#breadcrumb\"},\"inLanguage\":\"ar\",\"potentialAction\":[{\"@type\":\"ReadAction\",\"target\":[\"https:\\\/\\\/www.oocargoo.com\\\/dz\\\/ar\\\/product\\\/chemise-oversize-a-boutons-6\\\/\"]}]},{\"@type\":\"ImageObject\",\"inLanguage\":\"ar\",\"@id\":\"https:\\\/\\\/www.oocargoo.com\\\/dz\\\/ar\\\/product\\\/chemise-oversize-a-boutons-6\\\/#primaryimage\",\"url\":\"https:\\\/\\\/www.oocargoo.com\\\/dz\\\/wp-content\\\/uploads\\\/2026\\\/05\\\/chemise-oversize-a-boutons_blush_69afbad64f531.webp\",\"contentUrl\":\"https:\\\/\\\/www.oocargoo.com\\\/dz\\\/wp-content\\\/uploads\\\/2026\\\/05\\\/chemise-oversize-a-boutons_blush_69afbad64f531.webp\",\"width\":896,\"height\":1200},{\"@type\":\"BreadcrumbList\",\"@id\":\"https:\\\/\\\/www.oocargoo.com\\\/dz\\\/ar\\\/product\\\/chemise-oversize-a-boutons-6\\\/#breadcrumb\",\"itemListElement\":[{\"@type\":\"ListItem\",\"position\":1,\"name\":\"Accueil\",\"item\":\"https:\\\/\\\/www.oocargoo.com\\\/dz\\\/ar\\\/\"},{\"@type\":\"ListItem\",\"position\":2,\"name\":\"Shop\",\"item\":\"https:\\\/\\\/www.oocargoo.com\\\/dz\\\/shop\\\/\"},{\"@type\":\"ListItem\",\"position\":3,\"name\":\"Chemise Oversize \u00e0 Boutons\"}]},{\"@type\":\"WebSite\",\"@id\":\"https:\\\/\\\/www.oocargoo.com\\\/dz\\\/ar\\\/#website\",\"url\":\"https:\\\/\\\/www.oocargoo.com\\\/dz\\\/ar\\\/\",\"name\":\"Oocargoo\",\"description\":\"Grossiste vetement en ligne algerie\",\"publisher\":{\"@id\":\"https:\\\/\\\/www.oocargoo.com\\\/dz\\\/ar\\\/#organization\"},\"potentialAction\":[{\"@type\":\"SearchAction\",\"target\":{\"@type\":\"EntryPoint\",\"urlTemplate\":\"https:\\\/\\\/www.oocargoo.com\\\/dz\\\/ar\\\/?s={search_term_string}\"},\"query-input\":{\"@type\":\"PropertyValueSpecification\",\"valueRequired\":true,\"valueName\":\"search_term_string\"}}],\"inLanguage\":\"ar\"},{\"@type\":\"Organization\",\"@id\":\"https:\\\/\\\/www.oocargoo.com\\\/dz\\\/ar\\\/#organization\",\"name\":\"Oocargoo\",\"url\":\"https:\\\/\\\/www.oocargoo.com\\\/dz\\\/ar\\\/\",\"logo\":{\"@type\":\"ImageObject\",\"inLanguage\":\"ar\",\"@id\":\"https:\\\/\\\/www.oocargoo.com\\\/dz\\\/ar\\\/#\\\/schema\\\/logo\\\/image\\\/\",\"url\":\"https:\\\/\\\/www.oocargoo.com\\\/dz\\\/wp-content\\\/uploads\\\/2024\\\/07\\\/logo_b2b_oocargoo_com-NOIR-a.png\",\"contentUrl\":\"https:\\\/\\\/www.oocargoo.com\\\/dz\\\/wp-content\\\/uploads\\\/2024\\\/07\\\/logo_b2b_oocargoo_com-NOIR-a.png\",\"width\":600,\"height\":146,\"caption\":\"Oocargoo\"},\"image\":{\"@id\":\"https:\\\/\\\/www.oocargoo.com\\\/dz\\\/ar\\\/#\\\/schema\\\/logo\\\/image\\\/\"},\"sameAs\":[\"https:\\\/\\\/www.facebook.com\\\/oocargoo\\\/\",\"https:\\\/\\\/www.instagram.com\\\/oocargoo\\\/\"]}]}<\/script>\n<!-- \/ Yoast SEO plugin. -->","yoast_head_json":{"title":"Chemise Oversize \u00e0 Boutons - Oocargoo","robots":{"index":"index","follow":"follow","max-snippet":"max-snippet:-1","max-image-preview":"max-image-preview:large","max-video-preview":"max-video-preview:-1"},"canonical":"https:\/\/www.oocargoo.com\/dz\/ar\/product\/chemise-oversize-a-boutons-6\/","og_locale":"ar_AR","og_type":"article","og_title":"Chemise Oversize \u00e0 Boutons - Oocargoo","og_description":"D\u00e9tails du produit Chemise Oversize \u00e0 Boutons Chic d\u00e9contract\u00e9, oversize glamour, silhouette droite et ample TU du 36 au 42 - Trois boutons d\u00e9coratifs en m\u00e9tal dor\u00e9 sur le haut du devant - Fermeture dissimul\u00e9e par de petits boutons ton sur ton sur la partie inf\u00e9rieure - Col chemise classique, finition - Manches longue - Ourlet asym\u00e9trique : avec fentes lat\u00e9rales, dos plus long que le devant Correspondance TU : 36-40 Composition : Cotton (100%) Collection : Printemps\/\u00c9t\u00e9 2026","og_url":"https:\/\/www.oocargoo.com\/dz\/ar\/product\/chemise-oversize-a-boutons-6\/","og_site_name":"Oocargoo","article_publisher":"https:\/\/www.facebook.com\/oocargoo\/","og_image":[{"width":896,"height":1200,"url":"https:\/\/www.oocargoo.com\/dz\/wp-content\/uploads\/2026\/05\/chemise-oversize-a-boutons_blush_69afbad64f531.webp","type":"image\/webp"}],"twitter_card":"summary_large_image","schema":{"@context":"https:\/\/schema.org","@graph":[{"@type":"WebPage","@id":"https:\/\/www.oocargoo.com\/dz\/ar\/product\/chemise-oversize-a-boutons-6\/","url":"https:\/\/www.oocargoo.com\/dz\/ar\/product\/chemise-oversize-a-boutons-6\/","name":"Chemise Oversize \u00e0 Boutons - Oocargoo","isPartOf":{"@id":"https:\/\/www.oocargoo.com\/dz\/ar\/#website"},"primaryImageOfPage":{"@id":"https:\/\/www.oocargoo.com\/dz\/ar\/product\/chemise-oversize-a-boutons-6\/#primaryimage"},"image":{"@id":"https:\/\/www.oocargoo.com\/dz\/ar\/product\/chemise-oversize-a-boutons-6\/#primaryimage"},"thumbnailUrl":"https:\/\/www.oocargoo.com\/dz\/wp-content\/uploads\/2026\/05\/chemise-oversize-a-boutons_blush_69afbad64f531.webp","datePublished":"2026-05-08T18:12:15+00:00","breadcrumb":{"@id":"https:\/\/www.oocargoo.com\/dz\/ar\/product\/chemise-oversize-a-boutons-6\/#breadcrumb"},"inLanguage":"ar","potentialAction":[{"@type":"ReadAction","target":["https:\/\/www.oocargoo.com\/dz\/ar\/product\/chemise-oversize-a-boutons-6\/"]}]},{"@type":"ImageObject","inLanguage":"ar","@id":"https:\/\/www.oocargoo.com\/dz\/ar\/product\/chemise-oversize-a-boutons-6\/#primaryimage","url":"https:\/\/www.oocargoo.com\/dz\/wp-content\/uploads\/2026\/05\/chemise-oversize-a-boutons_blush_69afbad64f531.webp","contentUrl":"https:\/\/www.oocargoo.com\/dz\/wp-content\/uploads\/2026\/05\/chemise-oversize-a-boutons_blush_69afbad64f531.webp","width":896,"height":1200},{"@type":"BreadcrumbList","@id":"https:\/\/www.oocargoo.com\/dz\/ar\/product\/chemise-oversize-a-boutons-6\/#breadcrumb","itemListElement":[{"@type":"ListItem","position":1,"name":"Accueil","item":"https:\/\/www.oocargoo.com\/dz\/ar\/"},{"@type":"ListItem","position":2,"name":"Shop","item":"https:\/\/www.oocargoo.com\/dz\/shop\/"},{"@type":"ListItem","position":3,"name":"Chemise Oversize \u00e0 Boutons"}]},{"@type":"WebSite","@id":"https:\/\/www.oocargoo.com\/dz\/ar\/#website","url":"https:\/\/www.oocargoo.com\/dz\/ar\/","name":"Oocargoo","description":"Grossiste vetement en ligne algerie","publisher":{"@id":"https:\/\/www.oocargoo.com\/dz\/ar\/#organization"},"potentialAction":[{"@type":"SearchAction","target":{"@type":"EntryPoint","urlTemplate":"https:\/\/www.oocargoo.com\/dz\/ar\/?s={search_term_string}"},"query-input":{"@type":"PropertyValueSpecification","valueRequired":true,"valueName":"search_term_string"}}],"inLanguage":"ar"},{"@type":"Organization","@id":"https:\/\/www.oocargoo.com\/dz\/ar\/#organization","name":"Oocargoo","url":"https:\/\/www.oocargoo.com\/dz\/ar\/","logo":{"@type":"ImageObject","inLanguage":"ar","@id":"https:\/\/www.oocargoo.com\/dz\/ar\/#\/schema\/logo\/image\/","url":"https:\/\/www.oocargoo.com\/dz\/wp-content\/uploads\/2024\/07\/logo_b2b_oocargoo_com-NOIR-a.png","contentUrl":"https:\/\/www.oocargoo.com\/dz\/wp-content\/uploads\/2024\/07\/logo_b2b_oocargoo_com-NOIR-a.png","width":600,"height":146,"caption":"Oocargoo"},"image":{"@id":"https:\/\/www.oocargoo.com\/dz\/ar\/#\/schema\/logo\/image\/"},"sameAs":["https:\/\/www.facebook.com\/oocargoo\/","https:\/\/www.instagram.com\/oocargoo\/"]}]}},"_links":{"self":[{"href":"https:\/\/www.oocargoo.com\/dz\/ar\/wp-json\/wp\/v2\/product\/88154","targetHints":{"allow":["GET"]}}],"collection":[{"href":"https:\/\/www.oocargoo.com\/dz\/ar\/wp-json\/wp\/v2\/product"}],"about":[{"href":"https:\/\/www.oocargoo.com\/dz\/ar\/wp-json\/wp\/v2\/types\/product"}],"replies":[{"embeddable":true,"href":"https:\/\/www.oocargoo.com\/dz\/ar\/wp-json\/wp\/v2\/comments?post=88154"}],"version-history":[{"count":1,"href":"https:\/\/www.oocargoo.com\/dz\/ar\/wp-json\/wp\/v2\/product\/88154\/revisions"}],"predecessor-version":[{"id":89171,"href":"https:\/\/www.oocargoo.com\/dz\/ar\/wp-json\/wp\/v2\/product\/88154\/revisions\/89171"}],"wp:featuredmedia":[{"embeddable":true,"href":"https:\/\/www.oocargoo.com\/dz\/ar\/wp-json\/wp\/v2\/media\/88117"}],"wp:attachment":[{"href":"https:\/\/www.oocargoo.com\/dz\/ar\/wp-json\/wp\/v2\/media?parent=88154"}],"wp:term":[{"taxonomy":"product_cat","embeddable":true,"href":"https:\/\/www.oocargoo.com\/dz\/ar\/wp-json\/wp\/v2\/product_cat?post=88154"},{"taxonomy":"product_tag","embeddable":true,"href":"https:\/\/www.oocargoo.com\/dz\/ar\/wp-json\/wp\/v2\/product_tag?post=88154"}],"curies":[{"name":"wp","href":"https:\/\/api.w.org\/{rel}","templated":true}]}}