{"id":84225,"date":"2026-05-08T19:12:23","date_gmt":"2026-05-08T18:12:23","guid":{"rendered":"https:\/\/www.oocargoo.com\/dz\/?post_type=product&#038;p=84225"},"modified":"2026-05-08T19:12:23","modified_gmt":"2026-05-08T18:12:23","slug":"blouse-fluide-avec-grand-noeud-au-cou-8","status":"publish","type":"product","link":"https:\/\/www.oocargoo.com\/dz\/ar\/product\/blouse-fluide-avec-grand-noeud-au-cou-8\/","title":{"rendered":"Blouse fluide avec grand n\u0153ud au cou"},"content":{"rendered":"<p><strong>D\u00e9tails du produit<\/strong><\/p>\n<p>Blouse fluide avec grand n\u0153ud au cou Cette blouse a\u00e9rienne et \u00e9l\u00e9gante est confectionn\u00e9e dans un tissu textur\u00e9 et satin\u00e9 qui capte la lumi\u00e8re pour un effet subtil et luxueux. Son point fort est le grand n\u0153ud au cou, qui peut \u00eatre port\u00e9 de diff\u00e9rentes mani\u00e8res pour varier les styles. Les manches longues bouffantes et \u00e9lastiqu\u00e9es aux poignets ajoutent une touche romantique et d\u00e9contract\u00e9e Le tissu pr\u00e9sente des fines rides naturelles qui lui donnent un aspect a\u00e9rien et d\u00e9contract\u00e9, tout en conservant un tomb\u00e9 \u00e9l\u00e9gant. Longueur 64cm<\/p>\n<p><strong>Correspondance TU :<\/strong> 36-40<\/p>\n<p><strong>Composition :<\/strong> Acetates (84%), Nylon (16%)<\/p>\n<p><strong>Collection :<\/strong> Printemps\/\u00c9t\u00e9 2026<\/p>\n<p><strong>Pays de fabrication :<\/strong> Italie<\/p>\n<p><strong>R\u00e9f\u00e9rence :<\/strong> 751-20003-7<\/p>\n","protected":false},"excerpt":{"rendered":"<p><strong>D\u00e9tails du produit<\/strong><\/p>\n<p>Blouse fluide avec grand n\u0153ud au cou Cette blouse a\u00e9rienne et \u00e9l\u00e9gante est confectionn\u00e9e dans un tissu textur\u00e9 et satin\u00e9 qui capte la lumi\u00e8re pour un effet subtil et luxueux. Son point fort est le grand n\u0153ud au cou, qui peut \u00eatre port\u00e9 de diff\u00e9rentes mani\u00e8res pour varier les styles. Les manches longues bouffantes et \u00e9lastiqu\u00e9es aux poignets ajoutent une touche romantique et d\u00e9contract\u00e9e Le tissu pr\u00e9sente des fines rides naturelles qui lui donnent un aspect a\u00e9rien et d\u00e9contract\u00e9, tout en conservant un tomb\u00e9 \u00e9l\u00e9gant. Longueur 64cm<\/p>\n<p><strong>Correspondance TU :<\/strong> 36-40<\/p>\n<p><strong>Composition :<\/strong> Acetates (84%), Nylon (16%)<\/p>\n<p><strong>Collection :<\/strong> Printemps\/\u00c9t\u00e9 2026<\/p>\n","protected":false},"featured_media":84177,"comment_status":"open","ping_status":"closed","template":"","meta":{"_acf_changed":false,"_monsterinsights_skip_tracking":false,"_monsterinsights_sitenote_active":false,"_monsterinsights_sitenote_note":"","_monsterinsights_sitenote_category":0},"product_cat":[446,442],"product_tag":[],"class_list":{"0":"post-84225","1":"product","2":"type-product","3":"status-publish","4":"has-post-thumbnail","6":"product_brand-italie","7":"product_cat-blouses-femmes","8":"product_cat-produits-en-france","9":"product_shipping_class-france","10":"pa_couleur-blanc","11":"pa_couleur-bleu-ciel","12":"pa_couleur-blush","13":"pa_couleur-brun-fonce","14":"pa_couleur-jaune-clair","15":"pa_couleur-noir","16":"pa_taille-tu","18":"first","19":"instock","20":"purchasable","21":"product-type-variable","22":"add-to-wishlist-before_image"},"acf":[],"yoast_head":"<!-- This site is optimized with the Yoast SEO plugin v27.5 - https:\/\/yoast.com\/product\/yoast-seo-wordpress\/ -->\n<title>Blouse fluide avec grand n\u0153ud au cou - Oocargoo<\/title>\n<meta name=\"robots\" content=\"index, follow, max-snippet:-1, max-image-preview:large, max-video-preview:-1\" \/>\n<link rel=\"canonical\" href=\"https:\/\/www.oocargoo.com\/dz\/ar\/product\/blouse-fluide-avec-grand-noeud-au-cou-8\/\" \/>\n<meta property=\"og:locale\" content=\"ar_AR\" \/>\n<meta property=\"og:type\" content=\"article\" \/>\n<meta property=\"og:title\" content=\"Blouse fluide avec grand n\u0153ud au cou - Oocargoo\" \/>\n<meta property=\"og:description\" content=\"D\u00e9tails du produit Blouse fluide avec grand n\u0153ud au cou Cette blouse a\u00e9rienne et \u00e9l\u00e9gante est confectionn\u00e9e dans un tissu textur\u00e9 et satin\u00e9 qui capte la lumi\u00e8re pour un effet subtil et luxueux. Son point fort est le grand n\u0153ud au cou, qui peut \u00eatre port\u00e9 de diff\u00e9rentes mani\u00e8res pour varier les styles. Les manches longues bouffantes et \u00e9lastiqu\u00e9es aux poignets ajoutent une touche romantique et d\u00e9contract\u00e9e Le tissu pr\u00e9sente des fines rides naturelles qui lui donnent un aspect a\u00e9rien et d\u00e9contract\u00e9, tout en conservant un tomb\u00e9 \u00e9l\u00e9gant. Longueur 64cm Correspondance TU : 36-40 Composition : Acetates (84%), Nylon (16%) Collection : Printemps\/\u00c9t\u00e9 2026\" \/>\n<meta property=\"og:url\" content=\"https:\/\/www.oocargoo.com\/dz\/ar\/product\/blouse-fluide-avec-grand-noeud-au-cou-8\/\" \/>\n<meta property=\"og:site_name\" content=\"Oocargoo\" \/>\n<meta property=\"article:publisher\" content=\"https:\/\/www.facebook.com\/oocargoo\/\" \/>\n<meta property=\"og:image\" content=\"https:\/\/www.oocargoo.com\/dz\/wp-content\/uploads\/2026\/05\/blouse-fluide-avec-grand-noeud-au-cou_bleu-ciel_69ce231b21a3b.webp\" \/>\n\t<meta property=\"og:image:width\" content=\"896\" \/>\n\t<meta property=\"og:image:height\" content=\"1200\" \/>\n\t<meta property=\"og:image:type\" content=\"image\/webp\" \/>\n<meta name=\"twitter:card\" content=\"summary_large_image\" \/>\n<meta name=\"twitter:label1\" content=\"\u0648\u0642\u062a \u0627\u0644\u0642\u0631\u0627\u0621\u0629 \u0627\u0644\u0645\u064f\u0642\u062f\u0651\u0631\" \/>\n\t<meta name=\"twitter:data1\" content=\"1 \u062f\u0642\u064a\u0642\u0629\" \/>\n<script type=\"application\/ld+json\" class=\"yoast-schema-graph\">{\"@context\":\"https:\\\/\\\/schema.org\",\"@graph\":[{\"@type\":\"WebPage\",\"@id\":\"https:\\\/\\\/www.oocargoo.com\\\/dz\\\/ar\\\/product\\\/blouse-fluide-avec-grand-noeud-au-cou-8\\\/\",\"url\":\"https:\\\/\\\/www.oocargoo.com\\\/dz\\\/ar\\\/product\\\/blouse-fluide-avec-grand-noeud-au-cou-8\\\/\",\"name\":\"Blouse fluide avec grand n\u0153ud au cou - Oocargoo\",\"isPartOf\":{\"@id\":\"https:\\\/\\\/www.oocargoo.com\\\/dz\\\/ar\\\/#website\"},\"primaryImageOfPage\":{\"@id\":\"https:\\\/\\\/www.oocargoo.com\\\/dz\\\/ar\\\/product\\\/blouse-fluide-avec-grand-noeud-au-cou-8\\\/#primaryimage\"},\"image\":{\"@id\":\"https:\\\/\\\/www.oocargoo.com\\\/dz\\\/ar\\\/product\\\/blouse-fluide-avec-grand-noeud-au-cou-8\\\/#primaryimage\"},\"thumbnailUrl\":\"https:\\\/\\\/www.oocargoo.com\\\/dz\\\/wp-content\\\/uploads\\\/2026\\\/05\\\/blouse-fluide-avec-grand-noeud-au-cou_bleu-ciel_69ce231b21a3b.webp\",\"datePublished\":\"2026-05-08T18:12:23+00:00\",\"breadcrumb\":{\"@id\":\"https:\\\/\\\/www.oocargoo.com\\\/dz\\\/ar\\\/product\\\/blouse-fluide-avec-grand-noeud-au-cou-8\\\/#breadcrumb\"},\"inLanguage\":\"ar\",\"potentialAction\":[{\"@type\":\"ReadAction\",\"target\":[\"https:\\\/\\\/www.oocargoo.com\\\/dz\\\/ar\\\/product\\\/blouse-fluide-avec-grand-noeud-au-cou-8\\\/\"]}]},{\"@type\":\"ImageObject\",\"inLanguage\":\"ar\",\"@id\":\"https:\\\/\\\/www.oocargoo.com\\\/dz\\\/ar\\\/product\\\/blouse-fluide-avec-grand-noeud-au-cou-8\\\/#primaryimage\",\"url\":\"https:\\\/\\\/www.oocargoo.com\\\/dz\\\/wp-content\\\/uploads\\\/2026\\\/05\\\/blouse-fluide-avec-grand-noeud-au-cou_bleu-ciel_69ce231b21a3b.webp\",\"contentUrl\":\"https:\\\/\\\/www.oocargoo.com\\\/dz\\\/wp-content\\\/uploads\\\/2026\\\/05\\\/blouse-fluide-avec-grand-noeud-au-cou_bleu-ciel_69ce231b21a3b.webp\",\"width\":896,\"height\":1200},{\"@type\":\"BreadcrumbList\",\"@id\":\"https:\\\/\\\/www.oocargoo.com\\\/dz\\\/ar\\\/product\\\/blouse-fluide-avec-grand-noeud-au-cou-8\\\/#breadcrumb\",\"itemListElement\":[{\"@type\":\"ListItem\",\"position\":1,\"name\":\"Accueil\",\"item\":\"https:\\\/\\\/www.oocargoo.com\\\/dz\\\/ar\\\/\"},{\"@type\":\"ListItem\",\"position\":2,\"name\":\"Shop\",\"item\":\"https:\\\/\\\/www.oocargoo.com\\\/dz\\\/shop\\\/\"},{\"@type\":\"ListItem\",\"position\":3,\"name\":\"Blouse fluide avec grand n\u0153ud au cou\"}]},{\"@type\":\"WebSite\",\"@id\":\"https:\\\/\\\/www.oocargoo.com\\\/dz\\\/ar\\\/#website\",\"url\":\"https:\\\/\\\/www.oocargoo.com\\\/dz\\\/ar\\\/\",\"name\":\"Oocargoo\",\"description\":\"Grossiste vetement en ligne algerie\",\"publisher\":{\"@id\":\"https:\\\/\\\/www.oocargoo.com\\\/dz\\\/ar\\\/#organization\"},\"potentialAction\":[{\"@type\":\"SearchAction\",\"target\":{\"@type\":\"EntryPoint\",\"urlTemplate\":\"https:\\\/\\\/www.oocargoo.com\\\/dz\\\/ar\\\/?s={search_term_string}\"},\"query-input\":{\"@type\":\"PropertyValueSpecification\",\"valueRequired\":true,\"valueName\":\"search_term_string\"}}],\"inLanguage\":\"ar\"},{\"@type\":\"Organization\",\"@id\":\"https:\\\/\\\/www.oocargoo.com\\\/dz\\\/ar\\\/#organization\",\"name\":\"Oocargoo\",\"url\":\"https:\\\/\\\/www.oocargoo.com\\\/dz\\\/ar\\\/\",\"logo\":{\"@type\":\"ImageObject\",\"inLanguage\":\"ar\",\"@id\":\"https:\\\/\\\/www.oocargoo.com\\\/dz\\\/ar\\\/#\\\/schema\\\/logo\\\/image\\\/\",\"url\":\"https:\\\/\\\/www.oocargoo.com\\\/dz\\\/wp-content\\\/uploads\\\/2024\\\/07\\\/logo_b2b_oocargoo_com-NOIR-a.png\",\"contentUrl\":\"https:\\\/\\\/www.oocargoo.com\\\/dz\\\/wp-content\\\/uploads\\\/2024\\\/07\\\/logo_b2b_oocargoo_com-NOIR-a.png\",\"width\":600,\"height\":146,\"caption\":\"Oocargoo\"},\"image\":{\"@id\":\"https:\\\/\\\/www.oocargoo.com\\\/dz\\\/ar\\\/#\\\/schema\\\/logo\\\/image\\\/\"},\"sameAs\":[\"https:\\\/\\\/www.facebook.com\\\/oocargoo\\\/\",\"https:\\\/\\\/www.instagram.com\\\/oocargoo\\\/\"]}]}<\/script>\n<!-- \/ Yoast SEO plugin. -->","yoast_head_json":{"title":"Blouse fluide avec grand n\u0153ud au cou - Oocargoo","robots":{"index":"index","follow":"follow","max-snippet":"max-snippet:-1","max-image-preview":"max-image-preview:large","max-video-preview":"max-video-preview:-1"},"canonical":"https:\/\/www.oocargoo.com\/dz\/ar\/product\/blouse-fluide-avec-grand-noeud-au-cou-8\/","og_locale":"ar_AR","og_type":"article","og_title":"Blouse fluide avec grand n\u0153ud au cou - Oocargoo","og_description":"D\u00e9tails du produit Blouse fluide avec grand n\u0153ud au cou Cette blouse a\u00e9rienne et \u00e9l\u00e9gante est confectionn\u00e9e dans un tissu textur\u00e9 et satin\u00e9 qui capte la lumi\u00e8re pour un effet subtil et luxueux. Son point fort est le grand n\u0153ud au cou, qui peut \u00eatre port\u00e9 de diff\u00e9rentes mani\u00e8res pour varier les styles. Les manches longues bouffantes et \u00e9lastiqu\u00e9es aux poignets ajoutent une touche romantique et d\u00e9contract\u00e9e Le tissu pr\u00e9sente des fines rides naturelles qui lui donnent un aspect a\u00e9rien et d\u00e9contract\u00e9, tout en conservant un tomb\u00e9 \u00e9l\u00e9gant. Longueur 64cm Correspondance TU : 36-40 Composition : Acetates (84%), Nylon (16%) Collection : Printemps\/\u00c9t\u00e9 2026","og_url":"https:\/\/www.oocargoo.com\/dz\/ar\/product\/blouse-fluide-avec-grand-noeud-au-cou-8\/","og_site_name":"Oocargoo","article_publisher":"https:\/\/www.facebook.com\/oocargoo\/","og_image":[{"width":896,"height":1200,"url":"https:\/\/www.oocargoo.com\/dz\/wp-content\/uploads\/2026\/05\/blouse-fluide-avec-grand-noeud-au-cou_bleu-ciel_69ce231b21a3b.webp","type":"image\/webp"}],"twitter_card":"summary_large_image","twitter_misc":{"\u0648\u0642\u062a \u0627\u0644\u0642\u0631\u0627\u0621\u0629 \u0627\u0644\u0645\u064f\u0642\u062f\u0651\u0631":"1 \u062f\u0642\u064a\u0642\u0629"},"schema":{"@context":"https:\/\/schema.org","@graph":[{"@type":"WebPage","@id":"https:\/\/www.oocargoo.com\/dz\/ar\/product\/blouse-fluide-avec-grand-noeud-au-cou-8\/","url":"https:\/\/www.oocargoo.com\/dz\/ar\/product\/blouse-fluide-avec-grand-noeud-au-cou-8\/","name":"Blouse fluide avec grand n\u0153ud au cou - Oocargoo","isPartOf":{"@id":"https:\/\/www.oocargoo.com\/dz\/ar\/#website"},"primaryImageOfPage":{"@id":"https:\/\/www.oocargoo.com\/dz\/ar\/product\/blouse-fluide-avec-grand-noeud-au-cou-8\/#primaryimage"},"image":{"@id":"https:\/\/www.oocargoo.com\/dz\/ar\/product\/blouse-fluide-avec-grand-noeud-au-cou-8\/#primaryimage"},"thumbnailUrl":"https:\/\/www.oocargoo.com\/dz\/wp-content\/uploads\/2026\/05\/blouse-fluide-avec-grand-noeud-au-cou_bleu-ciel_69ce231b21a3b.webp","datePublished":"2026-05-08T18:12:23+00:00","breadcrumb":{"@id":"https:\/\/www.oocargoo.com\/dz\/ar\/product\/blouse-fluide-avec-grand-noeud-au-cou-8\/#breadcrumb"},"inLanguage":"ar","potentialAction":[{"@type":"ReadAction","target":["https:\/\/www.oocargoo.com\/dz\/ar\/product\/blouse-fluide-avec-grand-noeud-au-cou-8\/"]}]},{"@type":"ImageObject","inLanguage":"ar","@id":"https:\/\/www.oocargoo.com\/dz\/ar\/product\/blouse-fluide-avec-grand-noeud-au-cou-8\/#primaryimage","url":"https:\/\/www.oocargoo.com\/dz\/wp-content\/uploads\/2026\/05\/blouse-fluide-avec-grand-noeud-au-cou_bleu-ciel_69ce231b21a3b.webp","contentUrl":"https:\/\/www.oocargoo.com\/dz\/wp-content\/uploads\/2026\/05\/blouse-fluide-avec-grand-noeud-au-cou_bleu-ciel_69ce231b21a3b.webp","width":896,"height":1200},{"@type":"BreadcrumbList","@id":"https:\/\/www.oocargoo.com\/dz\/ar\/product\/blouse-fluide-avec-grand-noeud-au-cou-8\/#breadcrumb","itemListElement":[{"@type":"ListItem","position":1,"name":"Accueil","item":"https:\/\/www.oocargoo.com\/dz\/ar\/"},{"@type":"ListItem","position":2,"name":"Shop","item":"https:\/\/www.oocargoo.com\/dz\/shop\/"},{"@type":"ListItem","position":3,"name":"Blouse fluide avec grand n\u0153ud au cou"}]},{"@type":"WebSite","@id":"https:\/\/www.oocargoo.com\/dz\/ar\/#website","url":"https:\/\/www.oocargoo.com\/dz\/ar\/","name":"Oocargoo","description":"Grossiste vetement en ligne algerie","publisher":{"@id":"https:\/\/www.oocargoo.com\/dz\/ar\/#organization"},"potentialAction":[{"@type":"SearchAction","target":{"@type":"EntryPoint","urlTemplate":"https:\/\/www.oocargoo.com\/dz\/ar\/?s={search_term_string}"},"query-input":{"@type":"PropertyValueSpecification","valueRequired":true,"valueName":"search_term_string"}}],"inLanguage":"ar"},{"@type":"Organization","@id":"https:\/\/www.oocargoo.com\/dz\/ar\/#organization","name":"Oocargoo","url":"https:\/\/www.oocargoo.com\/dz\/ar\/","logo":{"@type":"ImageObject","inLanguage":"ar","@id":"https:\/\/www.oocargoo.com\/dz\/ar\/#\/schema\/logo\/image\/","url":"https:\/\/www.oocargoo.com\/dz\/wp-content\/uploads\/2024\/07\/logo_b2b_oocargoo_com-NOIR-a.png","contentUrl":"https:\/\/www.oocargoo.com\/dz\/wp-content\/uploads\/2024\/07\/logo_b2b_oocargoo_com-NOIR-a.png","width":600,"height":146,"caption":"Oocargoo"},"image":{"@id":"https:\/\/www.oocargoo.com\/dz\/ar\/#\/schema\/logo\/image\/"},"sameAs":["https:\/\/www.facebook.com\/oocargoo\/","https:\/\/www.instagram.com\/oocargoo\/"]}]}},"_links":{"self":[{"href":"https:\/\/www.oocargoo.com\/dz\/ar\/wp-json\/wp\/v2\/product\/84225","targetHints":{"allow":["GET"]}}],"collection":[{"href":"https:\/\/www.oocargoo.com\/dz\/ar\/wp-json\/wp\/v2\/product"}],"about":[{"href":"https:\/\/www.oocargoo.com\/dz\/ar\/wp-json\/wp\/v2\/types\/product"}],"replies":[{"embeddable":true,"href":"https:\/\/www.oocargoo.com\/dz\/ar\/wp-json\/wp\/v2\/comments?post=84225"}],"version-history":[{"count":0,"href":"https:\/\/www.oocargoo.com\/dz\/ar\/wp-json\/wp\/v2\/product\/84225\/revisions"}],"wp:featuredmedia":[{"embeddable":true,"href":"https:\/\/www.oocargoo.com\/dz\/ar\/wp-json\/wp\/v2\/media\/84177"}],"wp:attachment":[{"href":"https:\/\/www.oocargoo.com\/dz\/ar\/wp-json\/wp\/v2\/media?parent=84225"}],"wp:term":[{"taxonomy":"product_cat","embeddable":true,"href":"https:\/\/www.oocargoo.com\/dz\/ar\/wp-json\/wp\/v2\/product_cat?post=84225"},{"taxonomy":"product_tag","embeddable":true,"href":"https:\/\/www.oocargoo.com\/dz\/ar\/wp-json\/wp\/v2\/product_tag?post=84225"}],"curies":[{"name":"wp","href":"https:\/\/api.w.org\/{rel}","templated":true}]}}