{"id":81675,"date":"2026-05-08T19:12:28","date_gmt":"2026-05-08T18:12:28","guid":{"rendered":"https:\/\/www.oocargoo.com\/dz\/?post_type=product&#038;p=81675"},"modified":"2026-05-08T19:12:28","modified_gmt":"2026-05-08T18:12:28","slug":"chemise-a-rayures-fines-et-motifs-floraux-13","status":"publish","type":"product","link":"https:\/\/www.oocargoo.com\/dz\/ar\/product\/chemise-a-rayures-fines-et-motifs-floraux-13\/","title":{"rendered":"Chemise \u00e0 rayures fines et motifs floraux"},"content":{"rendered":"<p><strong>D\u00e9tails du produit<\/strong><\/p>\n<p>Chemise \u00e0 rayures fines et motifs floraux Cette chemise oversize revisite le classique avec une touche boh\u00e8me et douce. Confectionn\u00e9e dans un tissu l\u00e9ger et respirant, elle pr\u00e9sente des rayures fines sur fond blanc, agr\u00e9ment\u00e9es de petits motifs floraux d\u00e9licats en bleu, rose et jaune. Son design ample et fluide en fait une pi\u00e8ce polyvalente, parfaite pour les looks d\u00e9contract\u00e9s ou pour superposer avec d&#x27;autres v\u00eatements. &#8211; Col : Col chemise classique &#8211; Fermeture : Fermeture boutonn\u00e9e sur toute la longueur, avec des boutons discrets &#8211; Manches : Manches longues avec poignets boutonn\u00e9s Longueur 76cm<\/p>\n<p><strong>Correspondance TU :<\/strong> 36-40<\/p>\n<p><strong>Composition :<\/strong> Cotton (100%)<\/p>\n<p><strong>Collection :<\/strong> Printemps\/\u00c9t\u00e9 2026<\/p>\n<p><strong>Pays de fabrication :<\/strong> Italie<\/p>\n<p><strong>R\u00e9f\u00e9rence :<\/strong> 753-6617-13<\/p>\n","protected":false},"excerpt":{"rendered":"<p><strong>D\u00e9tails du produit<\/strong><\/p>\n<p>Chemise \u00e0 rayures fines et motifs floraux Cette chemise oversize revisite le classique avec une touche boh\u00e8me et douce. Confectionn\u00e9e dans un tissu l\u00e9ger et respirant, elle pr\u00e9sente des rayures fines sur fond blanc, agr\u00e9ment\u00e9es de petits motifs floraux d\u00e9licats en bleu, rose et jaune. Son design ample et fluide en fait une pi\u00e8ce polyvalente, parfaite pour les looks d\u00e9contract\u00e9s ou pour superposer avec d&#x27;autres v\u00eatements. &#8211; Col : Col chemise classique &#8211; Fermeture : Fermeture boutonn\u00e9e sur toute la longueur, avec des boutons discrets &#8211; Manches : Manches longues avec poignets boutonn\u00e9s Longueur 76cm<\/p>\n<p><strong>Correspondance TU :<\/strong> 36-40<\/p>\n<p><strong>Composition :<\/strong> Cotton (100%)<\/p>\n<p><strong>Collection :<\/strong> Printemps\/\u00c9t\u00e9 2026<\/p>\n","protected":false},"featured_media":81627,"comment_status":"open","ping_status":"closed","template":"","meta":{"_acf_changed":false,"_monsterinsights_skip_tracking":false,"_monsterinsights_sitenote_active":false,"_monsterinsights_sitenote_note":"","_monsterinsights_sitenote_category":0},"product_cat":[446,442],"product_tag":[],"class_list":{"0":"post-81675","1":"product","2":"type-product","3":"status-publish","4":"has-post-thumbnail","6":"product_brand-italie","7":"product_cat-blouses-femmes","8":"product_cat-produits-en-france","9":"product_shipping_class-france","10":"pa_couleur-bleu","11":"pa_couleur-blush","12":"pa_couleur-creme","13":"pa_couleur-jaune-clair","14":"pa_couleur-vert-deau","15":"pa_taille-tu","17":"first","18":"instock","19":"purchasable","20":"product-type-variable","21":"add-to-wishlist-before_image"},"acf":[],"yoast_head":"<!-- This site is optimized with the Yoast SEO plugin v27.5 - https:\/\/yoast.com\/product\/yoast-seo-wordpress\/ -->\n<title>Chemise \u00e0 rayures fines et motifs floraux - Oocargoo<\/title>\n<meta name=\"robots\" content=\"index, follow, max-snippet:-1, max-image-preview:large, max-video-preview:-1\" \/>\n<link rel=\"canonical\" href=\"https:\/\/www.oocargoo.com\/dz\/ar\/product\/chemise-a-rayures-fines-et-motifs-floraux-13\/\" \/>\n<meta property=\"og:locale\" content=\"ar_AR\" \/>\n<meta property=\"og:type\" content=\"article\" \/>\n<meta property=\"og:title\" content=\"Chemise \u00e0 rayures fines et motifs floraux - Oocargoo\" \/>\n<meta property=\"og:description\" content=\"D\u00e9tails du produit Chemise \u00e0 rayures fines et motifs floraux Cette chemise oversize revisite le classique avec une touche boh\u00e8me et douce. Confectionn\u00e9e dans un tissu l\u00e9ger et respirant, elle pr\u00e9sente des rayures fines sur fond blanc, agr\u00e9ment\u00e9es de petits motifs floraux d\u00e9licats en bleu, rose et jaune. Son design ample et fluide en fait une pi\u00e8ce polyvalente, parfaite pour les looks d\u00e9contract\u00e9s ou pour superposer avec d&#x27;autres v\u00eatements. - Col : Col chemise classique - Fermeture : Fermeture boutonn\u00e9e sur toute la longueur, avec des boutons discrets - Manches : Manches longues avec poignets boutonn\u00e9s Longueur 76cm Correspondance TU : 36-40 Composition : Cotton (100%) Collection : Printemps\/\u00c9t\u00e9 2026\" \/>\n<meta property=\"og:url\" content=\"https:\/\/www.oocargoo.com\/dz\/ar\/product\/chemise-a-rayures-fines-et-motifs-floraux-13\/\" \/>\n<meta property=\"og:site_name\" content=\"Oocargoo\" \/>\n<meta property=\"article:publisher\" content=\"https:\/\/www.facebook.com\/oocargoo\/\" \/>\n<meta property=\"og:image\" content=\"https:\/\/www.oocargoo.com\/dz\/wp-content\/uploads\/2026\/05\/chemise-a-rayures-fines-et-motifs-floraux_bleu_69d4d6e4a9368.webp\" \/>\n\t<meta property=\"og:image:width\" content=\"864\" \/>\n\t<meta property=\"og:image:height\" content=\"1184\" \/>\n\t<meta property=\"og:image:type\" content=\"image\/webp\" \/>\n<meta name=\"twitter:card\" content=\"summary_large_image\" \/>\n<meta name=\"twitter:label1\" content=\"\u0648\u0642\u062a \u0627\u0644\u0642\u0631\u0627\u0621\u0629 \u0627\u0644\u0645\u064f\u0642\u062f\u0651\u0631\" \/>\n\t<meta name=\"twitter:data1\" content=\"1 \u062f\u0642\u064a\u0642\u0629\" \/>\n<script type=\"application\/ld+json\" class=\"yoast-schema-graph\">{\"@context\":\"https:\\\/\\\/schema.org\",\"@graph\":[{\"@type\":\"WebPage\",\"@id\":\"https:\\\/\\\/www.oocargoo.com\\\/dz\\\/ar\\\/product\\\/chemise-a-rayures-fines-et-motifs-floraux-13\\\/\",\"url\":\"https:\\\/\\\/www.oocargoo.com\\\/dz\\\/ar\\\/product\\\/chemise-a-rayures-fines-et-motifs-floraux-13\\\/\",\"name\":\"Chemise \u00e0 rayures fines et motifs floraux - Oocargoo\",\"isPartOf\":{\"@id\":\"https:\\\/\\\/www.oocargoo.com\\\/dz\\\/ar\\\/#website\"},\"primaryImageOfPage\":{\"@id\":\"https:\\\/\\\/www.oocargoo.com\\\/dz\\\/ar\\\/product\\\/chemise-a-rayures-fines-et-motifs-floraux-13\\\/#primaryimage\"},\"image\":{\"@id\":\"https:\\\/\\\/www.oocargoo.com\\\/dz\\\/ar\\\/product\\\/chemise-a-rayures-fines-et-motifs-floraux-13\\\/#primaryimage\"},\"thumbnailUrl\":\"https:\\\/\\\/www.oocargoo.com\\\/dz\\\/wp-content\\\/uploads\\\/2026\\\/05\\\/chemise-a-rayures-fines-et-motifs-floraux_bleu_69d4d6e4a9368.webp\",\"datePublished\":\"2026-05-08T18:12:28+00:00\",\"breadcrumb\":{\"@id\":\"https:\\\/\\\/www.oocargoo.com\\\/dz\\\/ar\\\/product\\\/chemise-a-rayures-fines-et-motifs-floraux-13\\\/#breadcrumb\"},\"inLanguage\":\"ar\",\"potentialAction\":[{\"@type\":\"ReadAction\",\"target\":[\"https:\\\/\\\/www.oocargoo.com\\\/dz\\\/ar\\\/product\\\/chemise-a-rayures-fines-et-motifs-floraux-13\\\/\"]}]},{\"@type\":\"ImageObject\",\"inLanguage\":\"ar\",\"@id\":\"https:\\\/\\\/www.oocargoo.com\\\/dz\\\/ar\\\/product\\\/chemise-a-rayures-fines-et-motifs-floraux-13\\\/#primaryimage\",\"url\":\"https:\\\/\\\/www.oocargoo.com\\\/dz\\\/wp-content\\\/uploads\\\/2026\\\/05\\\/chemise-a-rayures-fines-et-motifs-floraux_bleu_69d4d6e4a9368.webp\",\"contentUrl\":\"https:\\\/\\\/www.oocargoo.com\\\/dz\\\/wp-content\\\/uploads\\\/2026\\\/05\\\/chemise-a-rayures-fines-et-motifs-floraux_bleu_69d4d6e4a9368.webp\",\"width\":864,\"height\":1184},{\"@type\":\"BreadcrumbList\",\"@id\":\"https:\\\/\\\/www.oocargoo.com\\\/dz\\\/ar\\\/product\\\/chemise-a-rayures-fines-et-motifs-floraux-13\\\/#breadcrumb\",\"itemListElement\":[{\"@type\":\"ListItem\",\"position\":1,\"name\":\"Accueil\",\"item\":\"https:\\\/\\\/www.oocargoo.com\\\/dz\\\/ar\\\/\"},{\"@type\":\"ListItem\",\"position\":2,\"name\":\"Shop\",\"item\":\"https:\\\/\\\/www.oocargoo.com\\\/dz\\\/shop\\\/\"},{\"@type\":\"ListItem\",\"position\":3,\"name\":\"Chemise \u00e0 rayures fines et motifs floraux\"}]},{\"@type\":\"WebSite\",\"@id\":\"https:\\\/\\\/www.oocargoo.com\\\/dz\\\/ar\\\/#website\",\"url\":\"https:\\\/\\\/www.oocargoo.com\\\/dz\\\/ar\\\/\",\"name\":\"Oocargoo\",\"description\":\"Grossiste vetement en ligne algerie\",\"publisher\":{\"@id\":\"https:\\\/\\\/www.oocargoo.com\\\/dz\\\/ar\\\/#organization\"},\"potentialAction\":[{\"@type\":\"SearchAction\",\"target\":{\"@type\":\"EntryPoint\",\"urlTemplate\":\"https:\\\/\\\/www.oocargoo.com\\\/dz\\\/ar\\\/?s={search_term_string}\"},\"query-input\":{\"@type\":\"PropertyValueSpecification\",\"valueRequired\":true,\"valueName\":\"search_term_string\"}}],\"inLanguage\":\"ar\"},{\"@type\":\"Organization\",\"@id\":\"https:\\\/\\\/www.oocargoo.com\\\/dz\\\/ar\\\/#organization\",\"name\":\"Oocargoo\",\"url\":\"https:\\\/\\\/www.oocargoo.com\\\/dz\\\/ar\\\/\",\"logo\":{\"@type\":\"ImageObject\",\"inLanguage\":\"ar\",\"@id\":\"https:\\\/\\\/www.oocargoo.com\\\/dz\\\/ar\\\/#\\\/schema\\\/logo\\\/image\\\/\",\"url\":\"https:\\\/\\\/www.oocargoo.com\\\/dz\\\/wp-content\\\/uploads\\\/2024\\\/07\\\/logo_b2b_oocargoo_com-NOIR-a.png\",\"contentUrl\":\"https:\\\/\\\/www.oocargoo.com\\\/dz\\\/wp-content\\\/uploads\\\/2024\\\/07\\\/logo_b2b_oocargoo_com-NOIR-a.png\",\"width\":600,\"height\":146,\"caption\":\"Oocargoo\"},\"image\":{\"@id\":\"https:\\\/\\\/www.oocargoo.com\\\/dz\\\/ar\\\/#\\\/schema\\\/logo\\\/image\\\/\"},\"sameAs\":[\"https:\\\/\\\/www.facebook.com\\\/oocargoo\\\/\",\"https:\\\/\\\/www.instagram.com\\\/oocargoo\\\/\"]}]}<\/script>\n<!-- \/ Yoast SEO plugin. -->","yoast_head_json":{"title":"Chemise \u00e0 rayures fines et motifs floraux - Oocargoo","robots":{"index":"index","follow":"follow","max-snippet":"max-snippet:-1","max-image-preview":"max-image-preview:large","max-video-preview":"max-video-preview:-1"},"canonical":"https:\/\/www.oocargoo.com\/dz\/ar\/product\/chemise-a-rayures-fines-et-motifs-floraux-13\/","og_locale":"ar_AR","og_type":"article","og_title":"Chemise \u00e0 rayures fines et motifs floraux - Oocargoo","og_description":"D\u00e9tails du produit Chemise \u00e0 rayures fines et motifs floraux Cette chemise oversize revisite le classique avec une touche boh\u00e8me et douce. Confectionn\u00e9e dans un tissu l\u00e9ger et respirant, elle pr\u00e9sente des rayures fines sur fond blanc, agr\u00e9ment\u00e9es de petits motifs floraux d\u00e9licats en bleu, rose et jaune. Son design ample et fluide en fait une pi\u00e8ce polyvalente, parfaite pour les looks d\u00e9contract\u00e9s ou pour superposer avec d&#x27;autres v\u00eatements. - Col : Col chemise classique - Fermeture : Fermeture boutonn\u00e9e sur toute la longueur, avec des boutons discrets - Manches : Manches longues avec poignets boutonn\u00e9s Longueur 76cm Correspondance TU : 36-40 Composition : Cotton (100%) Collection : Printemps\/\u00c9t\u00e9 2026","og_url":"https:\/\/www.oocargoo.com\/dz\/ar\/product\/chemise-a-rayures-fines-et-motifs-floraux-13\/","og_site_name":"Oocargoo","article_publisher":"https:\/\/www.facebook.com\/oocargoo\/","og_image":[{"width":864,"height":1184,"url":"https:\/\/www.oocargoo.com\/dz\/wp-content\/uploads\/2026\/05\/chemise-a-rayures-fines-et-motifs-floraux_bleu_69d4d6e4a9368.webp","type":"image\/webp"}],"twitter_card":"summary_large_image","twitter_misc":{"\u0648\u0642\u062a \u0627\u0644\u0642\u0631\u0627\u0621\u0629 \u0627\u0644\u0645\u064f\u0642\u062f\u0651\u0631":"1 \u062f\u0642\u064a\u0642\u0629"},"schema":{"@context":"https:\/\/schema.org","@graph":[{"@type":"WebPage","@id":"https:\/\/www.oocargoo.com\/dz\/ar\/product\/chemise-a-rayures-fines-et-motifs-floraux-13\/","url":"https:\/\/www.oocargoo.com\/dz\/ar\/product\/chemise-a-rayures-fines-et-motifs-floraux-13\/","name":"Chemise \u00e0 rayures fines et motifs floraux - Oocargoo","isPartOf":{"@id":"https:\/\/www.oocargoo.com\/dz\/ar\/#website"},"primaryImageOfPage":{"@id":"https:\/\/www.oocargoo.com\/dz\/ar\/product\/chemise-a-rayures-fines-et-motifs-floraux-13\/#primaryimage"},"image":{"@id":"https:\/\/www.oocargoo.com\/dz\/ar\/product\/chemise-a-rayures-fines-et-motifs-floraux-13\/#primaryimage"},"thumbnailUrl":"https:\/\/www.oocargoo.com\/dz\/wp-content\/uploads\/2026\/05\/chemise-a-rayures-fines-et-motifs-floraux_bleu_69d4d6e4a9368.webp","datePublished":"2026-05-08T18:12:28+00:00","breadcrumb":{"@id":"https:\/\/www.oocargoo.com\/dz\/ar\/product\/chemise-a-rayures-fines-et-motifs-floraux-13\/#breadcrumb"},"inLanguage":"ar","potentialAction":[{"@type":"ReadAction","target":["https:\/\/www.oocargoo.com\/dz\/ar\/product\/chemise-a-rayures-fines-et-motifs-floraux-13\/"]}]},{"@type":"ImageObject","inLanguage":"ar","@id":"https:\/\/www.oocargoo.com\/dz\/ar\/product\/chemise-a-rayures-fines-et-motifs-floraux-13\/#primaryimage","url":"https:\/\/www.oocargoo.com\/dz\/wp-content\/uploads\/2026\/05\/chemise-a-rayures-fines-et-motifs-floraux_bleu_69d4d6e4a9368.webp","contentUrl":"https:\/\/www.oocargoo.com\/dz\/wp-content\/uploads\/2026\/05\/chemise-a-rayures-fines-et-motifs-floraux_bleu_69d4d6e4a9368.webp","width":864,"height":1184},{"@type":"BreadcrumbList","@id":"https:\/\/www.oocargoo.com\/dz\/ar\/product\/chemise-a-rayures-fines-et-motifs-floraux-13\/#breadcrumb","itemListElement":[{"@type":"ListItem","position":1,"name":"Accueil","item":"https:\/\/www.oocargoo.com\/dz\/ar\/"},{"@type":"ListItem","position":2,"name":"Shop","item":"https:\/\/www.oocargoo.com\/dz\/shop\/"},{"@type":"ListItem","position":3,"name":"Chemise \u00e0 rayures fines et motifs floraux"}]},{"@type":"WebSite","@id":"https:\/\/www.oocargoo.com\/dz\/ar\/#website","url":"https:\/\/www.oocargoo.com\/dz\/ar\/","name":"Oocargoo","description":"Grossiste vetement en ligne algerie","publisher":{"@id":"https:\/\/www.oocargoo.com\/dz\/ar\/#organization"},"potentialAction":[{"@type":"SearchAction","target":{"@type":"EntryPoint","urlTemplate":"https:\/\/www.oocargoo.com\/dz\/ar\/?s={search_term_string}"},"query-input":{"@type":"PropertyValueSpecification","valueRequired":true,"valueName":"search_term_string"}}],"inLanguage":"ar"},{"@type":"Organization","@id":"https:\/\/www.oocargoo.com\/dz\/ar\/#organization","name":"Oocargoo","url":"https:\/\/www.oocargoo.com\/dz\/ar\/","logo":{"@type":"ImageObject","inLanguage":"ar","@id":"https:\/\/www.oocargoo.com\/dz\/ar\/#\/schema\/logo\/image\/","url":"https:\/\/www.oocargoo.com\/dz\/wp-content\/uploads\/2024\/07\/logo_b2b_oocargoo_com-NOIR-a.png","contentUrl":"https:\/\/www.oocargoo.com\/dz\/wp-content\/uploads\/2024\/07\/logo_b2b_oocargoo_com-NOIR-a.png","width":600,"height":146,"caption":"Oocargoo"},"image":{"@id":"https:\/\/www.oocargoo.com\/dz\/ar\/#\/schema\/logo\/image\/"},"sameAs":["https:\/\/www.facebook.com\/oocargoo\/","https:\/\/www.instagram.com\/oocargoo\/"]}]}},"_links":{"self":[{"href":"https:\/\/www.oocargoo.com\/dz\/ar\/wp-json\/wp\/v2\/product\/81675","targetHints":{"allow":["GET"]}}],"collection":[{"href":"https:\/\/www.oocargoo.com\/dz\/ar\/wp-json\/wp\/v2\/product"}],"about":[{"href":"https:\/\/www.oocargoo.com\/dz\/ar\/wp-json\/wp\/v2\/types\/product"}],"replies":[{"embeddable":true,"href":"https:\/\/www.oocargoo.com\/dz\/ar\/wp-json\/wp\/v2\/comments?post=81675"}],"version-history":[{"count":0,"href":"https:\/\/www.oocargoo.com\/dz\/ar\/wp-json\/wp\/v2\/product\/81675\/revisions"}],"wp:featuredmedia":[{"embeddable":true,"href":"https:\/\/www.oocargoo.com\/dz\/ar\/wp-json\/wp\/v2\/media\/81627"}],"wp:attachment":[{"href":"https:\/\/www.oocargoo.com\/dz\/ar\/wp-json\/wp\/v2\/media?parent=81675"}],"wp:term":[{"taxonomy":"product_cat","embeddable":true,"href":"https:\/\/www.oocargoo.com\/dz\/ar\/wp-json\/wp\/v2\/product_cat?post=81675"},{"taxonomy":"product_tag","embeddable":true,"href":"https:\/\/www.oocargoo.com\/dz\/ar\/wp-json\/wp\/v2\/product_tag?post=81675"}],"curies":[{"name":"wp","href":"https:\/\/api.w.org\/{rel}","templated":true}]}}