{"id":77493,"date":"2026-05-08T19:23:49","date_gmt":"2026-05-08T18:23:49","guid":{"rendered":"https:\/\/www.oocargoo.com\/dz\/?post_type=product&#038;p=77493"},"modified":"2026-05-08T19:23:50","modified_gmt":"2026-05-08T18:23:50","slug":"chemise-oversize","status":"publish","type":"product","link":"https:\/\/www.oocargoo.com\/dz\/ar\/product\/chemise-oversize\/","title":{"rendered":"Chemise Oversize"},"content":{"rendered":"<p><strong>D\u00e9tails du produit<\/strong><\/p>\n<p>Chemise Oversize Cette chemise allie l\u00e9g\u00e8ret\u00e9 et d\u00e9contraction pour une allure d\u00e9contract\u00e9e et rafra\u00eechissante. Son tissu fin et a\u00e9rien apporte un effet naturel et d\u00e9contract\u00e9, tandis que sa coupe oversize flatte toutes les silhouettes. Coupe oversize et fluide, avec un ourlet asym\u00e9trique (plus long \u00e0 l\u2019arri\u00e8re) pour un look d\u00e9contract\u00e9 et moderne Col classique chemise, avec une ouverture boutonn\u00e9e compl\u00e8te sur le devant Manches courtes \u00e0 ourlet roul\u00e9, avec un petit bouton de fixation pour maintenir le pli et ajouter une touche styl\u00e9e Longueur devant 80cm Longueur dos 86cm<\/p>\n<p><strong>Correspondance TU :<\/strong> 36-42<\/p>\n<p><strong>Composition :<\/strong> Cotton (100%)<\/p>\n<p><strong>Collection :<\/strong> Printemps\/\u00c9t\u00e9 2026<\/p>\n<p><strong>Pays de fabrication :<\/strong> Italie<\/p>\n<p><strong>R\u00e9f\u00e9rence :<\/strong> 763-26096-11<\/p>\n","protected":false},"excerpt":{"rendered":"<p><strong>D\u00e9tails du produit<\/strong><\/p>\n<p>Chemise Oversize Cette chemise allie l\u00e9g\u00e8ret\u00e9 et d\u00e9contraction pour une allure d\u00e9contract\u00e9e et rafra\u00eechissante. Son tissu fin et a\u00e9rien apporte un effet naturel et d\u00e9contract\u00e9, tandis que sa coupe oversize flatte toutes les silhouettes. Coupe oversize et fluide, avec un ourlet asym\u00e9trique (plus long \u00e0 l\u2019arri\u00e8re) pour un look d\u00e9contract\u00e9 et moderne Col classique chemise, avec une ouverture boutonn\u00e9e compl\u00e8te sur le devant Manches courtes \u00e0 ourlet roul\u00e9, avec un petit bouton de fixation pour maintenir le pli et ajouter une touche styl\u00e9e Longueur devant 80cm Longueur dos 86cm<\/p>\n<p><strong>Correspondance TU :<\/strong> 36-42<\/p>\n<p><strong>Composition :<\/strong> Cotton (100%)<\/p>\n<p><strong>Collection :<\/strong> Printemps\/\u00c9t\u00e9 2026<\/p>\n","protected":false},"featured_media":77447,"comment_status":"open","ping_status":"closed","template":"","meta":{"_acf_changed":false,"_monsterinsights_skip_tracking":false,"_monsterinsights_sitenote_active":false,"_monsterinsights_sitenote_note":"","_monsterinsights_sitenote_category":0},"product_cat":[447,485],"product_tag":[],"class_list":{"0":"post-77493","1":"product","2":"type-product","3":"status-publish","4":"has-post-thumbnail","6":"product_brand-968","7":"product_cat-447","8":"product_cat-485","9":"product_shipping_class-969","10":"pa_couleur-blanc","11":"pa_couleur-bleu-ciel","12":"pa_couleur-986","13":"pa_couleur-jaune-clair","14":"pa_couleur-kaki","15":"pa_couleur-rose-fluo","16":"pa_taille-967","18":"first","19":"instock","20":"purchasable","21":"product-type-variable","22":"add-to-wishlist-before_image"},"acf":[],"yoast_head":"<!-- This site is optimized with the Yoast SEO plugin v27.5 - https:\/\/yoast.com\/product\/yoast-seo-wordpress\/ -->\n<title>Chemise Oversize - Oocargoo<\/title>\n<meta name=\"robots\" content=\"index, follow, max-snippet:-1, max-image-preview:large, max-video-preview:-1\" \/>\n<link rel=\"canonical\" href=\"https:\/\/www.oocargoo.com\/dz\/ar\/product\/chemise-oversize\/\" \/>\n<meta property=\"og:locale\" content=\"ar_AR\" \/>\n<meta property=\"og:type\" content=\"article\" \/>\n<meta property=\"og:title\" content=\"Chemise Oversize - Oocargoo\" \/>\n<meta property=\"og:description\" content=\"D\u00e9tails du produit Chemise Oversize Cette chemise allie l\u00e9g\u00e8ret\u00e9 et d\u00e9contraction pour une allure d\u00e9contract\u00e9e et rafra\u00eechissante. Son tissu fin et a\u00e9rien apporte un effet naturel et d\u00e9contract\u00e9, tandis que sa coupe oversize flatte toutes les silhouettes. Coupe oversize et fluide, avec un ourlet asym\u00e9trique (plus long \u00e0 l\u2019arri\u00e8re) pour un look d\u00e9contract\u00e9 et moderne Col classique chemise, avec une ouverture boutonn\u00e9e compl\u00e8te sur le devant Manches courtes \u00e0 ourlet roul\u00e9, avec un petit bouton de fixation pour maintenir le pli et ajouter une touche styl\u00e9e Longueur devant 80cm Longueur dos 86cm Correspondance TU : 36-42 Composition : Cotton (100%) Collection : Printemps\/\u00c9t\u00e9 2026\" \/>\n<meta property=\"og:url\" content=\"https:\/\/www.oocargoo.com\/dz\/ar\/product\/chemise-oversize\/\" \/>\n<meta property=\"og:site_name\" content=\"Oocargoo\" \/>\n<meta property=\"article:publisher\" content=\"https:\/\/www.facebook.com\/oocargoo\/\" \/>\n<meta property=\"article:modified_time\" content=\"2026-05-08T18:23:50+00:00\" \/>\n<meta property=\"og:image\" content=\"https:\/\/www.oocargoo.com\/dz\/wp-content\/uploads\/2026\/05\/chemise-oversize_creme_69e09c66f045f.webp\" \/>\n\t<meta property=\"og:image:width\" content=\"1124\" \/>\n\t<meta property=\"og:image:height\" content=\"1498\" \/>\n\t<meta property=\"og:image:type\" content=\"image\/webp\" \/>\n<meta name=\"twitter:card\" content=\"summary_large_image\" \/>\n<meta name=\"twitter:label1\" content=\"\u0648\u0642\u062a \u0627\u0644\u0642\u0631\u0627\u0621\u0629 \u0627\u0644\u0645\u064f\u0642\u062f\u0651\u0631\" \/>\n\t<meta name=\"twitter:data1\" content=\"1 \u062f\u0642\u064a\u0642\u0629\" \/>\n<script type=\"application\/ld+json\" class=\"yoast-schema-graph\">{\"@context\":\"https:\\\/\\\/schema.org\",\"@graph\":[{\"@type\":\"WebPage\",\"@id\":\"https:\\\/\\\/www.oocargoo.com\\\/dz\\\/ar\\\/product\\\/chemise-oversize\\\/\",\"url\":\"https:\\\/\\\/www.oocargoo.com\\\/dz\\\/ar\\\/product\\\/chemise-oversize\\\/\",\"name\":\"Chemise Oversize - Oocargoo\",\"isPartOf\":{\"@id\":\"https:\\\/\\\/www.oocargoo.com\\\/dz\\\/ar\\\/#website\"},\"primaryImageOfPage\":{\"@id\":\"https:\\\/\\\/www.oocargoo.com\\\/dz\\\/ar\\\/product\\\/chemise-oversize\\\/#primaryimage\"},\"image\":{\"@id\":\"https:\\\/\\\/www.oocargoo.com\\\/dz\\\/ar\\\/product\\\/chemise-oversize\\\/#primaryimage\"},\"thumbnailUrl\":\"https:\\\/\\\/www.oocargoo.com\\\/dz\\\/wp-content\\\/uploads\\\/2026\\\/05\\\/chemise-oversize_creme_69e09c66f045f.webp\",\"datePublished\":\"2026-05-08T18:23:49+00:00\",\"dateModified\":\"2026-05-08T18:23:50+00:00\",\"breadcrumb\":{\"@id\":\"https:\\\/\\\/www.oocargoo.com\\\/dz\\\/ar\\\/product\\\/chemise-oversize\\\/#breadcrumb\"},\"inLanguage\":\"ar\",\"potentialAction\":[{\"@type\":\"ReadAction\",\"target\":[\"https:\\\/\\\/www.oocargoo.com\\\/dz\\\/ar\\\/product\\\/chemise-oversize\\\/\"]}]},{\"@type\":\"ImageObject\",\"inLanguage\":\"ar\",\"@id\":\"https:\\\/\\\/www.oocargoo.com\\\/dz\\\/ar\\\/product\\\/chemise-oversize\\\/#primaryimage\",\"url\":\"https:\\\/\\\/www.oocargoo.com\\\/dz\\\/wp-content\\\/uploads\\\/2026\\\/05\\\/chemise-oversize_creme_69e09c66f045f.webp\",\"contentUrl\":\"https:\\\/\\\/www.oocargoo.com\\\/dz\\\/wp-content\\\/uploads\\\/2026\\\/05\\\/chemise-oversize_creme_69e09c66f045f.webp\",\"width\":1124,\"height\":1498},{\"@type\":\"BreadcrumbList\",\"@id\":\"https:\\\/\\\/www.oocargoo.com\\\/dz\\\/ar\\\/product\\\/chemise-oversize\\\/#breadcrumb\",\"itemListElement\":[{\"@type\":\"ListItem\",\"position\":1,\"name\":\"Accueil\",\"item\":\"https:\\\/\\\/www.oocargoo.com\\\/dz\\\/ar\\\/\"},{\"@type\":\"ListItem\",\"position\":2,\"name\":\"Shop\",\"item\":\"https:\\\/\\\/www.oocargoo.com\\\/dz\\\/shop\\\/\"},{\"@type\":\"ListItem\",\"position\":3,\"name\":\"Chemise Oversize\"}]},{\"@type\":\"WebSite\",\"@id\":\"https:\\\/\\\/www.oocargoo.com\\\/dz\\\/ar\\\/#website\",\"url\":\"https:\\\/\\\/www.oocargoo.com\\\/dz\\\/ar\\\/\",\"name\":\"Oocargoo\",\"description\":\"Grossiste vetement en ligne algerie\",\"publisher\":{\"@id\":\"https:\\\/\\\/www.oocargoo.com\\\/dz\\\/ar\\\/#organization\"},\"potentialAction\":[{\"@type\":\"SearchAction\",\"target\":{\"@type\":\"EntryPoint\",\"urlTemplate\":\"https:\\\/\\\/www.oocargoo.com\\\/dz\\\/ar\\\/?s={search_term_string}\"},\"query-input\":{\"@type\":\"PropertyValueSpecification\",\"valueRequired\":true,\"valueName\":\"search_term_string\"}}],\"inLanguage\":\"ar\"},{\"@type\":\"Organization\",\"@id\":\"https:\\\/\\\/www.oocargoo.com\\\/dz\\\/ar\\\/#organization\",\"name\":\"Oocargoo\",\"url\":\"https:\\\/\\\/www.oocargoo.com\\\/dz\\\/ar\\\/\",\"logo\":{\"@type\":\"ImageObject\",\"inLanguage\":\"ar\",\"@id\":\"https:\\\/\\\/www.oocargoo.com\\\/dz\\\/ar\\\/#\\\/schema\\\/logo\\\/image\\\/\",\"url\":\"https:\\\/\\\/www.oocargoo.com\\\/dz\\\/wp-content\\\/uploads\\\/2024\\\/07\\\/logo_b2b_oocargoo_com-NOIR-a.png\",\"contentUrl\":\"https:\\\/\\\/www.oocargoo.com\\\/dz\\\/wp-content\\\/uploads\\\/2024\\\/07\\\/logo_b2b_oocargoo_com-NOIR-a.png\",\"width\":600,\"height\":146,\"caption\":\"Oocargoo\"},\"image\":{\"@id\":\"https:\\\/\\\/www.oocargoo.com\\\/dz\\\/ar\\\/#\\\/schema\\\/logo\\\/image\\\/\"},\"sameAs\":[\"https:\\\/\\\/www.facebook.com\\\/oocargoo\\\/\",\"https:\\\/\\\/www.instagram.com\\\/oocargoo\\\/\"]}]}<\/script>\n<!-- \/ Yoast SEO plugin. -->","yoast_head_json":{"title":"Chemise Oversize - Oocargoo","robots":{"index":"index","follow":"follow","max-snippet":"max-snippet:-1","max-image-preview":"max-image-preview:large","max-video-preview":"max-video-preview:-1"},"canonical":"https:\/\/www.oocargoo.com\/dz\/ar\/product\/chemise-oversize\/","og_locale":"ar_AR","og_type":"article","og_title":"Chemise Oversize - Oocargoo","og_description":"D\u00e9tails du produit Chemise Oversize Cette chemise allie l\u00e9g\u00e8ret\u00e9 et d\u00e9contraction pour une allure d\u00e9contract\u00e9e et rafra\u00eechissante. Son tissu fin et a\u00e9rien apporte un effet naturel et d\u00e9contract\u00e9, tandis que sa coupe oversize flatte toutes les silhouettes. Coupe oversize et fluide, avec un ourlet asym\u00e9trique (plus long \u00e0 l\u2019arri\u00e8re) pour un look d\u00e9contract\u00e9 et moderne Col classique chemise, avec une ouverture boutonn\u00e9e compl\u00e8te sur le devant Manches courtes \u00e0 ourlet roul\u00e9, avec un petit bouton de fixation pour maintenir le pli et ajouter une touche styl\u00e9e Longueur devant 80cm Longueur dos 86cm Correspondance TU : 36-42 Composition : Cotton (100%) Collection : Printemps\/\u00c9t\u00e9 2026","og_url":"https:\/\/www.oocargoo.com\/dz\/ar\/product\/chemise-oversize\/","og_site_name":"Oocargoo","article_publisher":"https:\/\/www.facebook.com\/oocargoo\/","article_modified_time":"2026-05-08T18:23:50+00:00","og_image":[{"width":1124,"height":1498,"url":"https:\/\/www.oocargoo.com\/dz\/wp-content\/uploads\/2026\/05\/chemise-oversize_creme_69e09c66f045f.webp","type":"image\/webp"}],"twitter_card":"summary_large_image","twitter_misc":{"\u0648\u0642\u062a \u0627\u0644\u0642\u0631\u0627\u0621\u0629 \u0627\u0644\u0645\u064f\u0642\u062f\u0651\u0631":"1 \u062f\u0642\u064a\u0642\u0629"},"schema":{"@context":"https:\/\/schema.org","@graph":[{"@type":"WebPage","@id":"https:\/\/www.oocargoo.com\/dz\/ar\/product\/chemise-oversize\/","url":"https:\/\/www.oocargoo.com\/dz\/ar\/product\/chemise-oversize\/","name":"Chemise Oversize - Oocargoo","isPartOf":{"@id":"https:\/\/www.oocargoo.com\/dz\/ar\/#website"},"primaryImageOfPage":{"@id":"https:\/\/www.oocargoo.com\/dz\/ar\/product\/chemise-oversize\/#primaryimage"},"image":{"@id":"https:\/\/www.oocargoo.com\/dz\/ar\/product\/chemise-oversize\/#primaryimage"},"thumbnailUrl":"https:\/\/www.oocargoo.com\/dz\/wp-content\/uploads\/2026\/05\/chemise-oversize_creme_69e09c66f045f.webp","datePublished":"2026-05-08T18:23:49+00:00","dateModified":"2026-05-08T18:23:50+00:00","breadcrumb":{"@id":"https:\/\/www.oocargoo.com\/dz\/ar\/product\/chemise-oversize\/#breadcrumb"},"inLanguage":"ar","potentialAction":[{"@type":"ReadAction","target":["https:\/\/www.oocargoo.com\/dz\/ar\/product\/chemise-oversize\/"]}]},{"@type":"ImageObject","inLanguage":"ar","@id":"https:\/\/www.oocargoo.com\/dz\/ar\/product\/chemise-oversize\/#primaryimage","url":"https:\/\/www.oocargoo.com\/dz\/wp-content\/uploads\/2026\/05\/chemise-oversize_creme_69e09c66f045f.webp","contentUrl":"https:\/\/www.oocargoo.com\/dz\/wp-content\/uploads\/2026\/05\/chemise-oversize_creme_69e09c66f045f.webp","width":1124,"height":1498},{"@type":"BreadcrumbList","@id":"https:\/\/www.oocargoo.com\/dz\/ar\/product\/chemise-oversize\/#breadcrumb","itemListElement":[{"@type":"ListItem","position":1,"name":"Accueil","item":"https:\/\/www.oocargoo.com\/dz\/ar\/"},{"@type":"ListItem","position":2,"name":"Shop","item":"https:\/\/www.oocargoo.com\/dz\/shop\/"},{"@type":"ListItem","position":3,"name":"Chemise Oversize"}]},{"@type":"WebSite","@id":"https:\/\/www.oocargoo.com\/dz\/ar\/#website","url":"https:\/\/www.oocargoo.com\/dz\/ar\/","name":"Oocargoo","description":"Grossiste vetement en ligne algerie","publisher":{"@id":"https:\/\/www.oocargoo.com\/dz\/ar\/#organization"},"potentialAction":[{"@type":"SearchAction","target":{"@type":"EntryPoint","urlTemplate":"https:\/\/www.oocargoo.com\/dz\/ar\/?s={search_term_string}"},"query-input":{"@type":"PropertyValueSpecification","valueRequired":true,"valueName":"search_term_string"}}],"inLanguage":"ar"},{"@type":"Organization","@id":"https:\/\/www.oocargoo.com\/dz\/ar\/#organization","name":"Oocargoo","url":"https:\/\/www.oocargoo.com\/dz\/ar\/","logo":{"@type":"ImageObject","inLanguage":"ar","@id":"https:\/\/www.oocargoo.com\/dz\/ar\/#\/schema\/logo\/image\/","url":"https:\/\/www.oocargoo.com\/dz\/wp-content\/uploads\/2024\/07\/logo_b2b_oocargoo_com-NOIR-a.png","contentUrl":"https:\/\/www.oocargoo.com\/dz\/wp-content\/uploads\/2024\/07\/logo_b2b_oocargoo_com-NOIR-a.png","width":600,"height":146,"caption":"Oocargoo"},"image":{"@id":"https:\/\/www.oocargoo.com\/dz\/ar\/#\/schema\/logo\/image\/"},"sameAs":["https:\/\/www.facebook.com\/oocargoo\/","https:\/\/www.instagram.com\/oocargoo\/"]}]}},"_links":{"self":[{"href":"https:\/\/www.oocargoo.com\/dz\/ar\/wp-json\/wp\/v2\/product\/77493","targetHints":{"allow":["GET"]}}],"collection":[{"href":"https:\/\/www.oocargoo.com\/dz\/ar\/wp-json\/wp\/v2\/product"}],"about":[{"href":"https:\/\/www.oocargoo.com\/dz\/ar\/wp-json\/wp\/v2\/types\/product"}],"replies":[{"embeddable":true,"href":"https:\/\/www.oocargoo.com\/dz\/ar\/wp-json\/wp\/v2\/comments?post=77493"}],"version-history":[{"count":0,"href":"https:\/\/www.oocargoo.com\/dz\/ar\/wp-json\/wp\/v2\/product\/77493\/revisions"}],"wp:featuredmedia":[{"embeddable":true,"href":"https:\/\/www.oocargoo.com\/dz\/ar\/wp-json\/wp\/v2\/media\/77447"}],"wp:attachment":[{"href":"https:\/\/www.oocargoo.com\/dz\/ar\/wp-json\/wp\/v2\/media?parent=77493"}],"wp:term":[{"taxonomy":"product_cat","embeddable":true,"href":"https:\/\/www.oocargoo.com\/dz\/ar\/wp-json\/wp\/v2\/product_cat?post=77493"},{"taxonomy":"product_tag","embeddable":true,"href":"https:\/\/www.oocargoo.com\/dz\/ar\/wp-json\/wp\/v2\/product_tag?post=77493"}],"curies":[{"name":"wp","href":"https:\/\/api.w.org\/{rel}","templated":true}]}}