{"id":75605,"date":"2026-05-08T19:23:54","date_gmt":"2026-05-08T18:23:54","guid":{"rendered":"https:\/\/www.oocargoo.com\/dz\/?post_type=product&#038;p=75605"},"modified":"2026-05-08T19:23:54","modified_gmt":"2026-05-08T18:23:54","slug":"chemise-rayee-avec-message-au-dos-smile-2","status":"publish","type":"product","link":"https:\/\/www.oocargoo.com\/dz\/ar\/product\/chemise-rayee-avec-message-au-dos-smile-2\/","title":{"rendered":"Chemise Ray\u00e9e avec Message au dos &#8220;SMILE&#8221;"},"content":{"rendered":"<p><strong>D\u00e9tails du produit<\/strong><\/p>\n<p>Chemise Ray\u00e9e avec Message au dos &quot;SMILE&quot; Cette chemise allie l\u00e9g\u00e8ret\u00e9 et bonne humeur pour une allure d\u00e9contract\u00e9e et pleine de vie. Son tissu textur\u00e9 et ses fines rayures verticales apportent une touche de relief, tandis que le message &quot;SMILE&quot; en lettres rouges vives au dos ajoute une note de positivit\u00e9 et de style. Col classique chemise, avec une ouverture boutonn\u00e9e partielle sur le devant Manches courtes \u00e0 ourlet large et roul\u00e9, pour un look d\u00e9contract\u00e9 et frais Rayures fines verticales blanc sur fond bleu chin\u00e9 \u2013 motif discret et authentique Tissu gaufr\u00e9 et l\u00e9ger, effet &quot;crinkle&quot; (pliss\u00e9 naturel) pour un look d\u00e9contract\u00e9 et chic Grand message &quot;SMILE&quot; en lettres rouges appliqu\u00e9 au dos, pour une touche de style et de positivit\u00e9 Longueur 66cm<\/p>\n<p><strong>Correspondance TU :<\/strong> 36\/40<\/p>\n<p><strong>Composition :<\/strong> Polyester (70%), Viscose (30%)<\/p>\n<p><strong>Collection :<\/strong> Printemps\/\u00c9t\u00e9 2026<\/p>\n<p><strong>Pays de fabrication :<\/strong> Italie<\/p>\n<p><strong>R\u00e9f\u00e9rence :<\/strong> 764-26118-11<\/p>\n","protected":false},"excerpt":{"rendered":"<p><strong>D\u00e9tails du produit<\/strong><\/p>\n<p>Chemise Ray\u00e9e avec Message au dos &quot;SMILE&quot; Cette chemise allie l\u00e9g\u00e8ret\u00e9 et bonne humeur pour une allure d\u00e9contract\u00e9e et pleine de vie. Son tissu textur\u00e9 et ses fines rayures verticales apportent une touche de relief, tandis que le message &quot;SMILE&quot; en lettres rouges vives au dos ajoute une note de positivit\u00e9 et de style. Col classique chemise, avec une ouverture boutonn\u00e9e partielle sur le devant Manches courtes \u00e0 ourlet large et roul\u00e9, pour un look d\u00e9contract\u00e9 et frais Rayures fines verticales blanc sur fond bleu chin\u00e9 \u2013 motif discret et authentique Tissu gaufr\u00e9 et l\u00e9ger, effet &quot;crinkle&quot; (pliss\u00e9 naturel) pour un look d\u00e9contract\u00e9 et chic Grand message &quot;SMILE&quot; en lettres rouges appliqu\u00e9 au dos, pour une touche de style et de positivit\u00e9 Longueur 66cm<\/p>\n<p><strong>Correspondance TU :<\/strong> 36\/40<\/p>\n<p><strong>Composition :<\/strong> Polyester (70%), Viscose (30%)<\/p>\n<p><strong>Collection :<\/strong> Printemps\/\u00c9t\u00e9 2026<\/p>\n","protected":false},"featured_media":75549,"comment_status":"open","ping_status":"closed","template":"","meta":{"_monsterinsights_skip_tracking":false,"_monsterinsights_sitenote_active":false,"_monsterinsights_sitenote_note":"","_monsterinsights_sitenote_category":0},"product_cat":[446,442],"product_tag":[],"class_list":{"0":"post-75605","1":"product","2":"type-product","3":"status-publish","4":"has-post-thumbnail","6":"product_brand-italie","7":"product_cat-blouses-femmes","8":"product_cat-produits-en-france","9":"product_shipping_class-france","10":"pa_couleur-bleu-ciel","11":"pa_couleur-blush","12":"pa_couleur-creme","13":"pa_couleur-jeans","14":"pa_couleur-kaki","15":"pa_couleur-noir","16":"pa_taille-tu","18":"first","19":"instock","20":"purchasable","21":"product-type-variable","22":"add-to-wishlist-before_image"},"yoast_head":"<!-- This site is optimized with the Yoast SEO plugin v27.5 - https:\/\/yoast.com\/product\/yoast-seo-wordpress\/ -->\n<title>Chemise Ray\u00e9e avec Message au dos &quot;SMILE&quot; - Oocargoo<\/title>\n<meta name=\"robots\" content=\"index, follow, max-snippet:-1, max-image-preview:large, max-video-preview:-1\" \/>\n<link rel=\"canonical\" href=\"https:\/\/www.oocargoo.com\/dz\/ar\/product\/chemise-rayee-avec-message-au-dos-smile-2\/\" \/>\n<meta property=\"og:locale\" content=\"ar_AR\" \/>\n<meta property=\"og:type\" content=\"article\" \/>\n<meta property=\"og:title\" content=\"Chemise Ray\u00e9e avec Message au dos &quot;SMILE&quot; - Oocargoo\" \/>\n<meta property=\"og:description\" content=\"D\u00e9tails du produit Chemise Ray\u00e9e avec Message au dos &quot;SMILE&quot; Cette chemise allie l\u00e9g\u00e8ret\u00e9 et bonne humeur pour une allure d\u00e9contract\u00e9e et pleine de vie. Son tissu textur\u00e9 et ses fines rayures verticales apportent une touche de relief, tandis que le message &quot;SMILE&quot; en lettres rouges vives au dos ajoute une note de positivit\u00e9 et de style. Col classique chemise, avec une ouverture boutonn\u00e9e partielle sur le devant Manches courtes \u00e0 ourlet large et roul\u00e9, pour un look d\u00e9contract\u00e9 et frais Rayures fines verticales blanc sur fond bleu chin\u00e9 \u2013 motif discret et authentique Tissu gaufr\u00e9 et l\u00e9ger, effet &quot;crinkle&quot; (pliss\u00e9 naturel) pour un look d\u00e9contract\u00e9 et chic Grand message &quot;SMILE&quot; en lettres rouges appliqu\u00e9 au dos, pour une touche de style et de positivit\u00e9 Longueur 66cm Correspondance TU : 36\/40 Composition : Polyester (70%), Viscose (30%) Collection : Printemps\/\u00c9t\u00e9 2026\" \/>\n<meta property=\"og:url\" content=\"https:\/\/www.oocargoo.com\/dz\/ar\/product\/chemise-rayee-avec-message-au-dos-smile-2\/\" \/>\n<meta property=\"og:site_name\" content=\"Oocargoo\" \/>\n<meta property=\"article:publisher\" content=\"https:\/\/www.facebook.com\/oocargoo\/\" \/>\n<meta property=\"og:image\" content=\"https:\/\/www.oocargoo.com\/dz\/wp-content\/uploads\/2026\/05\/chemise-rayee-avec-message-au-dos-smile_creme_69e4d5635086d.webp\" \/>\n\t<meta property=\"og:image:width\" content=\"896\" \/>\n\t<meta property=\"og:image:height\" content=\"1200\" \/>\n\t<meta property=\"og:image:type\" content=\"image\/webp\" \/>\n<meta name=\"twitter:card\" content=\"summary_large_image\" \/>\n<meta name=\"twitter:label1\" content=\"\u0648\u0642\u062a \u0627\u0644\u0642\u0631\u0627\u0621\u0629 \u0627\u0644\u0645\u064f\u0642\u062f\u0651\u0631\" \/>\n\t<meta name=\"twitter:data1\" content=\"1 \u062f\u0642\u064a\u0642\u0629\" \/>\n<script type=\"application\/ld+json\" class=\"yoast-schema-graph\">{\"@context\":\"https:\\\/\\\/schema.org\",\"@graph\":[{\"@type\":\"WebPage\",\"@id\":\"https:\\\/\\\/www.oocargoo.com\\\/dz\\\/ar\\\/product\\\/chemise-rayee-avec-message-au-dos-smile-2\\\/\",\"url\":\"https:\\\/\\\/www.oocargoo.com\\\/dz\\\/ar\\\/product\\\/chemise-rayee-avec-message-au-dos-smile-2\\\/\",\"name\":\"Chemise Ray\u00e9e avec Message au dos \\\"SMILE\\\" - Oocargoo\",\"isPartOf\":{\"@id\":\"https:\\\/\\\/www.oocargoo.com\\\/dz\\\/ar\\\/#website\"},\"primaryImageOfPage\":{\"@id\":\"https:\\\/\\\/www.oocargoo.com\\\/dz\\\/ar\\\/product\\\/chemise-rayee-avec-message-au-dos-smile-2\\\/#primaryimage\"},\"image\":{\"@id\":\"https:\\\/\\\/www.oocargoo.com\\\/dz\\\/ar\\\/product\\\/chemise-rayee-avec-message-au-dos-smile-2\\\/#primaryimage\"},\"thumbnailUrl\":\"https:\\\/\\\/www.oocargoo.com\\\/dz\\\/wp-content\\\/uploads\\\/2026\\\/05\\\/chemise-rayee-avec-message-au-dos-smile_creme_69e4d5635086d.webp\",\"datePublished\":\"2026-05-08T18:23:54+00:00\",\"breadcrumb\":{\"@id\":\"https:\\\/\\\/www.oocargoo.com\\\/dz\\\/ar\\\/product\\\/chemise-rayee-avec-message-au-dos-smile-2\\\/#breadcrumb\"},\"inLanguage\":\"ar\",\"potentialAction\":[{\"@type\":\"ReadAction\",\"target\":[\"https:\\\/\\\/www.oocargoo.com\\\/dz\\\/ar\\\/product\\\/chemise-rayee-avec-message-au-dos-smile-2\\\/\"]}]},{\"@type\":\"ImageObject\",\"inLanguage\":\"ar\",\"@id\":\"https:\\\/\\\/www.oocargoo.com\\\/dz\\\/ar\\\/product\\\/chemise-rayee-avec-message-au-dos-smile-2\\\/#primaryimage\",\"url\":\"https:\\\/\\\/www.oocargoo.com\\\/dz\\\/wp-content\\\/uploads\\\/2026\\\/05\\\/chemise-rayee-avec-message-au-dos-smile_creme_69e4d5635086d.webp\",\"contentUrl\":\"https:\\\/\\\/www.oocargoo.com\\\/dz\\\/wp-content\\\/uploads\\\/2026\\\/05\\\/chemise-rayee-avec-message-au-dos-smile_creme_69e4d5635086d.webp\",\"width\":896,\"height\":1200},{\"@type\":\"BreadcrumbList\",\"@id\":\"https:\\\/\\\/www.oocargoo.com\\\/dz\\\/ar\\\/product\\\/chemise-rayee-avec-message-au-dos-smile-2\\\/#breadcrumb\",\"itemListElement\":[{\"@type\":\"ListItem\",\"position\":1,\"name\":\"Accueil\",\"item\":\"https:\\\/\\\/www.oocargoo.com\\\/dz\\\/ar\\\/\"},{\"@type\":\"ListItem\",\"position\":2,\"name\":\"\u0645\u062a\u062c\u0631\",\"item\":\"https:\\\/\\\/www.oocargoo.com\\\/dz\\\/shop\\\/\"},{\"@type\":\"ListItem\",\"position\":3,\"name\":\"Chemise Ray\u00e9e avec Message au dos &#8220;SMILE&#8221;\"}]},{\"@type\":\"WebSite\",\"@id\":\"https:\\\/\\\/www.oocargoo.com\\\/dz\\\/ar\\\/#website\",\"url\":\"https:\\\/\\\/www.oocargoo.com\\\/dz\\\/ar\\\/\",\"name\":\"Oocargoo\",\"description\":\"Grossiste vetement en ligne algerie\",\"publisher\":{\"@id\":\"https:\\\/\\\/www.oocargoo.com\\\/dz\\\/ar\\\/#organization\"},\"potentialAction\":[{\"@type\":\"SearchAction\",\"target\":{\"@type\":\"EntryPoint\",\"urlTemplate\":\"https:\\\/\\\/www.oocargoo.com\\\/dz\\\/ar\\\/?s={search_term_string}\"},\"query-input\":{\"@type\":\"PropertyValueSpecification\",\"valueRequired\":true,\"valueName\":\"search_term_string\"}}],\"inLanguage\":\"ar\"},{\"@type\":\"Organization\",\"@id\":\"https:\\\/\\\/www.oocargoo.com\\\/dz\\\/ar\\\/#organization\",\"name\":\"Oocargoo\",\"url\":\"https:\\\/\\\/www.oocargoo.com\\\/dz\\\/ar\\\/\",\"logo\":{\"@type\":\"ImageObject\",\"inLanguage\":\"ar\",\"@id\":\"https:\\\/\\\/www.oocargoo.com\\\/dz\\\/ar\\\/#\\\/schema\\\/logo\\\/image\\\/\",\"url\":\"https:\\\/\\\/www.oocargoo.com\\\/dz\\\/wp-content\\\/uploads\\\/2024\\\/07\\\/logo_b2b_oocargoo_com-NOIR-a.png\",\"contentUrl\":\"https:\\\/\\\/www.oocargoo.com\\\/dz\\\/wp-content\\\/uploads\\\/2024\\\/07\\\/logo_b2b_oocargoo_com-NOIR-a.png\",\"width\":600,\"height\":146,\"caption\":\"Oocargoo\"},\"image\":{\"@id\":\"https:\\\/\\\/www.oocargoo.com\\\/dz\\\/ar\\\/#\\\/schema\\\/logo\\\/image\\\/\"},\"sameAs\":[\"https:\\\/\\\/www.facebook.com\\\/oocargoo\\\/\",\"https:\\\/\\\/www.instagram.com\\\/oocargoo\\\/\"]}]}<\/script>\n<!-- \/ Yoast SEO plugin. -->","yoast_head_json":{"title":"Chemise Ray\u00e9e avec Message au dos \"SMILE\" - Oocargoo","robots":{"index":"index","follow":"follow","max-snippet":"max-snippet:-1","max-image-preview":"max-image-preview:large","max-video-preview":"max-video-preview:-1"},"canonical":"https:\/\/www.oocargoo.com\/dz\/ar\/product\/chemise-rayee-avec-message-au-dos-smile-2\/","og_locale":"ar_AR","og_type":"article","og_title":"Chemise Ray\u00e9e avec Message au dos \"SMILE\" - Oocargoo","og_description":"D\u00e9tails du produit Chemise Ray\u00e9e avec Message au dos &quot;SMILE&quot; Cette chemise allie l\u00e9g\u00e8ret\u00e9 et bonne humeur pour une allure d\u00e9contract\u00e9e et pleine de vie. Son tissu textur\u00e9 et ses fines rayures verticales apportent une touche de relief, tandis que le message &quot;SMILE&quot; en lettres rouges vives au dos ajoute une note de positivit\u00e9 et de style. Col classique chemise, avec une ouverture boutonn\u00e9e partielle sur le devant Manches courtes \u00e0 ourlet large et roul\u00e9, pour un look d\u00e9contract\u00e9 et frais Rayures fines verticales blanc sur fond bleu chin\u00e9 \u2013 motif discret et authentique Tissu gaufr\u00e9 et l\u00e9ger, effet &quot;crinkle&quot; (pliss\u00e9 naturel) pour un look d\u00e9contract\u00e9 et chic Grand message &quot;SMILE&quot; en lettres rouges appliqu\u00e9 au dos, pour une touche de style et de positivit\u00e9 Longueur 66cm Correspondance TU : 36\/40 Composition : Polyester (70%), Viscose (30%) Collection : Printemps\/\u00c9t\u00e9 2026","og_url":"https:\/\/www.oocargoo.com\/dz\/ar\/product\/chemise-rayee-avec-message-au-dos-smile-2\/","og_site_name":"Oocargoo","article_publisher":"https:\/\/www.facebook.com\/oocargoo\/","og_image":[{"width":896,"height":1200,"url":"https:\/\/www.oocargoo.com\/dz\/wp-content\/uploads\/2026\/05\/chemise-rayee-avec-message-au-dos-smile_creme_69e4d5635086d.webp","type":"image\/webp"}],"twitter_card":"summary_large_image","twitter_misc":{"\u0648\u0642\u062a \u0627\u0644\u0642\u0631\u0627\u0621\u0629 \u0627\u0644\u0645\u064f\u0642\u062f\u0651\u0631":"1 \u062f\u0642\u064a\u0642\u0629"},"schema":{"@context":"https:\/\/schema.org","@graph":[{"@type":"WebPage","@id":"https:\/\/www.oocargoo.com\/dz\/ar\/product\/chemise-rayee-avec-message-au-dos-smile-2\/","url":"https:\/\/www.oocargoo.com\/dz\/ar\/product\/chemise-rayee-avec-message-au-dos-smile-2\/","name":"Chemise Ray\u00e9e avec Message au dos \"SMILE\" - Oocargoo","isPartOf":{"@id":"https:\/\/www.oocargoo.com\/dz\/ar\/#website"},"primaryImageOfPage":{"@id":"https:\/\/www.oocargoo.com\/dz\/ar\/product\/chemise-rayee-avec-message-au-dos-smile-2\/#primaryimage"},"image":{"@id":"https:\/\/www.oocargoo.com\/dz\/ar\/product\/chemise-rayee-avec-message-au-dos-smile-2\/#primaryimage"},"thumbnailUrl":"https:\/\/www.oocargoo.com\/dz\/wp-content\/uploads\/2026\/05\/chemise-rayee-avec-message-au-dos-smile_creme_69e4d5635086d.webp","datePublished":"2026-05-08T18:23:54+00:00","breadcrumb":{"@id":"https:\/\/www.oocargoo.com\/dz\/ar\/product\/chemise-rayee-avec-message-au-dos-smile-2\/#breadcrumb"},"inLanguage":"ar","potentialAction":[{"@type":"ReadAction","target":["https:\/\/www.oocargoo.com\/dz\/ar\/product\/chemise-rayee-avec-message-au-dos-smile-2\/"]}]},{"@type":"ImageObject","inLanguage":"ar","@id":"https:\/\/www.oocargoo.com\/dz\/ar\/product\/chemise-rayee-avec-message-au-dos-smile-2\/#primaryimage","url":"https:\/\/www.oocargoo.com\/dz\/wp-content\/uploads\/2026\/05\/chemise-rayee-avec-message-au-dos-smile_creme_69e4d5635086d.webp","contentUrl":"https:\/\/www.oocargoo.com\/dz\/wp-content\/uploads\/2026\/05\/chemise-rayee-avec-message-au-dos-smile_creme_69e4d5635086d.webp","width":896,"height":1200},{"@type":"BreadcrumbList","@id":"https:\/\/www.oocargoo.com\/dz\/ar\/product\/chemise-rayee-avec-message-au-dos-smile-2\/#breadcrumb","itemListElement":[{"@type":"ListItem","position":1,"name":"Accueil","item":"https:\/\/www.oocargoo.com\/dz\/ar\/"},{"@type":"ListItem","position":2,"name":"\u0645\u062a\u062c\u0631","item":"https:\/\/www.oocargoo.com\/dz\/shop\/"},{"@type":"ListItem","position":3,"name":"Chemise Ray\u00e9e avec Message au dos &#8220;SMILE&#8221;"}]},{"@type":"WebSite","@id":"https:\/\/www.oocargoo.com\/dz\/ar\/#website","url":"https:\/\/www.oocargoo.com\/dz\/ar\/","name":"Oocargoo","description":"Grossiste vetement en ligne algerie","publisher":{"@id":"https:\/\/www.oocargoo.com\/dz\/ar\/#organization"},"potentialAction":[{"@type":"SearchAction","target":{"@type":"EntryPoint","urlTemplate":"https:\/\/www.oocargoo.com\/dz\/ar\/?s={search_term_string}"},"query-input":{"@type":"PropertyValueSpecification","valueRequired":true,"valueName":"search_term_string"}}],"inLanguage":"ar"},{"@type":"Organization","@id":"https:\/\/www.oocargoo.com\/dz\/ar\/#organization","name":"Oocargoo","url":"https:\/\/www.oocargoo.com\/dz\/ar\/","logo":{"@type":"ImageObject","inLanguage":"ar","@id":"https:\/\/www.oocargoo.com\/dz\/ar\/#\/schema\/logo\/image\/","url":"https:\/\/www.oocargoo.com\/dz\/wp-content\/uploads\/2024\/07\/logo_b2b_oocargoo_com-NOIR-a.png","contentUrl":"https:\/\/www.oocargoo.com\/dz\/wp-content\/uploads\/2024\/07\/logo_b2b_oocargoo_com-NOIR-a.png","width":600,"height":146,"caption":"Oocargoo"},"image":{"@id":"https:\/\/www.oocargoo.com\/dz\/ar\/#\/schema\/logo\/image\/"},"sameAs":["https:\/\/www.facebook.com\/oocargoo\/","https:\/\/www.instagram.com\/oocargoo\/"]}]}},"_links":{"self":[{"href":"https:\/\/www.oocargoo.com\/dz\/ar\/wp-json\/wp\/v2\/product\/75605","targetHints":{"allow":["GET"]}}],"collection":[{"href":"https:\/\/www.oocargoo.com\/dz\/ar\/wp-json\/wp\/v2\/product"}],"about":[{"href":"https:\/\/www.oocargoo.com\/dz\/ar\/wp-json\/wp\/v2\/types\/product"}],"replies":[{"embeddable":true,"href":"https:\/\/www.oocargoo.com\/dz\/ar\/wp-json\/wp\/v2\/comments?post=75605"}],"version-history":[{"count":0,"href":"https:\/\/www.oocargoo.com\/dz\/ar\/wp-json\/wp\/v2\/product\/75605\/revisions"}],"wp:featuredmedia":[{"embeddable":true,"href":"https:\/\/www.oocargoo.com\/dz\/ar\/wp-json\/wp\/v2\/media\/75549"}],"wp:attachment":[{"href":"https:\/\/www.oocargoo.com\/dz\/ar\/wp-json\/wp\/v2\/media?parent=75605"}],"wp:term":[{"taxonomy":"product_cat","embeddable":true,"href":"https:\/\/www.oocargoo.com\/dz\/ar\/wp-json\/wp\/v2\/product_cat?post=75605"},{"taxonomy":"product_tag","embeddable":true,"href":"https:\/\/www.oocargoo.com\/dz\/ar\/wp-json\/wp\/v2\/product_tag?post=75605"}],"curies":[{"name":"wp","href":"https:\/\/api.w.org\/{rel}","templated":true}]}}