{"id":74146,"date":"2026-05-08T19:23:57","date_gmt":"2026-05-08T18:23:57","guid":{"rendered":"https:\/\/www.oocargoo.com\/dz\/?post_type=product&#038;p=74146"},"modified":"2026-05-08T19:23:57","modified_gmt":"2026-05-08T18:23:57","slug":"chemise-fluide-au-charme-bucolique-oversize-jardin-de-roses-7","status":"publish","type":"product","link":"https:\/\/www.oocargoo.com\/dz\/ar\/product\/chemise-fluide-au-charme-bucolique-oversize-jardin-de-roses-7\/","title":{"rendered":"Chemise fluide au charme bucolique Oversize &#8220;Jardin de Roses&#8221;"},"content":{"rendered":"<p><strong>D\u00e9tails du produit<\/strong><\/p>\n<p>Chemise fluide au charme bucolique Oversize &quot;Jardin de Roses&quot; Chemise ample \u00e0 l&#x27;imprim\u00e9 floral romantique. Arborant un motif aquarelle de roses anciennes dans des tons de rose poudr\u00e9 et de jaune mimosa. Sa coupe g\u00e9n\u00e9reuse et son tomb\u00e9 fluide en font un v\u00eatement aussi agr\u00e9able \u00e0 porter qu&#x27;esth\u00e9tique. Coupe : Coupe oversize pour un confort maximal et un style contemporain. Col : Col chemise classique souple. Manches : Manches mi-longues(chauve-souris) avec revers marqu\u00e9s. Fermeture : Patte de boutonnage cach\u00e9e pour un fini \u00e9pur\u00e9 et \u00e9l\u00e9gant. Mati\u00e8re : Voile l\u00e9ger, offrant une sensation de fra\u00eecheur et de l\u00e9g\u00e8ret\u00e9. Coloris : bouquets floraux et feuillages verts tendres. Tu du 36 au 42 Longueur devant 72 Longueur dos 84<\/p>\n<p><strong>Correspondance TU :<\/strong> 36-42<\/p>\n<p><strong>Composition :<\/strong> Cotton (95%), Elastane (5%)<\/p>\n<p><strong>Collection :<\/strong> Printemps\/\u00c9t\u00e9 2026<\/p>\n<p><strong>Pays de fabrication :<\/strong> Italie<\/p>\n<p><strong>R\u00e9f\u00e9rence :<\/strong> 774-6309-V21-25<\/p>\n","protected":false},"excerpt":{"rendered":"<p><strong>D\u00e9tails du produit<\/strong><\/p>\n<p>Chemise fluide au charme bucolique Oversize &quot;Jardin de Roses&quot; Chemise ample \u00e0 l&#x27;imprim\u00e9 floral romantique. Arborant un motif aquarelle de roses anciennes dans des tons de rose poudr\u00e9 et de jaune mimosa. Sa coupe g\u00e9n\u00e9reuse et son tomb\u00e9 fluide en font un v\u00eatement aussi agr\u00e9able \u00e0 porter qu&#x27;esth\u00e9tique. Coupe : Coupe oversize pour un confort maximal et un style contemporain. Col : Col chemise classique souple. Manches : Manches mi-longues(chauve-souris) avec revers marqu\u00e9s. Fermeture : Patte de boutonnage cach\u00e9e pour un fini \u00e9pur\u00e9 et \u00e9l\u00e9gant. Mati\u00e8re : Voile l\u00e9ger, offrant une sensation de fra\u00eecheur et de l\u00e9g\u00e8ret\u00e9. Coloris : bouquets floraux et feuillages verts tendres. Tu du 36 au 42 Longueur devant 72 Longueur dos 84<\/p>\n<p><strong>Correspondance TU :<\/strong> 36-42<\/p>\n<p><strong>Composition :<\/strong> Cotton (95%), Elastane (5%)<\/p>\n<p><strong>Collection :<\/strong> Printemps\/\u00c9t\u00e9 2026<\/p>\n","protected":false},"featured_media":74134,"comment_status":"open","ping_status":"closed","template":"","meta":{"_monsterinsights_skip_tracking":false,"_monsterinsights_sitenote_active":false,"_monsterinsights_sitenote_note":"","_monsterinsights_sitenote_category":0},"product_cat":[446,442],"product_tag":[],"class_list":{"0":"post-74146","1":"product","2":"type-product","3":"status-publish","4":"has-post-thumbnail","6":"product_brand-italie","7":"product_cat-blouses-femmes","8":"product_cat-produits-en-france","9":"product_shipping_class-france","10":"pa_couleur-bleu-ciel","11":"pa_couleur-ecru","12":"pa_couleur-jaune-clair","13":"pa_taille-tu","15":"first","16":"instock","17":"purchasable","18":"product-type-variable","19":"add-to-wishlist-before_image"},"yoast_head":"<!-- This site is optimized with the Yoast SEO plugin v27.5 - https:\/\/yoast.com\/product\/yoast-seo-wordpress\/ -->\n<title>Chemise fluide au charme bucolique Oversize &quot;Jardin de Roses&quot; - Oocargoo<\/title>\n<meta name=\"robots\" content=\"index, follow, max-snippet:-1, max-image-preview:large, max-video-preview:-1\" \/>\n<link rel=\"canonical\" href=\"https:\/\/www.oocargoo.com\/dz\/ar\/product\/chemise-fluide-au-charme-bucolique-oversize-jardin-de-roses-7\/\" \/>\n<meta property=\"og:locale\" content=\"ar_AR\" \/>\n<meta property=\"og:type\" content=\"article\" \/>\n<meta property=\"og:title\" content=\"Chemise fluide au charme bucolique Oversize &quot;Jardin de Roses&quot; - Oocargoo\" \/>\n<meta property=\"og:description\" content=\"D\u00e9tails du produit Chemise fluide au charme bucolique Oversize &quot;Jardin de Roses&quot; Chemise ample \u00e0 l&#x27;imprim\u00e9 floral romantique. Arborant un motif aquarelle de roses anciennes dans des tons de rose poudr\u00e9 et de jaune mimosa. Sa coupe g\u00e9n\u00e9reuse et son tomb\u00e9 fluide en font un v\u00eatement aussi agr\u00e9able \u00e0 porter qu&#x27;esth\u00e9tique. Coupe : Coupe oversize pour un confort maximal et un style contemporain. Col : Col chemise classique souple. Manches : Manches mi-longues(chauve-souris) avec revers marqu\u00e9s. Fermeture : Patte de boutonnage cach\u00e9e pour un fini \u00e9pur\u00e9 et \u00e9l\u00e9gant. Mati\u00e8re : Voile l\u00e9ger, offrant une sensation de fra\u00eecheur et de l\u00e9g\u00e8ret\u00e9. Coloris : bouquets floraux et feuillages verts tendres. Tu du 36 au 42 Longueur devant 72 Longueur dos 84 Correspondance TU : 36-42 Composition : Cotton (95%), Elastane (5%) Collection : Printemps\/\u00c9t\u00e9 2026\" \/>\n<meta property=\"og:url\" content=\"https:\/\/www.oocargoo.com\/dz\/ar\/product\/chemise-fluide-au-charme-bucolique-oversize-jardin-de-roses-7\/\" \/>\n<meta property=\"og:site_name\" content=\"Oocargoo\" \/>\n<meta property=\"article:publisher\" content=\"https:\/\/www.facebook.com\/oocargoo\/\" \/>\n<meta property=\"og:image\" content=\"https:\/\/www.oocargoo.com\/dz\/wp-content\/uploads\/2026\/05\/chemise-fluide-au-charme-bucolique-oversize-jardin-de-roses_jaune-clair_69e9121883ea5.webp\" \/>\n\t<meta property=\"og:image:width\" content=\"864\" \/>\n\t<meta property=\"og:image:height\" content=\"1184\" \/>\n\t<meta property=\"og:image:type\" content=\"image\/webp\" \/>\n<meta name=\"twitter:card\" content=\"summary_large_image\" \/>\n<meta name=\"twitter:label1\" content=\"\u0648\u0642\u062a \u0627\u0644\u0642\u0631\u0627\u0621\u0629 \u0627\u0644\u0645\u064f\u0642\u062f\u0651\u0631\" \/>\n\t<meta name=\"twitter:data1\" content=\"1 \u062f\u0642\u064a\u0642\u0629\" \/>\n<script type=\"application\/ld+json\" class=\"yoast-schema-graph\">{\"@context\":\"https:\\\/\\\/schema.org\",\"@graph\":[{\"@type\":\"WebPage\",\"@id\":\"https:\\\/\\\/www.oocargoo.com\\\/dz\\\/ar\\\/product\\\/chemise-fluide-au-charme-bucolique-oversize-jardin-de-roses-7\\\/\",\"url\":\"https:\\\/\\\/www.oocargoo.com\\\/dz\\\/ar\\\/product\\\/chemise-fluide-au-charme-bucolique-oversize-jardin-de-roses-7\\\/\",\"name\":\"Chemise fluide au charme bucolique Oversize \\\"Jardin de Roses\\\" - Oocargoo\",\"isPartOf\":{\"@id\":\"https:\\\/\\\/www.oocargoo.com\\\/dz\\\/ar\\\/#website\"},\"primaryImageOfPage\":{\"@id\":\"https:\\\/\\\/www.oocargoo.com\\\/dz\\\/ar\\\/product\\\/chemise-fluide-au-charme-bucolique-oversize-jardin-de-roses-7\\\/#primaryimage\"},\"image\":{\"@id\":\"https:\\\/\\\/www.oocargoo.com\\\/dz\\\/ar\\\/product\\\/chemise-fluide-au-charme-bucolique-oversize-jardin-de-roses-7\\\/#primaryimage\"},\"thumbnailUrl\":\"https:\\\/\\\/www.oocargoo.com\\\/dz\\\/wp-content\\\/uploads\\\/2026\\\/05\\\/chemise-fluide-au-charme-bucolique-oversize-jardin-de-roses_jaune-clair_69e9121883ea5.webp\",\"datePublished\":\"2026-05-08T18:23:57+00:00\",\"breadcrumb\":{\"@id\":\"https:\\\/\\\/www.oocargoo.com\\\/dz\\\/ar\\\/product\\\/chemise-fluide-au-charme-bucolique-oversize-jardin-de-roses-7\\\/#breadcrumb\"},\"inLanguage\":\"ar\",\"potentialAction\":[{\"@type\":\"ReadAction\",\"target\":[\"https:\\\/\\\/www.oocargoo.com\\\/dz\\\/ar\\\/product\\\/chemise-fluide-au-charme-bucolique-oversize-jardin-de-roses-7\\\/\"]}]},{\"@type\":\"ImageObject\",\"inLanguage\":\"ar\",\"@id\":\"https:\\\/\\\/www.oocargoo.com\\\/dz\\\/ar\\\/product\\\/chemise-fluide-au-charme-bucolique-oversize-jardin-de-roses-7\\\/#primaryimage\",\"url\":\"https:\\\/\\\/www.oocargoo.com\\\/dz\\\/wp-content\\\/uploads\\\/2026\\\/05\\\/chemise-fluide-au-charme-bucolique-oversize-jardin-de-roses_jaune-clair_69e9121883ea5.webp\",\"contentUrl\":\"https:\\\/\\\/www.oocargoo.com\\\/dz\\\/wp-content\\\/uploads\\\/2026\\\/05\\\/chemise-fluide-au-charme-bucolique-oversize-jardin-de-roses_jaune-clair_69e9121883ea5.webp\",\"width\":864,\"height\":1184},{\"@type\":\"BreadcrumbList\",\"@id\":\"https:\\\/\\\/www.oocargoo.com\\\/dz\\\/ar\\\/product\\\/chemise-fluide-au-charme-bucolique-oversize-jardin-de-roses-7\\\/#breadcrumb\",\"itemListElement\":[{\"@type\":\"ListItem\",\"position\":1,\"name\":\"Accueil\",\"item\":\"https:\\\/\\\/www.oocargoo.com\\\/dz\\\/ar\\\/\"},{\"@type\":\"ListItem\",\"position\":2,\"name\":\"\u0645\u062a\u062c\u0631\",\"item\":\"https:\\\/\\\/www.oocargoo.com\\\/dz\\\/shop\\\/\"},{\"@type\":\"ListItem\",\"position\":3,\"name\":\"Chemise fluide au charme bucolique Oversize &#8220;Jardin de Roses&#8221;\"}]},{\"@type\":\"WebSite\",\"@id\":\"https:\\\/\\\/www.oocargoo.com\\\/dz\\\/ar\\\/#website\",\"url\":\"https:\\\/\\\/www.oocargoo.com\\\/dz\\\/ar\\\/\",\"name\":\"Oocargoo\",\"description\":\"Grossiste vetement en ligne algerie\",\"publisher\":{\"@id\":\"https:\\\/\\\/www.oocargoo.com\\\/dz\\\/ar\\\/#organization\"},\"potentialAction\":[{\"@type\":\"SearchAction\",\"target\":{\"@type\":\"EntryPoint\",\"urlTemplate\":\"https:\\\/\\\/www.oocargoo.com\\\/dz\\\/ar\\\/?s={search_term_string}\"},\"query-input\":{\"@type\":\"PropertyValueSpecification\",\"valueRequired\":true,\"valueName\":\"search_term_string\"}}],\"inLanguage\":\"ar\"},{\"@type\":\"Organization\",\"@id\":\"https:\\\/\\\/www.oocargoo.com\\\/dz\\\/ar\\\/#organization\",\"name\":\"Oocargoo\",\"url\":\"https:\\\/\\\/www.oocargoo.com\\\/dz\\\/ar\\\/\",\"logo\":{\"@type\":\"ImageObject\",\"inLanguage\":\"ar\",\"@id\":\"https:\\\/\\\/www.oocargoo.com\\\/dz\\\/ar\\\/#\\\/schema\\\/logo\\\/image\\\/\",\"url\":\"https:\\\/\\\/www.oocargoo.com\\\/dz\\\/wp-content\\\/uploads\\\/2024\\\/07\\\/logo_b2b_oocargoo_com-NOIR-a.png\",\"contentUrl\":\"https:\\\/\\\/www.oocargoo.com\\\/dz\\\/wp-content\\\/uploads\\\/2024\\\/07\\\/logo_b2b_oocargoo_com-NOIR-a.png\",\"width\":600,\"height\":146,\"caption\":\"Oocargoo\"},\"image\":{\"@id\":\"https:\\\/\\\/www.oocargoo.com\\\/dz\\\/ar\\\/#\\\/schema\\\/logo\\\/image\\\/\"},\"sameAs\":[\"https:\\\/\\\/www.facebook.com\\\/oocargoo\\\/\",\"https:\\\/\\\/www.instagram.com\\\/oocargoo\\\/\"]}]}<\/script>\n<!-- \/ Yoast SEO plugin. -->","yoast_head_json":{"title":"Chemise fluide au charme bucolique Oversize \"Jardin de Roses\" - Oocargoo","robots":{"index":"index","follow":"follow","max-snippet":"max-snippet:-1","max-image-preview":"max-image-preview:large","max-video-preview":"max-video-preview:-1"},"canonical":"https:\/\/www.oocargoo.com\/dz\/ar\/product\/chemise-fluide-au-charme-bucolique-oversize-jardin-de-roses-7\/","og_locale":"ar_AR","og_type":"article","og_title":"Chemise fluide au charme bucolique Oversize \"Jardin de Roses\" - Oocargoo","og_description":"D\u00e9tails du produit Chemise fluide au charme bucolique Oversize &quot;Jardin de Roses&quot; Chemise ample \u00e0 l&#x27;imprim\u00e9 floral romantique. Arborant un motif aquarelle de roses anciennes dans des tons de rose poudr\u00e9 et de jaune mimosa. Sa coupe g\u00e9n\u00e9reuse et son tomb\u00e9 fluide en font un v\u00eatement aussi agr\u00e9able \u00e0 porter qu&#x27;esth\u00e9tique. Coupe : Coupe oversize pour un confort maximal et un style contemporain. Col : Col chemise classique souple. Manches : Manches mi-longues(chauve-souris) avec revers marqu\u00e9s. Fermeture : Patte de boutonnage cach\u00e9e pour un fini \u00e9pur\u00e9 et \u00e9l\u00e9gant. Mati\u00e8re : Voile l\u00e9ger, offrant une sensation de fra\u00eecheur et de l\u00e9g\u00e8ret\u00e9. Coloris : bouquets floraux et feuillages verts tendres. Tu du 36 au 42 Longueur devant 72 Longueur dos 84 Correspondance TU : 36-42 Composition : Cotton (95%), Elastane (5%) Collection : Printemps\/\u00c9t\u00e9 2026","og_url":"https:\/\/www.oocargoo.com\/dz\/ar\/product\/chemise-fluide-au-charme-bucolique-oversize-jardin-de-roses-7\/","og_site_name":"Oocargoo","article_publisher":"https:\/\/www.facebook.com\/oocargoo\/","og_image":[{"width":864,"height":1184,"url":"https:\/\/www.oocargoo.com\/dz\/wp-content\/uploads\/2026\/05\/chemise-fluide-au-charme-bucolique-oversize-jardin-de-roses_jaune-clair_69e9121883ea5.webp","type":"image\/webp"}],"twitter_card":"summary_large_image","twitter_misc":{"\u0648\u0642\u062a \u0627\u0644\u0642\u0631\u0627\u0621\u0629 \u0627\u0644\u0645\u064f\u0642\u062f\u0651\u0631":"1 \u062f\u0642\u064a\u0642\u0629"},"schema":{"@context":"https:\/\/schema.org","@graph":[{"@type":"WebPage","@id":"https:\/\/www.oocargoo.com\/dz\/ar\/product\/chemise-fluide-au-charme-bucolique-oversize-jardin-de-roses-7\/","url":"https:\/\/www.oocargoo.com\/dz\/ar\/product\/chemise-fluide-au-charme-bucolique-oversize-jardin-de-roses-7\/","name":"Chemise fluide au charme bucolique Oversize \"Jardin de Roses\" - Oocargoo","isPartOf":{"@id":"https:\/\/www.oocargoo.com\/dz\/ar\/#website"},"primaryImageOfPage":{"@id":"https:\/\/www.oocargoo.com\/dz\/ar\/product\/chemise-fluide-au-charme-bucolique-oversize-jardin-de-roses-7\/#primaryimage"},"image":{"@id":"https:\/\/www.oocargoo.com\/dz\/ar\/product\/chemise-fluide-au-charme-bucolique-oversize-jardin-de-roses-7\/#primaryimage"},"thumbnailUrl":"https:\/\/www.oocargoo.com\/dz\/wp-content\/uploads\/2026\/05\/chemise-fluide-au-charme-bucolique-oversize-jardin-de-roses_jaune-clair_69e9121883ea5.webp","datePublished":"2026-05-08T18:23:57+00:00","breadcrumb":{"@id":"https:\/\/www.oocargoo.com\/dz\/ar\/product\/chemise-fluide-au-charme-bucolique-oversize-jardin-de-roses-7\/#breadcrumb"},"inLanguage":"ar","potentialAction":[{"@type":"ReadAction","target":["https:\/\/www.oocargoo.com\/dz\/ar\/product\/chemise-fluide-au-charme-bucolique-oversize-jardin-de-roses-7\/"]}]},{"@type":"ImageObject","inLanguage":"ar","@id":"https:\/\/www.oocargoo.com\/dz\/ar\/product\/chemise-fluide-au-charme-bucolique-oversize-jardin-de-roses-7\/#primaryimage","url":"https:\/\/www.oocargoo.com\/dz\/wp-content\/uploads\/2026\/05\/chemise-fluide-au-charme-bucolique-oversize-jardin-de-roses_jaune-clair_69e9121883ea5.webp","contentUrl":"https:\/\/www.oocargoo.com\/dz\/wp-content\/uploads\/2026\/05\/chemise-fluide-au-charme-bucolique-oversize-jardin-de-roses_jaune-clair_69e9121883ea5.webp","width":864,"height":1184},{"@type":"BreadcrumbList","@id":"https:\/\/www.oocargoo.com\/dz\/ar\/product\/chemise-fluide-au-charme-bucolique-oversize-jardin-de-roses-7\/#breadcrumb","itemListElement":[{"@type":"ListItem","position":1,"name":"Accueil","item":"https:\/\/www.oocargoo.com\/dz\/ar\/"},{"@type":"ListItem","position":2,"name":"\u0645\u062a\u062c\u0631","item":"https:\/\/www.oocargoo.com\/dz\/shop\/"},{"@type":"ListItem","position":3,"name":"Chemise fluide au charme bucolique Oversize &#8220;Jardin de Roses&#8221;"}]},{"@type":"WebSite","@id":"https:\/\/www.oocargoo.com\/dz\/ar\/#website","url":"https:\/\/www.oocargoo.com\/dz\/ar\/","name":"Oocargoo","description":"Grossiste vetement en ligne algerie","publisher":{"@id":"https:\/\/www.oocargoo.com\/dz\/ar\/#organization"},"potentialAction":[{"@type":"SearchAction","target":{"@type":"EntryPoint","urlTemplate":"https:\/\/www.oocargoo.com\/dz\/ar\/?s={search_term_string}"},"query-input":{"@type":"PropertyValueSpecification","valueRequired":true,"valueName":"search_term_string"}}],"inLanguage":"ar"},{"@type":"Organization","@id":"https:\/\/www.oocargoo.com\/dz\/ar\/#organization","name":"Oocargoo","url":"https:\/\/www.oocargoo.com\/dz\/ar\/","logo":{"@type":"ImageObject","inLanguage":"ar","@id":"https:\/\/www.oocargoo.com\/dz\/ar\/#\/schema\/logo\/image\/","url":"https:\/\/www.oocargoo.com\/dz\/wp-content\/uploads\/2024\/07\/logo_b2b_oocargoo_com-NOIR-a.png","contentUrl":"https:\/\/www.oocargoo.com\/dz\/wp-content\/uploads\/2024\/07\/logo_b2b_oocargoo_com-NOIR-a.png","width":600,"height":146,"caption":"Oocargoo"},"image":{"@id":"https:\/\/www.oocargoo.com\/dz\/ar\/#\/schema\/logo\/image\/"},"sameAs":["https:\/\/www.facebook.com\/oocargoo\/","https:\/\/www.instagram.com\/oocargoo\/"]}]}},"_links":{"self":[{"href":"https:\/\/www.oocargoo.com\/dz\/ar\/wp-json\/wp\/v2\/product\/74146","targetHints":{"allow":["GET"]}}],"collection":[{"href":"https:\/\/www.oocargoo.com\/dz\/ar\/wp-json\/wp\/v2\/product"}],"about":[{"href":"https:\/\/www.oocargoo.com\/dz\/ar\/wp-json\/wp\/v2\/types\/product"}],"replies":[{"embeddable":true,"href":"https:\/\/www.oocargoo.com\/dz\/ar\/wp-json\/wp\/v2\/comments?post=74146"}],"version-history":[{"count":0,"href":"https:\/\/www.oocargoo.com\/dz\/ar\/wp-json\/wp\/v2\/product\/74146\/revisions"}],"wp:featuredmedia":[{"embeddable":true,"href":"https:\/\/www.oocargoo.com\/dz\/ar\/wp-json\/wp\/v2\/media\/74134"}],"wp:attachment":[{"href":"https:\/\/www.oocargoo.com\/dz\/ar\/wp-json\/wp\/v2\/media?parent=74146"}],"wp:term":[{"taxonomy":"product_cat","embeddable":true,"href":"https:\/\/www.oocargoo.com\/dz\/ar\/wp-json\/wp\/v2\/product_cat?post=74146"},{"taxonomy":"product_tag","embeddable":true,"href":"https:\/\/www.oocargoo.com\/dz\/ar\/wp-json\/wp\/v2\/product_tag?post=74146"}],"curies":[{"name":"wp","href":"https:\/\/api.w.org\/{rel}","templated":true}]}}