{"id":66001,"date":"2026-05-08T15:07:53","date_gmt":"2026-05-08T14:07:53","guid":{"rendered":"https:\/\/www.oocargoo.com\/dz\/?post_type=product&#038;p=66001"},"modified":"2026-05-08T15:07:53","modified_gmt":"2026-05-08T14:07:53","slug":"chemise-blouse-boheme-en-coton-manches-bouffantes-imprime-pois-rayures","status":"publish","type":"product","link":"https:\/\/www.oocargoo.com\/dz\/ar\/product\/chemise-blouse-boheme-en-coton-manches-bouffantes-imprime-pois-rayures\/","title":{"rendered":"Chemise blouse boh\u00e8me en coton, manches bouffantes, imprim\u00e9 pois-rayures"},"content":{"rendered":"<p><strong>D\u00e9tails du produit<\/strong><\/p>\n<p>Chemise blouse boh\u00e8me en coton, manches bouffantes, imprim\u00e9 pois-rayures &#8211; ample et fluide &#8211; coupe \u00e9vas\u00e9e, tr\u00e8s l\u00e9g\u00e8rement oversize &#8211; style popeline l\u00e9ger &#8211; imprim\u00e9 petites rayures et pois blancs &#8211; manches longues bouffantes, resserr\u00e9es aux poignets &#8211; nou\u00e9e \u00e0 la taille &#8211; taille unique 36 au petit 44 &#8211; fabrication italienne en coton Bohemian blouse shirt in cotton, puffed sleeves, polka dot-stripe print &#8211; loose and flowing &#8211; flared cut, very slightly oversized &#8211; light poplin style &#8211; small stripe and white polka dot print &#8211; long puffed sleeves, tightened at the wrists &#8211; tied at the waist &#8211; one size 36 to small 44 &#8211; Italian cotton manufacturing<\/p>\n<p><strong>Correspondance TU :<\/strong> 36-44<\/p>\n<p><strong>Composition :<\/strong> Cotton (100%)<\/p>\n<p><strong>Collection :<\/strong> Printemps\/\u00c9t\u00e9 2025<\/p>\n<p><strong>Pays de fabrication :<\/strong> Italie<\/p>\n<p><strong>R\u00e9f\u00e9rence :<\/strong> B44-408-7098-M81-1<\/p>\n","protected":false},"excerpt":{"rendered":"<p><strong>D\u00e9tails du produit<\/strong><\/p>\n<p>Chemise blouse boh\u00e8me en coton, manches bouffantes, imprim\u00e9 pois-rayures &#8211; ample et fluide &#8211; coupe \u00e9vas\u00e9e, tr\u00e8s l\u00e9g\u00e8rement oversize &#8211; style popeline l\u00e9ger &#8211; imprim\u00e9 petites rayures et pois blancs &#8211; manches longues bouffantes, resserr\u00e9es aux poignets &#8211; nou\u00e9e \u00e0 la taille &#8211; taille unique 36 au petit 44 &#8211; fabrication italienne en coton Bohemian blouse shirt in cotton, puffed sleeves, polka dot-stripe print &#8211; loose and flowing &#8211; flared cut, very slightly oversized &#8211; light poplin style &#8211; small stripe and white polka dot print &#8211; long puffed sleeves, tightened at the wrists &#8211; tied at the waist &#8211; one size 36 to small 44 &#8211; Italian cotton manufacturing<\/p>\n<p><strong>Correspondance TU :<\/strong> 36-44<\/p>\n<p><strong>Composition :<\/strong> Cotton (100%)<\/p>\n<p><strong>Collection :<\/strong> Printemps\/\u00c9t\u00e9 2025<\/p>\n","protected":false},"featured_media":65993,"comment_status":"open","ping_status":"closed","template":"","meta":{"_acf_changed":false,"_monsterinsights_skip_tracking":false,"_monsterinsights_sitenote_active":false,"_monsterinsights_sitenote_note":"","_monsterinsights_sitenote_category":0},"product_cat":[449,442],"product_tag":[],"class_list":{"0":"post-66001","1":"product","2":"type-product","3":"status-publish","4":"has-post-thumbnail","6":"product_brand-italie","7":"product_cat-chemises-femmes","8":"product_cat-produits-en-france","9":"product_shipping_class-france","10":"pa_couleur-bleu-ciel","11":"pa_couleur-rose","12":"pa_taille-tu","14":"first","15":"instock","16":"purchasable","17":"product-type-variable","18":"add-to-wishlist-before_image"},"acf":[],"yoast_head":"<!-- This site is optimized with the Yoast SEO plugin v27.5 - https:\/\/yoast.com\/product\/yoast-seo-wordpress\/ -->\n<title>Chemise blouse boh\u00e8me en coton, manches bouffantes, imprim\u00e9 pois-rayures - Oocargoo<\/title>\n<meta name=\"robots\" content=\"index, follow, max-snippet:-1, max-image-preview:large, max-video-preview:-1\" \/>\n<link rel=\"canonical\" href=\"https:\/\/www.oocargoo.com\/dz\/ar\/product\/chemise-blouse-boheme-en-coton-manches-bouffantes-imprime-pois-rayures\/\" \/>\n<meta property=\"og:locale\" content=\"ar_AR\" \/>\n<meta property=\"og:type\" content=\"article\" \/>\n<meta property=\"og:title\" content=\"Chemise blouse boh\u00e8me en coton, manches bouffantes, imprim\u00e9 pois-rayures - Oocargoo\" \/>\n<meta property=\"og:description\" content=\"D\u00e9tails du produit Chemise blouse boh\u00e8me en coton, manches bouffantes, imprim\u00e9 pois-rayures - ample et fluide - coupe \u00e9vas\u00e9e, tr\u00e8s l\u00e9g\u00e8rement oversize - style popeline l\u00e9ger - imprim\u00e9 petites rayures et pois blancs - manches longues bouffantes, resserr\u00e9es aux poignets - nou\u00e9e \u00e0 la taille - taille unique 36 au petit 44 - fabrication italienne en coton Bohemian blouse shirt in cotton, puffed sleeves, polka dot-stripe print - loose and flowing - flared cut, very slightly oversized - light poplin style - small stripe and white polka dot print - long puffed sleeves, tightened at the wrists - tied at the waist - one size 36 to small 44 - Italian cotton manufacturing Correspondance TU : 36-44 Composition : Cotton (100%) Collection : Printemps\/\u00c9t\u00e9 2025\" \/>\n<meta property=\"og:url\" content=\"https:\/\/www.oocargoo.com\/dz\/ar\/product\/chemise-blouse-boheme-en-coton-manches-bouffantes-imprime-pois-rayures\/\" \/>\n<meta property=\"og:site_name\" content=\"Oocargoo\" \/>\n<meta property=\"article:publisher\" content=\"https:\/\/www.facebook.com\/oocargoo\/\" \/>\n<meta property=\"og:image\" content=\"https:\/\/www.oocargoo.com\/dz\/wp-content\/uploads\/2026\/05\/chemise-blouse-boheme-en-coton-manches-bouffantes-imprime-pois-rayures_rose_698f9d57a2955.webp\" \/>\n\t<meta property=\"og:image:width\" content=\"896\" \/>\n\t<meta property=\"og:image:height\" content=\"1200\" \/>\n\t<meta property=\"og:image:type\" content=\"image\/webp\" \/>\n<meta name=\"twitter:card\" content=\"summary_large_image\" \/>\n<meta name=\"twitter:label1\" content=\"\u0648\u0642\u062a \u0627\u0644\u0642\u0631\u0627\u0621\u0629 \u0627\u0644\u0645\u064f\u0642\u062f\u0651\u0631\" \/>\n\t<meta name=\"twitter:data1\" content=\"1 \u062f\u0642\u064a\u0642\u0629\" \/>\n<script type=\"application\/ld+json\" class=\"yoast-schema-graph\">{\"@context\":\"https:\\\/\\\/schema.org\",\"@graph\":[{\"@type\":\"WebPage\",\"@id\":\"https:\\\/\\\/www.oocargoo.com\\\/dz\\\/ar\\\/product\\\/chemise-blouse-boheme-en-coton-manches-bouffantes-imprime-pois-rayures\\\/\",\"url\":\"https:\\\/\\\/www.oocargoo.com\\\/dz\\\/ar\\\/product\\\/chemise-blouse-boheme-en-coton-manches-bouffantes-imprime-pois-rayures\\\/\",\"name\":\"Chemise blouse boh\u00e8me en coton, manches bouffantes, imprim\u00e9 pois-rayures - Oocargoo\",\"isPartOf\":{\"@id\":\"https:\\\/\\\/www.oocargoo.com\\\/dz\\\/ar\\\/#website\"},\"primaryImageOfPage\":{\"@id\":\"https:\\\/\\\/www.oocargoo.com\\\/dz\\\/ar\\\/product\\\/chemise-blouse-boheme-en-coton-manches-bouffantes-imprime-pois-rayures\\\/#primaryimage\"},\"image\":{\"@id\":\"https:\\\/\\\/www.oocargoo.com\\\/dz\\\/ar\\\/product\\\/chemise-blouse-boheme-en-coton-manches-bouffantes-imprime-pois-rayures\\\/#primaryimage\"},\"thumbnailUrl\":\"https:\\\/\\\/www.oocargoo.com\\\/dz\\\/wp-content\\\/uploads\\\/2026\\\/05\\\/chemise-blouse-boheme-en-coton-manches-bouffantes-imprime-pois-rayures_rose_698f9d57a2955.webp\",\"datePublished\":\"2026-05-08T14:07:53+00:00\",\"breadcrumb\":{\"@id\":\"https:\\\/\\\/www.oocargoo.com\\\/dz\\\/ar\\\/product\\\/chemise-blouse-boheme-en-coton-manches-bouffantes-imprime-pois-rayures\\\/#breadcrumb\"},\"inLanguage\":\"ar\",\"potentialAction\":[{\"@type\":\"ReadAction\",\"target\":[\"https:\\\/\\\/www.oocargoo.com\\\/dz\\\/ar\\\/product\\\/chemise-blouse-boheme-en-coton-manches-bouffantes-imprime-pois-rayures\\\/\"]}]},{\"@type\":\"ImageObject\",\"inLanguage\":\"ar\",\"@id\":\"https:\\\/\\\/www.oocargoo.com\\\/dz\\\/ar\\\/product\\\/chemise-blouse-boheme-en-coton-manches-bouffantes-imprime-pois-rayures\\\/#primaryimage\",\"url\":\"https:\\\/\\\/www.oocargoo.com\\\/dz\\\/wp-content\\\/uploads\\\/2026\\\/05\\\/chemise-blouse-boheme-en-coton-manches-bouffantes-imprime-pois-rayures_rose_698f9d57a2955.webp\",\"contentUrl\":\"https:\\\/\\\/www.oocargoo.com\\\/dz\\\/wp-content\\\/uploads\\\/2026\\\/05\\\/chemise-blouse-boheme-en-coton-manches-bouffantes-imprime-pois-rayures_rose_698f9d57a2955.webp\",\"width\":896,\"height\":1200},{\"@type\":\"BreadcrumbList\",\"@id\":\"https:\\\/\\\/www.oocargoo.com\\\/dz\\\/ar\\\/product\\\/chemise-blouse-boheme-en-coton-manches-bouffantes-imprime-pois-rayures\\\/#breadcrumb\",\"itemListElement\":[{\"@type\":\"ListItem\",\"position\":1,\"name\":\"Accueil\",\"item\":\"https:\\\/\\\/www.oocargoo.com\\\/dz\\\/ar\\\/\"},{\"@type\":\"ListItem\",\"position\":2,\"name\":\"Shop\",\"item\":\"https:\\\/\\\/www.oocargoo.com\\\/dz\\\/shop\\\/\"},{\"@type\":\"ListItem\",\"position\":3,\"name\":\"Chemise blouse boh\u00e8me en coton, manches bouffantes, imprim\u00e9 pois-rayures\"}]},{\"@type\":\"WebSite\",\"@id\":\"https:\\\/\\\/www.oocargoo.com\\\/dz\\\/ar\\\/#website\",\"url\":\"https:\\\/\\\/www.oocargoo.com\\\/dz\\\/ar\\\/\",\"name\":\"Oocargoo\",\"description\":\"Grossiste vetement en ligne algerie\",\"publisher\":{\"@id\":\"https:\\\/\\\/www.oocargoo.com\\\/dz\\\/ar\\\/#organization\"},\"potentialAction\":[{\"@type\":\"SearchAction\",\"target\":{\"@type\":\"EntryPoint\",\"urlTemplate\":\"https:\\\/\\\/www.oocargoo.com\\\/dz\\\/ar\\\/?s={search_term_string}\"},\"query-input\":{\"@type\":\"PropertyValueSpecification\",\"valueRequired\":true,\"valueName\":\"search_term_string\"}}],\"inLanguage\":\"ar\"},{\"@type\":\"Organization\",\"@id\":\"https:\\\/\\\/www.oocargoo.com\\\/dz\\\/ar\\\/#organization\",\"name\":\"Oocargoo\",\"url\":\"https:\\\/\\\/www.oocargoo.com\\\/dz\\\/ar\\\/\",\"logo\":{\"@type\":\"ImageObject\",\"inLanguage\":\"ar\",\"@id\":\"https:\\\/\\\/www.oocargoo.com\\\/dz\\\/ar\\\/#\\\/schema\\\/logo\\\/image\\\/\",\"url\":\"https:\\\/\\\/www.oocargoo.com\\\/dz\\\/wp-content\\\/uploads\\\/2024\\\/07\\\/logo_b2b_oocargoo_com-NOIR-a.png\",\"contentUrl\":\"https:\\\/\\\/www.oocargoo.com\\\/dz\\\/wp-content\\\/uploads\\\/2024\\\/07\\\/logo_b2b_oocargoo_com-NOIR-a.png\",\"width\":600,\"height\":146,\"caption\":\"Oocargoo\"},\"image\":{\"@id\":\"https:\\\/\\\/www.oocargoo.com\\\/dz\\\/ar\\\/#\\\/schema\\\/logo\\\/image\\\/\"},\"sameAs\":[\"https:\\\/\\\/www.facebook.com\\\/oocargoo\\\/\",\"https:\\\/\\\/www.instagram.com\\\/oocargoo\\\/\"]}]}<\/script>\n<!-- \/ Yoast SEO plugin. -->","yoast_head_json":{"title":"Chemise blouse boh\u00e8me en coton, manches bouffantes, imprim\u00e9 pois-rayures - Oocargoo","robots":{"index":"index","follow":"follow","max-snippet":"max-snippet:-1","max-image-preview":"max-image-preview:large","max-video-preview":"max-video-preview:-1"},"canonical":"https:\/\/www.oocargoo.com\/dz\/ar\/product\/chemise-blouse-boheme-en-coton-manches-bouffantes-imprime-pois-rayures\/","og_locale":"ar_AR","og_type":"article","og_title":"Chemise blouse boh\u00e8me en coton, manches bouffantes, imprim\u00e9 pois-rayures - Oocargoo","og_description":"D\u00e9tails du produit Chemise blouse boh\u00e8me en coton, manches bouffantes, imprim\u00e9 pois-rayures - ample et fluide - coupe \u00e9vas\u00e9e, tr\u00e8s l\u00e9g\u00e8rement oversize - style popeline l\u00e9ger - imprim\u00e9 petites rayures et pois blancs - manches longues bouffantes, resserr\u00e9es aux poignets - nou\u00e9e \u00e0 la taille - taille unique 36 au petit 44 - fabrication italienne en coton Bohemian blouse shirt in cotton, puffed sleeves, polka dot-stripe print - loose and flowing - flared cut, very slightly oversized - light poplin style - small stripe and white polka dot print - long puffed sleeves, tightened at the wrists - tied at the waist - one size 36 to small 44 - Italian cotton manufacturing Correspondance TU : 36-44 Composition : Cotton (100%) Collection : Printemps\/\u00c9t\u00e9 2025","og_url":"https:\/\/www.oocargoo.com\/dz\/ar\/product\/chemise-blouse-boheme-en-coton-manches-bouffantes-imprime-pois-rayures\/","og_site_name":"Oocargoo","article_publisher":"https:\/\/www.facebook.com\/oocargoo\/","og_image":[{"width":896,"height":1200,"url":"https:\/\/www.oocargoo.com\/dz\/wp-content\/uploads\/2026\/05\/chemise-blouse-boheme-en-coton-manches-bouffantes-imprime-pois-rayures_rose_698f9d57a2955.webp","type":"image\/webp"}],"twitter_card":"summary_large_image","twitter_misc":{"\u0648\u0642\u062a \u0627\u0644\u0642\u0631\u0627\u0621\u0629 \u0627\u0644\u0645\u064f\u0642\u062f\u0651\u0631":"1 \u062f\u0642\u064a\u0642\u0629"},"schema":{"@context":"https:\/\/schema.org","@graph":[{"@type":"WebPage","@id":"https:\/\/www.oocargoo.com\/dz\/ar\/product\/chemise-blouse-boheme-en-coton-manches-bouffantes-imprime-pois-rayures\/","url":"https:\/\/www.oocargoo.com\/dz\/ar\/product\/chemise-blouse-boheme-en-coton-manches-bouffantes-imprime-pois-rayures\/","name":"Chemise blouse boh\u00e8me en coton, manches bouffantes, imprim\u00e9 pois-rayures - Oocargoo","isPartOf":{"@id":"https:\/\/www.oocargoo.com\/dz\/ar\/#website"},"primaryImageOfPage":{"@id":"https:\/\/www.oocargoo.com\/dz\/ar\/product\/chemise-blouse-boheme-en-coton-manches-bouffantes-imprime-pois-rayures\/#primaryimage"},"image":{"@id":"https:\/\/www.oocargoo.com\/dz\/ar\/product\/chemise-blouse-boheme-en-coton-manches-bouffantes-imprime-pois-rayures\/#primaryimage"},"thumbnailUrl":"https:\/\/www.oocargoo.com\/dz\/wp-content\/uploads\/2026\/05\/chemise-blouse-boheme-en-coton-manches-bouffantes-imprime-pois-rayures_rose_698f9d57a2955.webp","datePublished":"2026-05-08T14:07:53+00:00","breadcrumb":{"@id":"https:\/\/www.oocargoo.com\/dz\/ar\/product\/chemise-blouse-boheme-en-coton-manches-bouffantes-imprime-pois-rayures\/#breadcrumb"},"inLanguage":"ar","potentialAction":[{"@type":"ReadAction","target":["https:\/\/www.oocargoo.com\/dz\/ar\/product\/chemise-blouse-boheme-en-coton-manches-bouffantes-imprime-pois-rayures\/"]}]},{"@type":"ImageObject","inLanguage":"ar","@id":"https:\/\/www.oocargoo.com\/dz\/ar\/product\/chemise-blouse-boheme-en-coton-manches-bouffantes-imprime-pois-rayures\/#primaryimage","url":"https:\/\/www.oocargoo.com\/dz\/wp-content\/uploads\/2026\/05\/chemise-blouse-boheme-en-coton-manches-bouffantes-imprime-pois-rayures_rose_698f9d57a2955.webp","contentUrl":"https:\/\/www.oocargoo.com\/dz\/wp-content\/uploads\/2026\/05\/chemise-blouse-boheme-en-coton-manches-bouffantes-imprime-pois-rayures_rose_698f9d57a2955.webp","width":896,"height":1200},{"@type":"BreadcrumbList","@id":"https:\/\/www.oocargoo.com\/dz\/ar\/product\/chemise-blouse-boheme-en-coton-manches-bouffantes-imprime-pois-rayures\/#breadcrumb","itemListElement":[{"@type":"ListItem","position":1,"name":"Accueil","item":"https:\/\/www.oocargoo.com\/dz\/ar\/"},{"@type":"ListItem","position":2,"name":"Shop","item":"https:\/\/www.oocargoo.com\/dz\/shop\/"},{"@type":"ListItem","position":3,"name":"Chemise blouse boh\u00e8me en coton, manches bouffantes, imprim\u00e9 pois-rayures"}]},{"@type":"WebSite","@id":"https:\/\/www.oocargoo.com\/dz\/ar\/#website","url":"https:\/\/www.oocargoo.com\/dz\/ar\/","name":"Oocargoo","description":"Grossiste vetement en ligne algerie","publisher":{"@id":"https:\/\/www.oocargoo.com\/dz\/ar\/#organization"},"potentialAction":[{"@type":"SearchAction","target":{"@type":"EntryPoint","urlTemplate":"https:\/\/www.oocargoo.com\/dz\/ar\/?s={search_term_string}"},"query-input":{"@type":"PropertyValueSpecification","valueRequired":true,"valueName":"search_term_string"}}],"inLanguage":"ar"},{"@type":"Organization","@id":"https:\/\/www.oocargoo.com\/dz\/ar\/#organization","name":"Oocargoo","url":"https:\/\/www.oocargoo.com\/dz\/ar\/","logo":{"@type":"ImageObject","inLanguage":"ar","@id":"https:\/\/www.oocargoo.com\/dz\/ar\/#\/schema\/logo\/image\/","url":"https:\/\/www.oocargoo.com\/dz\/wp-content\/uploads\/2024\/07\/logo_b2b_oocargoo_com-NOIR-a.png","contentUrl":"https:\/\/www.oocargoo.com\/dz\/wp-content\/uploads\/2024\/07\/logo_b2b_oocargoo_com-NOIR-a.png","width":600,"height":146,"caption":"Oocargoo"},"image":{"@id":"https:\/\/www.oocargoo.com\/dz\/ar\/#\/schema\/logo\/image\/"},"sameAs":["https:\/\/www.facebook.com\/oocargoo\/","https:\/\/www.instagram.com\/oocargoo\/"]}]}},"_links":{"self":[{"href":"https:\/\/www.oocargoo.com\/dz\/ar\/wp-json\/wp\/v2\/product\/66001","targetHints":{"allow":["GET"]}}],"collection":[{"href":"https:\/\/www.oocargoo.com\/dz\/ar\/wp-json\/wp\/v2\/product"}],"about":[{"href":"https:\/\/www.oocargoo.com\/dz\/ar\/wp-json\/wp\/v2\/types\/product"}],"replies":[{"embeddable":true,"href":"https:\/\/www.oocargoo.com\/dz\/ar\/wp-json\/wp\/v2\/comments?post=66001"}],"version-history":[{"count":1,"href":"https:\/\/www.oocargoo.com\/dz\/ar\/wp-json\/wp\/v2\/product\/66001\/revisions"}],"predecessor-version":[{"id":66355,"href":"https:\/\/www.oocargoo.com\/dz\/ar\/wp-json\/wp\/v2\/product\/66001\/revisions\/66355"}],"wp:featuredmedia":[{"embeddable":true,"href":"https:\/\/www.oocargoo.com\/dz\/ar\/wp-json\/wp\/v2\/media\/65993"}],"wp:attachment":[{"href":"https:\/\/www.oocargoo.com\/dz\/ar\/wp-json\/wp\/v2\/media?parent=66001"}],"wp:term":[{"taxonomy":"product_cat","embeddable":true,"href":"https:\/\/www.oocargoo.com\/dz\/ar\/wp-json\/wp\/v2\/product_cat?post=66001"},{"taxonomy":"product_tag","embeddable":true,"href":"https:\/\/www.oocargoo.com\/dz\/ar\/wp-json\/wp\/v2\/product_tag?post=66001"}],"curies":[{"name":"wp","href":"https:\/\/api.w.org\/{rel}","templated":true}]}}