{"id":65730,"date":"2026-05-08T15:07:54","date_gmt":"2026-05-08T14:07:54","guid":{"rendered":"https:\/\/www.oocargoo.com\/dz\/?post_type=product&#038;p=65730"},"modified":"2026-05-08T15:07:54","modified_gmt":"2026-05-08T14:07:54","slug":"chemise-oxford-en-coton-a-rayures-oversize-en-popeline-manches-longuesl","status":"publish","type":"product","link":"https:\/\/www.oocargoo.com\/dz\/ar\/product\/chemise-oxford-en-coton-a-rayures-oversize-en-popeline-manches-longuesl\/","title":{"rendered":"Chemise Oxford en coton \u00e0 rayures oversize en popeline manches longuesl"},"content":{"rendered":"<p><strong>D\u00e9tails du produit<\/strong><\/p>\n<p>Chemise Oxford en coton \u00e0 rayures oversize en popeline &#8211; chemise avec col \u00e0 revers et manches longues &#8211; fermeture par boutonnage sur le devant &#8211; coupe oversize &#8211; taille s \u2044 m et m \u2044 l &#8211; fabriqu\u00e9 en Italie Oversized striped cotton poplin Oxford shirt &#8211; Lapel collar shirt with long sleeves &#8211; Button-front closure &#8211; Oversized fit &#8211; Sizes S \u2044 M and M \u2044 L &#8211; Made in Italy<\/p>\n<p><strong>Composition :<\/strong> Cotton (70%), Polyester (30%)<\/p>\n<p><strong>Collection :<\/strong> Printemps\/\u00c9t\u00e9 2025<\/p>\n<p><strong>Pays de fabrication :<\/strong> Italie<\/p>\n<p><strong>R\u00e9f\u00e9rence :<\/strong> B54-476-90154-3<\/p>\n","protected":false},"excerpt":{"rendered":"<p><strong>D\u00e9tails du produit<\/strong><\/p>\n<p>Chemise Oxford en coton \u00e0 rayures oversize en popeline &#8211; chemise avec col \u00e0 revers et manches longues &#8211; fermeture par boutonnage sur le devant &#8211; coupe oversize &#8211; taille s \u2044 m et m \u2044 l &#8211; fabriqu\u00e9 en Italie Oversized striped cotton poplin Oxford shirt &#8211; Lapel collar shirt with long sleeves &#8211; Button-front closure &#8211; Oversized fit &#8211; Sizes S \u2044 M and M \u2044 L &#8211; Made in Italy<\/p>\n<p><strong>Composition :<\/strong> Cotton (70%), Polyester (30%)<\/p>\n<p><strong>Collection :<\/strong> Printemps\/\u00c9t\u00e9 2025<\/p>\n","protected":false},"featured_media":65720,"comment_status":"open","ping_status":"closed","template":"","meta":{"_acf_changed":false,"_monsterinsights_skip_tracking":false,"_monsterinsights_sitenote_active":false,"_monsterinsights_sitenote_note":"","_monsterinsights_sitenote_category":0},"product_cat":[449,442],"product_tag":[],"class_list":{"0":"post-65730","1":"product","2":"type-product","3":"status-publish","4":"has-post-thumbnail","6":"product_brand-italie","7":"product_cat-chemises-femmes","8":"product_cat-produits-en-france","9":"product_shipping_class-france","10":"pa_couleur-blanc","11":"pa_couleur-bleu","12":"pa_taille-s-m-m-l","14":"first","15":"instock","16":"purchasable","17":"product-type-variable","18":"add-to-wishlist-before_image"},"acf":[],"yoast_head":"<!-- This site is optimized with the Yoast SEO plugin v27.5 - https:\/\/yoast.com\/product\/yoast-seo-wordpress\/ -->\n<title>Chemise Oxford en coton \u00e0 rayures oversize en popeline manches longuesl - Oocargoo<\/title>\n<meta name=\"robots\" content=\"index, follow, max-snippet:-1, max-image-preview:large, max-video-preview:-1\" \/>\n<link rel=\"canonical\" href=\"https:\/\/www.oocargoo.com\/dz\/ar\/product\/chemise-oxford-en-coton-a-rayures-oversize-en-popeline-manches-longuesl\/\" \/>\n<meta property=\"og:locale\" content=\"ar_AR\" \/>\n<meta property=\"og:type\" content=\"article\" \/>\n<meta property=\"og:title\" content=\"Chemise Oxford en coton \u00e0 rayures oversize en popeline manches longuesl - Oocargoo\" \/>\n<meta property=\"og:description\" content=\"D\u00e9tails du produit Chemise Oxford en coton \u00e0 rayures oversize en popeline - chemise avec col \u00e0 revers et manches longues - fermeture par boutonnage sur le devant - coupe oversize - taille s \u2044 m et m \u2044 l - fabriqu\u00e9 en Italie Oversized striped cotton poplin Oxford shirt - Lapel collar shirt with long sleeves - Button-front closure - Oversized fit - Sizes S \u2044 M and M \u2044 L - Made in Italy Composition : Cotton (70%), Polyester (30%) Collection : Printemps\/\u00c9t\u00e9 2025\" \/>\n<meta property=\"og:url\" content=\"https:\/\/www.oocargoo.com\/dz\/ar\/product\/chemise-oxford-en-coton-a-rayures-oversize-en-popeline-manches-longuesl\/\" \/>\n<meta property=\"og:site_name\" content=\"Oocargoo\" \/>\n<meta property=\"article:publisher\" content=\"https:\/\/www.facebook.com\/oocargoo\/\" \/>\n<meta property=\"og:image\" content=\"https:\/\/www.oocargoo.com\/dz\/wp-content\/uploads\/2026\/05\/chemise-oxford-en-coton-a-rayures-oversize-en-popeline-manches-longues_bleu_69abf7e847200.webp\" \/>\n\t<meta property=\"og:image:width\" content=\"896\" \/>\n\t<meta property=\"og:image:height\" content=\"1200\" \/>\n\t<meta property=\"og:image:type\" content=\"image\/webp\" \/>\n<meta name=\"twitter:card\" content=\"summary_large_image\" \/>\n<script type=\"application\/ld+json\" class=\"yoast-schema-graph\">{\"@context\":\"https:\\\/\\\/schema.org\",\"@graph\":[{\"@type\":\"WebPage\",\"@id\":\"https:\\\/\\\/www.oocargoo.com\\\/dz\\\/ar\\\/product\\\/chemise-oxford-en-coton-a-rayures-oversize-en-popeline-manches-longuesl\\\/\",\"url\":\"https:\\\/\\\/www.oocargoo.com\\\/dz\\\/ar\\\/product\\\/chemise-oxford-en-coton-a-rayures-oversize-en-popeline-manches-longuesl\\\/\",\"name\":\"Chemise Oxford en coton \u00e0 rayures oversize en popeline manches longuesl - Oocargoo\",\"isPartOf\":{\"@id\":\"https:\\\/\\\/www.oocargoo.com\\\/dz\\\/ar\\\/#website\"},\"primaryImageOfPage\":{\"@id\":\"https:\\\/\\\/www.oocargoo.com\\\/dz\\\/ar\\\/product\\\/chemise-oxford-en-coton-a-rayures-oversize-en-popeline-manches-longuesl\\\/#primaryimage\"},\"image\":{\"@id\":\"https:\\\/\\\/www.oocargoo.com\\\/dz\\\/ar\\\/product\\\/chemise-oxford-en-coton-a-rayures-oversize-en-popeline-manches-longuesl\\\/#primaryimage\"},\"thumbnailUrl\":\"https:\\\/\\\/www.oocargoo.com\\\/dz\\\/wp-content\\\/uploads\\\/2026\\\/05\\\/chemise-oxford-en-coton-a-rayures-oversize-en-popeline-manches-longues_bleu_69abf7e847200.webp\",\"datePublished\":\"2026-05-08T14:07:54+00:00\",\"breadcrumb\":{\"@id\":\"https:\\\/\\\/www.oocargoo.com\\\/dz\\\/ar\\\/product\\\/chemise-oxford-en-coton-a-rayures-oversize-en-popeline-manches-longuesl\\\/#breadcrumb\"},\"inLanguage\":\"ar\",\"potentialAction\":[{\"@type\":\"ReadAction\",\"target\":[\"https:\\\/\\\/www.oocargoo.com\\\/dz\\\/ar\\\/product\\\/chemise-oxford-en-coton-a-rayures-oversize-en-popeline-manches-longuesl\\\/\"]}]},{\"@type\":\"ImageObject\",\"inLanguage\":\"ar\",\"@id\":\"https:\\\/\\\/www.oocargoo.com\\\/dz\\\/ar\\\/product\\\/chemise-oxford-en-coton-a-rayures-oversize-en-popeline-manches-longuesl\\\/#primaryimage\",\"url\":\"https:\\\/\\\/www.oocargoo.com\\\/dz\\\/wp-content\\\/uploads\\\/2026\\\/05\\\/chemise-oxford-en-coton-a-rayures-oversize-en-popeline-manches-longues_bleu_69abf7e847200.webp\",\"contentUrl\":\"https:\\\/\\\/www.oocargoo.com\\\/dz\\\/wp-content\\\/uploads\\\/2026\\\/05\\\/chemise-oxford-en-coton-a-rayures-oversize-en-popeline-manches-longues_bleu_69abf7e847200.webp\",\"width\":896,\"height\":1200},{\"@type\":\"BreadcrumbList\",\"@id\":\"https:\\\/\\\/www.oocargoo.com\\\/dz\\\/ar\\\/product\\\/chemise-oxford-en-coton-a-rayures-oversize-en-popeline-manches-longuesl\\\/#breadcrumb\",\"itemListElement\":[{\"@type\":\"ListItem\",\"position\":1,\"name\":\"Accueil\",\"item\":\"https:\\\/\\\/www.oocargoo.com\\\/dz\\\/ar\\\/\"},{\"@type\":\"ListItem\",\"position\":2,\"name\":\"Shop\",\"item\":\"https:\\\/\\\/www.oocargoo.com\\\/dz\\\/shop\\\/\"},{\"@type\":\"ListItem\",\"position\":3,\"name\":\"Chemise Oxford en coton \u00e0 rayures oversize en popeline manches longuesl\"}]},{\"@type\":\"WebSite\",\"@id\":\"https:\\\/\\\/www.oocargoo.com\\\/dz\\\/ar\\\/#website\",\"url\":\"https:\\\/\\\/www.oocargoo.com\\\/dz\\\/ar\\\/\",\"name\":\"Oocargoo\",\"description\":\"Grossiste vetement en ligne algerie\",\"publisher\":{\"@id\":\"https:\\\/\\\/www.oocargoo.com\\\/dz\\\/ar\\\/#organization\"},\"potentialAction\":[{\"@type\":\"SearchAction\",\"target\":{\"@type\":\"EntryPoint\",\"urlTemplate\":\"https:\\\/\\\/www.oocargoo.com\\\/dz\\\/ar\\\/?s={search_term_string}\"},\"query-input\":{\"@type\":\"PropertyValueSpecification\",\"valueRequired\":true,\"valueName\":\"search_term_string\"}}],\"inLanguage\":\"ar\"},{\"@type\":\"Organization\",\"@id\":\"https:\\\/\\\/www.oocargoo.com\\\/dz\\\/ar\\\/#organization\",\"name\":\"Oocargoo\",\"url\":\"https:\\\/\\\/www.oocargoo.com\\\/dz\\\/ar\\\/\",\"logo\":{\"@type\":\"ImageObject\",\"inLanguage\":\"ar\",\"@id\":\"https:\\\/\\\/www.oocargoo.com\\\/dz\\\/ar\\\/#\\\/schema\\\/logo\\\/image\\\/\",\"url\":\"https:\\\/\\\/www.oocargoo.com\\\/dz\\\/wp-content\\\/uploads\\\/2024\\\/07\\\/logo_b2b_oocargoo_com-NOIR-a.png\",\"contentUrl\":\"https:\\\/\\\/www.oocargoo.com\\\/dz\\\/wp-content\\\/uploads\\\/2024\\\/07\\\/logo_b2b_oocargoo_com-NOIR-a.png\",\"width\":600,\"height\":146,\"caption\":\"Oocargoo\"},\"image\":{\"@id\":\"https:\\\/\\\/www.oocargoo.com\\\/dz\\\/ar\\\/#\\\/schema\\\/logo\\\/image\\\/\"},\"sameAs\":[\"https:\\\/\\\/www.facebook.com\\\/oocargoo\\\/\",\"https:\\\/\\\/www.instagram.com\\\/oocargoo\\\/\"]}]}<\/script>\n<!-- \/ Yoast SEO plugin. -->","yoast_head_json":{"title":"Chemise Oxford en coton \u00e0 rayures oversize en popeline manches longuesl - Oocargoo","robots":{"index":"index","follow":"follow","max-snippet":"max-snippet:-1","max-image-preview":"max-image-preview:large","max-video-preview":"max-video-preview:-1"},"canonical":"https:\/\/www.oocargoo.com\/dz\/ar\/product\/chemise-oxford-en-coton-a-rayures-oversize-en-popeline-manches-longuesl\/","og_locale":"ar_AR","og_type":"article","og_title":"Chemise Oxford en coton \u00e0 rayures oversize en popeline manches longuesl - Oocargoo","og_description":"D\u00e9tails du produit Chemise Oxford en coton \u00e0 rayures oversize en popeline - chemise avec col \u00e0 revers et manches longues - fermeture par boutonnage sur le devant - coupe oversize - taille s \u2044 m et m \u2044 l - fabriqu\u00e9 en Italie Oversized striped cotton poplin Oxford shirt - Lapel collar shirt with long sleeves - Button-front closure - Oversized fit - Sizes S \u2044 M and M \u2044 L - Made in Italy Composition : Cotton (70%), Polyester (30%) Collection : Printemps\/\u00c9t\u00e9 2025","og_url":"https:\/\/www.oocargoo.com\/dz\/ar\/product\/chemise-oxford-en-coton-a-rayures-oversize-en-popeline-manches-longuesl\/","og_site_name":"Oocargoo","article_publisher":"https:\/\/www.facebook.com\/oocargoo\/","og_image":[{"width":896,"height":1200,"url":"https:\/\/www.oocargoo.com\/dz\/wp-content\/uploads\/2026\/05\/chemise-oxford-en-coton-a-rayures-oversize-en-popeline-manches-longues_bleu_69abf7e847200.webp","type":"image\/webp"}],"twitter_card":"summary_large_image","schema":{"@context":"https:\/\/schema.org","@graph":[{"@type":"WebPage","@id":"https:\/\/www.oocargoo.com\/dz\/ar\/product\/chemise-oxford-en-coton-a-rayures-oversize-en-popeline-manches-longuesl\/","url":"https:\/\/www.oocargoo.com\/dz\/ar\/product\/chemise-oxford-en-coton-a-rayures-oversize-en-popeline-manches-longuesl\/","name":"Chemise Oxford en coton \u00e0 rayures oversize en popeline manches longuesl - Oocargoo","isPartOf":{"@id":"https:\/\/www.oocargoo.com\/dz\/ar\/#website"},"primaryImageOfPage":{"@id":"https:\/\/www.oocargoo.com\/dz\/ar\/product\/chemise-oxford-en-coton-a-rayures-oversize-en-popeline-manches-longuesl\/#primaryimage"},"image":{"@id":"https:\/\/www.oocargoo.com\/dz\/ar\/product\/chemise-oxford-en-coton-a-rayures-oversize-en-popeline-manches-longuesl\/#primaryimage"},"thumbnailUrl":"https:\/\/www.oocargoo.com\/dz\/wp-content\/uploads\/2026\/05\/chemise-oxford-en-coton-a-rayures-oversize-en-popeline-manches-longues_bleu_69abf7e847200.webp","datePublished":"2026-05-08T14:07:54+00:00","breadcrumb":{"@id":"https:\/\/www.oocargoo.com\/dz\/ar\/product\/chemise-oxford-en-coton-a-rayures-oversize-en-popeline-manches-longuesl\/#breadcrumb"},"inLanguage":"ar","potentialAction":[{"@type":"ReadAction","target":["https:\/\/www.oocargoo.com\/dz\/ar\/product\/chemise-oxford-en-coton-a-rayures-oversize-en-popeline-manches-longuesl\/"]}]},{"@type":"ImageObject","inLanguage":"ar","@id":"https:\/\/www.oocargoo.com\/dz\/ar\/product\/chemise-oxford-en-coton-a-rayures-oversize-en-popeline-manches-longuesl\/#primaryimage","url":"https:\/\/www.oocargoo.com\/dz\/wp-content\/uploads\/2026\/05\/chemise-oxford-en-coton-a-rayures-oversize-en-popeline-manches-longues_bleu_69abf7e847200.webp","contentUrl":"https:\/\/www.oocargoo.com\/dz\/wp-content\/uploads\/2026\/05\/chemise-oxford-en-coton-a-rayures-oversize-en-popeline-manches-longues_bleu_69abf7e847200.webp","width":896,"height":1200},{"@type":"BreadcrumbList","@id":"https:\/\/www.oocargoo.com\/dz\/ar\/product\/chemise-oxford-en-coton-a-rayures-oversize-en-popeline-manches-longuesl\/#breadcrumb","itemListElement":[{"@type":"ListItem","position":1,"name":"Accueil","item":"https:\/\/www.oocargoo.com\/dz\/ar\/"},{"@type":"ListItem","position":2,"name":"Shop","item":"https:\/\/www.oocargoo.com\/dz\/shop\/"},{"@type":"ListItem","position":3,"name":"Chemise Oxford en coton \u00e0 rayures oversize en popeline manches longuesl"}]},{"@type":"WebSite","@id":"https:\/\/www.oocargoo.com\/dz\/ar\/#website","url":"https:\/\/www.oocargoo.com\/dz\/ar\/","name":"Oocargoo","description":"Grossiste vetement en ligne algerie","publisher":{"@id":"https:\/\/www.oocargoo.com\/dz\/ar\/#organization"},"potentialAction":[{"@type":"SearchAction","target":{"@type":"EntryPoint","urlTemplate":"https:\/\/www.oocargoo.com\/dz\/ar\/?s={search_term_string}"},"query-input":{"@type":"PropertyValueSpecification","valueRequired":true,"valueName":"search_term_string"}}],"inLanguage":"ar"},{"@type":"Organization","@id":"https:\/\/www.oocargoo.com\/dz\/ar\/#organization","name":"Oocargoo","url":"https:\/\/www.oocargoo.com\/dz\/ar\/","logo":{"@type":"ImageObject","inLanguage":"ar","@id":"https:\/\/www.oocargoo.com\/dz\/ar\/#\/schema\/logo\/image\/","url":"https:\/\/www.oocargoo.com\/dz\/wp-content\/uploads\/2024\/07\/logo_b2b_oocargoo_com-NOIR-a.png","contentUrl":"https:\/\/www.oocargoo.com\/dz\/wp-content\/uploads\/2024\/07\/logo_b2b_oocargoo_com-NOIR-a.png","width":600,"height":146,"caption":"Oocargoo"},"image":{"@id":"https:\/\/www.oocargoo.com\/dz\/ar\/#\/schema\/logo\/image\/"},"sameAs":["https:\/\/www.facebook.com\/oocargoo\/","https:\/\/www.instagram.com\/oocargoo\/"]}]}},"_links":{"self":[{"href":"https:\/\/www.oocargoo.com\/dz\/ar\/wp-json\/wp\/v2\/product\/65730","targetHints":{"allow":["GET"]}}],"collection":[{"href":"https:\/\/www.oocargoo.com\/dz\/ar\/wp-json\/wp\/v2\/product"}],"about":[{"href":"https:\/\/www.oocargoo.com\/dz\/ar\/wp-json\/wp\/v2\/types\/product"}],"replies":[{"embeddable":true,"href":"https:\/\/www.oocargoo.com\/dz\/ar\/wp-json\/wp\/v2\/comments?post=65730"}],"version-history":[{"count":1,"href":"https:\/\/www.oocargoo.com\/dz\/ar\/wp-json\/wp\/v2\/product\/65730\/revisions"}],"predecessor-version":[{"id":66368,"href":"https:\/\/www.oocargoo.com\/dz\/ar\/wp-json\/wp\/v2\/product\/65730\/revisions\/66368"}],"wp:featuredmedia":[{"embeddable":true,"href":"https:\/\/www.oocargoo.com\/dz\/ar\/wp-json\/wp\/v2\/media\/65720"}],"wp:attachment":[{"href":"https:\/\/www.oocargoo.com\/dz\/ar\/wp-json\/wp\/v2\/media?parent=65730"}],"wp:term":[{"taxonomy":"product_cat","embeddable":true,"href":"https:\/\/www.oocargoo.com\/dz\/ar\/wp-json\/wp\/v2\/product_cat?post=65730"},{"taxonomy":"product_tag","embeddable":true,"href":"https:\/\/www.oocargoo.com\/dz\/ar\/wp-json\/wp\/v2\/product_tag?post=65730"}],"curies":[{"name":"wp","href":"https:\/\/api.w.org\/{rel}","templated":true}]}}