{"id":64115,"date":"2026-05-08T15:08:00","date_gmt":"2026-05-08T14:08:00","guid":{"rendered":"https:\/\/www.oocargoo.com\/dz\/?post_type=product&#038;p=64115"},"modified":"2026-05-08T15:08:00","modified_gmt":"2026-05-08T14:08:00","slug":"chemise-blouse-asymetrique-fluide-en-viscose-col-classique-et-coupe-oversize-3","status":"publish","type":"product","link":"https:\/\/www.oocargoo.com\/dz\/ar\/product\/chemise-blouse-asymetrique-fluide-en-viscose-col-classique-et-coupe-oversize-3\/","title":{"rendered":"Chemise blouse asym\u00e9trique fluide en viscose col classique et coupe oversize"},"content":{"rendered":"<p><strong>D\u00e9tails du produit<\/strong><\/p>\n<p>Cette chemise fluide en tissu l\u00e9ger offre une allure moderne et d\u00e9contract\u00e9e gr\u00e2ce \u00e0 sa coupe oversize et son ourlet asym\u00e9trique. Dot\u00e9e d\u2019un col classique et d\u2019une fermeture boutonn\u00e9e sur le devant, elle allie confort et \u00e9l\u00e9gance. Les manches longues l\u00e9g\u00e8rement bouffantes apportent une touche f\u00e9minine, tandis que la texture subtile du tissu ajoute du caract\u00e8re. Parfaite pour un look casual chic, elle se marie facilement avec un pantalon ajust\u00e9 ou un jean pour toutes les occasions. Taille unique du 36 au 44<\/p>\n<p><strong>Correspondance TU :<\/strong> 36-42<\/p>\n<p><strong>Composition :<\/strong> Viscose (87%), Polyamide (13%)<\/p>\n<p><strong>Collection :<\/strong> Printemps\/\u00c9t\u00e9 2025<\/p>\n<p><strong>Pays de fabrication :<\/strong> Italie<\/p>\n<p><strong>R\u00e9f\u00e9rence :<\/strong> B65_262_5821-3<\/p>\n","protected":false},"excerpt":{"rendered":"<p><strong>D\u00e9tails du produit<\/strong><\/p>\n<p>Cette chemise fluide en tissu l\u00e9ger offre une allure moderne et d\u00e9contract\u00e9e gr\u00e2ce \u00e0 sa coupe oversize et son ourlet asym\u00e9trique. Dot\u00e9e d\u2019un col classique et d\u2019une fermeture boutonn\u00e9e sur le devant, elle allie confort et \u00e9l\u00e9gance. Les manches longues l\u00e9g\u00e8rement bouffantes apportent une touche f\u00e9minine, tandis que la texture subtile du tissu ajoute du caract\u00e8re. Parfaite pour un look casual chic, elle se marie facilement avec un pantalon ajust\u00e9 ou un jean pour toutes les occasions. Taille unique du 36 au 44<\/p>\n<p><strong>Correspondance TU :<\/strong> 36-42<\/p>\n<p><strong>Composition :<\/strong> Viscose (87%), Polyamide (13%)<\/p>\n<p><strong>Collection :<\/strong> Printemps\/\u00c9t\u00e9 2025<\/p>\n","protected":false},"featured_media":64084,"comment_status":"open","ping_status":"closed","template":"","meta":{"_acf_changed":false,"_monsterinsights_skip_tracking":false,"_monsterinsights_sitenote_active":false,"_monsterinsights_sitenote_note":"","_monsterinsights_sitenote_category":0},"product_cat":[449,442],"product_tag":[],"class_list":{"0":"post-64115","1":"product","2":"type-product","3":"status-publish","4":"has-post-thumbnail","6":"product_brand-italie","7":"product_cat-chemises-femmes","8":"product_cat-produits-en-france","9":"product_shipping_class-france","10":"pa_couleur-beige","11":"pa_couleur-bleu-clair","12":"pa_couleur-noir","13":"pa_couleur-vert-deau","14":"pa_taille-tu","16":"first","17":"instock","18":"purchasable","19":"product-type-variable","20":"add-to-wishlist-before_image"},"acf":[],"yoast_head":"<!-- This site is optimized with the Yoast SEO plugin v27.5 - https:\/\/yoast.com\/product\/yoast-seo-wordpress\/ -->\n<title>Chemise blouse asym\u00e9trique fluide en viscose col classique et coupe oversize - Oocargoo<\/title>\n<meta name=\"robots\" content=\"index, follow, max-snippet:-1, max-image-preview:large, max-video-preview:-1\" \/>\n<link rel=\"canonical\" href=\"https:\/\/www.oocargoo.com\/dz\/ar\/product\/chemise-blouse-asymetrique-fluide-en-viscose-col-classique-et-coupe-oversize-3\/\" \/>\n<meta property=\"og:locale\" content=\"ar_AR\" \/>\n<meta property=\"og:type\" content=\"article\" \/>\n<meta property=\"og:title\" content=\"Chemise blouse asym\u00e9trique fluide en viscose col classique et coupe oversize - Oocargoo\" \/>\n<meta property=\"og:description\" content=\"D\u00e9tails du produit Cette chemise fluide en tissu l\u00e9ger offre une allure moderne et d\u00e9contract\u00e9e gr\u00e2ce \u00e0 sa coupe oversize et son ourlet asym\u00e9trique. Dot\u00e9e d\u2019un col classique et d\u2019une fermeture boutonn\u00e9e sur le devant, elle allie confort et \u00e9l\u00e9gance. Les manches longues l\u00e9g\u00e8rement bouffantes apportent une touche f\u00e9minine, tandis que la texture subtile du tissu ajoute du caract\u00e8re. Parfaite pour un look casual chic, elle se marie facilement avec un pantalon ajust\u00e9 ou un jean pour toutes les occasions. Taille unique du 36 au 44 Correspondance TU : 36-42 Composition : Viscose (87%), Polyamide (13%) Collection : Printemps\/\u00c9t\u00e9 2025\" \/>\n<meta property=\"og:url\" content=\"https:\/\/www.oocargoo.com\/dz\/ar\/product\/chemise-blouse-asymetrique-fluide-en-viscose-col-classique-et-coupe-oversize-3\/\" \/>\n<meta property=\"og:site_name\" content=\"Oocargoo\" \/>\n<meta property=\"article:publisher\" content=\"https:\/\/www.facebook.com\/oocargoo\/\" \/>\n<meta property=\"og:image\" content=\"https:\/\/www.oocargoo.com\/dz\/wp-content\/uploads\/2026\/05\/chemise-blouse-asymetrique-fluide-en-viscose-col-classique-et-coupe-ov_beige_69c92ae1b3035.webp\" \/>\n\t<meta property=\"og:image:width\" content=\"896\" \/>\n\t<meta property=\"og:image:height\" content=\"1200\" \/>\n\t<meta property=\"og:image:type\" content=\"image\/webp\" \/>\n<meta name=\"twitter:card\" content=\"summary_large_image\" \/>\n<meta name=\"twitter:label1\" content=\"\u0648\u0642\u062a \u0627\u0644\u0642\u0631\u0627\u0621\u0629 \u0627\u0644\u0645\u064f\u0642\u062f\u0651\u0631\" \/>\n\t<meta name=\"twitter:data1\" content=\"1 \u062f\u0642\u064a\u0642\u0629\" \/>\n<script type=\"application\/ld+json\" class=\"yoast-schema-graph\">{\"@context\":\"https:\\\/\\\/schema.org\",\"@graph\":[{\"@type\":\"WebPage\",\"@id\":\"https:\\\/\\\/www.oocargoo.com\\\/dz\\\/ar\\\/product\\\/chemise-blouse-asymetrique-fluide-en-viscose-col-classique-et-coupe-oversize-3\\\/\",\"url\":\"https:\\\/\\\/www.oocargoo.com\\\/dz\\\/ar\\\/product\\\/chemise-blouse-asymetrique-fluide-en-viscose-col-classique-et-coupe-oversize-3\\\/\",\"name\":\"Chemise blouse asym\u00e9trique fluide en viscose col classique et coupe oversize - Oocargoo\",\"isPartOf\":{\"@id\":\"https:\\\/\\\/www.oocargoo.com\\\/dz\\\/ar\\\/#website\"},\"primaryImageOfPage\":{\"@id\":\"https:\\\/\\\/www.oocargoo.com\\\/dz\\\/ar\\\/product\\\/chemise-blouse-asymetrique-fluide-en-viscose-col-classique-et-coupe-oversize-3\\\/#primaryimage\"},\"image\":{\"@id\":\"https:\\\/\\\/www.oocargoo.com\\\/dz\\\/ar\\\/product\\\/chemise-blouse-asymetrique-fluide-en-viscose-col-classique-et-coupe-oversize-3\\\/#primaryimage\"},\"thumbnailUrl\":\"https:\\\/\\\/www.oocargoo.com\\\/dz\\\/wp-content\\\/uploads\\\/2026\\\/05\\\/chemise-blouse-asymetrique-fluide-en-viscose-col-classique-et-coupe-ov_beige_69c92ae1b3035.webp\",\"datePublished\":\"2026-05-08T14:08:00+00:00\",\"breadcrumb\":{\"@id\":\"https:\\\/\\\/www.oocargoo.com\\\/dz\\\/ar\\\/product\\\/chemise-blouse-asymetrique-fluide-en-viscose-col-classique-et-coupe-oversize-3\\\/#breadcrumb\"},\"inLanguage\":\"ar\",\"potentialAction\":[{\"@type\":\"ReadAction\",\"target\":[\"https:\\\/\\\/www.oocargoo.com\\\/dz\\\/ar\\\/product\\\/chemise-blouse-asymetrique-fluide-en-viscose-col-classique-et-coupe-oversize-3\\\/\"]}]},{\"@type\":\"ImageObject\",\"inLanguage\":\"ar\",\"@id\":\"https:\\\/\\\/www.oocargoo.com\\\/dz\\\/ar\\\/product\\\/chemise-blouse-asymetrique-fluide-en-viscose-col-classique-et-coupe-oversize-3\\\/#primaryimage\",\"url\":\"https:\\\/\\\/www.oocargoo.com\\\/dz\\\/wp-content\\\/uploads\\\/2026\\\/05\\\/chemise-blouse-asymetrique-fluide-en-viscose-col-classique-et-coupe-ov_beige_69c92ae1b3035.webp\",\"contentUrl\":\"https:\\\/\\\/www.oocargoo.com\\\/dz\\\/wp-content\\\/uploads\\\/2026\\\/05\\\/chemise-blouse-asymetrique-fluide-en-viscose-col-classique-et-coupe-ov_beige_69c92ae1b3035.webp\",\"width\":896,\"height\":1200},{\"@type\":\"BreadcrumbList\",\"@id\":\"https:\\\/\\\/www.oocargoo.com\\\/dz\\\/ar\\\/product\\\/chemise-blouse-asymetrique-fluide-en-viscose-col-classique-et-coupe-oversize-3\\\/#breadcrumb\",\"itemListElement\":[{\"@type\":\"ListItem\",\"position\":1,\"name\":\"Accueil\",\"item\":\"https:\\\/\\\/www.oocargoo.com\\\/dz\\\/ar\\\/\"},{\"@type\":\"ListItem\",\"position\":2,\"name\":\"Shop\",\"item\":\"https:\\\/\\\/www.oocargoo.com\\\/dz\\\/shop\\\/\"},{\"@type\":\"ListItem\",\"position\":3,\"name\":\"Chemise blouse asym\u00e9trique fluide en viscose col classique et coupe oversize\"}]},{\"@type\":\"WebSite\",\"@id\":\"https:\\\/\\\/www.oocargoo.com\\\/dz\\\/ar\\\/#website\",\"url\":\"https:\\\/\\\/www.oocargoo.com\\\/dz\\\/ar\\\/\",\"name\":\"Oocargoo\",\"description\":\"Grossiste vetement en ligne algerie\",\"publisher\":{\"@id\":\"https:\\\/\\\/www.oocargoo.com\\\/dz\\\/ar\\\/#organization\"},\"potentialAction\":[{\"@type\":\"SearchAction\",\"target\":{\"@type\":\"EntryPoint\",\"urlTemplate\":\"https:\\\/\\\/www.oocargoo.com\\\/dz\\\/ar\\\/?s={search_term_string}\"},\"query-input\":{\"@type\":\"PropertyValueSpecification\",\"valueRequired\":true,\"valueName\":\"search_term_string\"}}],\"inLanguage\":\"ar\"},{\"@type\":\"Organization\",\"@id\":\"https:\\\/\\\/www.oocargoo.com\\\/dz\\\/ar\\\/#organization\",\"name\":\"Oocargoo\",\"url\":\"https:\\\/\\\/www.oocargoo.com\\\/dz\\\/ar\\\/\",\"logo\":{\"@type\":\"ImageObject\",\"inLanguage\":\"ar\",\"@id\":\"https:\\\/\\\/www.oocargoo.com\\\/dz\\\/ar\\\/#\\\/schema\\\/logo\\\/image\\\/\",\"url\":\"https:\\\/\\\/www.oocargoo.com\\\/dz\\\/wp-content\\\/uploads\\\/2024\\\/07\\\/logo_b2b_oocargoo_com-NOIR-a.png\",\"contentUrl\":\"https:\\\/\\\/www.oocargoo.com\\\/dz\\\/wp-content\\\/uploads\\\/2024\\\/07\\\/logo_b2b_oocargoo_com-NOIR-a.png\",\"width\":600,\"height\":146,\"caption\":\"Oocargoo\"},\"image\":{\"@id\":\"https:\\\/\\\/www.oocargoo.com\\\/dz\\\/ar\\\/#\\\/schema\\\/logo\\\/image\\\/\"},\"sameAs\":[\"https:\\\/\\\/www.facebook.com\\\/oocargoo\\\/\",\"https:\\\/\\\/www.instagram.com\\\/oocargoo\\\/\"]}]}<\/script>\n<!-- \/ Yoast SEO plugin. -->","yoast_head_json":{"title":"Chemise blouse asym\u00e9trique fluide en viscose col classique et coupe oversize - Oocargoo","robots":{"index":"index","follow":"follow","max-snippet":"max-snippet:-1","max-image-preview":"max-image-preview:large","max-video-preview":"max-video-preview:-1"},"canonical":"https:\/\/www.oocargoo.com\/dz\/ar\/product\/chemise-blouse-asymetrique-fluide-en-viscose-col-classique-et-coupe-oversize-3\/","og_locale":"ar_AR","og_type":"article","og_title":"Chemise blouse asym\u00e9trique fluide en viscose col classique et coupe oversize - Oocargoo","og_description":"D\u00e9tails du produit Cette chemise fluide en tissu l\u00e9ger offre une allure moderne et d\u00e9contract\u00e9e gr\u00e2ce \u00e0 sa coupe oversize et son ourlet asym\u00e9trique. Dot\u00e9e d\u2019un col classique et d\u2019une fermeture boutonn\u00e9e sur le devant, elle allie confort et \u00e9l\u00e9gance. Les manches longues l\u00e9g\u00e8rement bouffantes apportent une touche f\u00e9minine, tandis que la texture subtile du tissu ajoute du caract\u00e8re. Parfaite pour un look casual chic, elle se marie facilement avec un pantalon ajust\u00e9 ou un jean pour toutes les occasions. Taille unique du 36 au 44 Correspondance TU : 36-42 Composition : Viscose (87%), Polyamide (13%) Collection : Printemps\/\u00c9t\u00e9 2025","og_url":"https:\/\/www.oocargoo.com\/dz\/ar\/product\/chemise-blouse-asymetrique-fluide-en-viscose-col-classique-et-coupe-oversize-3\/","og_site_name":"Oocargoo","article_publisher":"https:\/\/www.facebook.com\/oocargoo\/","og_image":[{"width":896,"height":1200,"url":"https:\/\/www.oocargoo.com\/dz\/wp-content\/uploads\/2026\/05\/chemise-blouse-asymetrique-fluide-en-viscose-col-classique-et-coupe-ov_beige_69c92ae1b3035.webp","type":"image\/webp"}],"twitter_card":"summary_large_image","twitter_misc":{"\u0648\u0642\u062a \u0627\u0644\u0642\u0631\u0627\u0621\u0629 \u0627\u0644\u0645\u064f\u0642\u062f\u0651\u0631":"1 \u062f\u0642\u064a\u0642\u0629"},"schema":{"@context":"https:\/\/schema.org","@graph":[{"@type":"WebPage","@id":"https:\/\/www.oocargoo.com\/dz\/ar\/product\/chemise-blouse-asymetrique-fluide-en-viscose-col-classique-et-coupe-oversize-3\/","url":"https:\/\/www.oocargoo.com\/dz\/ar\/product\/chemise-blouse-asymetrique-fluide-en-viscose-col-classique-et-coupe-oversize-3\/","name":"Chemise blouse asym\u00e9trique fluide en viscose col classique et coupe oversize - Oocargoo","isPartOf":{"@id":"https:\/\/www.oocargoo.com\/dz\/ar\/#website"},"primaryImageOfPage":{"@id":"https:\/\/www.oocargoo.com\/dz\/ar\/product\/chemise-blouse-asymetrique-fluide-en-viscose-col-classique-et-coupe-oversize-3\/#primaryimage"},"image":{"@id":"https:\/\/www.oocargoo.com\/dz\/ar\/product\/chemise-blouse-asymetrique-fluide-en-viscose-col-classique-et-coupe-oversize-3\/#primaryimage"},"thumbnailUrl":"https:\/\/www.oocargoo.com\/dz\/wp-content\/uploads\/2026\/05\/chemise-blouse-asymetrique-fluide-en-viscose-col-classique-et-coupe-ov_beige_69c92ae1b3035.webp","datePublished":"2026-05-08T14:08:00+00:00","breadcrumb":{"@id":"https:\/\/www.oocargoo.com\/dz\/ar\/product\/chemise-blouse-asymetrique-fluide-en-viscose-col-classique-et-coupe-oversize-3\/#breadcrumb"},"inLanguage":"ar","potentialAction":[{"@type":"ReadAction","target":["https:\/\/www.oocargoo.com\/dz\/ar\/product\/chemise-blouse-asymetrique-fluide-en-viscose-col-classique-et-coupe-oversize-3\/"]}]},{"@type":"ImageObject","inLanguage":"ar","@id":"https:\/\/www.oocargoo.com\/dz\/ar\/product\/chemise-blouse-asymetrique-fluide-en-viscose-col-classique-et-coupe-oversize-3\/#primaryimage","url":"https:\/\/www.oocargoo.com\/dz\/wp-content\/uploads\/2026\/05\/chemise-blouse-asymetrique-fluide-en-viscose-col-classique-et-coupe-ov_beige_69c92ae1b3035.webp","contentUrl":"https:\/\/www.oocargoo.com\/dz\/wp-content\/uploads\/2026\/05\/chemise-blouse-asymetrique-fluide-en-viscose-col-classique-et-coupe-ov_beige_69c92ae1b3035.webp","width":896,"height":1200},{"@type":"BreadcrumbList","@id":"https:\/\/www.oocargoo.com\/dz\/ar\/product\/chemise-blouse-asymetrique-fluide-en-viscose-col-classique-et-coupe-oversize-3\/#breadcrumb","itemListElement":[{"@type":"ListItem","position":1,"name":"Accueil","item":"https:\/\/www.oocargoo.com\/dz\/ar\/"},{"@type":"ListItem","position":2,"name":"Shop","item":"https:\/\/www.oocargoo.com\/dz\/shop\/"},{"@type":"ListItem","position":3,"name":"Chemise blouse asym\u00e9trique fluide en viscose col classique et coupe oversize"}]},{"@type":"WebSite","@id":"https:\/\/www.oocargoo.com\/dz\/ar\/#website","url":"https:\/\/www.oocargoo.com\/dz\/ar\/","name":"Oocargoo","description":"Grossiste vetement en ligne algerie","publisher":{"@id":"https:\/\/www.oocargoo.com\/dz\/ar\/#organization"},"potentialAction":[{"@type":"SearchAction","target":{"@type":"EntryPoint","urlTemplate":"https:\/\/www.oocargoo.com\/dz\/ar\/?s={search_term_string}"},"query-input":{"@type":"PropertyValueSpecification","valueRequired":true,"valueName":"search_term_string"}}],"inLanguage":"ar"},{"@type":"Organization","@id":"https:\/\/www.oocargoo.com\/dz\/ar\/#organization","name":"Oocargoo","url":"https:\/\/www.oocargoo.com\/dz\/ar\/","logo":{"@type":"ImageObject","inLanguage":"ar","@id":"https:\/\/www.oocargoo.com\/dz\/ar\/#\/schema\/logo\/image\/","url":"https:\/\/www.oocargoo.com\/dz\/wp-content\/uploads\/2024\/07\/logo_b2b_oocargoo_com-NOIR-a.png","contentUrl":"https:\/\/www.oocargoo.com\/dz\/wp-content\/uploads\/2024\/07\/logo_b2b_oocargoo_com-NOIR-a.png","width":600,"height":146,"caption":"Oocargoo"},"image":{"@id":"https:\/\/www.oocargoo.com\/dz\/ar\/#\/schema\/logo\/image\/"},"sameAs":["https:\/\/www.facebook.com\/oocargoo\/","https:\/\/www.instagram.com\/oocargoo\/"]}]}},"_links":{"self":[{"href":"https:\/\/www.oocargoo.com\/dz\/ar\/wp-json\/wp\/v2\/product\/64115","targetHints":{"allow":["GET"]}}],"collection":[{"href":"https:\/\/www.oocargoo.com\/dz\/ar\/wp-json\/wp\/v2\/product"}],"about":[{"href":"https:\/\/www.oocargoo.com\/dz\/ar\/wp-json\/wp\/v2\/types\/product"}],"replies":[{"embeddable":true,"href":"https:\/\/www.oocargoo.com\/dz\/ar\/wp-json\/wp\/v2\/comments?post=64115"}],"version-history":[{"count":1,"href":"https:\/\/www.oocargoo.com\/dz\/ar\/wp-json\/wp\/v2\/product\/64115\/revisions"}],"predecessor-version":[{"id":66430,"href":"https:\/\/www.oocargoo.com\/dz\/ar\/wp-json\/wp\/v2\/product\/64115\/revisions\/66430"}],"wp:featuredmedia":[{"embeddable":true,"href":"https:\/\/www.oocargoo.com\/dz\/ar\/wp-json\/wp\/v2\/media\/64084"}],"wp:attachment":[{"href":"https:\/\/www.oocargoo.com\/dz\/ar\/wp-json\/wp\/v2\/media?parent=64115"}],"wp:term":[{"taxonomy":"product_cat","embeddable":true,"href":"https:\/\/www.oocargoo.com\/dz\/ar\/wp-json\/wp\/v2\/product_cat?post=64115"},{"taxonomy":"product_tag","embeddable":true,"href":"https:\/\/www.oocargoo.com\/dz\/ar\/wp-json\/wp\/v2\/product_tag?post=64115"}],"curies":[{"name":"wp","href":"https:\/\/api.w.org\/{rel}","templated":true}]}}