{"id":54380,"date":"2026-05-08T19:28:41","date_gmt":"2026-05-08T18:28:41","guid":{"rendered":"https:\/\/www.oocargoo.com\/dz\/?post_type=product&#038;p=54380"},"modified":"2026-05-08T19:28:41","modified_gmt":"2026-05-08T18:28:41","slug":"chemise-blouse-en-viscose-texture-fluide-col-tunisien-et-manches-retroussables-14","status":"publish","type":"product","link":"https:\/\/www.oocargoo.com\/dz\/ar\/product\/chemise-blouse-en-viscose-texture-fluide-col-tunisien-et-manches-retroussables-14\/","title":{"rendered":"Chemise blouse en viscose textur\u00e9 fluide col tunisien et manches retroussables"},"content":{"rendered":"<p><strong>D\u00e9tails du produit<\/strong><\/p>\n<p>Chemise blouse en viscose textur\u00e9 fluide col tunisien et manches retroussables Cette chemise en tissu l\u00e9ger et textur\u00e9 offre un look d\u00e9contract\u00e9 et \u00e9l\u00e9gant. Avec son col tunisien subtilement ouvert et ses manches longues pouvant \u00eatre retrouss\u00e9es gr\u00e2ce \u00e0 une patte boutonn\u00e9e, elle est id\u00e9ale pour une tenue polyvalente. Sa coupe fluide assure un confort optimal tout en s\u2019adaptant \u00e0 divers styles, que ce soit avec un jean pour un look casual ou avec un pantalon chic pour une touche plus sophistiqu\u00e9e. Taille unique du 36 au 44<\/p>\n<p><strong>Correspondance TU :<\/strong> 36-42<\/p>\n<p><strong>Composition :<\/strong> Viscose (87%), Polyamide (13%)<\/p>\n<p><strong>Collection :<\/strong> Printemps\/\u00c9t\u00e9 2025<\/p>\n<p><strong>Pays de fabrication :<\/strong> Italie<\/p>\n<p><strong>R\u00e9f\u00e9rence :<\/strong> B68_264_25103-15<\/p>\n","protected":false},"excerpt":{"rendered":"<p><strong>D\u00e9tails du produit<\/strong><\/p>\n<p>Chemise blouse en viscose textur\u00e9 fluide col tunisien et manches retroussables Cette chemise en tissu l\u00e9ger et textur\u00e9 offre un look d\u00e9contract\u00e9 et \u00e9l\u00e9gant. Avec son col tunisien subtilement ouvert et ses manches longues pouvant \u00eatre retrouss\u00e9es gr\u00e2ce \u00e0 une patte boutonn\u00e9e, elle est id\u00e9ale pour une tenue polyvalente. Sa coupe fluide assure un confort optimal tout en s\u2019adaptant \u00e0 divers styles, que ce soit avec un jean pour un look casual ou avec un pantalon chic pour une touche plus sophistiqu\u00e9e. Taille unique du 36 au 44<\/p>\n<p><strong>Correspondance TU :<\/strong> 36-42<\/p>\n<p><strong>Composition :<\/strong> Viscose (87%), Polyamide (13%)<\/p>\n<p><strong>Collection :<\/strong> Printemps\/\u00c9t\u00e9 2025<\/p>\n","protected":false},"featured_media":54360,"comment_status":"open","ping_status":"closed","template":"","meta":{"_acf_changed":false,"_monsterinsights_skip_tracking":false,"_monsterinsights_sitenote_active":false,"_monsterinsights_sitenote_note":"","_monsterinsights_sitenote_category":0},"product_cat":[449,442],"product_tag":[],"class_list":{"0":"post-54380","1":"product","2":"type-product","3":"status-publish","4":"has-post-thumbnail","6":"product_brand-italie","7":"product_cat-chemises-femmes","8":"product_cat-produits-en-france","9":"product_shipping_class-france","10":"pa_couleur-beige","11":"pa_couleur-bleu-clair","12":"pa_couleur-vert-deau","13":"pa_taille-tu","15":"first","16":"instock","17":"purchasable","18":"product-type-variable","19":"add-to-wishlist-before_image"},"acf":[],"yoast_head":"<!-- This site is optimized with the Yoast SEO plugin v27.5 - https:\/\/yoast.com\/product\/yoast-seo-wordpress\/ -->\n<title>Chemise blouse en viscose textur\u00e9 fluide col tunisien et manches retroussables - Oocargoo<\/title>\n<meta name=\"robots\" content=\"index, follow, max-snippet:-1, max-image-preview:large, max-video-preview:-1\" \/>\n<link rel=\"canonical\" href=\"https:\/\/www.oocargoo.com\/dz\/ar\/product\/chemise-blouse-en-viscose-texture-fluide-col-tunisien-et-manches-retroussables-14\/\" \/>\n<meta property=\"og:locale\" content=\"ar_AR\" \/>\n<meta property=\"og:type\" content=\"article\" \/>\n<meta property=\"og:title\" content=\"Chemise blouse en viscose textur\u00e9 fluide col tunisien et manches retroussables - Oocargoo\" \/>\n<meta property=\"og:description\" content=\"D\u00e9tails du produit Chemise blouse en viscose textur\u00e9 fluide col tunisien et manches retroussables Cette chemise en tissu l\u00e9ger et textur\u00e9 offre un look d\u00e9contract\u00e9 et \u00e9l\u00e9gant. Avec son col tunisien subtilement ouvert et ses manches longues pouvant \u00eatre retrouss\u00e9es gr\u00e2ce \u00e0 une patte boutonn\u00e9e, elle est id\u00e9ale pour une tenue polyvalente. Sa coupe fluide assure un confort optimal tout en s\u2019adaptant \u00e0 divers styles, que ce soit avec un jean pour un look casual ou avec un pantalon chic pour une touche plus sophistiqu\u00e9e. Taille unique du 36 au 44 Correspondance TU : 36-42 Composition : Viscose (87%), Polyamide (13%) Collection : Printemps\/\u00c9t\u00e9 2025\" \/>\n<meta property=\"og:url\" content=\"https:\/\/www.oocargoo.com\/dz\/ar\/product\/chemise-blouse-en-viscose-texture-fluide-col-tunisien-et-manches-retroussables-14\/\" \/>\n<meta property=\"og:site_name\" content=\"Oocargoo\" \/>\n<meta property=\"article:publisher\" content=\"https:\/\/www.facebook.com\/oocargoo\/\" \/>\n<meta property=\"og:image\" content=\"https:\/\/www.oocargoo.com\/dz\/wp-content\/uploads\/2026\/05\/chemise-blouse-en-viscose-texture-fluide-col-tunisien-et-manches-retro_bleu-clair_69f5eef4b55e2.webp\" \/>\n\t<meta property=\"og:image:width\" content=\"896\" \/>\n\t<meta property=\"og:image:height\" content=\"1200\" \/>\n\t<meta property=\"og:image:type\" content=\"image\/webp\" \/>\n<meta name=\"twitter:card\" content=\"summary_large_image\" \/>\n<meta name=\"twitter:label1\" content=\"\u0648\u0642\u062a \u0627\u0644\u0642\u0631\u0627\u0621\u0629 \u0627\u0644\u0645\u064f\u0642\u062f\u0651\u0631\" \/>\n\t<meta name=\"twitter:data1\" content=\"1 \u062f\u0642\u064a\u0642\u0629\" \/>\n<script type=\"application\/ld+json\" class=\"yoast-schema-graph\">{\"@context\":\"https:\\\/\\\/schema.org\",\"@graph\":[{\"@type\":\"WebPage\",\"@id\":\"https:\\\/\\\/www.oocargoo.com\\\/dz\\\/ar\\\/product\\\/chemise-blouse-en-viscose-texture-fluide-col-tunisien-et-manches-retroussables-14\\\/\",\"url\":\"https:\\\/\\\/www.oocargoo.com\\\/dz\\\/ar\\\/product\\\/chemise-blouse-en-viscose-texture-fluide-col-tunisien-et-manches-retroussables-14\\\/\",\"name\":\"Chemise blouse en viscose textur\u00e9 fluide col tunisien et manches retroussables - Oocargoo\",\"isPartOf\":{\"@id\":\"https:\\\/\\\/www.oocargoo.com\\\/dz\\\/ar\\\/#website\"},\"primaryImageOfPage\":{\"@id\":\"https:\\\/\\\/www.oocargoo.com\\\/dz\\\/ar\\\/product\\\/chemise-blouse-en-viscose-texture-fluide-col-tunisien-et-manches-retroussables-14\\\/#primaryimage\"},\"image\":{\"@id\":\"https:\\\/\\\/www.oocargoo.com\\\/dz\\\/ar\\\/product\\\/chemise-blouse-en-viscose-texture-fluide-col-tunisien-et-manches-retroussables-14\\\/#primaryimage\"},\"thumbnailUrl\":\"https:\\\/\\\/www.oocargoo.com\\\/dz\\\/wp-content\\\/uploads\\\/2026\\\/05\\\/chemise-blouse-en-viscose-texture-fluide-col-tunisien-et-manches-retro_bleu-clair_69f5eef4b55e2.webp\",\"datePublished\":\"2026-05-08T18:28:41+00:00\",\"breadcrumb\":{\"@id\":\"https:\\\/\\\/www.oocargoo.com\\\/dz\\\/ar\\\/product\\\/chemise-blouse-en-viscose-texture-fluide-col-tunisien-et-manches-retroussables-14\\\/#breadcrumb\"},\"inLanguage\":\"ar\",\"potentialAction\":[{\"@type\":\"ReadAction\",\"target\":[\"https:\\\/\\\/www.oocargoo.com\\\/dz\\\/ar\\\/product\\\/chemise-blouse-en-viscose-texture-fluide-col-tunisien-et-manches-retroussables-14\\\/\"]}]},{\"@type\":\"ImageObject\",\"inLanguage\":\"ar\",\"@id\":\"https:\\\/\\\/www.oocargoo.com\\\/dz\\\/ar\\\/product\\\/chemise-blouse-en-viscose-texture-fluide-col-tunisien-et-manches-retroussables-14\\\/#primaryimage\",\"url\":\"https:\\\/\\\/www.oocargoo.com\\\/dz\\\/wp-content\\\/uploads\\\/2026\\\/05\\\/chemise-blouse-en-viscose-texture-fluide-col-tunisien-et-manches-retro_bleu-clair_69f5eef4b55e2.webp\",\"contentUrl\":\"https:\\\/\\\/www.oocargoo.com\\\/dz\\\/wp-content\\\/uploads\\\/2026\\\/05\\\/chemise-blouse-en-viscose-texture-fluide-col-tunisien-et-manches-retro_bleu-clair_69f5eef4b55e2.webp\",\"width\":896,\"height\":1200},{\"@type\":\"BreadcrumbList\",\"@id\":\"https:\\\/\\\/www.oocargoo.com\\\/dz\\\/ar\\\/product\\\/chemise-blouse-en-viscose-texture-fluide-col-tunisien-et-manches-retroussables-14\\\/#breadcrumb\",\"itemListElement\":[{\"@type\":\"ListItem\",\"position\":1,\"name\":\"Accueil\",\"item\":\"https:\\\/\\\/www.oocargoo.com\\\/dz\\\/ar\\\/\"},{\"@type\":\"ListItem\",\"position\":2,\"name\":\"Shop\",\"item\":\"https:\\\/\\\/www.oocargoo.com\\\/dz\\\/shop\\\/\"},{\"@type\":\"ListItem\",\"position\":3,\"name\":\"Chemise blouse en viscose textur\u00e9 fluide col tunisien et manches retroussables\"}]},{\"@type\":\"WebSite\",\"@id\":\"https:\\\/\\\/www.oocargoo.com\\\/dz\\\/ar\\\/#website\",\"url\":\"https:\\\/\\\/www.oocargoo.com\\\/dz\\\/ar\\\/\",\"name\":\"Oocargoo\",\"description\":\"Grossiste vetement en ligne algerie\",\"publisher\":{\"@id\":\"https:\\\/\\\/www.oocargoo.com\\\/dz\\\/ar\\\/#organization\"},\"potentialAction\":[{\"@type\":\"SearchAction\",\"target\":{\"@type\":\"EntryPoint\",\"urlTemplate\":\"https:\\\/\\\/www.oocargoo.com\\\/dz\\\/ar\\\/?s={search_term_string}\"},\"query-input\":{\"@type\":\"PropertyValueSpecification\",\"valueRequired\":true,\"valueName\":\"search_term_string\"}}],\"inLanguage\":\"ar\"},{\"@type\":\"Organization\",\"@id\":\"https:\\\/\\\/www.oocargoo.com\\\/dz\\\/ar\\\/#organization\",\"name\":\"Oocargoo\",\"url\":\"https:\\\/\\\/www.oocargoo.com\\\/dz\\\/ar\\\/\",\"logo\":{\"@type\":\"ImageObject\",\"inLanguage\":\"ar\",\"@id\":\"https:\\\/\\\/www.oocargoo.com\\\/dz\\\/ar\\\/#\\\/schema\\\/logo\\\/image\\\/\",\"url\":\"https:\\\/\\\/www.oocargoo.com\\\/dz\\\/wp-content\\\/uploads\\\/2024\\\/07\\\/logo_b2b_oocargoo_com-NOIR-a.png\",\"contentUrl\":\"https:\\\/\\\/www.oocargoo.com\\\/dz\\\/wp-content\\\/uploads\\\/2024\\\/07\\\/logo_b2b_oocargoo_com-NOIR-a.png\",\"width\":600,\"height\":146,\"caption\":\"Oocargoo\"},\"image\":{\"@id\":\"https:\\\/\\\/www.oocargoo.com\\\/dz\\\/ar\\\/#\\\/schema\\\/logo\\\/image\\\/\"},\"sameAs\":[\"https:\\\/\\\/www.facebook.com\\\/oocargoo\\\/\",\"https:\\\/\\\/www.instagram.com\\\/oocargoo\\\/\"]}]}<\/script>\n<!-- \/ Yoast SEO plugin. -->","yoast_head_json":{"title":"Chemise blouse en viscose textur\u00e9 fluide col tunisien et manches retroussables - Oocargoo","robots":{"index":"index","follow":"follow","max-snippet":"max-snippet:-1","max-image-preview":"max-image-preview:large","max-video-preview":"max-video-preview:-1"},"canonical":"https:\/\/www.oocargoo.com\/dz\/ar\/product\/chemise-blouse-en-viscose-texture-fluide-col-tunisien-et-manches-retroussables-14\/","og_locale":"ar_AR","og_type":"article","og_title":"Chemise blouse en viscose textur\u00e9 fluide col tunisien et manches retroussables - Oocargoo","og_description":"D\u00e9tails du produit Chemise blouse en viscose textur\u00e9 fluide col tunisien et manches retroussables Cette chemise en tissu l\u00e9ger et textur\u00e9 offre un look d\u00e9contract\u00e9 et \u00e9l\u00e9gant. Avec son col tunisien subtilement ouvert et ses manches longues pouvant \u00eatre retrouss\u00e9es gr\u00e2ce \u00e0 une patte boutonn\u00e9e, elle est id\u00e9ale pour une tenue polyvalente. Sa coupe fluide assure un confort optimal tout en s\u2019adaptant \u00e0 divers styles, que ce soit avec un jean pour un look casual ou avec un pantalon chic pour une touche plus sophistiqu\u00e9e. Taille unique du 36 au 44 Correspondance TU : 36-42 Composition : Viscose (87%), Polyamide (13%) Collection : Printemps\/\u00c9t\u00e9 2025","og_url":"https:\/\/www.oocargoo.com\/dz\/ar\/product\/chemise-blouse-en-viscose-texture-fluide-col-tunisien-et-manches-retroussables-14\/","og_site_name":"Oocargoo","article_publisher":"https:\/\/www.facebook.com\/oocargoo\/","og_image":[{"width":896,"height":1200,"url":"https:\/\/www.oocargoo.com\/dz\/wp-content\/uploads\/2026\/05\/chemise-blouse-en-viscose-texture-fluide-col-tunisien-et-manches-retro_bleu-clair_69f5eef4b55e2.webp","type":"image\/webp"}],"twitter_card":"summary_large_image","twitter_misc":{"\u0648\u0642\u062a \u0627\u0644\u0642\u0631\u0627\u0621\u0629 \u0627\u0644\u0645\u064f\u0642\u062f\u0651\u0631":"1 \u062f\u0642\u064a\u0642\u0629"},"schema":{"@context":"https:\/\/schema.org","@graph":[{"@type":"WebPage","@id":"https:\/\/www.oocargoo.com\/dz\/ar\/product\/chemise-blouse-en-viscose-texture-fluide-col-tunisien-et-manches-retroussables-14\/","url":"https:\/\/www.oocargoo.com\/dz\/ar\/product\/chemise-blouse-en-viscose-texture-fluide-col-tunisien-et-manches-retroussables-14\/","name":"Chemise blouse en viscose textur\u00e9 fluide col tunisien et manches retroussables - Oocargoo","isPartOf":{"@id":"https:\/\/www.oocargoo.com\/dz\/ar\/#website"},"primaryImageOfPage":{"@id":"https:\/\/www.oocargoo.com\/dz\/ar\/product\/chemise-blouse-en-viscose-texture-fluide-col-tunisien-et-manches-retroussables-14\/#primaryimage"},"image":{"@id":"https:\/\/www.oocargoo.com\/dz\/ar\/product\/chemise-blouse-en-viscose-texture-fluide-col-tunisien-et-manches-retroussables-14\/#primaryimage"},"thumbnailUrl":"https:\/\/www.oocargoo.com\/dz\/wp-content\/uploads\/2026\/05\/chemise-blouse-en-viscose-texture-fluide-col-tunisien-et-manches-retro_bleu-clair_69f5eef4b55e2.webp","datePublished":"2026-05-08T18:28:41+00:00","breadcrumb":{"@id":"https:\/\/www.oocargoo.com\/dz\/ar\/product\/chemise-blouse-en-viscose-texture-fluide-col-tunisien-et-manches-retroussables-14\/#breadcrumb"},"inLanguage":"ar","potentialAction":[{"@type":"ReadAction","target":["https:\/\/www.oocargoo.com\/dz\/ar\/product\/chemise-blouse-en-viscose-texture-fluide-col-tunisien-et-manches-retroussables-14\/"]}]},{"@type":"ImageObject","inLanguage":"ar","@id":"https:\/\/www.oocargoo.com\/dz\/ar\/product\/chemise-blouse-en-viscose-texture-fluide-col-tunisien-et-manches-retroussables-14\/#primaryimage","url":"https:\/\/www.oocargoo.com\/dz\/wp-content\/uploads\/2026\/05\/chemise-blouse-en-viscose-texture-fluide-col-tunisien-et-manches-retro_bleu-clair_69f5eef4b55e2.webp","contentUrl":"https:\/\/www.oocargoo.com\/dz\/wp-content\/uploads\/2026\/05\/chemise-blouse-en-viscose-texture-fluide-col-tunisien-et-manches-retro_bleu-clair_69f5eef4b55e2.webp","width":896,"height":1200},{"@type":"BreadcrumbList","@id":"https:\/\/www.oocargoo.com\/dz\/ar\/product\/chemise-blouse-en-viscose-texture-fluide-col-tunisien-et-manches-retroussables-14\/#breadcrumb","itemListElement":[{"@type":"ListItem","position":1,"name":"Accueil","item":"https:\/\/www.oocargoo.com\/dz\/ar\/"},{"@type":"ListItem","position":2,"name":"Shop","item":"https:\/\/www.oocargoo.com\/dz\/shop\/"},{"@type":"ListItem","position":3,"name":"Chemise blouse en viscose textur\u00e9 fluide col tunisien et manches retroussables"}]},{"@type":"WebSite","@id":"https:\/\/www.oocargoo.com\/dz\/ar\/#website","url":"https:\/\/www.oocargoo.com\/dz\/ar\/","name":"Oocargoo","description":"Grossiste vetement en ligne algerie","publisher":{"@id":"https:\/\/www.oocargoo.com\/dz\/ar\/#organization"},"potentialAction":[{"@type":"SearchAction","target":{"@type":"EntryPoint","urlTemplate":"https:\/\/www.oocargoo.com\/dz\/ar\/?s={search_term_string}"},"query-input":{"@type":"PropertyValueSpecification","valueRequired":true,"valueName":"search_term_string"}}],"inLanguage":"ar"},{"@type":"Organization","@id":"https:\/\/www.oocargoo.com\/dz\/ar\/#organization","name":"Oocargoo","url":"https:\/\/www.oocargoo.com\/dz\/ar\/","logo":{"@type":"ImageObject","inLanguage":"ar","@id":"https:\/\/www.oocargoo.com\/dz\/ar\/#\/schema\/logo\/image\/","url":"https:\/\/www.oocargoo.com\/dz\/wp-content\/uploads\/2024\/07\/logo_b2b_oocargoo_com-NOIR-a.png","contentUrl":"https:\/\/www.oocargoo.com\/dz\/wp-content\/uploads\/2024\/07\/logo_b2b_oocargoo_com-NOIR-a.png","width":600,"height":146,"caption":"Oocargoo"},"image":{"@id":"https:\/\/www.oocargoo.com\/dz\/ar\/#\/schema\/logo\/image\/"},"sameAs":["https:\/\/www.facebook.com\/oocargoo\/","https:\/\/www.instagram.com\/oocargoo\/"]}]}},"_links":{"self":[{"href":"https:\/\/www.oocargoo.com\/dz\/ar\/wp-json\/wp\/v2\/product\/54380","targetHints":{"allow":["GET"]}}],"collection":[{"href":"https:\/\/www.oocargoo.com\/dz\/ar\/wp-json\/wp\/v2\/product"}],"about":[{"href":"https:\/\/www.oocargoo.com\/dz\/ar\/wp-json\/wp\/v2\/types\/product"}],"replies":[{"embeddable":true,"href":"https:\/\/www.oocargoo.com\/dz\/ar\/wp-json\/wp\/v2\/comments?post=54380"}],"version-history":[{"count":1,"href":"https:\/\/www.oocargoo.com\/dz\/ar\/wp-json\/wp\/v2\/product\/54380\/revisions"}],"predecessor-version":[{"id":90980,"href":"https:\/\/www.oocargoo.com\/dz\/ar\/wp-json\/wp\/v2\/product\/54380\/revisions\/90980"}],"wp:featuredmedia":[{"embeddable":true,"href":"https:\/\/www.oocargoo.com\/dz\/ar\/wp-json\/wp\/v2\/media\/54360"}],"wp:attachment":[{"href":"https:\/\/www.oocargoo.com\/dz\/ar\/wp-json\/wp\/v2\/media?parent=54380"}],"wp:term":[{"taxonomy":"product_cat","embeddable":true,"href":"https:\/\/www.oocargoo.com\/dz\/ar\/wp-json\/wp\/v2\/product_cat?post=54380"},{"taxonomy":"product_tag","embeddable":true,"href":"https:\/\/www.oocargoo.com\/dz\/ar\/wp-json\/wp\/v2\/product_tag?post=54380"}],"curies":[{"name":"wp","href":"https:\/\/api.w.org\/{rel}","templated":true}]}}