{"id":53623,"date":"2026-05-08T19:28:43","date_gmt":"2026-05-08T18:28:43","guid":{"rendered":"https:\/\/www.oocargoo.com\/dz\/?post_type=product&#038;p=53623"},"modified":"2026-05-08T19:28:43","modified_gmt":"2026-05-08T18:28:43","slug":"chemise-a-pois-3","status":"publish","type":"product","link":"https:\/\/www.oocargoo.com\/dz\/ar\/product\/chemise-a-pois-3\/","title":{"rendered":"Chemise \u00e0 Pois"},"content":{"rendered":"<p><strong>D\u00e9tails du produit<\/strong><\/p>\n<p>Chemise d\u00e9contract\u00e9e \u00e0 manches courtes Fermeture par boutons sur le devant Manches courtes avec finition l\u00e9g\u00e8rement \u00e9vas\u00e9e Bordure du bas et des manches avec finition l\u00e9g\u00e8rement effiloch\u00e9e Longueur: 57cm<\/p>\n<p><strong>Correspondance TU :<\/strong> 36-40<\/p>\n<p><strong>Composition :<\/strong> Viscose (85%), Polyamide (15%)<\/p>\n<p><strong>Collection :<\/strong> Printemps\/\u00c9t\u00e9 2026<\/p>\n<p><strong>Pays de fabrication :<\/strong> Italie<\/p>\n<p><strong>R\u00e9f\u00e9rence :<\/strong> 726-5680-C51-29<\/p>\n","protected":false},"excerpt":{"rendered":"<p><strong>D\u00e9tails du produit<\/strong><\/p>\n<p>Chemise d\u00e9contract\u00e9e \u00e0 manches courtes Fermeture par boutons sur le devant Manches courtes avec finition l\u00e9g\u00e8rement \u00e9vas\u00e9e Bordure du bas et des manches avec finition l\u00e9g\u00e8rement effiloch\u00e9e Longueur: 57cm<\/p>\n<p><strong>Correspondance TU :<\/strong> 36-40<\/p>\n<p><strong>Composition :<\/strong> Viscose (85%), Polyamide (15%)<\/p>\n<p><strong>Collection :<\/strong> Printemps\/\u00c9t\u00e9 2026<\/p>\n","protected":false},"featured_media":53606,"comment_status":"open","ping_status":"closed","template":"","meta":{"_acf_changed":false,"_monsterinsights_skip_tracking":false,"_monsterinsights_sitenote_active":false,"_monsterinsights_sitenote_note":"","_monsterinsights_sitenote_category":0},"product_cat":[449,442],"product_tag":[],"class_list":{"0":"post-53623","1":"product","2":"type-product","3":"status-publish","4":"has-post-thumbnail","6":"product_brand-italie","7":"product_cat-chemises-femmes","8":"product_cat-produits-en-france","9":"product_shipping_class-france","10":"pa_couleur-blush","11":"pa_couleur-ecru","12":"pa_couleur-jaune-clair","13":"pa_taille-tu","15":"first","16":"instock","17":"purchasable","18":"product-type-variable","19":"add-to-wishlist-before_image"},"acf":[],"yoast_head":"<!-- This site is optimized with the Yoast SEO plugin v27.5 - https:\/\/yoast.com\/product\/yoast-seo-wordpress\/ -->\n<title>Chemise \u00e0 Pois - Oocargoo<\/title>\n<meta name=\"robots\" content=\"index, follow, max-snippet:-1, max-image-preview:large, max-video-preview:-1\" \/>\n<link rel=\"canonical\" href=\"https:\/\/www.oocargoo.com\/dz\/ar\/product\/chemise-a-pois-3\/\" \/>\n<meta property=\"og:locale\" content=\"ar_AR\" \/>\n<meta property=\"og:type\" content=\"article\" \/>\n<meta property=\"og:title\" content=\"Chemise \u00e0 Pois - Oocargoo\" \/>\n<meta property=\"og:description\" content=\"D\u00e9tails du produit Chemise d\u00e9contract\u00e9e \u00e0 manches courtes Fermeture par boutons sur le devant Manches courtes avec finition l\u00e9g\u00e8rement \u00e9vas\u00e9e Bordure du bas et des manches avec finition l\u00e9g\u00e8rement effiloch\u00e9e Longueur: 57cm Correspondance TU : 36-40 Composition : Viscose (85%), Polyamide (15%) Collection : Printemps\/\u00c9t\u00e9 2026\" \/>\n<meta property=\"og:url\" content=\"https:\/\/www.oocargoo.com\/dz\/ar\/product\/chemise-a-pois-3\/\" \/>\n<meta property=\"og:site_name\" content=\"Oocargoo\" \/>\n<meta property=\"article:publisher\" content=\"https:\/\/www.facebook.com\/oocargoo\/\" \/>\n<meta property=\"og:image\" content=\"https:\/\/www.oocargoo.com\/dz\/wp-content\/uploads\/2026\/05\/chemise-a-pois_jaune-clair_69fa0f24473ab.webp\" \/>\n\t<meta property=\"og:image:width\" content=\"864\" \/>\n\t<meta property=\"og:image:height\" content=\"1184\" \/>\n\t<meta property=\"og:image:type\" content=\"image\/webp\" \/>\n<meta name=\"twitter:card\" content=\"summary_large_image\" \/>\n<script type=\"application\/ld+json\" class=\"yoast-schema-graph\">{\"@context\":\"https:\\\/\\\/schema.org\",\"@graph\":[{\"@type\":\"WebPage\",\"@id\":\"https:\\\/\\\/www.oocargoo.com\\\/dz\\\/ar\\\/product\\\/chemise-a-pois-3\\\/\",\"url\":\"https:\\\/\\\/www.oocargoo.com\\\/dz\\\/ar\\\/product\\\/chemise-a-pois-3\\\/\",\"name\":\"Chemise \u00e0 Pois - Oocargoo\",\"isPartOf\":{\"@id\":\"https:\\\/\\\/www.oocargoo.com\\\/dz\\\/ar\\\/#website\"},\"primaryImageOfPage\":{\"@id\":\"https:\\\/\\\/www.oocargoo.com\\\/dz\\\/ar\\\/product\\\/chemise-a-pois-3\\\/#primaryimage\"},\"image\":{\"@id\":\"https:\\\/\\\/www.oocargoo.com\\\/dz\\\/ar\\\/product\\\/chemise-a-pois-3\\\/#primaryimage\"},\"thumbnailUrl\":\"https:\\\/\\\/www.oocargoo.com\\\/dz\\\/wp-content\\\/uploads\\\/2026\\\/05\\\/chemise-a-pois_jaune-clair_69fa0f24473ab.webp\",\"datePublished\":\"2026-05-08T18:28:43+00:00\",\"breadcrumb\":{\"@id\":\"https:\\\/\\\/www.oocargoo.com\\\/dz\\\/ar\\\/product\\\/chemise-a-pois-3\\\/#breadcrumb\"},\"inLanguage\":\"ar\",\"potentialAction\":[{\"@type\":\"ReadAction\",\"target\":[\"https:\\\/\\\/www.oocargoo.com\\\/dz\\\/ar\\\/product\\\/chemise-a-pois-3\\\/\"]}]},{\"@type\":\"ImageObject\",\"inLanguage\":\"ar\",\"@id\":\"https:\\\/\\\/www.oocargoo.com\\\/dz\\\/ar\\\/product\\\/chemise-a-pois-3\\\/#primaryimage\",\"url\":\"https:\\\/\\\/www.oocargoo.com\\\/dz\\\/wp-content\\\/uploads\\\/2026\\\/05\\\/chemise-a-pois_jaune-clair_69fa0f24473ab.webp\",\"contentUrl\":\"https:\\\/\\\/www.oocargoo.com\\\/dz\\\/wp-content\\\/uploads\\\/2026\\\/05\\\/chemise-a-pois_jaune-clair_69fa0f24473ab.webp\",\"width\":864,\"height\":1184},{\"@type\":\"BreadcrumbList\",\"@id\":\"https:\\\/\\\/www.oocargoo.com\\\/dz\\\/ar\\\/product\\\/chemise-a-pois-3\\\/#breadcrumb\",\"itemListElement\":[{\"@type\":\"ListItem\",\"position\":1,\"name\":\"Accueil\",\"item\":\"https:\\\/\\\/www.oocargoo.com\\\/dz\\\/ar\\\/\"},{\"@type\":\"ListItem\",\"position\":2,\"name\":\"Shop\",\"item\":\"https:\\\/\\\/www.oocargoo.com\\\/dz\\\/shop\\\/\"},{\"@type\":\"ListItem\",\"position\":3,\"name\":\"Chemise \u00e0 Pois\"}]},{\"@type\":\"WebSite\",\"@id\":\"https:\\\/\\\/www.oocargoo.com\\\/dz\\\/ar\\\/#website\",\"url\":\"https:\\\/\\\/www.oocargoo.com\\\/dz\\\/ar\\\/\",\"name\":\"Oocargoo\",\"description\":\"Grossiste vetement en ligne algerie\",\"publisher\":{\"@id\":\"https:\\\/\\\/www.oocargoo.com\\\/dz\\\/ar\\\/#organization\"},\"potentialAction\":[{\"@type\":\"SearchAction\",\"target\":{\"@type\":\"EntryPoint\",\"urlTemplate\":\"https:\\\/\\\/www.oocargoo.com\\\/dz\\\/ar\\\/?s={search_term_string}\"},\"query-input\":{\"@type\":\"PropertyValueSpecification\",\"valueRequired\":true,\"valueName\":\"search_term_string\"}}],\"inLanguage\":\"ar\"},{\"@type\":\"Organization\",\"@id\":\"https:\\\/\\\/www.oocargoo.com\\\/dz\\\/ar\\\/#organization\",\"name\":\"Oocargoo\",\"url\":\"https:\\\/\\\/www.oocargoo.com\\\/dz\\\/ar\\\/\",\"logo\":{\"@type\":\"ImageObject\",\"inLanguage\":\"ar\",\"@id\":\"https:\\\/\\\/www.oocargoo.com\\\/dz\\\/ar\\\/#\\\/schema\\\/logo\\\/image\\\/\",\"url\":\"https:\\\/\\\/www.oocargoo.com\\\/dz\\\/wp-content\\\/uploads\\\/2024\\\/07\\\/logo_b2b_oocargoo_com-NOIR-a.png\",\"contentUrl\":\"https:\\\/\\\/www.oocargoo.com\\\/dz\\\/wp-content\\\/uploads\\\/2024\\\/07\\\/logo_b2b_oocargoo_com-NOIR-a.png\",\"width\":600,\"height\":146,\"caption\":\"Oocargoo\"},\"image\":{\"@id\":\"https:\\\/\\\/www.oocargoo.com\\\/dz\\\/ar\\\/#\\\/schema\\\/logo\\\/image\\\/\"},\"sameAs\":[\"https:\\\/\\\/www.facebook.com\\\/oocargoo\\\/\",\"https:\\\/\\\/www.instagram.com\\\/oocargoo\\\/\"]}]}<\/script>\n<!-- \/ Yoast SEO plugin. -->","yoast_head_json":{"title":"Chemise \u00e0 Pois - Oocargoo","robots":{"index":"index","follow":"follow","max-snippet":"max-snippet:-1","max-image-preview":"max-image-preview:large","max-video-preview":"max-video-preview:-1"},"canonical":"https:\/\/www.oocargoo.com\/dz\/ar\/product\/chemise-a-pois-3\/","og_locale":"ar_AR","og_type":"article","og_title":"Chemise \u00e0 Pois - Oocargoo","og_description":"D\u00e9tails du produit Chemise d\u00e9contract\u00e9e \u00e0 manches courtes Fermeture par boutons sur le devant Manches courtes avec finition l\u00e9g\u00e8rement \u00e9vas\u00e9e Bordure du bas et des manches avec finition l\u00e9g\u00e8rement effiloch\u00e9e Longueur: 57cm Correspondance TU : 36-40 Composition : Viscose (85%), Polyamide (15%) Collection : Printemps\/\u00c9t\u00e9 2026","og_url":"https:\/\/www.oocargoo.com\/dz\/ar\/product\/chemise-a-pois-3\/","og_site_name":"Oocargoo","article_publisher":"https:\/\/www.facebook.com\/oocargoo\/","og_image":[{"width":864,"height":1184,"url":"https:\/\/www.oocargoo.com\/dz\/wp-content\/uploads\/2026\/05\/chemise-a-pois_jaune-clair_69fa0f24473ab.webp","type":"image\/webp"}],"twitter_card":"summary_large_image","schema":{"@context":"https:\/\/schema.org","@graph":[{"@type":"WebPage","@id":"https:\/\/www.oocargoo.com\/dz\/ar\/product\/chemise-a-pois-3\/","url":"https:\/\/www.oocargoo.com\/dz\/ar\/product\/chemise-a-pois-3\/","name":"Chemise \u00e0 Pois - Oocargoo","isPartOf":{"@id":"https:\/\/www.oocargoo.com\/dz\/ar\/#website"},"primaryImageOfPage":{"@id":"https:\/\/www.oocargoo.com\/dz\/ar\/product\/chemise-a-pois-3\/#primaryimage"},"image":{"@id":"https:\/\/www.oocargoo.com\/dz\/ar\/product\/chemise-a-pois-3\/#primaryimage"},"thumbnailUrl":"https:\/\/www.oocargoo.com\/dz\/wp-content\/uploads\/2026\/05\/chemise-a-pois_jaune-clair_69fa0f24473ab.webp","datePublished":"2026-05-08T18:28:43+00:00","breadcrumb":{"@id":"https:\/\/www.oocargoo.com\/dz\/ar\/product\/chemise-a-pois-3\/#breadcrumb"},"inLanguage":"ar","potentialAction":[{"@type":"ReadAction","target":["https:\/\/www.oocargoo.com\/dz\/ar\/product\/chemise-a-pois-3\/"]}]},{"@type":"ImageObject","inLanguage":"ar","@id":"https:\/\/www.oocargoo.com\/dz\/ar\/product\/chemise-a-pois-3\/#primaryimage","url":"https:\/\/www.oocargoo.com\/dz\/wp-content\/uploads\/2026\/05\/chemise-a-pois_jaune-clair_69fa0f24473ab.webp","contentUrl":"https:\/\/www.oocargoo.com\/dz\/wp-content\/uploads\/2026\/05\/chemise-a-pois_jaune-clair_69fa0f24473ab.webp","width":864,"height":1184},{"@type":"BreadcrumbList","@id":"https:\/\/www.oocargoo.com\/dz\/ar\/product\/chemise-a-pois-3\/#breadcrumb","itemListElement":[{"@type":"ListItem","position":1,"name":"Accueil","item":"https:\/\/www.oocargoo.com\/dz\/ar\/"},{"@type":"ListItem","position":2,"name":"Shop","item":"https:\/\/www.oocargoo.com\/dz\/shop\/"},{"@type":"ListItem","position":3,"name":"Chemise \u00e0 Pois"}]},{"@type":"WebSite","@id":"https:\/\/www.oocargoo.com\/dz\/ar\/#website","url":"https:\/\/www.oocargoo.com\/dz\/ar\/","name":"Oocargoo","description":"Grossiste vetement en ligne algerie","publisher":{"@id":"https:\/\/www.oocargoo.com\/dz\/ar\/#organization"},"potentialAction":[{"@type":"SearchAction","target":{"@type":"EntryPoint","urlTemplate":"https:\/\/www.oocargoo.com\/dz\/ar\/?s={search_term_string}"},"query-input":{"@type":"PropertyValueSpecification","valueRequired":true,"valueName":"search_term_string"}}],"inLanguage":"ar"},{"@type":"Organization","@id":"https:\/\/www.oocargoo.com\/dz\/ar\/#organization","name":"Oocargoo","url":"https:\/\/www.oocargoo.com\/dz\/ar\/","logo":{"@type":"ImageObject","inLanguage":"ar","@id":"https:\/\/www.oocargoo.com\/dz\/ar\/#\/schema\/logo\/image\/","url":"https:\/\/www.oocargoo.com\/dz\/wp-content\/uploads\/2024\/07\/logo_b2b_oocargoo_com-NOIR-a.png","contentUrl":"https:\/\/www.oocargoo.com\/dz\/wp-content\/uploads\/2024\/07\/logo_b2b_oocargoo_com-NOIR-a.png","width":600,"height":146,"caption":"Oocargoo"},"image":{"@id":"https:\/\/www.oocargoo.com\/dz\/ar\/#\/schema\/logo\/image\/"},"sameAs":["https:\/\/www.facebook.com\/oocargoo\/","https:\/\/www.instagram.com\/oocargoo\/"]}]}},"_links":{"self":[{"href":"https:\/\/www.oocargoo.com\/dz\/ar\/wp-json\/wp\/v2\/product\/53623","targetHints":{"allow":["GET"]}}],"collection":[{"href":"https:\/\/www.oocargoo.com\/dz\/ar\/wp-json\/wp\/v2\/product"}],"about":[{"href":"https:\/\/www.oocargoo.com\/dz\/ar\/wp-json\/wp\/v2\/types\/product"}],"replies":[{"embeddable":true,"href":"https:\/\/www.oocargoo.com\/dz\/ar\/wp-json\/wp\/v2\/comments?post=53623"}],"version-history":[{"count":1,"href":"https:\/\/www.oocargoo.com\/dz\/ar\/wp-json\/wp\/v2\/product\/53623\/revisions"}],"predecessor-version":[{"id":91005,"href":"https:\/\/www.oocargoo.com\/dz\/ar\/wp-json\/wp\/v2\/product\/53623\/revisions\/91005"}],"wp:featuredmedia":[{"embeddable":true,"href":"https:\/\/www.oocargoo.com\/dz\/ar\/wp-json\/wp\/v2\/media\/53606"}],"wp:attachment":[{"href":"https:\/\/www.oocargoo.com\/dz\/ar\/wp-json\/wp\/v2\/media?parent=53623"}],"wp:term":[{"taxonomy":"product_cat","embeddable":true,"href":"https:\/\/www.oocargoo.com\/dz\/ar\/wp-json\/wp\/v2\/product_cat?post=53623"},{"taxonomy":"product_tag","embeddable":true,"href":"https:\/\/www.oocargoo.com\/dz\/ar\/wp-json\/wp\/v2\/product_tag?post=53623"}],"curies":[{"name":"wp","href":"https:\/\/api.w.org\/{rel}","templated":true}]}}